{"id":1405,"date":"2014-12-13T15:48:04","date_gmt":"2014-12-13T15:48:04","guid":{"rendered":"http:\/\/parosrentcar.com\/el\/?page_id=1405"},"modified":"2015-02-17T14:32:51","modified_gmt":"2015-02-17T14:32:51","slug":"parikia","status":"publish","type":"page","link":"https:\/\/parosrentcar.com\/it\/villaggi-paros\/parikia\/","title":{"rendered":"Parikia"},"content":{"rendered":"<p><strong>Parikia<\/strong>\u00a0\u00e8 il capoluogo dell\u2019isola e si trova al centro della costa occidentale dell\u2019isola. La cittadina si estende dal mare ai piedi della collina, dove si trova\u00a0<strong>il convento di Aghion Anarghiron<\/strong>. Il suo nome ha origini dagli anni bizantini, quando questo ornamento odierno dell\u2019isola,\u00a0<strong>Panaghia Ekatodapiliani<\/strong>, era un rifugio per gli abitanti che piano piano si sono stabiliti nella citt\u00e0 vecchia.<\/p>\n<p>Camminando nei sentieri stretti con ciottoli vi lascerete trasportare dall\u2019atmosfera affascinante delle Cicladi. Case imbiancate con la calce, finetre blu e vasi da fiori con piante multicolori, combinano la scena ideale per le vostre vacanze. Nella strada centrale del mercato, come a tutte le isole delle Cicladi, i fiori, i balconi, le srtade srtette completano\u00a0<strong>l\u2019architettura tradizionale delle Cicladi<\/strong>, dove il bianco e il blu dominano.<\/p>\n<p>Le \u00a0immagini seguono l\u2019una l\u2019altra e affascinano ogni visitatore. Specialmente impressionante\u00a0<strong>il castello veneziano<\/strong>\u00a0del 13<sup>0<\/sup>sec. al centro del quartiere tradizionale. Le case, della piccola cittadina castellare, \u00a0sono costruite sulla strada e altre sono incorporate sulle mura del castello, come un\u2019immagine vivace dell\u2019arte che fa viaggiare il visitatore in epoche romantiche.<\/p>\n<p>Per di pi\u00f9 dovete visitare, ancora, la chiesa\u00a0<strong>di Panaghia<\/strong>\u00a0<strong>Ekatodapiliani<\/strong>\u00a0o la chiesa con le 100 porte che domina il centro della citt\u00e0 ed \u00e8 uno dei pi\u00f9 importanti\u00a0 monumenti della Grecia. La passeggiata intorno la chiesa vi riserva molte sorprese come\u00a0<strong>il museo<\/strong>\u00a0<strong>Archeologico e il castello Franco<\/strong>, la casa di Mando Maurogenous e le monumentali case signorili neoclassici.\u00a0<strong>Il cimitero antico<\/strong>\u00a0sulla spiaggia di Parikia era stato usato dall\u2019 8<sup>0<\/sup>sec.a.C. fino al 2<sup>0<\/sup>sec.a.C.<\/p>\n<p>Le spiagge vicine sono rinomate della buona organizzazione e la loro pulizia. La pi\u00f9 famosa \u00e8 la spiaggia Livadia che si trova alla parte nord della citt\u00e0.E\u2019una spiaggia grande con acque pulite e offre tutte le comodit\u00e0 di una spiaggia organizzata. Le spiagge\u00a0<strong>Krios, Marcello,<\/strong>\u00a0<strong>Kaminia e San Focas<\/strong>, le quali possono essere approdate con barche piccole, \u00e8 una proposta eccezionale.<\/p>\n<p>Vicino al porto di Parikia si trova\u00a0<strong>la stazione centrale degli autobus<\/strong>\u00a0che collegano tutta l\u2019isola. A Parikia troverete\u00a0<strong>molte banche<\/strong>,\u00a0<strong>supermercati,<\/strong>\u00a0agenzie turistiche,\u00a0<strong>centro sanitario<\/strong>\u00a0e farmacie. Molti ristoranti e trattorie con ricette della cucina locale vi possono garantire piatti squisiti. Inoltre potete trovare bar con musica greca e straniera e locali con musica dal vivo che vi promettono momenti indimenticabili. Alla fine, a Parikia potete trovare tutti i tipi di alloggi e autonoleggi.<\/p>\n","protected":false},"excerpt":{"rendered":"<p>Parikia\u00a0\u00e8 il capoluogo dell\u2019isola e si trova al centro della costa occidentale dell\u2019isola. La cittadina si estende dal mare ai piedi della collina, dove si trova\u00a0il convento di Aghion Anarghiron. Il suo nome ha origini dagli anni bizantini, quando questo ornamento odierno dell\u2019isola,\u00a0Panaghia Ekatodapiliani, era un rifugio per gli abitanti che piano piano si sono stabiliti nella citt\u00e0 vecchia. Camminando nei sentieri stretti con ciottoli vi lascerete trasportare dall\u2019atmosfera affascinante delle Cicladi. Case imbiancate con la calce, finetre blu e vasi da fiori con piante multicolori, combinano la scena ideale per le vostre vacanze. Nella strada centrale del mercato, come a tutte le isole delle Cicladi, i fiori, i balconi, [&hellip;]<\/p>\n","protected":false},"author":1,"featured_media":0,"parent":1380,"menu_order":0,"comment_status":"closed","ping_status":"closed","template":"page-templates\/attraction.php","meta":{"footnotes":""},"class_list":["post-1405","page","type-page","status-publish","hentry"],"yoast_head":"<!-- This site is optimized with the Yoast SEO plugin v27.1.1 - https:\/\/yoast.com\/product\/yoast-seo-wordpress\/ -->\n<title>Parikia-Noleggio auto e moto a Paros Grecia \u2013 Paros Autonoleggio<\/title>\n<meta name=\"description\" content=\"Parikia-Noleggio auto, quad, buggy, atv, scooter, moto e bici a Paros Grecia. Autonoleggio Paros Grecia - ParosEuropeanRent\" \/>\n<meta name=\"robots\" content=\"index, follow, max-snippet:-1, max-image-preview:large, max-video-preview:-1\" \/>\n<link rel=\"canonical\" href=\"https:\/\/parosrentcar.com\/it\/villaggi-paros\/parikia\/\" \/>\n<meta property=\"og:locale\" content=\"it_IT\" \/>\n<meta property=\"og:type\" content=\"article\" \/>\n<meta property=\"og:title\" content=\"Parikia-Noleggio auto e moto a Paros Grecia \u2013 Paros Autonoleggio\" \/>\n<meta property=\"og:description\" content=\"Parikia-Noleggio auto, quad, buggy, atv, scooter, moto e bici a Paros Grecia. Autonoleggio Paros Grecia - ParosEuropeanRent\" \/>\n<meta property=\"og:url\" content=\"https:\/\/parosrentcar.com\/it\/villaggi-paros\/parikia\/\" \/>\n<meta property=\"og:site_name\" content=\"Noleggio auto e moto a Paros Grecia \u2013 Paros Autonoleggio\" \/>\n<meta property=\"article:publisher\" content=\"https:\/\/www.facebook.com\/paroscarrental\" \/>\n<meta property=\"article:modified_time\" content=\"2015-02-17T14:32:51+00:00\" \/>\n<meta name=\"twitter:card\" content=\"summary_large_image\" \/>\n<meta name=\"twitter:site\" content=\"@parosrentcar\" \/>\n<meta name=\"twitter:label1\" content=\"Tempo di lettura stimato\" \/>\n\t<meta name=\"twitter:data1\" content=\"2 minuti\" \/>\n<script type=\"application\/ld+json\" class=\"yoast-schema-graph\">{\"@context\":\"https:\/\/schema.org\",\"@graph\":[{\"@type\":\"WebPage\",\"@id\":\"https:\/\/parosrentcar.com\/it\/villaggi-paros\/parikia\/\",\"url\":\"https:\/\/parosrentcar.com\/it\/villaggi-paros\/parikia\/\",\"name\":\"Parikia-Noleggio auto e moto a Paros Grecia \u2013 Paros Autonoleggio\",\"isPartOf\":{\"@id\":\"https:\/\/parosrentcar.com\/it\/#website\"},\"datePublished\":\"2014-12-13T15:48:04+00:00\",\"dateModified\":\"2015-02-17T14:32:51+00:00\",\"description\":\"Parikia-Noleggio auto, quad, buggy, atv, scooter, moto e bici a Paros Grecia. Autonoleggio Paros Grecia - ParosEuropeanRent\",\"breadcrumb\":{\"@id\":\"https:\/\/parosrentcar.com\/it\/villaggi-paros\/parikia\/#breadcrumb\"},\"inLanguage\":\"it-IT\",\"potentialAction\":[{\"@type\":\"ReadAction\",\"target\":[\"https:\/\/parosrentcar.com\/it\/villaggi-paros\/parikia\/\"]}]},{\"@type\":\"BreadcrumbList\",\"@id\":\"https:\/\/parosrentcar.com\/it\/villaggi-paros\/parikia\/#breadcrumb\",\"itemListElement\":[{\"@type\":\"ListItem\",\"position\":1,\"name\":\"Home\",\"item\":\"https:\/\/parosrentcar.com\/it\/\"},{\"@type\":\"ListItem\",\"position\":2,\"name\":\"Villaggi\",\"item\":\"https:\/\/parosrentcar.com\/it\/villaggi-paros\/\"},{\"@type\":\"ListItem\",\"position\":3,\"name\":\"Parikia\"}]},{\"@type\":\"WebSite\",\"@id\":\"https:\/\/parosrentcar.com\/it\/#website\",\"url\":\"https:\/\/parosrentcar.com\/it\/\",\"name\":\"Noleggio auto e moto a Paros Grecia \u2013 Paros Autonoleggio\",\"description\":\"Noleggio auto, quad, buggy, atv, scooter, moto e bici a Paros Grecia. Grandi offerte su noleggio auto a Paros. Autonoleggio Paros Grecia\",\"potentialAction\":[{\"@type\":\"SearchAction\",\"target\":{\"@type\":\"EntryPoint\",\"urlTemplate\":\"https:\/\/parosrentcar.com\/it\/?s={search_term_string}\"},\"query-input\":{\"@type\":\"PropertyValueSpecification\",\"valueRequired\":true,\"valueName\":\"search_term_string\"}}],\"inLanguage\":\"it-IT\"}]}<\/script>\n<!-- \/ Yoast SEO plugin. -->","yoast_head_json":{"title":"Parikia-Noleggio auto e moto a Paros Grecia \u2013 Paros Autonoleggio","description":"Parikia-Noleggio auto, quad, buggy, atv, scooter, moto e bici a Paros Grecia. Autonoleggio Paros Grecia - ParosEuropeanRent","robots":{"index":"index","follow":"follow","max-snippet":"max-snippet:-1","max-image-preview":"max-image-preview:large","max-video-preview":"max-video-preview:-1"},"canonical":"https:\/\/parosrentcar.com\/it\/villaggi-paros\/parikia\/","og_locale":"it_IT","og_type":"article","og_title":"Parikia-Noleggio auto e moto a Paros Grecia \u2013 Paros Autonoleggio","og_description":"Parikia-Noleggio auto, quad, buggy, atv, scooter, moto e bici a Paros Grecia. Autonoleggio Paros Grecia - ParosEuropeanRent","og_url":"https:\/\/parosrentcar.com\/it\/villaggi-paros\/parikia\/","og_site_name":"Noleggio auto e moto a Paros Grecia \u2013 Paros Autonoleggio","article_publisher":"https:\/\/www.facebook.com\/paroscarrental","article_modified_time":"2015-02-17T14:32:51+00:00","twitter_card":"summary_large_image","twitter_site":"@parosrentcar","twitter_misc":{"Tempo di lettura stimato":"2 minuti"},"schema":{"@context":"https:\/\/schema.org","@graph":[{"@type":"WebPage","@id":"https:\/\/parosrentcar.com\/it\/villaggi-paros\/parikia\/","url":"https:\/\/parosrentcar.com\/it\/villaggi-paros\/parikia\/","name":"Parikia-Noleggio auto e moto a Paros Grecia \u2013 Paros Autonoleggio","isPartOf":{"@id":"https:\/\/parosrentcar.com\/it\/#website"},"datePublished":"2014-12-13T15:48:04+00:00","dateModified":"2015-02-17T14:32:51+00:00","description":"Parikia-Noleggio auto, quad, buggy, atv, scooter, moto e bici a Paros Grecia. Autonoleggio Paros Grecia - ParosEuropeanRent","breadcrumb":{"@id":"https:\/\/parosrentcar.com\/it\/villaggi-paros\/parikia\/#breadcrumb"},"inLanguage":"it-IT","potentialAction":[{"@type":"ReadAction","target":["https:\/\/parosrentcar.com\/it\/villaggi-paros\/parikia\/"]}]},{"@type":"BreadcrumbList","@id":"https:\/\/parosrentcar.com\/it\/villaggi-paros\/parikia\/#breadcrumb","itemListElement":[{"@type":"ListItem","position":1,"name":"Home","item":"https:\/\/parosrentcar.com\/it\/"},{"@type":"ListItem","position":2,"name":"Villaggi","item":"https:\/\/parosrentcar.com\/it\/villaggi-paros\/"},{"@type":"ListItem","position":3,"name":"Parikia"}]},{"@type":"WebSite","@id":"https:\/\/parosrentcar.com\/it\/#website","url":"https:\/\/parosrentcar.com\/it\/","name":"Noleggio auto e moto a Paros Grecia \u2013 Paros Autonoleggio","description":"Noleggio auto, quad, buggy, atv, scooter, moto e bici a Paros Grecia. Grandi offerte su noleggio auto a Paros. Autonoleggio Paros Grecia","potentialAction":[{"@type":"SearchAction","target":{"@type":"EntryPoint","urlTemplate":"https:\/\/parosrentcar.com\/it\/?s={search_term_string}"},"query-input":{"@type":"PropertyValueSpecification","valueRequired":true,"valueName":"search_term_string"}}],"inLanguage":"it-IT"}]}},"_links":{"self":[{"href":"https:\/\/parosrentcar.com\/it\/wp-json\/wp\/v2\/pages\/1405","targetHints":{"allow":["GET"]}}],"collection":[{"href":"https:\/\/parosrentcar.com\/it\/wp-json\/wp\/v2\/pages"}],"about":[{"href":"https:\/\/parosrentcar.com\/it\/wp-json\/wp\/v2\/types\/page"}],"author":[{"embeddable":true,"href":"https:\/\/parosrentcar.com\/it\/wp-json\/wp\/v2\/users\/1"}],"replies":[{"embeddable":true,"href":"https:\/\/parosrentcar.com\/it\/wp-json\/wp\/v2\/comments?post=1405"}],"version-history":[{"count":1,"href":"https:\/\/parosrentcar.com\/it\/wp-json\/wp\/v2\/pages\/1405\/revisions"}],"predecessor-version":[{"id":1582,"href":"https:\/\/parosrentcar.com\/it\/wp-json\/wp\/v2\/pages\/1405\/revisions\/1582"}],"up":[{"embeddable":true,"href":"https:\/\/parosrentcar.com\/it\/wp-json\/wp\/v2\/pages\/1380"}],"wp:attachment":[{"href":"https:\/\/parosrentcar.com\/it\/wp-json\/wp\/v2\/media?parent=1405"}],"curies":[{"name":"wp","href":"https:\/\/api.w.org\/{rel}","templated":true}]}}