{"id":1377,"date":"2014-12-13T15:31:34","date_gmt":"2014-12-13T15:31:34","guid":{"rendered":"http:\/\/parosrentcar.com\/el\/?page_id=1377"},"modified":"2015-02-17T15:09:04","modified_gmt":"2015-02-17T15:09:04","slug":"il-palazzo-miceneo","status":"publish","type":"page","link":"https:\/\/parosrentcar.com\/it\/attrazioni-monumenti-paros\/il-palazzo-miceneo\/","title":{"rendered":"Il Palazzo Miceneo"},"content":{"rendered":"<p>Paros, secondo la mitologia, ha preso il suo nome dall\u2019<strong>eroe arcadico<\/strong>\u00a0<strong>Pario,<\/strong>\u00a0il quale intorno al 1000 a.C. ha conquistato l\u2019isola dagli Iones, i quali lo avevano conquistato dai Minoici nel 1100 a.C. Pertanto ci sono elementi di civilt\u00e0 umana a Paros pi\u00f9 di 5000 anni fa. In una localit\u00e0,\u00a0<strong>Koukounaries,<\/strong>\u00a0si sono trovate rovine dal quel periodo.<\/p>\n<p>Koukounaries \u00e8\u00a0<strong>una collina rocciosa<\/strong>\u00a0che contiene granito, 75m sopra dalla superficie del mare. Si trova esattamente accanto al mare, nel golfo grande e protetto di Naousa, alla parte nord dell\u2019isola di Paros. L\u00ec c\u2019\u00e8\u00a0<strong>un gruppo di edifici micenei<\/strong>\u00a0dalla fine\u00a0 del 12<sup>0<\/sup>sec a.C. Le sue parti, i suoi corridoi e anche i suoi luoghi di deposito sono ancora visibili. I depositi contenevano vasi, arme e altri oggetti i quali erano coperti con cenere, il che mostra che erano stati distrutti dall\u2019incendio intorno al 1100 a.C. Questo \u00e8 uno dei pochi luogli in Grecia che la sua storia si vede a tutti gli stadi, dall\u2019epoca di Rame verso l\u2019epoca di Ferro.<\/p>\n","protected":false},"excerpt":{"rendered":"<p>Paros, secondo la mitologia, ha preso il suo nome dall\u2019eroe arcadico\u00a0Pario,\u00a0il quale intorno al 1000 a.C. ha conquistato l\u2019isola dagli Iones, i quali lo avevano conquistato dai Minoici nel 1100 a.C. Pertanto ci sono elementi di civilt\u00e0 umana a Paros pi\u00f9 di 5000 anni fa. In una localit\u00e0,\u00a0Koukounaries,\u00a0si sono trovate rovine dal quel periodo. Koukounaries \u00e8\u00a0una collina rocciosa\u00a0che contiene granito, 75m sopra dalla superficie del mare. Si trova esattamente accanto al mare, nel golfo grande e protetto di Naousa, alla parte nord dell\u2019isola di Paros. L\u00ec c\u2019\u00e8\u00a0un gruppo di edifici micenei\u00a0dalla fine\u00a0 del 120sec a.C. Le sue parti, i suoi corridoi e anche i suoi luoghi di deposito sono ancora [&hellip;]<\/p>\n","protected":false},"author":1,"featured_media":0,"parent":1015,"menu_order":0,"comment_status":"closed","ping_status":"closed","template":"","meta":{"footnotes":""},"class_list":["post-1377","page","type-page","status-publish","hentry"],"yoast_head":"<!-- This site is optimized with the Yoast SEO plugin v27.1.1 - https:\/\/yoast.com\/product\/yoast-seo-wordpress\/ -->\n<title>Il Palazzo Miceneo-Noleggio auto e moto a Paros Grecia \u2013 Paros Autonoleggio<\/title>\n<meta name=\"description\" content=\"Il Palazzo Miceneo-Noleggio auto, quad, buggy, atv, scooter, moto e bici a Paros Grecia. Autonoleggio Paros Grecia - ParosEuropeanRent\" \/>\n<meta name=\"robots\" content=\"index, follow, max-snippet:-1, max-image-preview:large, max-video-preview:-1\" \/>\n<link rel=\"canonical\" href=\"https:\/\/parosrentcar.com\/it\/attrazioni-monumenti-paros\/il-palazzo-miceneo\/\" \/>\n<meta property=\"og:locale\" content=\"it_IT\" \/>\n<meta property=\"og:type\" content=\"article\" \/>\n<meta property=\"og:title\" content=\"Il Palazzo Miceneo-Noleggio auto e moto a Paros Grecia \u2013 Paros Autonoleggio\" \/>\n<meta property=\"og:description\" content=\"Il Palazzo Miceneo-Noleggio auto, quad, buggy, atv, scooter, moto e bici a Paros Grecia. Autonoleggio Paros Grecia - ParosEuropeanRent\" \/>\n<meta property=\"og:url\" content=\"https:\/\/parosrentcar.com\/it\/attrazioni-monumenti-paros\/il-palazzo-miceneo\/\" \/>\n<meta property=\"og:site_name\" content=\"Noleggio auto e moto a Paros Grecia \u2013 Paros Autonoleggio\" \/>\n<meta property=\"article:publisher\" content=\"https:\/\/www.facebook.com\/paroscarrental\" \/>\n<meta property=\"article:modified_time\" content=\"2015-02-17T15:09:04+00:00\" \/>\n<meta name=\"twitter:card\" content=\"summary_large_image\" \/>\n<meta name=\"twitter:site\" content=\"@parosrentcar\" \/>\n<meta name=\"twitter:label1\" content=\"Tempo di lettura stimato\" \/>\n\t<meta name=\"twitter:data1\" content=\"1 minuto\" \/>\n<script type=\"application\/ld+json\" class=\"yoast-schema-graph\">{\"@context\":\"https:\/\/schema.org\",\"@graph\":[{\"@type\":\"WebPage\",\"@id\":\"https:\/\/parosrentcar.com\/it\/attrazioni-monumenti-paros\/il-palazzo-miceneo\/\",\"url\":\"https:\/\/parosrentcar.com\/it\/attrazioni-monumenti-paros\/il-palazzo-miceneo\/\",\"name\":\"Il Palazzo Miceneo-Noleggio auto e moto a Paros Grecia \u2013 Paros Autonoleggio\",\"isPartOf\":{\"@id\":\"https:\/\/parosrentcar.com\/it\/#website\"},\"datePublished\":\"2014-12-13T15:31:34+00:00\",\"dateModified\":\"2015-02-17T15:09:04+00:00\",\"description\":\"Il Palazzo Miceneo-Noleggio auto, quad, buggy, atv, scooter, moto e bici a Paros Grecia. Autonoleggio Paros Grecia - ParosEuropeanRent\",\"breadcrumb\":{\"@id\":\"https:\/\/parosrentcar.com\/it\/attrazioni-monumenti-paros\/il-palazzo-miceneo\/#breadcrumb\"},\"inLanguage\":\"it-IT\",\"potentialAction\":[{\"@type\":\"ReadAction\",\"target\":[\"https:\/\/parosrentcar.com\/it\/attrazioni-monumenti-paros\/il-palazzo-miceneo\/\"]}]},{\"@type\":\"BreadcrumbList\",\"@id\":\"https:\/\/parosrentcar.com\/it\/attrazioni-monumenti-paros\/il-palazzo-miceneo\/#breadcrumb\",\"itemListElement\":[{\"@type\":\"ListItem\",\"position\":1,\"name\":\"Home\",\"item\":\"https:\/\/parosrentcar.com\/it\/\"},{\"@type\":\"ListItem\",\"position\":2,\"name\":\"Attrazioni\",\"item\":\"https:\/\/parosrentcar.com\/it\/attrazioni-monumenti-paros\/\"},{\"@type\":\"ListItem\",\"position\":3,\"name\":\"Il Palazzo Miceneo\"}]},{\"@type\":\"WebSite\",\"@id\":\"https:\/\/parosrentcar.com\/it\/#website\",\"url\":\"https:\/\/parosrentcar.com\/it\/\",\"name\":\"Noleggio auto e moto a Paros Grecia \u2013 Paros Autonoleggio\",\"description\":\"Noleggio auto, quad, buggy, atv, scooter, moto e bici a Paros Grecia. Grandi offerte su noleggio auto a Paros. Autonoleggio Paros Grecia\",\"potentialAction\":[{\"@type\":\"SearchAction\",\"target\":{\"@type\":\"EntryPoint\",\"urlTemplate\":\"https:\/\/parosrentcar.com\/it\/?s={search_term_string}\"},\"query-input\":{\"@type\":\"PropertyValueSpecification\",\"valueRequired\":true,\"valueName\":\"search_term_string\"}}],\"inLanguage\":\"it-IT\"}]}<\/script>\n<!-- \/ Yoast SEO plugin. -->","yoast_head_json":{"title":"Il Palazzo Miceneo-Noleggio auto e moto a Paros Grecia \u2013 Paros Autonoleggio","description":"Il Palazzo Miceneo-Noleggio auto, quad, buggy, atv, scooter, moto e bici a Paros Grecia. Autonoleggio Paros Grecia - ParosEuropeanRent","robots":{"index":"index","follow":"follow","max-snippet":"max-snippet:-1","max-image-preview":"max-image-preview:large","max-video-preview":"max-video-preview:-1"},"canonical":"https:\/\/parosrentcar.com\/it\/attrazioni-monumenti-paros\/il-palazzo-miceneo\/","og_locale":"it_IT","og_type":"article","og_title":"Il Palazzo Miceneo-Noleggio auto e moto a Paros Grecia \u2013 Paros Autonoleggio","og_description":"Il Palazzo Miceneo-Noleggio auto, quad, buggy, atv, scooter, moto e bici a Paros Grecia. Autonoleggio Paros Grecia - ParosEuropeanRent","og_url":"https:\/\/parosrentcar.com\/it\/attrazioni-monumenti-paros\/il-palazzo-miceneo\/","og_site_name":"Noleggio auto e moto a Paros Grecia \u2013 Paros Autonoleggio","article_publisher":"https:\/\/www.facebook.com\/paroscarrental","article_modified_time":"2015-02-17T15:09:04+00:00","twitter_card":"summary_large_image","twitter_site":"@parosrentcar","twitter_misc":{"Tempo di lettura stimato":"1 minuto"},"schema":{"@context":"https:\/\/schema.org","@graph":[{"@type":"WebPage","@id":"https:\/\/parosrentcar.com\/it\/attrazioni-monumenti-paros\/il-palazzo-miceneo\/","url":"https:\/\/parosrentcar.com\/it\/attrazioni-monumenti-paros\/il-palazzo-miceneo\/","name":"Il Palazzo Miceneo-Noleggio auto e moto a Paros Grecia \u2013 Paros Autonoleggio","isPartOf":{"@id":"https:\/\/parosrentcar.com\/it\/#website"},"datePublished":"2014-12-13T15:31:34+00:00","dateModified":"2015-02-17T15:09:04+00:00","description":"Il Palazzo Miceneo-Noleggio auto, quad, buggy, atv, scooter, moto e bici a Paros Grecia. Autonoleggio Paros Grecia - ParosEuropeanRent","breadcrumb":{"@id":"https:\/\/parosrentcar.com\/it\/attrazioni-monumenti-paros\/il-palazzo-miceneo\/#breadcrumb"},"inLanguage":"it-IT","potentialAction":[{"@type":"ReadAction","target":["https:\/\/parosrentcar.com\/it\/attrazioni-monumenti-paros\/il-palazzo-miceneo\/"]}]},{"@type":"BreadcrumbList","@id":"https:\/\/parosrentcar.com\/it\/attrazioni-monumenti-paros\/il-palazzo-miceneo\/#breadcrumb","itemListElement":[{"@type":"ListItem","position":1,"name":"Home","item":"https:\/\/parosrentcar.com\/it\/"},{"@type":"ListItem","position":2,"name":"Attrazioni","item":"https:\/\/parosrentcar.com\/it\/attrazioni-monumenti-paros\/"},{"@type":"ListItem","position":3,"name":"Il Palazzo Miceneo"}]},{"@type":"WebSite","@id":"https:\/\/parosrentcar.com\/it\/#website","url":"https:\/\/parosrentcar.com\/it\/","name":"Noleggio auto e moto a Paros Grecia \u2013 Paros Autonoleggio","description":"Noleggio auto, quad, buggy, atv, scooter, moto e bici a Paros Grecia. Grandi offerte su noleggio auto a Paros. Autonoleggio Paros Grecia","potentialAction":[{"@type":"SearchAction","target":{"@type":"EntryPoint","urlTemplate":"https:\/\/parosrentcar.com\/it\/?s={search_term_string}"},"query-input":{"@type":"PropertyValueSpecification","valueRequired":true,"valueName":"search_term_string"}}],"inLanguage":"it-IT"}]}},"_links":{"self":[{"href":"https:\/\/parosrentcar.com\/it\/wp-json\/wp\/v2\/pages\/1377","targetHints":{"allow":["GET"]}}],"collection":[{"href":"https:\/\/parosrentcar.com\/it\/wp-json\/wp\/v2\/pages"}],"about":[{"href":"https:\/\/parosrentcar.com\/it\/wp-json\/wp\/v2\/types\/page"}],"author":[{"embeddable":true,"href":"https:\/\/parosrentcar.com\/it\/wp-json\/wp\/v2\/users\/1"}],"replies":[{"embeddable":true,"href":"https:\/\/parosrentcar.com\/it\/wp-json\/wp\/v2\/comments?post=1377"}],"version-history":[{"count":1,"href":"https:\/\/parosrentcar.com\/it\/wp-json\/wp\/v2\/pages\/1377\/revisions"}],"predecessor-version":[{"id":1597,"href":"https:\/\/parosrentcar.com\/it\/wp-json\/wp\/v2\/pages\/1377\/revisions\/1597"}],"up":[{"embeddable":true,"href":"https:\/\/parosrentcar.com\/it\/wp-json\/wp\/v2\/pages\/1015"}],"wp:attachment":[{"href":"https:\/\/parosrentcar.com\/it\/wp-json\/wp\/v2\/media?parent=1377"}],"curies":[{"name":"wp","href":"https:\/\/api.w.org\/{rel}","templated":true}]}}