{"id":1353,"date":"2014-12-13T15:06:37","date_gmt":"2014-12-13T15:06:37","guid":{"rendered":"http:\/\/parosrentcar.com\/el\/?page_id=1353"},"modified":"2015-02-17T06:18:46","modified_gmt":"2015-02-17T06:18:46","slug":"santa-irene","status":"publish","type":"page","link":"https:\/\/parosrentcar.com\/it\/paros-spiagge\/santa-irene\/","title":{"rendered":"Santa Irene"},"content":{"rendered":"<p>A sud di Parikia troverete la spiaggia incantevole di\u00a0<strong>Santa Irene<\/strong>\u00a0dove\u00a0<strong>le palme <\/strong>che si trovano lungo la spiaggia danno un senso esotico. Si trova a 4Km dal centro ed \u00e8 una delle spiagge pi\u00f9 note. In realta ce ne sono due spiagge separate che vengono divise da basse rocce. Pertanto l\u2019accesso, da una spiaggia all\u2019altra, \u00e8 molto facile a piedi.<\/p>\n<p>Proprio alla fine della spiaggia si trova\u00a0<strong>la\u00a0 piccola chiesa di Santa<\/strong>\u00a0<strong>Irene,<\/strong>\u00a0da cui la spiaggia ha preso il suo nome. La sua bellezza esotica attira i viaggiatori\u00a0 ed \u00e8 ideale per tutti quelli che non desiderano allontanarsi dalla citt\u00e0. Dopo il vostro bagno potete assaggiare le specialit\u00e0 locali alle trattorie che si trovano l\u00ec.<\/p>\n","protected":false},"excerpt":{"rendered":"<p>A sud di Parikia troverete la spiaggia incantevole di\u00a0Santa Irene\u00a0dove\u00a0le palme che si trovano lungo la spiaggia danno un senso esotico. Si trova a 4Km dal centro ed \u00e8 una delle spiagge pi\u00f9 note. In realta ce ne sono due spiagge separate che vengono divise da basse rocce. Pertanto l\u2019accesso, da una spiaggia all\u2019altra, \u00e8 molto facile a piedi. Proprio alla fine della spiaggia si trova\u00a0la\u00a0 piccola chiesa di Santa\u00a0Irene,\u00a0da cui la spiaggia ha preso il suo nome. La sua bellezza esotica attira i viaggiatori\u00a0 ed \u00e8 ideale per tutti quelli che non desiderano allontanarsi dalla citt\u00e0. Dopo il vostro bagno potete assaggiare le specialit\u00e0 locali alle trattorie che si [&hellip;]<\/p>\n","protected":false},"author":1,"featured_media":0,"parent":1026,"menu_order":0,"comment_status":"closed","ping_status":"closed","template":"","meta":{"footnotes":""},"class_list":["post-1353","page","type-page","status-publish","hentry"],"yoast_head":"<!-- This site is optimized with the Yoast SEO plugin v27.1.1 - https:\/\/yoast.com\/product\/yoast-seo-wordpress\/ -->\n<title>Santa Irene-Noleggio auto e moto a Paros Grecia \u2013 Paros Autonoleggio<\/title>\n<meta name=\"description\" content=\"Santa Irene-Noleggio auto, quad, buggy, atv, scooter, moto e bici a Paros Grecia. Autonoleggio Paros Grecia - ParosEuropeanRent\" \/>\n<meta name=\"robots\" content=\"index, follow, max-snippet:-1, max-image-preview:large, max-video-preview:-1\" \/>\n<link rel=\"canonical\" href=\"https:\/\/parosrentcar.com\/it\/paros-spiagge\/santa-irene\/\" \/>\n<meta property=\"og:locale\" content=\"it_IT\" \/>\n<meta property=\"og:type\" content=\"article\" \/>\n<meta property=\"og:title\" content=\"Santa Irene-Noleggio auto e moto a Paros Grecia \u2013 Paros Autonoleggio\" \/>\n<meta property=\"og:description\" content=\"Santa Irene-Noleggio auto, quad, buggy, atv, scooter, moto e bici a Paros Grecia. Autonoleggio Paros Grecia - ParosEuropeanRent\" \/>\n<meta property=\"og:url\" content=\"https:\/\/parosrentcar.com\/it\/paros-spiagge\/santa-irene\/\" \/>\n<meta property=\"og:site_name\" content=\"Noleggio auto e moto a Paros Grecia \u2013 Paros Autonoleggio\" \/>\n<meta property=\"article:publisher\" content=\"https:\/\/www.facebook.com\/paroscarrental\" \/>\n<meta property=\"article:modified_time\" content=\"2015-02-17T06:18:46+00:00\" \/>\n<meta name=\"twitter:card\" content=\"summary_large_image\" \/>\n<meta name=\"twitter:site\" content=\"@parosrentcar\" \/>\n<meta name=\"twitter:label1\" content=\"Tempo di lettura stimato\" \/>\n\t<meta name=\"twitter:data1\" content=\"1 minuto\" \/>\n<script type=\"application\/ld+json\" class=\"yoast-schema-graph\">{\"@context\":\"https:\/\/schema.org\",\"@graph\":[{\"@type\":\"WebPage\",\"@id\":\"https:\/\/parosrentcar.com\/it\/paros-spiagge\/santa-irene\/\",\"url\":\"https:\/\/parosrentcar.com\/it\/paros-spiagge\/santa-irene\/\",\"name\":\"Santa Irene-Noleggio auto e moto a Paros Grecia \u2013 Paros Autonoleggio\",\"isPartOf\":{\"@id\":\"https:\/\/parosrentcar.com\/it\/#website\"},\"datePublished\":\"2014-12-13T15:06:37+00:00\",\"dateModified\":\"2015-02-17T06:18:46+00:00\",\"description\":\"Santa Irene-Noleggio auto, quad, buggy, atv, scooter, moto e bici a Paros Grecia. Autonoleggio Paros Grecia - ParosEuropeanRent\",\"breadcrumb\":{\"@id\":\"https:\/\/parosrentcar.com\/it\/paros-spiagge\/santa-irene\/#breadcrumb\"},\"inLanguage\":\"it-IT\",\"potentialAction\":[{\"@type\":\"ReadAction\",\"target\":[\"https:\/\/parosrentcar.com\/it\/paros-spiagge\/santa-irene\/\"]}]},{\"@type\":\"BreadcrumbList\",\"@id\":\"https:\/\/parosrentcar.com\/it\/paros-spiagge\/santa-irene\/#breadcrumb\",\"itemListElement\":[{\"@type\":\"ListItem\",\"position\":1,\"name\":\"Home\",\"item\":\"https:\/\/parosrentcar.com\/it\/\"},{\"@type\":\"ListItem\",\"position\":2,\"name\":\"Spiagge di Paros\",\"item\":\"https:\/\/parosrentcar.com\/it\/paros-spiagge\/\"},{\"@type\":\"ListItem\",\"position\":3,\"name\":\"Santa Irene\"}]},{\"@type\":\"WebSite\",\"@id\":\"https:\/\/parosrentcar.com\/it\/#website\",\"url\":\"https:\/\/parosrentcar.com\/it\/\",\"name\":\"Noleggio auto e moto a Paros Grecia \u2013 Paros Autonoleggio\",\"description\":\"Noleggio auto, quad, buggy, atv, scooter, moto e bici a Paros Grecia. Grandi offerte su noleggio auto a Paros. Autonoleggio Paros Grecia\",\"potentialAction\":[{\"@type\":\"SearchAction\",\"target\":{\"@type\":\"EntryPoint\",\"urlTemplate\":\"https:\/\/parosrentcar.com\/it\/?s={search_term_string}\"},\"query-input\":{\"@type\":\"PropertyValueSpecification\",\"valueRequired\":true,\"valueName\":\"search_term_string\"}}],\"inLanguage\":\"it-IT\"}]}<\/script>\n<!-- \/ Yoast SEO plugin. -->","yoast_head_json":{"title":"Santa Irene-Noleggio auto e moto a Paros Grecia \u2013 Paros Autonoleggio","description":"Santa Irene-Noleggio auto, quad, buggy, atv, scooter, moto e bici a Paros Grecia. Autonoleggio Paros Grecia - ParosEuropeanRent","robots":{"index":"index","follow":"follow","max-snippet":"max-snippet:-1","max-image-preview":"max-image-preview:large","max-video-preview":"max-video-preview:-1"},"canonical":"https:\/\/parosrentcar.com\/it\/paros-spiagge\/santa-irene\/","og_locale":"it_IT","og_type":"article","og_title":"Santa Irene-Noleggio auto e moto a Paros Grecia \u2013 Paros Autonoleggio","og_description":"Santa Irene-Noleggio auto, quad, buggy, atv, scooter, moto e bici a Paros Grecia. Autonoleggio Paros Grecia - ParosEuropeanRent","og_url":"https:\/\/parosrentcar.com\/it\/paros-spiagge\/santa-irene\/","og_site_name":"Noleggio auto e moto a Paros Grecia \u2013 Paros Autonoleggio","article_publisher":"https:\/\/www.facebook.com\/paroscarrental","article_modified_time":"2015-02-17T06:18:46+00:00","twitter_card":"summary_large_image","twitter_site":"@parosrentcar","twitter_misc":{"Tempo di lettura stimato":"1 minuto"},"schema":{"@context":"https:\/\/schema.org","@graph":[{"@type":"WebPage","@id":"https:\/\/parosrentcar.com\/it\/paros-spiagge\/santa-irene\/","url":"https:\/\/parosrentcar.com\/it\/paros-spiagge\/santa-irene\/","name":"Santa Irene-Noleggio auto e moto a Paros Grecia \u2013 Paros Autonoleggio","isPartOf":{"@id":"https:\/\/parosrentcar.com\/it\/#website"},"datePublished":"2014-12-13T15:06:37+00:00","dateModified":"2015-02-17T06:18:46+00:00","description":"Santa Irene-Noleggio auto, quad, buggy, atv, scooter, moto e bici a Paros Grecia. Autonoleggio Paros Grecia - ParosEuropeanRent","breadcrumb":{"@id":"https:\/\/parosrentcar.com\/it\/paros-spiagge\/santa-irene\/#breadcrumb"},"inLanguage":"it-IT","potentialAction":[{"@type":"ReadAction","target":["https:\/\/parosrentcar.com\/it\/paros-spiagge\/santa-irene\/"]}]},{"@type":"BreadcrumbList","@id":"https:\/\/parosrentcar.com\/it\/paros-spiagge\/santa-irene\/#breadcrumb","itemListElement":[{"@type":"ListItem","position":1,"name":"Home","item":"https:\/\/parosrentcar.com\/it\/"},{"@type":"ListItem","position":2,"name":"Spiagge di Paros","item":"https:\/\/parosrentcar.com\/it\/paros-spiagge\/"},{"@type":"ListItem","position":3,"name":"Santa Irene"}]},{"@type":"WebSite","@id":"https:\/\/parosrentcar.com\/it\/#website","url":"https:\/\/parosrentcar.com\/it\/","name":"Noleggio auto e moto a Paros Grecia \u2013 Paros Autonoleggio","description":"Noleggio auto, quad, buggy, atv, scooter, moto e bici a Paros Grecia. Grandi offerte su noleggio auto a Paros. Autonoleggio Paros Grecia","potentialAction":[{"@type":"SearchAction","target":{"@type":"EntryPoint","urlTemplate":"https:\/\/parosrentcar.com\/it\/?s={search_term_string}"},"query-input":{"@type":"PropertyValueSpecification","valueRequired":true,"valueName":"search_term_string"}}],"inLanguage":"it-IT"}]}},"_links":{"self":[{"href":"https:\/\/parosrentcar.com\/it\/wp-json\/wp\/v2\/pages\/1353","targetHints":{"allow":["GET"]}}],"collection":[{"href":"https:\/\/parosrentcar.com\/it\/wp-json\/wp\/v2\/pages"}],"about":[{"href":"https:\/\/parosrentcar.com\/it\/wp-json\/wp\/v2\/types\/page"}],"author":[{"embeddable":true,"href":"https:\/\/parosrentcar.com\/it\/wp-json\/wp\/v2\/users\/1"}],"replies":[{"embeddable":true,"href":"https:\/\/parosrentcar.com\/it\/wp-json\/wp\/v2\/comments?post=1353"}],"version-history":[{"count":3,"href":"https:\/\/parosrentcar.com\/it\/wp-json\/wp\/v2\/pages\/1353\/revisions"}],"predecessor-version":[{"id":1560,"href":"https:\/\/parosrentcar.com\/it\/wp-json\/wp\/v2\/pages\/1353\/revisions\/1560"}],"up":[{"embeddable":true,"href":"https:\/\/parosrentcar.com\/it\/wp-json\/wp\/v2\/pages\/1026"}],"wp:attachment":[{"href":"https:\/\/parosrentcar.com\/it\/wp-json\/wp\/v2\/media?parent=1353"}],"curies":[{"name":"wp","href":"https:\/\/api.w.org\/{rel}","templated":true}]}}