{"id":1073,"date":"2014-11-25T06:30:30","date_gmt":"2014-11-25T06:30:30","guid":{"rendered":"http:\/\/parosrentcar.com\/el\/?page_id=1073"},"modified":"2015-02-17T06:37:02","modified_gmt":"2015-02-17T06:37:02","slug":"santa-maria","status":"publish","type":"page","link":"https:\/\/parosrentcar.com\/it\/paros-spiagge\/santa-maria\/","title":{"rendered":"Santa Maria"},"content":{"rendered":"<p>Ad est di Naousa troverete\u00a0<strong>Santa Maria<\/strong>\u00a0una zona che si \u00e8 sviluppata specialmente negli ultimi anni. Dista 2Km da Naousa e 12Km da Parikia. La spiaggia \u00e8 separata in due pi\u00f9 piccole spiagge ed ha\u00a0<strong>sabbia bianca ed acque cristalline e pulite<\/strong>. La prima spiaggia \u00e8 nota come Santa Maria campeggio e la seconda si trova 1Km dopo, a destra della strada.<\/p>\n<p>Dalla spiaggia potete vedere l\u2019isola di Naxos<strong>. La spiaggia \u00e8<\/strong>\u00a0<strong>organizzata<\/strong>\u00a0con sedie a sdraio, ombrelloni e bar. Potete rilassarvi ascoltando la musica dei bar e godendo la vista. E\u2019una spiaggia grande dove c\u2019\u00e8 la possibilit\u00e0 di\u00a0 praticare\u00a0<strong>il windsurfing<\/strong>\u00a0e altri\u00a0<strong>sport acquatici ed immersioni<\/strong>. Se vi piace la pesca subacquea, il fondo del mare \u00e8 adatto. Ma se vi piace osservare ed esplorare la vita sotto la superficie dell\u2019acqua, la scuola d\u2019immersioni vi aiuter\u00e0 a godere la vita marina. Il campeggio che si trova dietro la spiaggia la rente affolata durante i mesi di luglio e di agosto.<\/p>\n<p><strong>L\u2019accesso<\/strong>\u00a0alla spiaggia si fa in taxi, macchina, motorino o con le barchette che partono ogni giorno dal porto di Naousa. Infine\u00a0<strong>ci sono<\/strong>\u00a0<strong>molti alberghi<\/strong>\u00a0dove potete soggiornare e trattorie, in riva al mare, con piatti buonissimi.<\/p>\n","protected":false},"excerpt":{"rendered":"<p>Ad est di Naousa troverete\u00a0Santa Maria\u00a0una zona che si \u00e8 sviluppata specialmente negli ultimi anni. Dista 2Km da Naousa e 12Km da Parikia. La spiaggia \u00e8 separata in due pi\u00f9 piccole spiagge ed ha\u00a0sabbia bianca ed acque cristalline e pulite. La prima spiaggia \u00e8 nota come Santa Maria campeggio e la seconda si trova 1Km dopo, a destra della strada. Dalla spiaggia potete vedere l\u2019isola di Naxos. La spiaggia \u00e8\u00a0organizzata\u00a0con sedie a sdraio, ombrelloni e bar. Potete rilassarvi ascoltando la musica dei bar e godendo la vista. E\u2019una spiaggia grande dove c\u2019\u00e8 la possibilit\u00e0 di\u00a0 praticare\u00a0il windsurfing\u00a0e altri\u00a0sport acquatici ed immersioni. Se vi piace la pesca subacquea, il fondo del [&hellip;]<\/p>\n","protected":false},"author":1,"featured_media":0,"parent":1026,"menu_order":0,"comment_status":"closed","ping_status":"closed","template":"page-templates\/attraction.php","meta":{"footnotes":""},"class_list":["post-1073","page","type-page","status-publish","hentry"],"yoast_head":"<!-- This site is optimized with the Yoast SEO plugin v27.1.1 - https:\/\/yoast.com\/product\/yoast-seo-wordpress\/ -->\n<title>Santa Maria-Noleggio auto e moto a Paros Grecia \u2013 Paros Autonoleggio<\/title>\n<meta name=\"description\" content=\"Santa Maria-Noleggio auto, quad, buggy, atv, scooter, moto e bici a Paros Grecia. Autonoleggio Paros Grecia - ParosEuropeanRent\" \/>\n<meta name=\"robots\" content=\"index, follow, max-snippet:-1, max-image-preview:large, max-video-preview:-1\" \/>\n<link rel=\"canonical\" href=\"https:\/\/parosrentcar.com\/it\/paros-spiagge\/santa-maria\/\" \/>\n<meta property=\"og:locale\" content=\"it_IT\" \/>\n<meta property=\"og:type\" content=\"article\" \/>\n<meta property=\"og:title\" content=\"Santa Maria-Noleggio auto e moto a Paros Grecia \u2013 Paros Autonoleggio\" \/>\n<meta property=\"og:description\" content=\"Santa Maria-Noleggio auto, quad, buggy, atv, scooter, moto e bici a Paros Grecia. Autonoleggio Paros Grecia - ParosEuropeanRent\" \/>\n<meta property=\"og:url\" content=\"https:\/\/parosrentcar.com\/it\/paros-spiagge\/santa-maria\/\" \/>\n<meta property=\"og:site_name\" content=\"Noleggio auto e moto a Paros Grecia \u2013 Paros Autonoleggio\" \/>\n<meta property=\"article:publisher\" content=\"https:\/\/www.facebook.com\/paroscarrental\" \/>\n<meta property=\"article:modified_time\" content=\"2015-02-17T06:37:02+00:00\" \/>\n<meta name=\"twitter:card\" content=\"summary_large_image\" \/>\n<meta name=\"twitter:site\" content=\"@parosrentcar\" \/>\n<meta name=\"twitter:label1\" content=\"Tempo di lettura stimato\" \/>\n\t<meta name=\"twitter:data1\" content=\"1 minuto\" \/>\n<script type=\"application\/ld+json\" class=\"yoast-schema-graph\">{\"@context\":\"https:\/\/schema.org\",\"@graph\":[{\"@type\":\"WebPage\",\"@id\":\"https:\/\/parosrentcar.com\/it\/paros-spiagge\/santa-maria\/\",\"url\":\"https:\/\/parosrentcar.com\/it\/paros-spiagge\/santa-maria\/\",\"name\":\"Santa Maria-Noleggio auto e moto a Paros Grecia \u2013 Paros Autonoleggio\",\"isPartOf\":{\"@id\":\"https:\/\/parosrentcar.com\/it\/#website\"},\"datePublished\":\"2014-11-25T06:30:30+00:00\",\"dateModified\":\"2015-02-17T06:37:02+00:00\",\"description\":\"Santa Maria-Noleggio auto, quad, buggy, atv, scooter, moto e bici a Paros Grecia. Autonoleggio Paros Grecia - ParosEuropeanRent\",\"breadcrumb\":{\"@id\":\"https:\/\/parosrentcar.com\/it\/paros-spiagge\/santa-maria\/#breadcrumb\"},\"inLanguage\":\"it-IT\",\"potentialAction\":[{\"@type\":\"ReadAction\",\"target\":[\"https:\/\/parosrentcar.com\/it\/paros-spiagge\/santa-maria\/\"]}]},{\"@type\":\"BreadcrumbList\",\"@id\":\"https:\/\/parosrentcar.com\/it\/paros-spiagge\/santa-maria\/#breadcrumb\",\"itemListElement\":[{\"@type\":\"ListItem\",\"position\":1,\"name\":\"Home\",\"item\":\"https:\/\/parosrentcar.com\/it\/\"},{\"@type\":\"ListItem\",\"position\":2,\"name\":\"Spiagge di Paros\",\"item\":\"https:\/\/parosrentcar.com\/it\/paros-spiagge\/\"},{\"@type\":\"ListItem\",\"position\":3,\"name\":\"Santa Maria\"}]},{\"@type\":\"WebSite\",\"@id\":\"https:\/\/parosrentcar.com\/it\/#website\",\"url\":\"https:\/\/parosrentcar.com\/it\/\",\"name\":\"Noleggio auto e moto a Paros Grecia \u2013 Paros Autonoleggio\",\"description\":\"Noleggio auto, quad, buggy, atv, scooter, moto e bici a Paros Grecia. Grandi offerte su noleggio auto a Paros. Autonoleggio Paros Grecia\",\"potentialAction\":[{\"@type\":\"SearchAction\",\"target\":{\"@type\":\"EntryPoint\",\"urlTemplate\":\"https:\/\/parosrentcar.com\/it\/?s={search_term_string}\"},\"query-input\":{\"@type\":\"PropertyValueSpecification\",\"valueRequired\":true,\"valueName\":\"search_term_string\"}}],\"inLanguage\":\"it-IT\"}]}<\/script>\n<!-- \/ Yoast SEO plugin. -->","yoast_head_json":{"title":"Santa Maria-Noleggio auto e moto a Paros Grecia \u2013 Paros Autonoleggio","description":"Santa Maria-Noleggio auto, quad, buggy, atv, scooter, moto e bici a Paros Grecia. Autonoleggio Paros Grecia - ParosEuropeanRent","robots":{"index":"index","follow":"follow","max-snippet":"max-snippet:-1","max-image-preview":"max-image-preview:large","max-video-preview":"max-video-preview:-1"},"canonical":"https:\/\/parosrentcar.com\/it\/paros-spiagge\/santa-maria\/","og_locale":"it_IT","og_type":"article","og_title":"Santa Maria-Noleggio auto e moto a Paros Grecia \u2013 Paros Autonoleggio","og_description":"Santa Maria-Noleggio auto, quad, buggy, atv, scooter, moto e bici a Paros Grecia. Autonoleggio Paros Grecia - ParosEuropeanRent","og_url":"https:\/\/parosrentcar.com\/it\/paros-spiagge\/santa-maria\/","og_site_name":"Noleggio auto e moto a Paros Grecia \u2013 Paros Autonoleggio","article_publisher":"https:\/\/www.facebook.com\/paroscarrental","article_modified_time":"2015-02-17T06:37:02+00:00","twitter_card":"summary_large_image","twitter_site":"@parosrentcar","twitter_misc":{"Tempo di lettura stimato":"1 minuto"},"schema":{"@context":"https:\/\/schema.org","@graph":[{"@type":"WebPage","@id":"https:\/\/parosrentcar.com\/it\/paros-spiagge\/santa-maria\/","url":"https:\/\/parosrentcar.com\/it\/paros-spiagge\/santa-maria\/","name":"Santa Maria-Noleggio auto e moto a Paros Grecia \u2013 Paros Autonoleggio","isPartOf":{"@id":"https:\/\/parosrentcar.com\/it\/#website"},"datePublished":"2014-11-25T06:30:30+00:00","dateModified":"2015-02-17T06:37:02+00:00","description":"Santa Maria-Noleggio auto, quad, buggy, atv, scooter, moto e bici a Paros Grecia. Autonoleggio Paros Grecia - ParosEuropeanRent","breadcrumb":{"@id":"https:\/\/parosrentcar.com\/it\/paros-spiagge\/santa-maria\/#breadcrumb"},"inLanguage":"it-IT","potentialAction":[{"@type":"ReadAction","target":["https:\/\/parosrentcar.com\/it\/paros-spiagge\/santa-maria\/"]}]},{"@type":"BreadcrumbList","@id":"https:\/\/parosrentcar.com\/it\/paros-spiagge\/santa-maria\/#breadcrumb","itemListElement":[{"@type":"ListItem","position":1,"name":"Home","item":"https:\/\/parosrentcar.com\/it\/"},{"@type":"ListItem","position":2,"name":"Spiagge di Paros","item":"https:\/\/parosrentcar.com\/it\/paros-spiagge\/"},{"@type":"ListItem","position":3,"name":"Santa Maria"}]},{"@type":"WebSite","@id":"https:\/\/parosrentcar.com\/it\/#website","url":"https:\/\/parosrentcar.com\/it\/","name":"Noleggio auto e moto a Paros Grecia \u2013 Paros Autonoleggio","description":"Noleggio auto, quad, buggy, atv, scooter, moto e bici a Paros Grecia. Grandi offerte su noleggio auto a Paros. Autonoleggio Paros Grecia","potentialAction":[{"@type":"SearchAction","target":{"@type":"EntryPoint","urlTemplate":"https:\/\/parosrentcar.com\/it\/?s={search_term_string}"},"query-input":{"@type":"PropertyValueSpecification","valueRequired":true,"valueName":"search_term_string"}}],"inLanguage":"it-IT"}]}},"_links":{"self":[{"href":"https:\/\/parosrentcar.com\/it\/wp-json\/wp\/v2\/pages\/1073","targetHints":{"allow":["GET"]}}],"collection":[{"href":"https:\/\/parosrentcar.com\/it\/wp-json\/wp\/v2\/pages"}],"about":[{"href":"https:\/\/parosrentcar.com\/it\/wp-json\/wp\/v2\/types\/page"}],"author":[{"embeddable":true,"href":"https:\/\/parosrentcar.com\/it\/wp-json\/wp\/v2\/users\/1"}],"replies":[{"embeddable":true,"href":"https:\/\/parosrentcar.com\/it\/wp-json\/wp\/v2\/comments?post=1073"}],"version-history":[{"count":1,"href":"https:\/\/parosrentcar.com\/it\/wp-json\/wp\/v2\/pages\/1073\/revisions"}],"predecessor-version":[{"id":1573,"href":"https:\/\/parosrentcar.com\/it\/wp-json\/wp\/v2\/pages\/1073\/revisions\/1573"}],"up":[{"embeddable":true,"href":"https:\/\/parosrentcar.com\/it\/wp-json\/wp\/v2\/pages\/1026"}],"wp:attachment":[{"href":"https:\/\/parosrentcar.com\/it\/wp-json\/wp\/v2\/media?parent=1073"}],"curies":[{"name":"wp","href":"https:\/\/api.w.org\/{rel}","templated":true}]}}