{"id":1037,"date":"2014-11-24T09:42:00","date_gmt":"2014-11-24T09:42:00","guid":{"rendered":"http:\/\/parosrentcar.com\/el\/?page_id=1037"},"modified":"2015-02-17T15:35:12","modified_gmt":"2015-02-17T15:35:12","slug":"attivita-paros","status":"publish","type":"page","link":"https:\/\/parosrentcar.com\/it\/attivita-paros\/","title":{"rendered":"Attivit\u00e0"},"content":{"rendered":"<p>Paros offre una variet\u00e0 di attivit\u00e0:<\/p>\n<ul>\n<li>windsurf<\/li>\n<li>kite surf<\/li>\n<li>immersione<\/li>\n<li>yachting<\/li>\n<li>sport acquatici<\/li>\n<li>tennis<\/li>\n<li>equitazione<\/li>\n<li>trekking-alpinismo<\/li>\n<li>cucina<\/li>\n<li>meditazione<\/li>\n<li>yoga<\/li>\n<li>danza<\/li>\n<li>pilates<\/li>\n<li>massaggio<\/li>\n<li>terme<\/li>\n<li>attivit\u00e0 per bambini<\/li>\n<\/ul>\n<p>Chiedi a noi per qualsiasi attivit\u00e0 che volete e vi informer\u00e0 con piacere.<\/p>\n","protected":false},"excerpt":{"rendered":"<p>Paros offre una variet\u00e0 di attivit\u00e0: windsurf kite surf immersione yachting sport acquatici tennis equitazione trekking-alpinismo cucina meditazione yoga danza pilates massaggio terme attivit\u00e0 per bambini Chiedi a noi per qualsiasi attivit\u00e0 che volete e vi informer\u00e0 con piacere.<\/p>\n","protected":false},"author":1,"featured_media":0,"parent":0,"menu_order":0,"comment_status":"closed","ping_status":"closed","template":"","meta":{"footnotes":""},"class_list":["post-1037","page","type-page","status-publish","hentry"],"yoast_head":"<!-- This site is optimized with the Yoast SEO plugin v27.1.1 - https:\/\/yoast.com\/product\/yoast-seo-wordpress\/ -->\n<title>Attivit\u00e0-Noleggio auto e moto a Paros Grecia \u2013 Paros Autonoleggio<\/title>\n<meta name=\"description\" content=\"Attivit\u00e0-Noleggio auto, quad, buggy, atv, scooter, moto e bici a Paros Grecia. Autonoleggio Paros Grecia - ParosEuropeanRent\" \/>\n<meta name=\"robots\" content=\"index, follow, max-snippet:-1, max-image-preview:large, max-video-preview:-1\" \/>\n<link rel=\"canonical\" href=\"https:\/\/parosrentcar.com\/it\/attivita-paros\/\" \/>\n<meta property=\"og:locale\" content=\"it_IT\" \/>\n<meta property=\"og:type\" content=\"article\" \/>\n<meta property=\"og:title\" content=\"Attivit\u00e0-Noleggio auto e moto a Paros Grecia \u2013 Paros Autonoleggio\" \/>\n<meta property=\"og:description\" content=\"Attivit\u00e0-Noleggio auto, quad, buggy, atv, scooter, moto e bici a Paros Grecia. Autonoleggio Paros Grecia - ParosEuropeanRent\" \/>\n<meta property=\"og:url\" content=\"https:\/\/parosrentcar.com\/it\/attivita-paros\/\" \/>\n<meta property=\"og:site_name\" content=\"Noleggio auto e moto a Paros Grecia \u2013 Paros Autonoleggio\" \/>\n<meta property=\"article:publisher\" content=\"https:\/\/www.facebook.com\/paroscarrental\" \/>\n<meta property=\"article:modified_time\" content=\"2015-02-17T15:35:12+00:00\" \/>\n<meta name=\"twitter:card\" content=\"summary_large_image\" \/>\n<meta name=\"twitter:site\" content=\"@parosrentcar\" \/>\n<script type=\"application\/ld+json\" class=\"yoast-schema-graph\">{\"@context\":\"https:\/\/schema.org\",\"@graph\":[{\"@type\":\"WebPage\",\"@id\":\"https:\/\/parosrentcar.com\/it\/attivita-paros\/\",\"url\":\"https:\/\/parosrentcar.com\/it\/attivita-paros\/\",\"name\":\"Attivit\u00e0-Noleggio auto e moto a Paros Grecia \u2013 Paros Autonoleggio\",\"isPartOf\":{\"@id\":\"https:\/\/parosrentcar.com\/it\/#website\"},\"datePublished\":\"2014-11-24T09:42:00+00:00\",\"dateModified\":\"2015-02-17T15:35:12+00:00\",\"description\":\"Attivit\u00e0-Noleggio auto, quad, buggy, atv, scooter, moto e bici a Paros Grecia. Autonoleggio Paros Grecia - ParosEuropeanRent\",\"breadcrumb\":{\"@id\":\"https:\/\/parosrentcar.com\/it\/attivita-paros\/#breadcrumb\"},\"inLanguage\":\"it-IT\",\"potentialAction\":[{\"@type\":\"ReadAction\",\"target\":[\"https:\/\/parosrentcar.com\/it\/attivita-paros\/\"]}]},{\"@type\":\"BreadcrumbList\",\"@id\":\"https:\/\/parosrentcar.com\/it\/attivita-paros\/#breadcrumb\",\"itemListElement\":[{\"@type\":\"ListItem\",\"position\":1,\"name\":\"Home\",\"item\":\"https:\/\/parosrentcar.com\/it\/\"},{\"@type\":\"ListItem\",\"position\":2,\"name\":\"Attivit\u00e0\"}]},{\"@type\":\"WebSite\",\"@id\":\"https:\/\/parosrentcar.com\/it\/#website\",\"url\":\"https:\/\/parosrentcar.com\/it\/\",\"name\":\"Noleggio auto e moto a Paros Grecia \u2013 Paros Autonoleggio\",\"description\":\"Noleggio auto, quad, buggy, atv, scooter, moto e bici a Paros Grecia. Grandi offerte su noleggio auto a Paros. Autonoleggio Paros Grecia\",\"potentialAction\":[{\"@type\":\"SearchAction\",\"target\":{\"@type\":\"EntryPoint\",\"urlTemplate\":\"https:\/\/parosrentcar.com\/it\/?s={search_term_string}\"},\"query-input\":{\"@type\":\"PropertyValueSpecification\",\"valueRequired\":true,\"valueName\":\"search_term_string\"}}],\"inLanguage\":\"it-IT\"}]}<\/script>\n<!-- \/ Yoast SEO plugin. -->","yoast_head_json":{"title":"Attivit\u00e0-Noleggio auto e moto a Paros Grecia \u2013 Paros Autonoleggio","description":"Attivit\u00e0-Noleggio auto, quad, buggy, atv, scooter, moto e bici a Paros Grecia. Autonoleggio Paros Grecia - ParosEuropeanRent","robots":{"index":"index","follow":"follow","max-snippet":"max-snippet:-1","max-image-preview":"max-image-preview:large","max-video-preview":"max-video-preview:-1"},"canonical":"https:\/\/parosrentcar.com\/it\/attivita-paros\/","og_locale":"it_IT","og_type":"article","og_title":"Attivit\u00e0-Noleggio auto e moto a Paros Grecia \u2013 Paros Autonoleggio","og_description":"Attivit\u00e0-Noleggio auto, quad, buggy, atv, scooter, moto e bici a Paros Grecia. Autonoleggio Paros Grecia - ParosEuropeanRent","og_url":"https:\/\/parosrentcar.com\/it\/attivita-paros\/","og_site_name":"Noleggio auto e moto a Paros Grecia \u2013 Paros Autonoleggio","article_publisher":"https:\/\/www.facebook.com\/paroscarrental","article_modified_time":"2015-02-17T15:35:12+00:00","twitter_card":"summary_large_image","twitter_site":"@parosrentcar","schema":{"@context":"https:\/\/schema.org","@graph":[{"@type":"WebPage","@id":"https:\/\/parosrentcar.com\/it\/attivita-paros\/","url":"https:\/\/parosrentcar.com\/it\/attivita-paros\/","name":"Attivit\u00e0-Noleggio auto e moto a Paros Grecia \u2013 Paros Autonoleggio","isPartOf":{"@id":"https:\/\/parosrentcar.com\/it\/#website"},"datePublished":"2014-11-24T09:42:00+00:00","dateModified":"2015-02-17T15:35:12+00:00","description":"Attivit\u00e0-Noleggio auto, quad, buggy, atv, scooter, moto e bici a Paros Grecia. Autonoleggio Paros Grecia - ParosEuropeanRent","breadcrumb":{"@id":"https:\/\/parosrentcar.com\/it\/attivita-paros\/#breadcrumb"},"inLanguage":"it-IT","potentialAction":[{"@type":"ReadAction","target":["https:\/\/parosrentcar.com\/it\/attivita-paros\/"]}]},{"@type":"BreadcrumbList","@id":"https:\/\/parosrentcar.com\/it\/attivita-paros\/#breadcrumb","itemListElement":[{"@type":"ListItem","position":1,"name":"Home","item":"https:\/\/parosrentcar.com\/it\/"},{"@type":"ListItem","position":2,"name":"Attivit\u00e0"}]},{"@type":"WebSite","@id":"https:\/\/parosrentcar.com\/it\/#website","url":"https:\/\/parosrentcar.com\/it\/","name":"Noleggio auto e moto a Paros Grecia \u2013 Paros Autonoleggio","description":"Noleggio auto, quad, buggy, atv, scooter, moto e bici a Paros Grecia. Grandi offerte su noleggio auto a Paros. Autonoleggio Paros Grecia","potentialAction":[{"@type":"SearchAction","target":{"@type":"EntryPoint","urlTemplate":"https:\/\/parosrentcar.com\/it\/?s={search_term_string}"},"query-input":{"@type":"PropertyValueSpecification","valueRequired":true,"valueName":"search_term_string"}}],"inLanguage":"it-IT"}]}},"_links":{"self":[{"href":"https:\/\/parosrentcar.com\/it\/wp-json\/wp\/v2\/pages\/1037","targetHints":{"allow":["GET"]}}],"collection":[{"href":"https:\/\/parosrentcar.com\/it\/wp-json\/wp\/v2\/pages"}],"about":[{"href":"https:\/\/parosrentcar.com\/it\/wp-json\/wp\/v2\/types\/page"}],"author":[{"embeddable":true,"href":"https:\/\/parosrentcar.com\/it\/wp-json\/wp\/v2\/users\/1"}],"replies":[{"embeddable":true,"href":"https:\/\/parosrentcar.com\/it\/wp-json\/wp\/v2\/comments?post=1037"}],"version-history":[{"count":2,"href":"https:\/\/parosrentcar.com\/it\/wp-json\/wp\/v2\/pages\/1037\/revisions"}],"predecessor-version":[{"id":1599,"href":"https:\/\/parosrentcar.com\/it\/wp-json\/wp\/v2\/pages\/1037\/revisions\/1599"}],"wp:attachment":[{"href":"https:\/\/parosrentcar.com\/it\/wp-json\/wp\/v2\/media?parent=1037"}],"curies":[{"name":"wp","href":"https:\/\/api.w.org\/{rel}","templated":true}]}}