{"id":1028,"date":"2014-11-24T09:16:43","date_gmt":"2014-11-24T09:16:43","guid":{"rendered":"http:\/\/parosrentcar.com\/el\/?page_id=1028"},"modified":"2015-02-17T06:32:09","modified_gmt":"2015-02-17T06:32:09","slug":"livadia","status":"publish","type":"page","link":"https:\/\/parosrentcar.com\/it\/paros-spiagge\/livadia\/","title":{"rendered":"Livadia"},"content":{"rendered":"<p>A nord di Parikia, nelle zona Livadia, si trova\u00a0<strong>una spiaggia molto<\/strong>\u00a0<strong>organizzata <\/strong>con acque pulitissime. Livadia si trova alla citt\u00e0 di Paros circa 1Km dal porto. Si tratta di\u00a0<strong>una spiaggia grande e sabbiosa<\/strong>\u00a0con acque molto pulite. Inoltre\u00a0<strong>gli alberi<\/strong>\u00a0della spiaggia offrono un\u2019ombra naturale. A causa della sua vicinanza alla citt\u00e0 di Paros costituicse la meta ideale per un tuffo veloce. E\u2019una spiaggia bella che attrae chi non vuole allontanarsi dal suo alloggio. Dispone di sedie a sdraio, ombrelloni, trattorie e bar in riva al mare. Potete ancora praticare degli sport acquatici.<\/p>\n<p><strong>L&#8217;accesso\u00a0<\/strong>alla spiaggia si effettua in autobus, taxi, macchina o moto, ma se alloggiate l\u00ec vicino potete andare a piedi. Al capoluogo di Paros ci sono molti alberghi e camere in affitto cos\u00ec non avrete nessuna difficolt\u00e0 di trovare qualche posto.<\/p>\n","protected":false},"excerpt":{"rendered":"<p>A nord di Parikia, nelle zona Livadia, si trova\u00a0una spiaggia molto\u00a0organizzata con acque pulitissime. Livadia si trova alla citt\u00e0 di Paros circa 1Km dal porto. Si tratta di\u00a0una spiaggia grande e sabbiosa\u00a0con acque molto pulite. Inoltre\u00a0gli alberi\u00a0della spiaggia offrono un\u2019ombra naturale. A causa della sua vicinanza alla citt\u00e0 di Paros costituicse la meta ideale per un tuffo veloce. E\u2019una spiaggia bella che attrae chi non vuole allontanarsi dal suo alloggio. Dispone di sedie a sdraio, ombrelloni, trattorie e bar in riva al mare. Potete ancora praticare degli sport acquatici. L&#8217;accesso\u00a0alla spiaggia si effettua in autobus, taxi, macchina o moto, ma se alloggiate l\u00ec vicino potete andare a piedi. Al capoluogo [&hellip;]<\/p>\n","protected":false},"author":1,"featured_media":0,"parent":1026,"menu_order":0,"comment_status":"closed","ping_status":"closed","template":"page-templates\/attraction.php","meta":{"footnotes":""},"class_list":["post-1028","page","type-page","status-publish","hentry"],"yoast_head":"<!-- This site is optimized with the Yoast SEO plugin v27.1.1 - https:\/\/yoast.com\/product\/yoast-seo-wordpress\/ -->\n<title>Livadia-Noleggio auto e moto a Paros Grecia \u2013 Paros Autonoleggio<\/title>\n<meta name=\"description\" content=\"Livadia-Noleggio auto, quad, buggy, atv, scooter, moto e bici a Paros Grecia. Autonoleggio Paros Grecia - ParosEuropeanRent\" \/>\n<meta name=\"robots\" content=\"index, follow, max-snippet:-1, max-image-preview:large, max-video-preview:-1\" \/>\n<link rel=\"canonical\" href=\"https:\/\/parosrentcar.com\/it\/paros-spiagge\/livadia\/\" \/>\n<meta property=\"og:locale\" content=\"it_IT\" \/>\n<meta property=\"og:type\" content=\"article\" \/>\n<meta property=\"og:title\" content=\"Livadia-Noleggio auto e moto a Paros Grecia \u2013 Paros Autonoleggio\" \/>\n<meta property=\"og:description\" content=\"Livadia-Noleggio auto, quad, buggy, atv, scooter, moto e bici a Paros Grecia. Autonoleggio Paros Grecia - ParosEuropeanRent\" \/>\n<meta property=\"og:url\" content=\"https:\/\/parosrentcar.com\/it\/paros-spiagge\/livadia\/\" \/>\n<meta property=\"og:site_name\" content=\"Noleggio auto e moto a Paros Grecia \u2013 Paros Autonoleggio\" \/>\n<meta property=\"article:publisher\" content=\"https:\/\/www.facebook.com\/paroscarrental\" \/>\n<meta property=\"article:modified_time\" content=\"2015-02-17T06:32:09+00:00\" \/>\n<meta name=\"twitter:card\" content=\"summary_large_image\" \/>\n<meta name=\"twitter:site\" content=\"@parosrentcar\" \/>\n<meta name=\"twitter:label1\" content=\"Tempo di lettura stimato\" \/>\n\t<meta name=\"twitter:data1\" content=\"1 minuto\" \/>\n<script type=\"application\/ld+json\" class=\"yoast-schema-graph\">{\"@context\":\"https:\/\/schema.org\",\"@graph\":[{\"@type\":\"WebPage\",\"@id\":\"https:\/\/parosrentcar.com\/it\/paros-spiagge\/livadia\/\",\"url\":\"https:\/\/parosrentcar.com\/it\/paros-spiagge\/livadia\/\",\"name\":\"Livadia-Noleggio auto e moto a Paros Grecia \u2013 Paros Autonoleggio\",\"isPartOf\":{\"@id\":\"https:\/\/parosrentcar.com\/it\/#website\"},\"datePublished\":\"2014-11-24T09:16:43+00:00\",\"dateModified\":\"2015-02-17T06:32:09+00:00\",\"description\":\"Livadia-Noleggio auto, quad, buggy, atv, scooter, moto e bici a Paros Grecia. Autonoleggio Paros Grecia - ParosEuropeanRent\",\"breadcrumb\":{\"@id\":\"https:\/\/parosrentcar.com\/it\/paros-spiagge\/livadia\/#breadcrumb\"},\"inLanguage\":\"it-IT\",\"potentialAction\":[{\"@type\":\"ReadAction\",\"target\":[\"https:\/\/parosrentcar.com\/it\/paros-spiagge\/livadia\/\"]}]},{\"@type\":\"BreadcrumbList\",\"@id\":\"https:\/\/parosrentcar.com\/it\/paros-spiagge\/livadia\/#breadcrumb\",\"itemListElement\":[{\"@type\":\"ListItem\",\"position\":1,\"name\":\"Home\",\"item\":\"https:\/\/parosrentcar.com\/it\/\"},{\"@type\":\"ListItem\",\"position\":2,\"name\":\"Spiagge di Paros\",\"item\":\"https:\/\/parosrentcar.com\/it\/paros-spiagge\/\"},{\"@type\":\"ListItem\",\"position\":3,\"name\":\"Livadia\"}]},{\"@type\":\"WebSite\",\"@id\":\"https:\/\/parosrentcar.com\/it\/#website\",\"url\":\"https:\/\/parosrentcar.com\/it\/\",\"name\":\"Noleggio auto e moto a Paros Grecia \u2013 Paros Autonoleggio\",\"description\":\"Noleggio auto, quad, buggy, atv, scooter, moto e bici a Paros Grecia. Grandi offerte su noleggio auto a Paros. Autonoleggio Paros Grecia\",\"potentialAction\":[{\"@type\":\"SearchAction\",\"target\":{\"@type\":\"EntryPoint\",\"urlTemplate\":\"https:\/\/parosrentcar.com\/it\/?s={search_term_string}\"},\"query-input\":{\"@type\":\"PropertyValueSpecification\",\"valueRequired\":true,\"valueName\":\"search_term_string\"}}],\"inLanguage\":\"it-IT\"}]}<\/script>\n<!-- \/ Yoast SEO plugin. -->","yoast_head_json":{"title":"Livadia-Noleggio auto e moto a Paros Grecia \u2013 Paros Autonoleggio","description":"Livadia-Noleggio auto, quad, buggy, atv, scooter, moto e bici a Paros Grecia. Autonoleggio Paros Grecia - ParosEuropeanRent","robots":{"index":"index","follow":"follow","max-snippet":"max-snippet:-1","max-image-preview":"max-image-preview:large","max-video-preview":"max-video-preview:-1"},"canonical":"https:\/\/parosrentcar.com\/it\/paros-spiagge\/livadia\/","og_locale":"it_IT","og_type":"article","og_title":"Livadia-Noleggio auto e moto a Paros Grecia \u2013 Paros Autonoleggio","og_description":"Livadia-Noleggio auto, quad, buggy, atv, scooter, moto e bici a Paros Grecia. Autonoleggio Paros Grecia - ParosEuropeanRent","og_url":"https:\/\/parosrentcar.com\/it\/paros-spiagge\/livadia\/","og_site_name":"Noleggio auto e moto a Paros Grecia \u2013 Paros Autonoleggio","article_publisher":"https:\/\/www.facebook.com\/paroscarrental","article_modified_time":"2015-02-17T06:32:09+00:00","twitter_card":"summary_large_image","twitter_site":"@parosrentcar","twitter_misc":{"Tempo di lettura stimato":"1 minuto"},"schema":{"@context":"https:\/\/schema.org","@graph":[{"@type":"WebPage","@id":"https:\/\/parosrentcar.com\/it\/paros-spiagge\/livadia\/","url":"https:\/\/parosrentcar.com\/it\/paros-spiagge\/livadia\/","name":"Livadia-Noleggio auto e moto a Paros Grecia \u2013 Paros Autonoleggio","isPartOf":{"@id":"https:\/\/parosrentcar.com\/it\/#website"},"datePublished":"2014-11-24T09:16:43+00:00","dateModified":"2015-02-17T06:32:09+00:00","description":"Livadia-Noleggio auto, quad, buggy, atv, scooter, moto e bici a Paros Grecia. Autonoleggio Paros Grecia - ParosEuropeanRent","breadcrumb":{"@id":"https:\/\/parosrentcar.com\/it\/paros-spiagge\/livadia\/#breadcrumb"},"inLanguage":"it-IT","potentialAction":[{"@type":"ReadAction","target":["https:\/\/parosrentcar.com\/it\/paros-spiagge\/livadia\/"]}]},{"@type":"BreadcrumbList","@id":"https:\/\/parosrentcar.com\/it\/paros-spiagge\/livadia\/#breadcrumb","itemListElement":[{"@type":"ListItem","position":1,"name":"Home","item":"https:\/\/parosrentcar.com\/it\/"},{"@type":"ListItem","position":2,"name":"Spiagge di Paros","item":"https:\/\/parosrentcar.com\/it\/paros-spiagge\/"},{"@type":"ListItem","position":3,"name":"Livadia"}]},{"@type":"WebSite","@id":"https:\/\/parosrentcar.com\/it\/#website","url":"https:\/\/parosrentcar.com\/it\/","name":"Noleggio auto e moto a Paros Grecia \u2013 Paros Autonoleggio","description":"Noleggio auto, quad, buggy, atv, scooter, moto e bici a Paros Grecia. Grandi offerte su noleggio auto a Paros. Autonoleggio Paros Grecia","potentialAction":[{"@type":"SearchAction","target":{"@type":"EntryPoint","urlTemplate":"https:\/\/parosrentcar.com\/it\/?s={search_term_string}"},"query-input":{"@type":"PropertyValueSpecification","valueRequired":true,"valueName":"search_term_string"}}],"inLanguage":"it-IT"}]}},"_links":{"self":[{"href":"https:\/\/parosrentcar.com\/it\/wp-json\/wp\/v2\/pages\/1028","targetHints":{"allow":["GET"]}}],"collection":[{"href":"https:\/\/parosrentcar.com\/it\/wp-json\/wp\/v2\/pages"}],"about":[{"href":"https:\/\/parosrentcar.com\/it\/wp-json\/wp\/v2\/types\/page"}],"author":[{"embeddable":true,"href":"https:\/\/parosrentcar.com\/it\/wp-json\/wp\/v2\/users\/1"}],"replies":[{"embeddable":true,"href":"https:\/\/parosrentcar.com\/it\/wp-json\/wp\/v2\/comments?post=1028"}],"version-history":[{"count":1,"href":"https:\/\/parosrentcar.com\/it\/wp-json\/wp\/v2\/pages\/1028\/revisions"}],"predecessor-version":[{"id":1569,"href":"https:\/\/parosrentcar.com\/it\/wp-json\/wp\/v2\/pages\/1028\/revisions\/1569"}],"up":[{"embeddable":true,"href":"https:\/\/parosrentcar.com\/it\/wp-json\/wp\/v2\/pages\/1026"}],"wp:attachment":[{"href":"https:\/\/parosrentcar.com\/it\/wp-json\/wp\/v2\/media?parent=1028"}],"curies":[{"name":"wp","href":"https:\/\/api.w.org\/{rel}","templated":true}]}}