{"id":863,"date":"2014-11-15T13:50:55","date_gmt":"2014-11-15T13:50:55","guid":{"rendered":"http:\/\/parosrentcar.com\/el\/?page_id=863"},"modified":"2014-12-19T16:09:30","modified_gmt":"2014-12-19T16:09:30","slug":"moyens-de-paiement-annulation-reservation","status":"publish","type":"page","link":"https:\/\/parosrentcar.com\/fr\/notre-societe\/moyens-de-paiement-annulation-reservation\/","title":{"rendered":"Moyens de paiement \u2013 annulation de r\u00e9servation"},"content":{"rendered":"<p><strong>MOYENS DE PAIEMENT\u00a0:<\/strong><br \/>\nPour la finalisation de votre r\u00e9servation, toutes les informations de r\u00e9servation et le montant total de la location vous sont envoy\u00e9s par email et il vous sera demand\u00e9 de payer un acompte \u00e9quivalent aux deux premiers jours de location. ParosEuropeanRent accepte les moyens de paiements suivants\u00a0:<\/p>\n<ul>\n<li>Visa, MasterCard, Amex<\/li>\n<li>Virement bancaire<\/li>\n<\/ul>\n<p><strong>\u00a0ANNULATION DE RESERVATION:<\/strong><br \/>\nRemboursement de tout le montant si vous annulez votre r\u00e9servation une semaine avant le d\u00e9but de celle-ci. Si vous l\u2019annulez de 48h \u00a0\u00e0 une semaine du d\u00e9but de la location,\u00a0 le montant de 50% de l\u2019acompte sera gard\u00e9. Si vous annulez \u00e0 moins de 48h 100% de l\u2019acompte sera gard\u00e9, ind\u00e9pendamment de la date de r\u00e9servation.<\/p>\n<p><strong>NON- PRESENTATION \/ RETARD DE RECEPTION \u2013 RETOUR ANTICIPE:<\/strong><br \/>\nDans le cas de non-pr\u00e9sentation du client, de retard de r\u00e9ception ou de retour anticip\u00e9 de la voiture, le co\u00fbt\u00a0 total de la location sera factur\u00e9.<\/p>\n","protected":false},"excerpt":{"rendered":"<p>MOYENS DE PAIEMENT\u00a0: Pour la finalisation de votre r\u00e9servation, toutes les informations de r\u00e9servation et le montant total de la location vous sont envoy\u00e9s par email et il vous sera demand\u00e9 de payer un acompte \u00e9quivalent aux deux premiers jours de location. ParosEuropeanRent accepte les moyens de paiements suivants\u00a0: Visa, MasterCard, Amex Virement bancaire \u00a0ANNULATION DE RESERVATION: Remboursement de tout le montant si vous annulez votre r\u00e9servation une semaine avant le d\u00e9but de celle-ci. Si vous l\u2019annulez de 48h \u00a0\u00e0 une semaine du d\u00e9but de la location,\u00a0 le montant de 50% de l\u2019acompte sera gard\u00e9. Si vous annulez \u00e0 moins de 48h 100% de l\u2019acompte sera gard\u00e9, ind\u00e9pendamment de la [&hellip;]<\/p>\n","protected":false},"author":1,"featured_media":0,"parent":1267,"menu_order":0,"comment_status":"closed","ping_status":"closed","template":"page-templates\/contact.php","meta":{"footnotes":""},"class_list":["post-863","page","type-page","status-publish","hentry"],"yoast_head":"<!-- This site is optimized with the Yoast SEO plugin v27.1.1 - https:\/\/yoast.com\/product\/yoast-seo-wordpress\/ -->\n<title>Moyens de paiement \u2013 annulation de r\u00e9servation -Location de voitures \u00e0 Paros Gr\u00e8ce<\/title>\n<meta name=\"description\" content=\"Moyens de paiement \u2013 annulation de r\u00e9servation -Location de voitures \u00e0 prix comp\u00e9titifs, offres sp\u00e9ciales et r\u00e9ductions sur les locations auto \u00e0 Paros Gr\u00e8ce\" \/>\n<meta name=\"robots\" content=\"index, follow, max-snippet:-1, max-image-preview:large, max-video-preview:-1\" \/>\n<link rel=\"canonical\" href=\"https:\/\/parosrentcar.com\/fr\/notre-societe\/moyens-de-paiement-annulation-reservation\/\" \/>\n<meta property=\"og:locale\" content=\"fr_FR\" \/>\n<meta property=\"og:type\" content=\"article\" \/>\n<meta property=\"og:title\" content=\"Moyens de paiement \u2013 annulation de r\u00e9servation -Location de voitures \u00e0 Paros Gr\u00e8ce\" \/>\n<meta property=\"og:description\" content=\"Moyens de paiement \u2013 annulation de r\u00e9servation -Location de voitures \u00e0 prix comp\u00e9titifs, offres sp\u00e9ciales et r\u00e9ductions sur les locations auto \u00e0 Paros Gr\u00e8ce\" \/>\n<meta property=\"og:url\" content=\"https:\/\/parosrentcar.com\/fr\/notre-societe\/moyens-de-paiement-annulation-reservation\/\" \/>\n<meta property=\"og:site_name\" content=\"Location de voitures \u00e0 Paros Gr\u00e8ce - ParosEuropeanRent\" \/>\n<meta property=\"article:publisher\" content=\"https:\/\/www.facebook.com\/paroscarrental\" \/>\n<meta property=\"article:modified_time\" content=\"2014-12-19T16:09:30+00:00\" \/>\n<meta name=\"twitter:label1\" content=\"Dur\u00e9e de lecture estim\u00e9e\" \/>\n\t<meta name=\"twitter:data1\" content=\"1 minute\" \/>\n<script type=\"application\/ld+json\" class=\"yoast-schema-graph\">{\"@context\":\"https:\/\/schema.org\",\"@graph\":[{\"@type\":\"WebPage\",\"@id\":\"https:\/\/parosrentcar.com\/fr\/notre-societe\/moyens-de-paiement-annulation-reservation\/\",\"url\":\"https:\/\/parosrentcar.com\/fr\/notre-societe\/moyens-de-paiement-annulation-reservation\/\",\"name\":\"Moyens de paiement \u2013 annulation de r\u00e9servation -Location de voitures \u00e0 Paros Gr\u00e8ce\",\"isPartOf\":{\"@id\":\"https:\/\/parosrentcar.com\/fr\/#website\"},\"datePublished\":\"2014-11-15T13:50:55+00:00\",\"dateModified\":\"2014-12-19T16:09:30+00:00\",\"description\":\"Moyens de paiement \u2013 annulation de r\u00e9servation -Location de voitures \u00e0 prix comp\u00e9titifs, offres sp\u00e9ciales et r\u00e9ductions sur les locations auto \u00e0 Paros Gr\u00e8ce\",\"breadcrumb\":{\"@id\":\"https:\/\/parosrentcar.com\/fr\/notre-societe\/moyens-de-paiement-annulation-reservation\/#breadcrumb\"},\"inLanguage\":\"fr-FR\",\"potentialAction\":[{\"@type\":\"ReadAction\",\"target\":[\"https:\/\/parosrentcar.com\/fr\/notre-societe\/moyens-de-paiement-annulation-reservation\/\"]}]},{\"@type\":\"BreadcrumbList\",\"@id\":\"https:\/\/parosrentcar.com\/fr\/notre-societe\/moyens-de-paiement-annulation-reservation\/#breadcrumb\",\"itemListElement\":[{\"@type\":\"ListItem\",\"position\":1,\"name\":\"Home\",\"item\":\"https:\/\/parosrentcar.com\/fr\/\"},{\"@type\":\"ListItem\",\"position\":2,\"name\":\"NOTRE SOCIETE\",\"item\":\"https:\/\/parosrentcar.com\/fr\/notre-societe\/\"},{\"@type\":\"ListItem\",\"position\":3,\"name\":\"Moyens de paiement \u2013 annulation de r\u00e9servation\"}]},{\"@type\":\"WebSite\",\"@id\":\"https:\/\/parosrentcar.com\/fr\/#website\",\"url\":\"https:\/\/parosrentcar.com\/fr\/\",\"name\":\"Location de voitures \u00e0 Paros Gr\u00e8ce - ParosEuropeanRent\",\"description\":\"Location de voiture, buggy, quad, atv, scooter, moto et v\u00e9lo \u00e0 Paros\",\"potentialAction\":[{\"@type\":\"SearchAction\",\"target\":{\"@type\":\"EntryPoint\",\"urlTemplate\":\"https:\/\/parosrentcar.com\/fr\/?s={search_term_string}\"},\"query-input\":{\"@type\":\"PropertyValueSpecification\",\"valueRequired\":true,\"valueName\":\"search_term_string\"}}],\"inLanguage\":\"fr-FR\"}]}<\/script>\n<!-- \/ Yoast SEO plugin. -->","yoast_head_json":{"title":"Moyens de paiement \u2013 annulation de r\u00e9servation -Location de voitures \u00e0 Paros Gr\u00e8ce","description":"Moyens de paiement \u2013 annulation de r\u00e9servation -Location de voitures \u00e0 prix comp\u00e9titifs, offres sp\u00e9ciales et r\u00e9ductions sur les locations auto \u00e0 Paros Gr\u00e8ce","robots":{"index":"index","follow":"follow","max-snippet":"max-snippet:-1","max-image-preview":"max-image-preview:large","max-video-preview":"max-video-preview:-1"},"canonical":"https:\/\/parosrentcar.com\/fr\/notre-societe\/moyens-de-paiement-annulation-reservation\/","og_locale":"fr_FR","og_type":"article","og_title":"Moyens de paiement \u2013 annulation de r\u00e9servation -Location de voitures \u00e0 Paros Gr\u00e8ce","og_description":"Moyens de paiement \u2013 annulation de r\u00e9servation -Location de voitures \u00e0 prix comp\u00e9titifs, offres sp\u00e9ciales et r\u00e9ductions sur les locations auto \u00e0 Paros Gr\u00e8ce","og_url":"https:\/\/parosrentcar.com\/fr\/notre-societe\/moyens-de-paiement-annulation-reservation\/","og_site_name":"Location de voitures \u00e0 Paros Gr\u00e8ce - ParosEuropeanRent","article_publisher":"https:\/\/www.facebook.com\/paroscarrental","article_modified_time":"2014-12-19T16:09:30+00:00","twitter_misc":{"Dur\u00e9e de lecture estim\u00e9e":"1 minute"},"schema":{"@context":"https:\/\/schema.org","@graph":[{"@type":"WebPage","@id":"https:\/\/parosrentcar.com\/fr\/notre-societe\/moyens-de-paiement-annulation-reservation\/","url":"https:\/\/parosrentcar.com\/fr\/notre-societe\/moyens-de-paiement-annulation-reservation\/","name":"Moyens de paiement \u2013 annulation de r\u00e9servation -Location de voitures \u00e0 Paros Gr\u00e8ce","isPartOf":{"@id":"https:\/\/parosrentcar.com\/fr\/#website"},"datePublished":"2014-11-15T13:50:55+00:00","dateModified":"2014-12-19T16:09:30+00:00","description":"Moyens de paiement \u2013 annulation de r\u00e9servation -Location de voitures \u00e0 prix comp\u00e9titifs, offres sp\u00e9ciales et r\u00e9ductions sur les locations auto \u00e0 Paros Gr\u00e8ce","breadcrumb":{"@id":"https:\/\/parosrentcar.com\/fr\/notre-societe\/moyens-de-paiement-annulation-reservation\/#breadcrumb"},"inLanguage":"fr-FR","potentialAction":[{"@type":"ReadAction","target":["https:\/\/parosrentcar.com\/fr\/notre-societe\/moyens-de-paiement-annulation-reservation\/"]}]},{"@type":"BreadcrumbList","@id":"https:\/\/parosrentcar.com\/fr\/notre-societe\/moyens-de-paiement-annulation-reservation\/#breadcrumb","itemListElement":[{"@type":"ListItem","position":1,"name":"Home","item":"https:\/\/parosrentcar.com\/fr\/"},{"@type":"ListItem","position":2,"name":"NOTRE SOCIETE","item":"https:\/\/parosrentcar.com\/fr\/notre-societe\/"},{"@type":"ListItem","position":3,"name":"Moyens de paiement \u2013 annulation de r\u00e9servation"}]},{"@type":"WebSite","@id":"https:\/\/parosrentcar.com\/fr\/#website","url":"https:\/\/parosrentcar.com\/fr\/","name":"Location de voitures \u00e0 Paros Gr\u00e8ce - ParosEuropeanRent","description":"Location de voiture, buggy, quad, atv, scooter, moto et v\u00e9lo \u00e0 Paros","potentialAction":[{"@type":"SearchAction","target":{"@type":"EntryPoint","urlTemplate":"https:\/\/parosrentcar.com\/fr\/?s={search_term_string}"},"query-input":{"@type":"PropertyValueSpecification","valueRequired":true,"valueName":"search_term_string"}}],"inLanguage":"fr-FR"}]}},"_links":{"self":[{"href":"https:\/\/parosrentcar.com\/fr\/wp-json\/wp\/v2\/pages\/863","targetHints":{"allow":["GET"]}}],"collection":[{"href":"https:\/\/parosrentcar.com\/fr\/wp-json\/wp\/v2\/pages"}],"about":[{"href":"https:\/\/parosrentcar.com\/fr\/wp-json\/wp\/v2\/types\/page"}],"author":[{"embeddable":true,"href":"https:\/\/parosrentcar.com\/fr\/wp-json\/wp\/v2\/users\/1"}],"replies":[{"embeddable":true,"href":"https:\/\/parosrentcar.com\/fr\/wp-json\/wp\/v2\/comments?post=863"}],"version-history":[{"count":3,"href":"https:\/\/parosrentcar.com\/fr\/wp-json\/wp\/v2\/pages\/863\/revisions"}],"predecessor-version":[{"id":1596,"href":"https:\/\/parosrentcar.com\/fr\/wp-json\/wp\/v2\/pages\/863\/revisions\/1596"}],"up":[{"embeddable":true,"href":"https:\/\/parosrentcar.com\/fr\/wp-json\/wp\/v2\/pages\/1267"}],"wp:attachment":[{"href":"https:\/\/parosrentcar.com\/fr\/wp-json\/wp\/v2\/media?parent=863"}],"curies":[{"name":"wp","href":"https:\/\/api.w.org\/{rel}","templated":true}]}}