{"id":7,"date":"2014-11-07T13:37:32","date_gmt":"2014-11-07T13:37:32","guid":{"rendered":"http:\/\/parosrentcar.com\/el\/?page_id=7"},"modified":"2025-05-04T04:12:08","modified_gmt":"2025-05-04T04:12:08","slug":"location-de-voitures-a-paros","status":"publish","type":"page","link":"https:\/\/parosrentcar.com\/fr\/location-de-voitures-a-paros\/","title":{"rendered":"Location de voiture \u00e0 Paros"},"content":{"rendered":"<p>Notre soci\u00e9t\u00e9 de location de voitures <strong>ParosEuropeanRent<\/strong> \u00e0 Paros vous garantit <strong>Qualit\u00e9<\/strong>, <strong>S\u00e9curit\u00e9<\/strong> avec une flotte de voitures r\u00e9centes et bien entretenues aux <strong>meilleurs prix<\/strong> de Paros. Nous proposons une <strong>large gamme de voitures<\/strong> r\u00e9pondant ainsi \u00e0 tous les\u00a0go\u00fbts et besoins.<\/p>\n<p><strong>La livraison et le retour<\/strong> des voitures lou\u00e9es se fait <strong>gratuitement<\/strong> au port de Paros, \u00e0 l\u2019a\u00e9roport de Paros ou \u00e0 votre h\u00f4tel. Pour les <strong>r\u00e9servations en ligne<\/strong>: s\u00e9lectionnez la voiture qui vous int\u00e9resse et compl\u00e9tez le formulaire en ligne avec vos coordonn\u00e9es. Notre soci\u00e9t\u00e9 vous offre la possibilit\u00e9 de <strong>louer une voiture avec chauffeur<\/strong> \u00e0 Paros.<\/p>\n<p><strong>Des tarifs \u00e9conomiques, sans frais cach\u00e9s. Nos prix comprennent<\/strong>: la TVA de 24% &#8211; le kilom\u00e9trage illimit\u00e9 &#8211; l\u2019assurance responsabilit\u00e9 civile vis-\u00e0-vis de tiers \u00a0&#8211; Livraison gratuite au port, \u00e0 l\u2019a\u00e9roport et \u00a0\u00e0 l&rsquo;h\u00f4tel- Si\u00e8ges auto gratuits pour enfants.<\/p>\n","protected":false},"excerpt":{"rendered":"<p><b>Grand choix de voitures:<\/b><br \/>\n&#8211; Voitures \u00e9conomiques (Groupe A, B, C)<br \/>\n&#8211; Voitures automatiques  (Groupe D)<br \/>\n&#8211; Jeeps (Groupe E)<br \/>\n&#8211; Voitures 7 places   (Groupe F)<br \/>\n&#8211; Voitures de luxe (Groupe G, S)<br \/>\n&#8211; <a href=\"\/fr\/services\/livraison-gratuite-de-voiture\/\">Livraison gratuite<\/a><br \/>\n&#8211; <a href=\"\/fr\/services\/location-de-voiture-avec-chauffeur\/\"title=\"Location de voiture avec chauffeur\">Location de voiture avec chauffeur<\/a><\/p>\n","protected":false},"author":1,"featured_media":0,"parent":0,"menu_order":0,"comment_status":"closed","ping_status":"closed","template":"page-templates\/rooms.php","meta":{"footnotes":""},"class_list":["post-7","page","type-page","status-publish","hentry"],"yoast_head":"<!-- This site is optimized with the Yoast SEO plugin v27.1.1 - https:\/\/yoast.com\/product\/yoast-seo-wordpress\/ -->\n<title>Location de voiture \u00e0 Paros Gr\u00e8ce<\/title>\n<meta name=\"description\" content=\"Location de voitures \u00e0 prix comp\u00e9titifs, offres sp\u00e9ciales et r\u00e9ductions sur les locations auto \u00e0 Paros Gr\u00e8ce\" \/>\n<meta name=\"robots\" content=\"index, follow, max-snippet:-1, max-image-preview:large, max-video-preview:-1\" \/>\n<link rel=\"canonical\" href=\"https:\/\/parosrentcar.com\/fr\/location-de-voitures-a-paros\/\" \/>\n<meta property=\"og:locale\" content=\"fr_FR\" \/>\n<meta property=\"og:type\" content=\"article\" \/>\n<meta property=\"og:title\" content=\"Location de voiture \u00e0 Paros Gr\u00e8ce\" \/>\n<meta property=\"og:description\" content=\"Location de voitures \u00e0 prix comp\u00e9titifs, offres sp\u00e9ciales et r\u00e9ductions sur les locations auto \u00e0 Paros Gr\u00e8ce\" \/>\n<meta property=\"og:url\" content=\"https:\/\/parosrentcar.com\/fr\/location-de-voitures-a-paros\/\" \/>\n<meta property=\"og:site_name\" content=\"Location de voitures \u00e0 Paros Gr\u00e8ce - ParosEuropeanRent\" \/>\n<meta property=\"article:publisher\" content=\"https:\/\/www.facebook.com\/paroscarrental\" \/>\n<meta property=\"article:modified_time\" content=\"2025-05-04T04:12:08+00:00\" \/>\n<meta name=\"twitter:label1\" content=\"Dur\u00e9e de lecture estim\u00e9e\" \/>\n\t<meta name=\"twitter:data1\" content=\"1 minute\" \/>\n<script type=\"application\/ld+json\" class=\"yoast-schema-graph\">{\"@context\":\"https:\/\/schema.org\",\"@graph\":[{\"@type\":\"WebPage\",\"@id\":\"https:\/\/parosrentcar.com\/fr\/location-de-voitures-a-paros\/\",\"url\":\"https:\/\/parosrentcar.com\/fr\/location-de-voitures-a-paros\/\",\"name\":\"Location de voiture \u00e0 Paros Gr\u00e8ce\",\"isPartOf\":{\"@id\":\"https:\/\/parosrentcar.com\/fr\/#website\"},\"datePublished\":\"2014-11-07T13:37:32+00:00\",\"dateModified\":\"2025-05-04T04:12:08+00:00\",\"description\":\"Location de voitures \u00e0 prix comp\u00e9titifs, offres sp\u00e9ciales et r\u00e9ductions sur les locations auto \u00e0 Paros Gr\u00e8ce\",\"breadcrumb\":{\"@id\":\"https:\/\/parosrentcar.com\/fr\/location-de-voitures-a-paros\/#breadcrumb\"},\"inLanguage\":\"fr-FR\",\"potentialAction\":[{\"@type\":\"ReadAction\",\"target\":[\"https:\/\/parosrentcar.com\/fr\/location-de-voitures-a-paros\/\"]}]},{\"@type\":\"BreadcrumbList\",\"@id\":\"https:\/\/parosrentcar.com\/fr\/location-de-voitures-a-paros\/#breadcrumb\",\"itemListElement\":[{\"@type\":\"ListItem\",\"position\":1,\"name\":\"Home\",\"item\":\"https:\/\/parosrentcar.com\/fr\/\"},{\"@type\":\"ListItem\",\"position\":2,\"name\":\"Location de voiture \u00e0 Paros\"}]},{\"@type\":\"WebSite\",\"@id\":\"https:\/\/parosrentcar.com\/fr\/#website\",\"url\":\"https:\/\/parosrentcar.com\/fr\/\",\"name\":\"Location de voitures \u00e0 Paros Gr\u00e8ce - ParosEuropeanRent\",\"description\":\"Location de voiture, buggy, quad, atv, scooter, moto et v\u00e9lo \u00e0 Paros\",\"potentialAction\":[{\"@type\":\"SearchAction\",\"target\":{\"@type\":\"EntryPoint\",\"urlTemplate\":\"https:\/\/parosrentcar.com\/fr\/?s={search_term_string}\"},\"query-input\":{\"@type\":\"PropertyValueSpecification\",\"valueRequired\":true,\"valueName\":\"search_term_string\"}}],\"inLanguage\":\"fr-FR\"}]}<\/script>\n<!-- \/ Yoast SEO plugin. -->","yoast_head_json":{"title":"Location de voiture \u00e0 Paros Gr\u00e8ce","description":"Location de voitures \u00e0 prix comp\u00e9titifs, offres sp\u00e9ciales et r\u00e9ductions sur les locations auto \u00e0 Paros Gr\u00e8ce","robots":{"index":"index","follow":"follow","max-snippet":"max-snippet:-1","max-image-preview":"max-image-preview:large","max-video-preview":"max-video-preview:-1"},"canonical":"https:\/\/parosrentcar.com\/fr\/location-de-voitures-a-paros\/","og_locale":"fr_FR","og_type":"article","og_title":"Location de voiture \u00e0 Paros Gr\u00e8ce","og_description":"Location de voitures \u00e0 prix comp\u00e9titifs, offres sp\u00e9ciales et r\u00e9ductions sur les locations auto \u00e0 Paros Gr\u00e8ce","og_url":"https:\/\/parosrentcar.com\/fr\/location-de-voitures-a-paros\/","og_site_name":"Location de voitures \u00e0 Paros Gr\u00e8ce - ParosEuropeanRent","article_publisher":"https:\/\/www.facebook.com\/paroscarrental","article_modified_time":"2025-05-04T04:12:08+00:00","twitter_misc":{"Dur\u00e9e de lecture estim\u00e9e":"1 minute"},"schema":{"@context":"https:\/\/schema.org","@graph":[{"@type":"WebPage","@id":"https:\/\/parosrentcar.com\/fr\/location-de-voitures-a-paros\/","url":"https:\/\/parosrentcar.com\/fr\/location-de-voitures-a-paros\/","name":"Location de voiture \u00e0 Paros Gr\u00e8ce","isPartOf":{"@id":"https:\/\/parosrentcar.com\/fr\/#website"},"datePublished":"2014-11-07T13:37:32+00:00","dateModified":"2025-05-04T04:12:08+00:00","description":"Location de voitures \u00e0 prix comp\u00e9titifs, offres sp\u00e9ciales et r\u00e9ductions sur les locations auto \u00e0 Paros Gr\u00e8ce","breadcrumb":{"@id":"https:\/\/parosrentcar.com\/fr\/location-de-voitures-a-paros\/#breadcrumb"},"inLanguage":"fr-FR","potentialAction":[{"@type":"ReadAction","target":["https:\/\/parosrentcar.com\/fr\/location-de-voitures-a-paros\/"]}]},{"@type":"BreadcrumbList","@id":"https:\/\/parosrentcar.com\/fr\/location-de-voitures-a-paros\/#breadcrumb","itemListElement":[{"@type":"ListItem","position":1,"name":"Home","item":"https:\/\/parosrentcar.com\/fr\/"},{"@type":"ListItem","position":2,"name":"Location de voiture \u00e0 Paros"}]},{"@type":"WebSite","@id":"https:\/\/parosrentcar.com\/fr\/#website","url":"https:\/\/parosrentcar.com\/fr\/","name":"Location de voitures \u00e0 Paros Gr\u00e8ce - ParosEuropeanRent","description":"Location de voiture, buggy, quad, atv, scooter, moto et v\u00e9lo \u00e0 Paros","potentialAction":[{"@type":"SearchAction","target":{"@type":"EntryPoint","urlTemplate":"https:\/\/parosrentcar.com\/fr\/?s={search_term_string}"},"query-input":{"@type":"PropertyValueSpecification","valueRequired":true,"valueName":"search_term_string"}}],"inLanguage":"fr-FR"}]}},"_links":{"self":[{"href":"https:\/\/parosrentcar.com\/fr\/wp-json\/wp\/v2\/pages\/7","targetHints":{"allow":["GET"]}}],"collection":[{"href":"https:\/\/parosrentcar.com\/fr\/wp-json\/wp\/v2\/pages"}],"about":[{"href":"https:\/\/parosrentcar.com\/fr\/wp-json\/wp\/v2\/types\/page"}],"author":[{"embeddable":true,"href":"https:\/\/parosrentcar.com\/fr\/wp-json\/wp\/v2\/users\/1"}],"replies":[{"embeddable":true,"href":"https:\/\/parosrentcar.com\/fr\/wp-json\/wp\/v2\/comments?post=7"}],"version-history":[{"count":16,"href":"https:\/\/parosrentcar.com\/fr\/wp-json\/wp\/v2\/pages\/7\/revisions"}],"predecessor-version":[{"id":1563,"href":"https:\/\/parosrentcar.com\/fr\/wp-json\/wp\/v2\/pages\/7\/revisions\/1563"}],"wp:attachment":[{"href":"https:\/\/parosrentcar.com\/fr\/wp-json\/wp\/v2\/media?parent=7"}],"curies":[{"name":"wp","href":"https:\/\/api.w.org\/{rel}","templated":true}]}}