{"id":547,"date":"2014-11-10T07:08:38","date_gmt":"2014-11-10T07:08:38","guid":{"rendered":"http:\/\/parosrentcar.com\/el\/?page_id=547"},"modified":"2023-01-10T15:02:52","modified_gmt":"2023-01-10T15:02:52","slug":"offres","status":"publish","type":"page","link":"https:\/\/parosrentcar.com\/fr\/offres\/","title":{"rendered":"6 Offres Exclusives"},"content":{"rendered":"<p>Avant de faire une\u00a0 r\u00e9servation, consultez nos offres\u00a0! Peut-\u00eatre qu\u2019une d\u2019entre elles correspond \u00e0 votre demande et <strong>r\u00e9servez \u00e0 un prix encore plus int\u00e9ressant<\/strong>. Pour les deux premi\u00e8res offres, s\u00e9lectionnez le v\u00e9hicule qui vous int\u00e9resse et compl\u00e9tez le formulaire de r\u00e9servation et la r\u00e9duction sera automatiquement comprise dans le prix final. Pour les autres offres, compl\u00e9tez le formulaire qui se trouve apr\u00e8s les promotions.<\/p>\n<p><span style=\"color: #993300;\"><strong>1.\u00a0R\u00e9duction de 15% sur les r\u00e9servations en ligne quelque soit la p\u00e9riode.<\/strong><\/span><\/p>\n<p>L\u2019offre est valable pour les r\u00e9servations en ligne <strong>\u00e0 partir de 8 jours de location<\/strong> pour <strong>tous les types de v\u00e9hicules<\/strong> et <strong>toutes les p\u00e9riodes de l&rsquo;ann\u00e9e<\/strong>. La r\u00e9duction est d\u00e9j\u00e0 comprise dans les prix indiqu\u00e9s. S\u00e9lectionnez le v\u00e9hicule qui vous int\u00e9resse, consultez les prix de notre offre par jour de location et faites votre r\u00e9servation en ligne.<\/p>\n<p><span style=\"color: #993300;\"><strong>2. R\u00e9duction de 10% pour les r\u00e9servations en ligne quelque soit la p\u00e9riode\u00a0 de location.<\/strong><\/span><\/p>\n<p>L\u2019offre est valable pour les r\u00e9servations en ligne <strong>de 3 \u00e0 7 jours<\/strong> pour <strong>tous les types de v\u00e9hicules<\/strong> et <strong>toutes les p\u00e9riodes de l&rsquo;ann\u00e9e<\/strong>. La r\u00e9duction est d\u00e9j\u00e0 comprise dans les prix indiqu\u00e9s. S\u00e9lectionnez le v\u00e9hicule qui vous int\u00e9resse, consultez les prix de notre offre par jour de location et faites votre r\u00e9servation en ligne.<\/p>\n<p><span style=\"color: #993300;\"><strong>3. Offre week-end (3 jours) \u2013 Tarif 60\u20ac<\/strong><\/span><\/p>\n<p><strong>P\u00e9riode de validit\u00e9 de l\u2019offre<\/strong>: Du 01\/11 au 30\/03<br \/>\n<strong>Cat\u00e9gorie de v\u00e9hicules concern\u00e9e<\/strong>: A, B<br \/>\n<strong>Comprend<\/strong>: la TVA de 24%- le kilom\u00e9trage illimit\u00e9- l\u2019assurance responsabilit\u00e9 civile vis-\u00e0-vis de tiers \u00a0&#8211; Livraison gratuite au port, \u00e0 l\u2019a\u00e9roport et \u00e0 l&rsquo;h\u00f4tel &#8211; Si\u00e8ge auto pour enfant gratuit.<br \/>\n<strong>Dur\u00e9e de la location<\/strong>: Week-end du vendredi 12h au lundi 9h.<\/p>\n<p><span style=\"color: #993300;\"><strong>4.\u00a0Offre automnale (7 jours) \u2013 Tarif 105\u20ac<\/strong><\/span><\/p>\n<p><strong>P\u00e9riode de validit\u00e9 de l\u2019offre: <\/strong>Du 01\/11 au 30\/03<br \/>\n<strong>Cat\u00e9gorie de v\u00e9hicules concern\u00e9e: <\/strong>A, B<br \/>\n<strong>Comprend<\/strong><strong>: <\/strong>la TVA de 24%- le kilom\u00e9trage illimit\u00e9- l\u2019assurance responsabilit\u00e9 civile vis-\u00e0-vis de tiers\u00a0 &#8211; Livraison gratuite au port, \u00e0 l\u2019a\u00e9roport et h\u00f4tel- Si\u00e8ge auto pour enfant gratuit.<\/p>\n<p><span style=\"color: #993300;\"><strong>5. Location de voitures pour le prochain week-end\u00a0(3 jours)<\/strong><\/span><\/p>\n<p><strong>P\u00e9riode de validit\u00e9 de l\u2019offre : <\/strong>Du 01\/11 jusqu\u2019au 30\/03<br \/>\n<strong>Cat\u00e9gorie de v\u00e9hicules concern\u00e9e : <\/strong>A, B<br \/>\n<strong>Comprend: <\/strong>la TVA de 24%- le kilom\u00e9trage illimit\u00e9- l\u2019assurance responsabilit\u00e9 civile vis-\u00e0-vis de tiers \u00a0&#8211; Livraison gratuite au port, \u00e0 l\u2019a\u00e9roport et h\u00f4tel- Si\u00e8ge auto pour enfant gratuit.<br \/>\n<strong>Dur\u00e9e de la location: <\/strong>Week-end du vendredi 12h au lundi 9h.<\/p>\n<p><span style=\"color: #993300;\"><strong>6. Offre de derni\u00e8re minute \u2013 R\u00e9duction de 20%<\/strong><\/span><\/p>\n<p><strong>P\u00e9riode de validit\u00e9 de l\u2019offre: <\/strong>Du 01\/1\u00a0 jusqu\u2019au 30\/03<br \/>\n<strong>Cat\u00e9gorie de v\u00e9hicules concern\u00e9e: <\/strong>A, B<br \/>\n<strong>Comprend<\/strong><strong>:<\/strong> la TVA de 24%- le kilom\u00e9trage illimit\u00e9- l\u2019assurance responsabilit\u00e9 civile vis-\u00e0-vis de tiers &#8211; Livraison gratuite au port, \u00e0 l\u2019a\u00e9roport et \u00e0 l&rsquo;h\u00f4tel &#8211; Si\u00e8ge auto pour enfant gratuit &#8211; casque.<br \/>\n<strong>Date de la r\u00e9servation: <\/strong>48h avant le d\u00e9but de la location.<\/p>\n<form method=\"post\" enctype=\"multipart\/form-data\" id=\"vfbp-form-80\" class=\"vfbp-form\"><div style=\"display:none;\"><label for=\"vfbp-EMAIL-AN8fuQyoDLXem\">Si vous \u00eates humain, laissez ce champ vide.<\/label><input size=\"25\" autocomplete=\"off\" type=\"text\" name=\"vfbp-EMAIL-AN8fuQyoDLXem\" value=\"\" id=\"\"><\/div><input type=\"hidden\" name=\"_vfb-timestamp-80\" value=\"1777227906\" id=\"\"><input type=\"hidden\" name=\"_vfb-form-id\" value=\"80\" id=\"\"><div class=\"vfb-form-group vfb-col-12\"><div><h6 class=\"\">6 Offres Exclusives<\/h6><\/div><\/div><div class=\"vfb-col-12 vfb-fieldType-heading\" id=\"vfbField1582\"><\/div><div class=\"vfb-clearfix\"><\/div><div class=\"vfb-col-12 vfb-fieldType-select\" id=\"vfbField1420\"><label for=\"vfb-field-1420\" class=\"vfb-control-label\">S\u00e9lectionnez l\u2019offre <span class=\"vfb-required-asterisk\">*<\/span><\/label><div><div class=\"vfb-form-group\"><select id=\"vfb-field-1420\" class=\"vfb-form-control\" placeholder=\"\" required=\"required\" name=\"vfb-field-1420\"><option value=\"Offre week-end (3 jours) &ndash; Tarif 60&euro;\">Offre week-end (3 jours) \u2013 Tarif 60\u20ac<\/option><option value=\"Offre automnale (7 jours) &ndash; Tarif 105&euro;\">Offre automnale (7 jours) \u2013 Tarif 105\u20ac<\/option><option value=\"Location de voitures pour le prochain week-end (3 jours)\">Location de voitures pour le prochain week-end (3 jours)<\/option><option value=\"Offre de derni&egrave;re minute &ndash; R&eacute;duction de 20%\">Offre de derni\u00e8re minute \u2013 R\u00e9duction de 20%<\/option><\/select><\/div><\/div><\/div><div class=\"vfb-clearfix\"><\/div><div class=\"vfb-col-6 vfb-fieldType-text\" id=\"vfbField1583\"><div class=\"vfb-form-group\"><label for=\"vfb-field-1583\" class=\"vfb-control-label\">Lieu de livraison <span class=\"vfb-required-asterisk\">*<\/span><\/label><div><input id=\"vfb-field-1583\" class=\"vfb-form-control\" placeholder=\"\" required=\"required\" type=\"text\" name=\"vfb-field-1583\" value=\"\"><\/div><\/div><\/div><div class=\"vfb-col-6 vfb-fieldType-text\" id=\"vfbField1423\"><div class=\"vfb-form-group\"><label for=\"vfb-field-1423\" class=\"vfb-control-label\">Lieu de retour <span class=\"vfb-required-asterisk\">*<\/span><\/label><div><input id=\"vfb-field-1423\" class=\"vfb-form-control\" placeholder=\"\" required=\"required\" type=\"text\" name=\"vfb-field-1423\" value=\"\"><\/div><\/div><\/div><div class=\"vfb-clearfix\"><\/div><div class=\"vfb-col-6 vfb-fieldType-date\" id=\"vfbField1424\"><div class=\"vfb-form-group\"><label for=\"vfb-field-1424\" class=\"vfb-control-label\">Jour d\u2019arriv\u00e9e <span class=\"vfb-required-asterisk\">*<\/span><\/label><div><input id=\"vfb-field-1424\" class=\"vfb-form-control\" placeholder=\"\" required=\"required\" data-provide=\"datepicker\" data-date-format=\"dd\/mm\/yy\" data-date-language=\"fr\" data-date-orientation=\"top left\" data-date-autoclose=\"1\" data-date-today-highlight=\"1\" type=\"text\" name=\"vfb-field-1424\" value=\"\"><\/div><\/div><\/div><div class=\"vfb-col-6 vfb-fieldType-date\" id=\"vfbField1425\"><div class=\"vfb-form-group\"><label for=\"vfb-field-1425\" class=\"vfb-control-label\">Jour de d\u00e9part <span class=\"vfb-required-asterisk\">*<\/span><\/label><div><input id=\"vfb-field-1425\" class=\"vfb-form-control\" placeholder=\"\" required=\"required\" data-provide=\"datepicker\" data-date-format=\"dd\/mm\/yy\" data-date-language=\"fr\" data-date-orientation=\"top left\" data-date-autoclose=\"1\" data-date-today-highlight=\"1\" type=\"text\" name=\"vfb-field-1425\" value=\"\"><\/div><\/div><\/div><div class=\"vfb-clearfix\"><\/div><div class=\"vfb-col-6 vfb-fieldType-time\" id=\"vfbField1426\"><div class=\"vfb-form-group\"><label for=\"vfb-field-1426\" class=\"vfb-control-label\">Heure d\u2019arriv\u00e9e <span class=\"vfb-required-asterisk\">*<\/span><\/label><div><input id=\"vfb-field-1426\" class=\"vfb-form-control vfb-clockpicker\" placeholder=\"\" required=\"required\" data-donetext=\"Valider\" data-placement=\"bottom\" data-align=\"left\" data-autoclose=\"1\" type=\"text\" name=\"vfb-field-1426\" value=\"\"><\/div><\/div><\/div><div class=\"vfb-col-6 vfb-fieldType-time\" id=\"vfbField1427\"><div class=\"vfb-form-group\"><label for=\"vfb-field-1427\" class=\"vfb-control-label\">Heure de d\u00e9part <span class=\"vfb-required-asterisk\">*<\/span><\/label><div><input id=\"vfb-field-1427\" class=\"vfb-form-control vfb-clockpicker\" placeholder=\"\" required=\"required\" data-donetext=\"Valider\" data-placement=\"bottom\" data-align=\"left\" data-autoclose=\"1\" type=\"text\" name=\"vfb-field-1427\" value=\"\"><\/div><\/div><\/div><div class=\"vfb-clearfix\"><\/div><div class=\"vfb-form-group vfb-col-12\"><div><h6 class=\"\">Informations personnelles<\/h6><\/div><\/div><div class=\"vfb-col-12 vfb-fieldType-heading\" id=\"vfbField1428\"><\/div><div class=\"vfb-clearfix\"><\/div><div class=\"vfb-col-6 vfb-fieldType-text\" id=\"vfbField1429\"><div class=\"vfb-form-group\"><label for=\"vfb-field-1429\" class=\"vfb-control-label\">Nom et pr\u00e9nom <span class=\"vfb-required-asterisk\">*<\/span><\/label><div><input id=\"vfb-field-1429\" class=\"vfb-form-control\" placeholder=\"\" required=\"required\" type=\"text\" name=\"vfb-field-1429\" value=\"\"><\/div><\/div><\/div><div class=\"vfb-col-6 vfb-fieldType-text\" id=\"vfbField1430\"><div class=\"vfb-form-group\"><label for=\"vfb-field-1430\" class=\"vfb-control-label\">Age du conducteur <span class=\"vfb-required-asterisk\">*<\/span><\/label><div><input id=\"vfb-field-1430\" class=\"vfb-form-control\" placeholder=\"\" required=\"required\" type=\"text\" name=\"vfb-field-1430\" value=\"\"><\/div><\/div><\/div><div class=\"vfb-clearfix\"><\/div><div class=\"vfb-col-6 vfb-fieldType-email\" id=\"vfbField1431\"><div class=\"vfb-form-group\"><label for=\"vfb-field-1431\" class=\"vfb-control-label\">E-mail <span class=\"vfb-required-asterisk\">*<\/span><\/label><div><input id=\"vfb-field-1431\" class=\"vfb-form-control\" placeholder=\"\" required=\"required\" type=\"email\" name=\"vfb-field-1431\" value=\"\"><\/div><\/div><\/div><div class=\"vfb-col-6 vfb-fieldType-phone\" id=\"vfbField1432\"><div class=\"vfb-form-group\"><label for=\"vfb-field-1432\" class=\"vfb-control-label\">T\u00e9l\u00e9phone <span class=\"vfb-required-asterisk\">*<\/span><\/label><div><input id=\"vfb-field-1432\" class=\"vfb-form-control vfb-intl-phone\" placeholder=\"\" required=\"required\" data-default-country=\"fr\" type=\"tel\" name=\"vfb-field-1432\" value=\"\"><\/div><\/div><\/div><div class=\"vfb-clearfix\"><\/div><div class=\"vfb-col-6 vfb-fieldType-text\" id=\"vfbField1433\"><div class=\"vfb-form-group\"><label for=\"vfb-field-1433\" class=\"vfb-control-label\">Pays <span class=\"vfb-required-asterisk\">*<\/span><\/label><div><input id=\"vfb-field-1433\" class=\"vfb-form-control\" placeholder=\"\" required=\"required\" type=\"text\" name=\"vfb-field-1433\" value=\"\"><\/div><\/div><\/div><div class=\"vfb-col-6 vfb-fieldType-text\" id=\"vfbField1434\"><div class=\"vfb-form-group\"><label for=\"vfb-field-1434\" class=\"vfb-control-label\">Ville<\/label><div><input id=\"vfb-field-1434\" class=\"vfb-form-control\" placeholder=\"\" type=\"text\" name=\"vfb-field-1434\" value=\"\"><\/div><\/div><\/div><div class=\"vfb-clearfix\"><\/div><div class=\"vfb-col-12 vfb-fieldType-textarea\" id=\"vfbField1435\"><div class=\"vfb-form-group\"><label for=\"vfb-field-1435\" class=\"vfb-control-label\">Commentaire<\/label><div><textarea id=\"vfb-field-1435\" class=\"vfb-form-control\" placeholder=\"\" rows=\"4\" name=\"vfb-field-1435\" cols=\"50\"><\/textarea><\/div><\/div><\/div><div class=\"vfb-clearfix\"><\/div><div class=\"vfb-col-12 vfb-fieldType-checkbox\" id=\"vfbField1436\"><label for=\"vfb-field-1436\" class=\"vfb-control-label\">Acceptation requise <span class=\"vfb-required-asterisk\">*<\/span><\/label><div><div class=\"vfb-checkbox\"><label><input id=\"vfb-field-1436-0\" class=\"\" placeholder=\"\" data-vfb-multiple=\"vfb-field-1436\" required=\"required\" type=\"checkbox\" name=\"vfb-field-1436[0]\" value=\"1\">Cette formule recueillis votre informations personnelles afin qu\\'on puisse entrer en contact avec vous. Pour plus d\\'informations, consultez notre politique de confidentialit\u00e9.<\/label><\/div><\/div><\/div><div class=\"vfb-clearfix\"><\/div><div class=\"vfb-col-12 vfb-fieldType-captcha\" id=\"vfbField1637\"><div class=\"vfb-form-group\"><label for=\"vfb-field-1637\" class=\"vfb-control-label\">Captcha <span class=\"vfb-required-asterisk\">*<\/span><\/label><div><div class=\"g-recaptcha\" data-sitekey=\"6LfGBhYhAAAAAHFHvz8f_otkJXlVn0b8sWjvF7d1\"><\/div><input type=\"hidden\" name=\"_vfb_recaptcha_enabled\" value=\"1\" id=\"\"><div class=\"vfb-has-error\" id=\"vfb-recaptcha-error\"><span class=\"vfb-help-block\">reCAPTCHA is required.<\/span><\/div><\/div><\/div><\/div><div class=\"vfb-clearfix\"><\/div><div class=\"vfb-col-12 vfb-fieldType-submit\" id=\"vfbField1437\"><button id=\"vfb-field-1437\" class=\" btn btn-primary\" placeholder=\"\" type=\"submit\" name=\"_vfb-submit\">Envoi<\/button><\/div><div class=\"vfb-clearfix\"><\/div><\/form>\n","protected":false},"excerpt":{"rendered":"<p>\u0395\u03c0\u03c9\u03c6\u03b5\u03bb\u03b7\u03b8\u03b5\u03af\u03c4\u03b5 \u03b1\u03c0\u03cc \u03c4\u03b9\u03c2 <b>\u03c0\u03c1\u03bf\u03c3\u03c6\u03bf\u03c1\u03ad\u03c2<\/b> \u03bc\u03b1\u03c2:<br \/>\n&#8211; <b>\u0388\u03ba\u03c0\u03c4\u03c9\u03c3\u03b7 \u03ad\u03c9\u03c2 \u03ba\u03b1\u03b9 15%<\/b> \u03b3\u03b9\u03b1 online \u03ba\u03c1\u03b1\u03c4\u03ae\u03c3\u03b5\u03b9\u03c2.<br \/>\n&#8211; <b>\u03a0\u03c1\u03bf\u03c3\u03c6\u03bf\u03c1\u03ac \u03a3\u03b1\u03b2\u03b2\u03b1\u03c4\u03bf\u03ba\u03cd\u03c1\u03b9\u03b1\u03ba\u03bf 3\u03bc\u03b5\u03c1\u03bf<\/b>: \u03a4\u03b9\u03bc\u03ae: 60\u20ac<br \/>\n&#8211; <b>\u03a6\u03b8\u03b9\u03bd\u03bf\u03c0\u03c9\u03c1\u03b9\u03bd\u03ae \u03a0\u03c1\u03bf\u03c3\u03c6\u03bf\u03c1\u03ac 7\u03bc\u03b5\u03c1\u03bf:<\/b> \u03a4\u03b9\u03bc\u03ae: 105\u20ac<br \/>\n&#8211; <b>\u03a0\u03c1\u03bf\u03c3\u03c6\u03bf\u03c1\u03ac \u03c4\u03b5\u03bb\u03b5\u03c5\u03c4\u03b1\u03af\u03b1\u03c2 \u03c3\u03c4\u03b9\u03b3\u03bc\u03ae\u03c2:<\/b> \u039c\u03b5\u03af\u03bf\u03bd 20%<\/p>\n","protected":false},"author":1,"featured_media":0,"parent":0,"menu_order":0,"comment_status":"closed","ping_status":"closed","template":"","meta":{"footnotes":""},"class_list":["post-547","page","type-page","status-publish","hentry"],"yoast_head":"<!-- This site is optimized with the Yoast SEO plugin v27.1.1 - https:\/\/yoast.com\/product\/yoast-seo-wordpress\/ -->\n<title>Offres sp\u00e9ciales et r\u00e9ductions sur les locations de voitures \u00e0 Paros<\/title>\n<meta name=\"description\" content=\"Promotions sur les locations de voitures \u00e0 Paros. Location auto pas cher \u00e0 Paros. Prix bas - 20% de r\u00e9duction pour les r\u00e9servations en ligne.\" \/>\n<meta name=\"robots\" content=\"index, follow, max-snippet:-1, max-image-preview:large, max-video-preview:-1\" \/>\n<link rel=\"canonical\" href=\"https:\/\/parosrentcar.com\/fr\/offres\/\" \/>\n<meta property=\"og:locale\" content=\"fr_FR\" \/>\n<meta property=\"og:type\" content=\"article\" \/>\n<meta property=\"og:title\" content=\"Offres sp\u00e9ciales et r\u00e9ductions sur les locations de voitures \u00e0 Paros\" \/>\n<meta property=\"og:description\" content=\"Promotions sur les locations de voitures \u00e0 Paros. Location auto pas cher \u00e0 Paros. Prix bas - 20% de r\u00e9duction pour les r\u00e9servations en ligne.\" \/>\n<meta property=\"og:url\" content=\"https:\/\/parosrentcar.com\/fr\/offres\/\" \/>\n<meta property=\"og:site_name\" content=\"Location de voitures \u00e0 Paros Gr\u00e8ce - ParosEuropeanRent\" \/>\n<meta property=\"article:publisher\" content=\"https:\/\/www.facebook.com\/paroscarrental\" \/>\n<meta property=\"article:modified_time\" content=\"2023-01-10T15:02:52+00:00\" \/>\n<meta name=\"twitter:label1\" content=\"Dur\u00e9e de lecture estim\u00e9e\" \/>\n\t<meta name=\"twitter:data1\" content=\"3 minutes\" \/>\n<script type=\"application\/ld+json\" class=\"yoast-schema-graph\">{\"@context\":\"https:\/\/schema.org\",\"@graph\":[{\"@type\":\"WebPage\",\"@id\":\"https:\/\/parosrentcar.com\/fr\/offres\/\",\"url\":\"https:\/\/parosrentcar.com\/fr\/offres\/\",\"name\":\"Offres sp\u00e9ciales et r\u00e9ductions sur les locations de voitures \u00e0 Paros\",\"isPartOf\":{\"@id\":\"https:\/\/parosrentcar.com\/fr\/#website\"},\"datePublished\":\"2014-11-10T07:08:38+00:00\",\"dateModified\":\"2023-01-10T15:02:52+00:00\",\"description\":\"Promotions sur les locations de voitures \u00e0 Paros. Location auto pas cher \u00e0 Paros. Prix bas - 20% de r\u00e9duction pour les r\u00e9servations en ligne.\",\"breadcrumb\":{\"@id\":\"https:\/\/parosrentcar.com\/fr\/offres\/#breadcrumb\"},\"inLanguage\":\"fr-FR\",\"potentialAction\":[{\"@type\":\"ReadAction\",\"target\":[\"https:\/\/parosrentcar.com\/fr\/offres\/\"]}]},{\"@type\":\"BreadcrumbList\",\"@id\":\"https:\/\/parosrentcar.com\/fr\/offres\/#breadcrumb\",\"itemListElement\":[{\"@type\":\"ListItem\",\"position\":1,\"name\":\"Home\",\"item\":\"https:\/\/parosrentcar.com\/fr\/\"},{\"@type\":\"ListItem\",\"position\":2,\"name\":\"6 Offres Exclusives\"}]},{\"@type\":\"WebSite\",\"@id\":\"https:\/\/parosrentcar.com\/fr\/#website\",\"url\":\"https:\/\/parosrentcar.com\/fr\/\",\"name\":\"Location de voitures \u00e0 Paros Gr\u00e8ce - ParosEuropeanRent\",\"description\":\"Location de voiture, buggy, quad, atv, scooter, moto et v\u00e9lo \u00e0 Paros\",\"potentialAction\":[{\"@type\":\"SearchAction\",\"target\":{\"@type\":\"EntryPoint\",\"urlTemplate\":\"https:\/\/parosrentcar.com\/fr\/?s={search_term_string}\"},\"query-input\":{\"@type\":\"PropertyValueSpecification\",\"valueRequired\":true,\"valueName\":\"search_term_string\"}}],\"inLanguage\":\"fr-FR\"}]}<\/script>\n<!-- \/ Yoast SEO plugin. -->","yoast_head_json":{"title":"Offres sp\u00e9ciales et r\u00e9ductions sur les locations de voitures \u00e0 Paros","description":"Promotions sur les locations de voitures \u00e0 Paros. Location auto pas cher \u00e0 Paros. Prix bas - 20% de r\u00e9duction pour les r\u00e9servations en ligne.","robots":{"index":"index","follow":"follow","max-snippet":"max-snippet:-1","max-image-preview":"max-image-preview:large","max-video-preview":"max-video-preview:-1"},"canonical":"https:\/\/parosrentcar.com\/fr\/offres\/","og_locale":"fr_FR","og_type":"article","og_title":"Offres sp\u00e9ciales et r\u00e9ductions sur les locations de voitures \u00e0 Paros","og_description":"Promotions sur les locations de voitures \u00e0 Paros. Location auto pas cher \u00e0 Paros. Prix bas - 20% de r\u00e9duction pour les r\u00e9servations en ligne.","og_url":"https:\/\/parosrentcar.com\/fr\/offres\/","og_site_name":"Location de voitures \u00e0 Paros Gr\u00e8ce - ParosEuropeanRent","article_publisher":"https:\/\/www.facebook.com\/paroscarrental","article_modified_time":"2023-01-10T15:02:52+00:00","twitter_misc":{"Dur\u00e9e de lecture estim\u00e9e":"3 minutes"},"schema":{"@context":"https:\/\/schema.org","@graph":[{"@type":"WebPage","@id":"https:\/\/parosrentcar.com\/fr\/offres\/","url":"https:\/\/parosrentcar.com\/fr\/offres\/","name":"Offres sp\u00e9ciales et r\u00e9ductions sur les locations de voitures \u00e0 Paros","isPartOf":{"@id":"https:\/\/parosrentcar.com\/fr\/#website"},"datePublished":"2014-11-10T07:08:38+00:00","dateModified":"2023-01-10T15:02:52+00:00","description":"Promotions sur les locations de voitures \u00e0 Paros. Location auto pas cher \u00e0 Paros. Prix bas - 20% de r\u00e9duction pour les r\u00e9servations en ligne.","breadcrumb":{"@id":"https:\/\/parosrentcar.com\/fr\/offres\/#breadcrumb"},"inLanguage":"fr-FR","potentialAction":[{"@type":"ReadAction","target":["https:\/\/parosrentcar.com\/fr\/offres\/"]}]},{"@type":"BreadcrumbList","@id":"https:\/\/parosrentcar.com\/fr\/offres\/#breadcrumb","itemListElement":[{"@type":"ListItem","position":1,"name":"Home","item":"https:\/\/parosrentcar.com\/fr\/"},{"@type":"ListItem","position":2,"name":"6 Offres Exclusives"}]},{"@type":"WebSite","@id":"https:\/\/parosrentcar.com\/fr\/#website","url":"https:\/\/parosrentcar.com\/fr\/","name":"Location de voitures \u00e0 Paros Gr\u00e8ce - ParosEuropeanRent","description":"Location de voiture, buggy, quad, atv, scooter, moto et v\u00e9lo \u00e0 Paros","potentialAction":[{"@type":"SearchAction","target":{"@type":"EntryPoint","urlTemplate":"https:\/\/parosrentcar.com\/fr\/?s={search_term_string}"},"query-input":{"@type":"PropertyValueSpecification","valueRequired":true,"valueName":"search_term_string"}}],"inLanguage":"fr-FR"}]}},"_links":{"self":[{"href":"https:\/\/parosrentcar.com\/fr\/wp-json\/wp\/v2\/pages\/547","targetHints":{"allow":["GET"]}}],"collection":[{"href":"https:\/\/parosrentcar.com\/fr\/wp-json\/wp\/v2\/pages"}],"about":[{"href":"https:\/\/parosrentcar.com\/fr\/wp-json\/wp\/v2\/types\/page"}],"author":[{"embeddable":true,"href":"https:\/\/parosrentcar.com\/fr\/wp-json\/wp\/v2\/users\/1"}],"replies":[{"embeddable":true,"href":"https:\/\/parosrentcar.com\/fr\/wp-json\/wp\/v2\/comments?post=547"}],"version-history":[{"count":17,"href":"https:\/\/parosrentcar.com\/fr\/wp-json\/wp\/v2\/pages\/547\/revisions"}],"predecessor-version":[{"id":37976,"href":"https:\/\/parosrentcar.com\/fr\/wp-json\/wp\/v2\/pages\/547\/revisions\/37976"}],"wp:attachment":[{"href":"https:\/\/parosrentcar.com\/fr\/wp-json\/wp\/v2\/media?parent=547"}],"curies":[{"name":"wp","href":"https:\/\/api.w.org\/{rel}","templated":true}]}}