{"id":522,"date":"2014-11-10T05:56:46","date_gmt":"2014-11-10T05:56:46","guid":{"rendered":"http:\/\/parosrentcar.com\/el\/?page_id=522"},"modified":"2015-11-15T09:11:02","modified_gmt":"2015-11-15T09:11:02","slug":"profil","status":"publish","type":"page","link":"https:\/\/parosrentcar.com\/fr\/notre-societe\/profil\/","title":{"rendered":"Profil"},"content":{"rendered":"<p>Notre soci\u00e9t\u00e9 de location de voitures et de motos\u00a0 <strong>ParosEuropeanRent cars &amp; motos<\/strong> se trouve \u00e0 Paroikia, la capitale de Paros. Nous mettons \u00e0 votre disposition une flotte de v\u00e9hicules r\u00e9cents parfaitement entretenus pour un voyage en toute s\u00e9curit\u00e9 sur l\u2019ile Paros. <strong>Qualit\u00e9<\/strong>, <strong>S\u00e9curit\u00e9<\/strong> et\u00a0les <strong>meilleurs prix<\/strong> de Paros.<\/p>\n<p>Notre soci\u00e9t\u00e9 a \u00e9t\u00e9 <strong>cr\u00e9\u00e9e en 1989<\/strong> et place la s\u00e9curit\u00e9 des v\u00e9hicules qu\u2019elle loue avant tout. Notre <strong>\u00e9quipe exp\u00e9riment\u00e9e<\/strong> et <strong>professionnelle<\/strong>\u00a0 vous livre des v\u00e9hicules s\u00fbrs et fiables\u00a0: voitures, quads, buggys, scooters, motos et v\u00e9los.<\/p>\n<p>Parall\u00e8lement, nous accordons une importance particuli\u00e8re \u00e0 la cr\u00e9ation de relation de confiance avec nos clients, laquelle se base sur 5 valeurs principales\u00a0:<\/p>\n<ul>\n<li><strong>Passion pour notre m\u00e9tier<\/strong><\/li>\n<li><strong>Modernit\u00e9<\/strong><\/li>\n<li><strong>Respect<\/strong><\/li>\n<li><strong>Sinc\u00e9rit\u00e9<\/strong><\/li>\n<li><strong>S\u00e9curit\u00e9<\/strong><\/li>\n<\/ul>\n<p>La plus grande r\u00e9compense pour l\u2019\u00e9quipe de\u00a0<strong> ParosEuropeanRent<\/strong> est le sourire et la satisfaction de notre client. Nous vous souhaitons de bonnes vacances \u00e0 Paros et \u00a0de belles promenades en toute s\u00e9curit\u00e9\u00a0 sur l\u2019ile de <strong>Paros<\/strong>.<\/p>\n<p><strong>Vassilis Parais<\/strong><\/p>\n","protected":false},"excerpt":{"rendered":"<p>Notre soci\u00e9t\u00e9 de location de voitures et de motos\u00a0 ParosEuropeanRent cars &amp; motos se trouve \u00e0 Paroikia, la capitale de Paros. Nous mettons \u00e0 votre disposition une flotte de v\u00e9hicules r\u00e9cents parfaitement entretenus pour un voyage en toute s\u00e9curit\u00e9 sur l\u2019ile Paros. Qualit\u00e9, S\u00e9curit\u00e9 et\u00a0les meilleurs prix de Paros. Notre soci\u00e9t\u00e9 a \u00e9t\u00e9 cr\u00e9\u00e9e en 1989 et place la s\u00e9curit\u00e9 des v\u00e9hicules qu\u2019elle loue avant tout. Notre \u00e9quipe exp\u00e9riment\u00e9e et professionnelle\u00a0 vous livre des v\u00e9hicules s\u00fbrs et fiables\u00a0: voitures, quads, buggys, scooters, motos et v\u00e9los. Parall\u00e8lement, nous accordons une importance particuli\u00e8re \u00e0 la cr\u00e9ation de relation de confiance avec nos clients, laquelle se base sur 5 valeurs principales\u00a0: Passion pour [&hellip;]<\/p>\n","protected":false},"author":1,"featured_media":0,"parent":1267,"menu_order":0,"comment_status":"closed","ping_status":"closed","template":"page-templates\/contact.php","meta":{"footnotes":""},"class_list":["post-522","page","type-page","status-publish","hentry"],"yoast_head":"<!-- This site is optimized with the Yoast SEO plugin v27.1.1 - https:\/\/yoast.com\/product\/yoast-seo-wordpress\/ -->\n<title>Profil ParosEuropeanRent - Location de voitures \u00e0 Paros Gr\u00e8ce<\/title>\n<meta name=\"description\" content=\"Nous mettons \u00e0 votre disposition une flotte de v\u00e9hicules r\u00e9cents parfaitement entretenus pour un voyage en toute s\u00e9curit\u00e9 sur l\u2019ile Paros. Qualit\u00e9, S\u00e9curit\u00e9 et les meilleurs prix de Paros.\" \/>\n<meta name=\"robots\" content=\"index, follow, max-snippet:-1, max-image-preview:large, max-video-preview:-1\" \/>\n<link rel=\"canonical\" href=\"https:\/\/parosrentcar.com\/fr\/notre-societe\/profil\/\" \/>\n<meta property=\"og:locale\" content=\"fr_FR\" \/>\n<meta property=\"og:type\" content=\"article\" \/>\n<meta property=\"og:title\" content=\"Profil ParosEuropeanRent - Location de voitures \u00e0 Paros Gr\u00e8ce\" \/>\n<meta property=\"og:description\" content=\"Nous mettons \u00e0 votre disposition une flotte de v\u00e9hicules r\u00e9cents parfaitement entretenus pour un voyage en toute s\u00e9curit\u00e9 sur l\u2019ile Paros. Qualit\u00e9, S\u00e9curit\u00e9 et les meilleurs prix de Paros.\" \/>\n<meta property=\"og:url\" content=\"https:\/\/parosrentcar.com\/fr\/notre-societe\/profil\/\" \/>\n<meta property=\"og:site_name\" content=\"Location de voitures \u00e0 Paros Gr\u00e8ce - ParosEuropeanRent\" \/>\n<meta property=\"article:publisher\" content=\"https:\/\/www.facebook.com\/paroscarrental\" \/>\n<meta property=\"article:modified_time\" content=\"2015-11-15T09:11:02+00:00\" \/>\n<meta name=\"twitter:label1\" content=\"Dur\u00e9e de lecture estim\u00e9e\" \/>\n\t<meta name=\"twitter:data1\" content=\"1 minute\" \/>\n<script type=\"application\/ld+json\" class=\"yoast-schema-graph\">{\"@context\":\"https:\/\/schema.org\",\"@graph\":[{\"@type\":\"WebPage\",\"@id\":\"https:\/\/parosrentcar.com\/fr\/notre-societe\/profil\/\",\"url\":\"https:\/\/parosrentcar.com\/fr\/notre-societe\/profil\/\",\"name\":\"Profil ParosEuropeanRent - Location de voitures \u00e0 Paros Gr\u00e8ce\",\"isPartOf\":{\"@id\":\"https:\/\/parosrentcar.com\/fr\/#website\"},\"datePublished\":\"2014-11-10T05:56:46+00:00\",\"dateModified\":\"2015-11-15T09:11:02+00:00\",\"description\":\"Nous mettons \u00e0 votre disposition une flotte de v\u00e9hicules r\u00e9cents parfaitement entretenus pour un voyage en toute s\u00e9curit\u00e9 sur l\u2019ile Paros. Qualit\u00e9, S\u00e9curit\u00e9 et les meilleurs prix de Paros.\",\"breadcrumb\":{\"@id\":\"https:\/\/parosrentcar.com\/fr\/notre-societe\/profil\/#breadcrumb\"},\"inLanguage\":\"fr-FR\",\"potentialAction\":[{\"@type\":\"ReadAction\",\"target\":[\"https:\/\/parosrentcar.com\/fr\/notre-societe\/profil\/\"]}]},{\"@type\":\"BreadcrumbList\",\"@id\":\"https:\/\/parosrentcar.com\/fr\/notre-societe\/profil\/#breadcrumb\",\"itemListElement\":[{\"@type\":\"ListItem\",\"position\":1,\"name\":\"Home\",\"item\":\"https:\/\/parosrentcar.com\/fr\/\"},{\"@type\":\"ListItem\",\"position\":2,\"name\":\"NOTRE SOCIETE\",\"item\":\"https:\/\/parosrentcar.com\/fr\/notre-societe\/\"},{\"@type\":\"ListItem\",\"position\":3,\"name\":\"Profil\"}]},{\"@type\":\"WebSite\",\"@id\":\"https:\/\/parosrentcar.com\/fr\/#website\",\"url\":\"https:\/\/parosrentcar.com\/fr\/\",\"name\":\"Location de voitures \u00e0 Paros Gr\u00e8ce - ParosEuropeanRent\",\"description\":\"Location de voiture, buggy, quad, atv, scooter, moto et v\u00e9lo \u00e0 Paros\",\"potentialAction\":[{\"@type\":\"SearchAction\",\"target\":{\"@type\":\"EntryPoint\",\"urlTemplate\":\"https:\/\/parosrentcar.com\/fr\/?s={search_term_string}\"},\"query-input\":{\"@type\":\"PropertyValueSpecification\",\"valueRequired\":true,\"valueName\":\"search_term_string\"}}],\"inLanguage\":\"fr-FR\"}]}<\/script>\n<!-- \/ Yoast SEO plugin. -->","yoast_head_json":{"title":"Profil ParosEuropeanRent - Location de voitures \u00e0 Paros Gr\u00e8ce","description":"Nous mettons \u00e0 votre disposition une flotte de v\u00e9hicules r\u00e9cents parfaitement entretenus pour un voyage en toute s\u00e9curit\u00e9 sur l\u2019ile Paros. Qualit\u00e9, S\u00e9curit\u00e9 et les meilleurs prix de Paros.","robots":{"index":"index","follow":"follow","max-snippet":"max-snippet:-1","max-image-preview":"max-image-preview:large","max-video-preview":"max-video-preview:-1"},"canonical":"https:\/\/parosrentcar.com\/fr\/notre-societe\/profil\/","og_locale":"fr_FR","og_type":"article","og_title":"Profil ParosEuropeanRent - Location de voitures \u00e0 Paros Gr\u00e8ce","og_description":"Nous mettons \u00e0 votre disposition une flotte de v\u00e9hicules r\u00e9cents parfaitement entretenus pour un voyage en toute s\u00e9curit\u00e9 sur l\u2019ile Paros. Qualit\u00e9, S\u00e9curit\u00e9 et les meilleurs prix de Paros.","og_url":"https:\/\/parosrentcar.com\/fr\/notre-societe\/profil\/","og_site_name":"Location de voitures \u00e0 Paros Gr\u00e8ce - ParosEuropeanRent","article_publisher":"https:\/\/www.facebook.com\/paroscarrental","article_modified_time":"2015-11-15T09:11:02+00:00","twitter_misc":{"Dur\u00e9e de lecture estim\u00e9e":"1 minute"},"schema":{"@context":"https:\/\/schema.org","@graph":[{"@type":"WebPage","@id":"https:\/\/parosrentcar.com\/fr\/notre-societe\/profil\/","url":"https:\/\/parosrentcar.com\/fr\/notre-societe\/profil\/","name":"Profil ParosEuropeanRent - Location de voitures \u00e0 Paros Gr\u00e8ce","isPartOf":{"@id":"https:\/\/parosrentcar.com\/fr\/#website"},"datePublished":"2014-11-10T05:56:46+00:00","dateModified":"2015-11-15T09:11:02+00:00","description":"Nous mettons \u00e0 votre disposition une flotte de v\u00e9hicules r\u00e9cents parfaitement entretenus pour un voyage en toute s\u00e9curit\u00e9 sur l\u2019ile Paros. Qualit\u00e9, S\u00e9curit\u00e9 et les meilleurs prix de Paros.","breadcrumb":{"@id":"https:\/\/parosrentcar.com\/fr\/notre-societe\/profil\/#breadcrumb"},"inLanguage":"fr-FR","potentialAction":[{"@type":"ReadAction","target":["https:\/\/parosrentcar.com\/fr\/notre-societe\/profil\/"]}]},{"@type":"BreadcrumbList","@id":"https:\/\/parosrentcar.com\/fr\/notre-societe\/profil\/#breadcrumb","itemListElement":[{"@type":"ListItem","position":1,"name":"Home","item":"https:\/\/parosrentcar.com\/fr\/"},{"@type":"ListItem","position":2,"name":"NOTRE SOCIETE","item":"https:\/\/parosrentcar.com\/fr\/notre-societe\/"},{"@type":"ListItem","position":3,"name":"Profil"}]},{"@type":"WebSite","@id":"https:\/\/parosrentcar.com\/fr\/#website","url":"https:\/\/parosrentcar.com\/fr\/","name":"Location de voitures \u00e0 Paros Gr\u00e8ce - ParosEuropeanRent","description":"Location de voiture, buggy, quad, atv, scooter, moto et v\u00e9lo \u00e0 Paros","potentialAction":[{"@type":"SearchAction","target":{"@type":"EntryPoint","urlTemplate":"https:\/\/parosrentcar.com\/fr\/?s={search_term_string}"},"query-input":{"@type":"PropertyValueSpecification","valueRequired":true,"valueName":"search_term_string"}}],"inLanguage":"fr-FR"}]}},"_links":{"self":[{"href":"https:\/\/parosrentcar.com\/fr\/wp-json\/wp\/v2\/pages\/522","targetHints":{"allow":["GET"]}}],"collection":[{"href":"https:\/\/parosrentcar.com\/fr\/wp-json\/wp\/v2\/pages"}],"about":[{"href":"https:\/\/parosrentcar.com\/fr\/wp-json\/wp\/v2\/types\/page"}],"author":[{"embeddable":true,"href":"https:\/\/parosrentcar.com\/fr\/wp-json\/wp\/v2\/users\/1"}],"replies":[{"embeddable":true,"href":"https:\/\/parosrentcar.com\/fr\/wp-json\/wp\/v2\/comments?post=522"}],"version-history":[{"count":3,"href":"https:\/\/parosrentcar.com\/fr\/wp-json\/wp\/v2\/pages\/522\/revisions"}],"predecessor-version":[{"id":1931,"href":"https:\/\/parosrentcar.com\/fr\/wp-json\/wp\/v2\/pages\/522\/revisions\/1931"}],"up":[{"embeddable":true,"href":"https:\/\/parosrentcar.com\/fr\/wp-json\/wp\/v2\/pages\/1267"}],"wp:attachment":[{"href":"https:\/\/parosrentcar.com\/fr\/wp-json\/wp\/v2\/media?parent=522"}],"curies":[{"name":"wp","href":"https:\/\/api.w.org\/{rel}","templated":true}]}}