{"id":510,"date":"2014-11-09T20:31:39","date_gmt":"2014-11-09T20:31:39","guid":{"rendered":"http:\/\/parosrentcar.com\/el\/?page_id=510"},"modified":"2022-08-05T05:06:26","modified_gmt":"2022-08-05T05:06:26","slug":"livraison-gratuite-de-voiture","status":"publish","type":"page","link":"https:\/\/parosrentcar.com\/fr\/services\/livraison-gratuite-de-voiture\/","title":{"rendered":"Livraison gratuite de la voiture"},"content":{"rendered":"<p>Le service apport\u00e9 \u00e0 nos clients est \u00a0notre objectif de base c\u2019est pourquoi notre bureau vous propose gratuitement la livraison de votre v\u00e9hicule partout sur l\u2019ile.<\/p>\n<p><strong>Zones de livraison des voitures<\/strong><\/p>\n<p><strong>Port:<\/strong><br \/>\nPour une dur\u00e9e minimale de location de voiture d\u2019une journ\u00e9e, nous pouvons vous la livrer au port de Paros (livraison et retour) au moment o\u00f9 vous le souhaitez, sans frais suppl\u00e9mentaires.<\/p>\n<p><strong>A\u00e9roport:<\/strong><br \/>\nPour une dur\u00e9e minimale de location de voiture d\u2019une journ\u00e9e, nous pouvons vous la livrer \u00e0 l\u2019a\u00e9roport de Paros (livraison et retour) au moment o\u00f9 vous le souhaitez, sans frais suppl\u00e9mentaires.<\/p>\n<p><strong>H\u00f4tels \u2013 Villas \u2013 Appartements<\/strong>:<br \/>\nNous pouvons vous livrer votre voiture \u00e0 n\u2019importe quel h\u00f4tel, villa ou autre lieu de s\u00e9jour de votre choix. A partir de 9h et de deux jours de location.<\/p>\n<p>Les livraisons de v\u00e9hicules \u00e0 l\u2019agence se font \u00e0 n\u2019importe quel moment m\u00eame pour une seule journ\u00e9e de location.<\/p>\n","protected":false},"excerpt":{"rendered":"<p><b>\u0397 \u03b5\u03be\u03c5\u03c0\u03b7\u03c1\u03ad\u03c4\u03b7\u03c3\u03b7 \u03c4\u03c9\u03bd \u03c0\u03b5\u03bb\u03b1\u03c4\u03ce\u03bd \u03bc\u03b1\u03c2<\/b> \u03b5\u03af\u03bd\u03b1\u03b9 \u03c4\u03bf \u03c0\u03c1\u03ce\u03c4\u03bf \u03bc\u03ad\u03bb\u03b7\u03bc\u03b1 \u03b3\u03b9\u03b1 \u03b5\u03bc\u03ac\u03c2 \u03ba\u03b1\u03b9 \u03b3\u03b9&rsquo; \u03b1\u03c5\u03c4\u03cc \u03c4\u03bf \u03bb\u03cc\u03b3\u03bf \u03c4\u03bf \u03b3\u03c1\u03b1\u03c6\u03b5\u03af\u03bf \u03bc\u03b1\u03c2 \u03c0\u03c1\u03bf\u03c3\u03c6\u03ad\u03c1\u03b5\u03b9 \u03b5\u03bd\u03c4\u03b5\u03bb\u03ce\u03c2 <b>\u03b4\u03c9\u03c1\u03b5\u03ac\u03bd \u03c0\u03b1\u03c1\u03ac\u03b4\u03bf\u03c3\u03b7 \u03b1\u03c5\u03c4\u03bf\u03ba\u03b9\u03bd\u03ae\u03c4\u03bf\u03c5<\/b> \u03c3\u03b5 \u03bb\u03b9\u03bc\u03ac\u03bd\u03b9, \u03b1\u03b5\u03c1\u03bf\u03b4\u03c1\u03cc\u03bc\u03b9\u03bf \u03ae \u03be\u03b5\u03bd\u03bf\u03b4\u03bf\u03c7\u03b5\u03af\u03bf.<\/p>\n","protected":false},"author":1,"featured_media":0,"parent":1255,"menu_order":0,"comment_status":"closed","ping_status":"closed","template":"","meta":{"footnotes":""},"class_list":["post-510","page","type-page","status-publish","hentry"],"yoast_head":"<!-- This site is optimized with the Yoast SEO plugin v27.1.1 - https:\/\/yoast.com\/product\/yoast-seo-wordpress\/ -->\n<title>Livraison gratuite de la voiture - Location de voitures \u00e0 Paros Gr\u00e8ce<\/title>\n<meta name=\"description\" content=\"Livraison gratuite de la voiture - Location de voitures \u00e0 prix comp\u00e9titifs, offres sp\u00e9ciales et r\u00e9ductions sur les locations auto \u00e0 Paros Gr\u00e8ce\" \/>\n<meta name=\"robots\" content=\"index, follow, max-snippet:-1, max-image-preview:large, max-video-preview:-1\" \/>\n<link rel=\"canonical\" href=\"https:\/\/parosrentcar.com\/fr\/services\/livraison-gratuite-de-voiture\/\" \/>\n<meta property=\"og:locale\" content=\"fr_FR\" \/>\n<meta property=\"og:type\" content=\"article\" \/>\n<meta property=\"og:title\" content=\"Livraison gratuite de la voiture - Location de voitures \u00e0 Paros Gr\u00e8ce\" \/>\n<meta property=\"og:description\" content=\"Livraison gratuite de la voiture - Location de voitures \u00e0 prix comp\u00e9titifs, offres sp\u00e9ciales et r\u00e9ductions sur les locations auto \u00e0 Paros Gr\u00e8ce\" \/>\n<meta property=\"og:url\" content=\"https:\/\/parosrentcar.com\/fr\/services\/livraison-gratuite-de-voiture\/\" \/>\n<meta property=\"og:site_name\" content=\"Location de voitures \u00e0 Paros Gr\u00e8ce - ParosEuropeanRent\" \/>\n<meta property=\"article:publisher\" content=\"https:\/\/www.facebook.com\/paroscarrental\" \/>\n<meta property=\"article:modified_time\" content=\"2022-08-05T05:06:26+00:00\" \/>\n<meta name=\"twitter:label1\" content=\"Dur\u00e9e de lecture estim\u00e9e\" \/>\n\t<meta name=\"twitter:data1\" content=\"1 minute\" \/>\n<script type=\"application\/ld+json\" class=\"yoast-schema-graph\">{\"@context\":\"https:\/\/schema.org\",\"@graph\":[{\"@type\":\"WebPage\",\"@id\":\"https:\/\/parosrentcar.com\/fr\/services\/livraison-gratuite-de-voiture\/\",\"url\":\"https:\/\/parosrentcar.com\/fr\/services\/livraison-gratuite-de-voiture\/\",\"name\":\"Livraison gratuite de la voiture - Location de voitures \u00e0 Paros Gr\u00e8ce\",\"isPartOf\":{\"@id\":\"https:\/\/parosrentcar.com\/fr\/#website\"},\"datePublished\":\"2014-11-09T20:31:39+00:00\",\"dateModified\":\"2022-08-05T05:06:26+00:00\",\"description\":\"Livraison gratuite de la voiture - Location de voitures \u00e0 prix comp\u00e9titifs, offres sp\u00e9ciales et r\u00e9ductions sur les locations auto \u00e0 Paros Gr\u00e8ce\",\"breadcrumb\":{\"@id\":\"https:\/\/parosrentcar.com\/fr\/services\/livraison-gratuite-de-voiture\/#breadcrumb\"},\"inLanguage\":\"fr-FR\",\"potentialAction\":[{\"@type\":\"ReadAction\",\"target\":[\"https:\/\/parosrentcar.com\/fr\/services\/livraison-gratuite-de-voiture\/\"]}]},{\"@type\":\"BreadcrumbList\",\"@id\":\"https:\/\/parosrentcar.com\/fr\/services\/livraison-gratuite-de-voiture\/#breadcrumb\",\"itemListElement\":[{\"@type\":\"ListItem\",\"position\":1,\"name\":\"Home\",\"item\":\"https:\/\/parosrentcar.com\/fr\/\"},{\"@type\":\"ListItem\",\"position\":2,\"name\":\"SERVICES\",\"item\":\"https:\/\/parosrentcar.com\/fr\/services\/\"},{\"@type\":\"ListItem\",\"position\":3,\"name\":\"Livraison gratuite de la voiture\"}]},{\"@type\":\"WebSite\",\"@id\":\"https:\/\/parosrentcar.com\/fr\/#website\",\"url\":\"https:\/\/parosrentcar.com\/fr\/\",\"name\":\"Location de voitures \u00e0 Paros Gr\u00e8ce - ParosEuropeanRent\",\"description\":\"Location de voiture, buggy, quad, atv, scooter, moto et v\u00e9lo \u00e0 Paros\",\"potentialAction\":[{\"@type\":\"SearchAction\",\"target\":{\"@type\":\"EntryPoint\",\"urlTemplate\":\"https:\/\/parosrentcar.com\/fr\/?s={search_term_string}\"},\"query-input\":{\"@type\":\"PropertyValueSpecification\",\"valueRequired\":true,\"valueName\":\"search_term_string\"}}],\"inLanguage\":\"fr-FR\"}]}<\/script>\n<!-- \/ Yoast SEO plugin. -->","yoast_head_json":{"title":"Livraison gratuite de la voiture - Location de voitures \u00e0 Paros Gr\u00e8ce","description":"Livraison gratuite de la voiture - Location de voitures \u00e0 prix comp\u00e9titifs, offres sp\u00e9ciales et r\u00e9ductions sur les locations auto \u00e0 Paros Gr\u00e8ce","robots":{"index":"index","follow":"follow","max-snippet":"max-snippet:-1","max-image-preview":"max-image-preview:large","max-video-preview":"max-video-preview:-1"},"canonical":"https:\/\/parosrentcar.com\/fr\/services\/livraison-gratuite-de-voiture\/","og_locale":"fr_FR","og_type":"article","og_title":"Livraison gratuite de la voiture - Location de voitures \u00e0 Paros Gr\u00e8ce","og_description":"Livraison gratuite de la voiture - Location de voitures \u00e0 prix comp\u00e9titifs, offres sp\u00e9ciales et r\u00e9ductions sur les locations auto \u00e0 Paros Gr\u00e8ce","og_url":"https:\/\/parosrentcar.com\/fr\/services\/livraison-gratuite-de-voiture\/","og_site_name":"Location de voitures \u00e0 Paros Gr\u00e8ce - ParosEuropeanRent","article_publisher":"https:\/\/www.facebook.com\/paroscarrental","article_modified_time":"2022-08-05T05:06:26+00:00","twitter_misc":{"Dur\u00e9e de lecture estim\u00e9e":"1 minute"},"schema":{"@context":"https:\/\/schema.org","@graph":[{"@type":"WebPage","@id":"https:\/\/parosrentcar.com\/fr\/services\/livraison-gratuite-de-voiture\/","url":"https:\/\/parosrentcar.com\/fr\/services\/livraison-gratuite-de-voiture\/","name":"Livraison gratuite de la voiture - Location de voitures \u00e0 Paros Gr\u00e8ce","isPartOf":{"@id":"https:\/\/parosrentcar.com\/fr\/#website"},"datePublished":"2014-11-09T20:31:39+00:00","dateModified":"2022-08-05T05:06:26+00:00","description":"Livraison gratuite de la voiture - Location de voitures \u00e0 prix comp\u00e9titifs, offres sp\u00e9ciales et r\u00e9ductions sur les locations auto \u00e0 Paros Gr\u00e8ce","breadcrumb":{"@id":"https:\/\/parosrentcar.com\/fr\/services\/livraison-gratuite-de-voiture\/#breadcrumb"},"inLanguage":"fr-FR","potentialAction":[{"@type":"ReadAction","target":["https:\/\/parosrentcar.com\/fr\/services\/livraison-gratuite-de-voiture\/"]}]},{"@type":"BreadcrumbList","@id":"https:\/\/parosrentcar.com\/fr\/services\/livraison-gratuite-de-voiture\/#breadcrumb","itemListElement":[{"@type":"ListItem","position":1,"name":"Home","item":"https:\/\/parosrentcar.com\/fr\/"},{"@type":"ListItem","position":2,"name":"SERVICES","item":"https:\/\/parosrentcar.com\/fr\/services\/"},{"@type":"ListItem","position":3,"name":"Livraison gratuite de la voiture"}]},{"@type":"WebSite","@id":"https:\/\/parosrentcar.com\/fr\/#website","url":"https:\/\/parosrentcar.com\/fr\/","name":"Location de voitures \u00e0 Paros Gr\u00e8ce - ParosEuropeanRent","description":"Location de voiture, buggy, quad, atv, scooter, moto et v\u00e9lo \u00e0 Paros","potentialAction":[{"@type":"SearchAction","target":{"@type":"EntryPoint","urlTemplate":"https:\/\/parosrentcar.com\/fr\/?s={search_term_string}"},"query-input":{"@type":"PropertyValueSpecification","valueRequired":true,"valueName":"search_term_string"}}],"inLanguage":"fr-FR"}]}},"_links":{"self":[{"href":"https:\/\/parosrentcar.com\/fr\/wp-json\/wp\/v2\/pages\/510","targetHints":{"allow":["GET"]}}],"collection":[{"href":"https:\/\/parosrentcar.com\/fr\/wp-json\/wp\/v2\/pages"}],"about":[{"href":"https:\/\/parosrentcar.com\/fr\/wp-json\/wp\/v2\/types\/page"}],"author":[{"embeddable":true,"href":"https:\/\/parosrentcar.com\/fr\/wp-json\/wp\/v2\/users\/1"}],"replies":[{"embeddable":true,"href":"https:\/\/parosrentcar.com\/fr\/wp-json\/wp\/v2\/comments?post=510"}],"version-history":[{"count":5,"href":"https:\/\/parosrentcar.com\/fr\/wp-json\/wp\/v2\/pages\/510\/revisions"}],"predecessor-version":[{"id":1929,"href":"https:\/\/parosrentcar.com\/fr\/wp-json\/wp\/v2\/pages\/510\/revisions\/1929"}],"up":[{"embeddable":true,"href":"https:\/\/parosrentcar.com\/fr\/wp-json\/wp\/v2\/pages\/1255"}],"wp:attachment":[{"href":"https:\/\/parosrentcar.com\/fr\/wp-json\/wp\/v2\/media?parent=510"}],"curies":[{"name":"wp","href":"https:\/\/api.w.org\/{rel}","templated":true}]}}