{"id":500,"date":"2014-11-09T20:12:24","date_gmt":"2014-11-09T20:12:24","guid":{"rendered":"http:\/\/parosrentcar.com\/el\/?page_id=500"},"modified":"2022-08-05T05:06:41","modified_gmt":"2022-08-05T05:06:41","slug":"location-de-voiture-avec-chauffeur","status":"publish","type":"page","link":"https:\/\/parosrentcar.com\/fr\/services\/location-de-voiture-avec-chauffeur\/","title":{"rendered":"Location de voiture avec chauffeur"},"content":{"rendered":"<p>D\u00e9couvrez les magnifiques paysages, les plages aux eaux limpides, l\u2019histoire et les monuments de Paros, la vie nocturne, le march\u00e9 et d\u2019autres endroits magiques, selon vos pr\u00e9f\u00e9rences et centres d\u2019int\u00e9r\u00eats.<\/p>\n<p>D\u00e9placez-vous en toute s\u00e9curit\u00e9, dans notre voiture avec chauffeur et profitez pleinement des paysages et des sites de Paros.<\/p>\n<p>Laissez-nous organiser pour vous une journ\u00e9e selon vos envies!<\/p>\n<form method=\"post\" enctype=\"multipart\/form-data\" id=\"vfbp-form-81\" class=\"vfbp-form\"><div style=\"display:none;\"><label for=\"vfbp-EMAIL-AN8fuQyoDLXem\">Si vous \u00eates humain, laissez ce champ vide.<\/label><input size=\"25\" autocomplete=\"off\" type=\"text\" name=\"vfbp-EMAIL-AN8fuQyoDLXem\" value=\"\" id=\"\"><\/div><input type=\"hidden\" name=\"_vfb-timestamp-81\" value=\"1777227906\" id=\"\"><input type=\"hidden\" name=\"_vfb-form-id\" value=\"81\" id=\"\"><div class=\"vfb-form-group vfb-col-12\"><div><h6 class=\"\">Offre de location de voiture avec chauffeur<\/h6><\/div><\/div><div class=\"vfb-col-12 vfb-fieldType-heading\" id=\"vfbField1438\"><\/div><div class=\"vfb-clearfix\"><\/div><div class=\"vfb-col-6 vfb-fieldType-text\" id=\"vfbField1439\"><div class=\"vfb-form-group\"><label for=\"vfb-field-1439\" class=\"vfb-control-label\">Nom et pr\u00e9nom <span class=\"vfb-required-asterisk\">*<\/span><\/label><div><input id=\"vfb-field-1439\" class=\"vfb-form-control\" placeholder=\"\" required=\"required\" type=\"text\" name=\"vfb-field-1439\" value=\"\"><\/div><\/div><\/div><div class=\"vfb-col-6 vfb-fieldType-email\" id=\"vfbField1440\"><div class=\"vfb-form-group\"><label for=\"vfb-field-1440\" class=\"vfb-control-label\">E-mail <span class=\"vfb-required-asterisk\">*<\/span><\/label><div><input id=\"vfb-field-1440\" class=\"vfb-form-control\" placeholder=\"\" required=\"required\" type=\"email\" name=\"vfb-field-1440\" value=\"\"><\/div><\/div><\/div><div class=\"vfb-clearfix\"><\/div><div class=\"vfb-col-6 vfb-fieldType-phone\" id=\"vfbField1441\"><div class=\"vfb-form-group\"><label for=\"vfb-field-1441\" class=\"vfb-control-label\">Phone <span class=\"vfb-required-asterisk\">*<\/span><\/label><div><input id=\"vfb-field-1441\" class=\"vfb-form-control vfb-intl-phone\" placeholder=\"\" required=\"required\" data-default-country=\"fr\" type=\"tel\" name=\"vfb-field-1441\" value=\"\"><\/div><\/div><\/div><div class=\"vfb-col-6 vfb-fieldType-text\" id=\"vfbField1442\"><div class=\"vfb-form-group\"><label for=\"vfb-field-1442\" class=\"vfb-control-label\">Pays <span class=\"vfb-required-asterisk\">*<\/span><\/label><div><input id=\"vfb-field-1442\" class=\"vfb-form-control\" placeholder=\"\" required=\"required\" type=\"text\" name=\"vfb-field-1442\" value=\"\"><\/div><\/div><\/div><div class=\"vfb-clearfix\"><\/div><div class=\"vfb-col-12 vfb-fieldType-textarea\" id=\"vfbField1443\"><div class=\"vfb-form-group\"><label for=\"vfb-field-1443\" class=\"vfb-control-label\">Commentaires<\/label><div><textarea id=\"vfb-field-1443\" class=\"vfb-form-control\" placeholder=\"\" rows=\"4\" name=\"vfb-field-1443\" cols=\"50\"><\/textarea><\/div><\/div><\/div><div class=\"vfb-clearfix\"><\/div><div class=\"vfb-col-12 vfb-fieldType-checkbox\" id=\"vfbField1444\"><label for=\"vfb-field-1444\" class=\"vfb-control-label\">Acceptation requise <span class=\"vfb-required-asterisk\">*<\/span><\/label><div><div class=\"vfb-checkbox\"><label><input id=\"vfb-field-1444-0\" class=\"\" placeholder=\"\" data-vfb-multiple=\"vfb-field-1444\" required=\"required\" type=\"checkbox\" name=\"vfb-field-1444[0]\" value=\"1\">Cette formule recueillis votre informations personnelles afin qu\\'on puisse entrer en contact avec vous. Pour plus d\\'informations, consultez notre politique de confidentialit\u00e9.<\/label><\/div><\/div><\/div><div class=\"vfb-clearfix\"><\/div><div class=\"vfb-col-12 vfb-fieldType-captcha\" id=\"vfbField1636\"><div class=\"vfb-form-group\"><label for=\"vfb-field-1636\" class=\"vfb-control-label\">Captcha <span class=\"vfb-required-asterisk\">*<\/span><\/label><div><div class=\"g-recaptcha\" data-sitekey=\"6LfGBhYhAAAAAHFHvz8f_otkJXlVn0b8sWjvF7d1\"><\/div><input type=\"hidden\" name=\"_vfb_recaptcha_enabled\" value=\"1\" id=\"\"><div class=\"vfb-has-error\" id=\"vfb-recaptcha-error\"><span class=\"vfb-help-block\">reCAPTCHA is required.<\/span><\/div><\/div><\/div><\/div><div class=\"vfb-clearfix\"><\/div><div class=\"vfb-col-12 vfb-fieldType-submit\" id=\"vfbField1445\"><button id=\"vfb-field-1445\" class=\" btn btn-primary\" placeholder=\"\" type=\"submit\" name=\"_vfb-submit\">Envoi<\/button><\/div><div class=\"vfb-clearfix\"><\/div><\/form>\n<p>&nbsp;<\/p>\n<p>&nbsp;<\/p>\n","protected":false},"excerpt":{"rendered":"<p>\u03a3\u03b1\u03c2 \u03bc\u03b5\u03c4\u03b1\u03c6\u03ad\u03c1\u03bf\u03c5\u03bc\u03b5 \u03bc\u03b5 \u03b1\u03c3\u03c6\u03ac\u03bb\u03b5\u03b9\u03b1 \u03ba\u03b1\u03b9 \u03ac\u03bd\u03b5\u03c3\u03b7, \u03bc\u03b5 <b>\u03b4\u03b9\u03ba\u03cc \u03bc\u03b1\u03c2 \u03ad\u03bc\u03c0\u03b5\u03b9\u03c1\u03bf \u03bf\u03b4\u03b7\u03b3\u03cc<\/b> \u03b3\u03b9\u03b1 \u03bd\u03b1 \u03b1\u03c0\u03bf\u03bb\u03b1\u03cd\u03c3\u03b5\u03c4\u03b5 \u03c4\u03b7\u03bd \u03b4\u03b9\u03b1\u03b4\u03c1\u03bf\u03bc\u03ae \u03ba\u03b1\u03b9 \u03c4\u03b1 \u03b1\u03be\u03b9\u03bf\u03b8\u03ad\u03b1\u03c4\u03b1 \u03c4\u03b7\u03c2 \u03a0\u03ac\u03c1\u03bf\u03c5.  <b>\u0391\u03c6\u03ae\u03c3\u03c4\u03b5 \u03c3\u03b5 \u03b5\u03bc\u03ac\u03c2 \u03bd\u03b1 \u03bf\u03c1\u03b3\u03b1\u03bd\u03ce\u03c3\u03bf\u03c5\u03bc\u03b5 \u03b3\u03b9\u03b1 \u03b5\u03c3\u03ac\u03c2<\/b> \u03bc\u03b9\u03b1 \u03bc\u03ad\u03c1\u03b1 \u03b3\u03b5\u03bc\u03ac\u03c4\u03b7 \u03bc\u03b5 \u03c4\u03b9\u03c2 \u03b4\u03b9\u03ba\u03ad\u03c2 \u03c3\u03b1\u03c2 \u03b5\u03c0\u03b9\u03b8\u03c5\u03bc\u03af\u03b5\u03c2!!<\/p>\n","protected":false},"author":1,"featured_media":0,"parent":1255,"menu_order":0,"comment_status":"closed","ping_status":"closed","template":"","meta":{"footnotes":""},"class_list":["post-500","page","type-page","status-publish","hentry"],"yoast_head":"<!-- This site is optimized with the Yoast SEO plugin v27.1.1 - https:\/\/yoast.com\/product\/yoast-seo-wordpress\/ -->\n<title>Location de voiture avec chauffeur - Location de voitures \u00e0 Paros Gr\u00e8ce<\/title>\n<meta name=\"description\" content=\"Location de voiture avec chauffeur - Location de voitures \u00e0 prix comp\u00e9titifs, offres sp\u00e9ciales et r\u00e9ductions sur les locations auto \u00e0 Paros Gr\u00e8ce\" \/>\n<meta name=\"robots\" content=\"index, follow, max-snippet:-1, max-image-preview:large, max-video-preview:-1\" \/>\n<link rel=\"canonical\" href=\"https:\/\/parosrentcar.com\/fr\/services\/location-de-voiture-avec-chauffeur\/\" \/>\n<meta property=\"og:locale\" content=\"fr_FR\" \/>\n<meta property=\"og:type\" content=\"article\" \/>\n<meta property=\"og:title\" content=\"Location de voiture avec chauffeur - Location de voitures \u00e0 Paros Gr\u00e8ce\" \/>\n<meta property=\"og:description\" content=\"Location de voiture avec chauffeur - Location de voitures \u00e0 prix comp\u00e9titifs, offres sp\u00e9ciales et r\u00e9ductions sur les locations auto \u00e0 Paros Gr\u00e8ce\" \/>\n<meta property=\"og:url\" content=\"https:\/\/parosrentcar.com\/fr\/services\/location-de-voiture-avec-chauffeur\/\" \/>\n<meta property=\"og:site_name\" content=\"Location de voitures \u00e0 Paros Gr\u00e8ce - ParosEuropeanRent\" \/>\n<meta property=\"article:publisher\" content=\"https:\/\/www.facebook.com\/paroscarrental\" \/>\n<meta property=\"article:modified_time\" content=\"2022-08-05T05:06:41+00:00\" \/>\n<meta name=\"twitter:label1\" content=\"Dur\u00e9e de lecture estim\u00e9e\" \/>\n\t<meta name=\"twitter:data1\" content=\"1 minute\" \/>\n<script type=\"application\/ld+json\" class=\"yoast-schema-graph\">{\"@context\":\"https:\/\/schema.org\",\"@graph\":[{\"@type\":\"WebPage\",\"@id\":\"https:\/\/parosrentcar.com\/fr\/services\/location-de-voiture-avec-chauffeur\/\",\"url\":\"https:\/\/parosrentcar.com\/fr\/services\/location-de-voiture-avec-chauffeur\/\",\"name\":\"Location de voiture avec chauffeur - Location de voitures \u00e0 Paros Gr\u00e8ce\",\"isPartOf\":{\"@id\":\"https:\/\/parosrentcar.com\/fr\/#website\"},\"datePublished\":\"2014-11-09T20:12:24+00:00\",\"dateModified\":\"2022-08-05T05:06:41+00:00\",\"description\":\"Location de voiture avec chauffeur - Location de voitures \u00e0 prix comp\u00e9titifs, offres sp\u00e9ciales et r\u00e9ductions sur les locations auto \u00e0 Paros Gr\u00e8ce\",\"breadcrumb\":{\"@id\":\"https:\/\/parosrentcar.com\/fr\/services\/location-de-voiture-avec-chauffeur\/#breadcrumb\"},\"inLanguage\":\"fr-FR\",\"potentialAction\":[{\"@type\":\"ReadAction\",\"target\":[\"https:\/\/parosrentcar.com\/fr\/services\/location-de-voiture-avec-chauffeur\/\"]}]},{\"@type\":\"BreadcrumbList\",\"@id\":\"https:\/\/parosrentcar.com\/fr\/services\/location-de-voiture-avec-chauffeur\/#breadcrumb\",\"itemListElement\":[{\"@type\":\"ListItem\",\"position\":1,\"name\":\"Home\",\"item\":\"https:\/\/parosrentcar.com\/fr\/\"},{\"@type\":\"ListItem\",\"position\":2,\"name\":\"SERVICES\",\"item\":\"https:\/\/parosrentcar.com\/fr\/services\/\"},{\"@type\":\"ListItem\",\"position\":3,\"name\":\"Location de voiture avec chauffeur\"}]},{\"@type\":\"WebSite\",\"@id\":\"https:\/\/parosrentcar.com\/fr\/#website\",\"url\":\"https:\/\/parosrentcar.com\/fr\/\",\"name\":\"Location de voitures \u00e0 Paros Gr\u00e8ce - ParosEuropeanRent\",\"description\":\"Location de voiture, buggy, quad, atv, scooter, moto et v\u00e9lo \u00e0 Paros\",\"potentialAction\":[{\"@type\":\"SearchAction\",\"target\":{\"@type\":\"EntryPoint\",\"urlTemplate\":\"https:\/\/parosrentcar.com\/fr\/?s={search_term_string}\"},\"query-input\":{\"@type\":\"PropertyValueSpecification\",\"valueRequired\":true,\"valueName\":\"search_term_string\"}}],\"inLanguage\":\"fr-FR\"}]}<\/script>\n<!-- \/ Yoast SEO plugin. -->","yoast_head_json":{"title":"Location de voiture avec chauffeur - Location de voitures \u00e0 Paros Gr\u00e8ce","description":"Location de voiture avec chauffeur - Location de voitures \u00e0 prix comp\u00e9titifs, offres sp\u00e9ciales et r\u00e9ductions sur les locations auto \u00e0 Paros Gr\u00e8ce","robots":{"index":"index","follow":"follow","max-snippet":"max-snippet:-1","max-image-preview":"max-image-preview:large","max-video-preview":"max-video-preview:-1"},"canonical":"https:\/\/parosrentcar.com\/fr\/services\/location-de-voiture-avec-chauffeur\/","og_locale":"fr_FR","og_type":"article","og_title":"Location de voiture avec chauffeur - Location de voitures \u00e0 Paros Gr\u00e8ce","og_description":"Location de voiture avec chauffeur - Location de voitures \u00e0 prix comp\u00e9titifs, offres sp\u00e9ciales et r\u00e9ductions sur les locations auto \u00e0 Paros Gr\u00e8ce","og_url":"https:\/\/parosrentcar.com\/fr\/services\/location-de-voiture-avec-chauffeur\/","og_site_name":"Location de voitures \u00e0 Paros Gr\u00e8ce - ParosEuropeanRent","article_publisher":"https:\/\/www.facebook.com\/paroscarrental","article_modified_time":"2022-08-05T05:06:41+00:00","twitter_misc":{"Dur\u00e9e de lecture estim\u00e9e":"1 minute"},"schema":{"@context":"https:\/\/schema.org","@graph":[{"@type":"WebPage","@id":"https:\/\/parosrentcar.com\/fr\/services\/location-de-voiture-avec-chauffeur\/","url":"https:\/\/parosrentcar.com\/fr\/services\/location-de-voiture-avec-chauffeur\/","name":"Location de voiture avec chauffeur - Location de voitures \u00e0 Paros Gr\u00e8ce","isPartOf":{"@id":"https:\/\/parosrentcar.com\/fr\/#website"},"datePublished":"2014-11-09T20:12:24+00:00","dateModified":"2022-08-05T05:06:41+00:00","description":"Location de voiture avec chauffeur - Location de voitures \u00e0 prix comp\u00e9titifs, offres sp\u00e9ciales et r\u00e9ductions sur les locations auto \u00e0 Paros Gr\u00e8ce","breadcrumb":{"@id":"https:\/\/parosrentcar.com\/fr\/services\/location-de-voiture-avec-chauffeur\/#breadcrumb"},"inLanguage":"fr-FR","potentialAction":[{"@type":"ReadAction","target":["https:\/\/parosrentcar.com\/fr\/services\/location-de-voiture-avec-chauffeur\/"]}]},{"@type":"BreadcrumbList","@id":"https:\/\/parosrentcar.com\/fr\/services\/location-de-voiture-avec-chauffeur\/#breadcrumb","itemListElement":[{"@type":"ListItem","position":1,"name":"Home","item":"https:\/\/parosrentcar.com\/fr\/"},{"@type":"ListItem","position":2,"name":"SERVICES","item":"https:\/\/parosrentcar.com\/fr\/services\/"},{"@type":"ListItem","position":3,"name":"Location de voiture avec chauffeur"}]},{"@type":"WebSite","@id":"https:\/\/parosrentcar.com\/fr\/#website","url":"https:\/\/parosrentcar.com\/fr\/","name":"Location de voitures \u00e0 Paros Gr\u00e8ce - ParosEuropeanRent","description":"Location de voiture, buggy, quad, atv, scooter, moto et v\u00e9lo \u00e0 Paros","potentialAction":[{"@type":"SearchAction","target":{"@type":"EntryPoint","urlTemplate":"https:\/\/parosrentcar.com\/fr\/?s={search_term_string}"},"query-input":{"@type":"PropertyValueSpecification","valueRequired":true,"valueName":"search_term_string"}}],"inLanguage":"fr-FR"}]}},"_links":{"self":[{"href":"https:\/\/parosrentcar.com\/fr\/wp-json\/wp\/v2\/pages\/500","targetHints":{"allow":["GET"]}}],"collection":[{"href":"https:\/\/parosrentcar.com\/fr\/wp-json\/wp\/v2\/pages"}],"about":[{"href":"https:\/\/parosrentcar.com\/fr\/wp-json\/wp\/v2\/types\/page"}],"author":[{"embeddable":true,"href":"https:\/\/parosrentcar.com\/fr\/wp-json\/wp\/v2\/users\/1"}],"replies":[{"embeddable":true,"href":"https:\/\/parosrentcar.com\/fr\/wp-json\/wp\/v2\/comments?post=500"}],"version-history":[{"count":4,"href":"https:\/\/parosrentcar.com\/fr\/wp-json\/wp\/v2\/pages\/500\/revisions"}],"predecessor-version":[{"id":2966,"href":"https:\/\/parosrentcar.com\/fr\/wp-json\/wp\/v2\/pages\/500\/revisions\/2966"}],"up":[{"embeddable":true,"href":"https:\/\/parosrentcar.com\/fr\/wp-json\/wp\/v2\/pages\/1255"}],"wp:attachment":[{"href":"https:\/\/parosrentcar.com\/fr\/wp-json\/wp\/v2\/media?parent=500"}],"curies":[{"name":"wp","href":"https:\/\/api.w.org\/{rel}","templated":true}]}}