{"id":496,"date":"2014-11-09T20:06:38","date_gmt":"2014-11-09T20:06:38","guid":{"rendered":"http:\/\/parosrentcar.com\/el\/?page_id=496"},"modified":"2015-11-15T09:12:59","modified_gmt":"2015-11-15T09:12:59","slug":"nos-avantages","status":"publish","type":"page","link":"https:\/\/parosrentcar.com\/fr\/notre-societe\/nos-avantages\/","title":{"rendered":"Nos avantages"},"content":{"rendered":"<p>Evitez <strong>les prix \u00e9lev\u00e9s des grandes compagnies de location<\/strong>. Nous sommes une entreprise familiale fiable (20 ann\u00e9es d\u2019exp\u00e9rience \u00e0 Paros) et fournissons les voitures les plus r\u00e9centes pour des vacances sans soucis, \u00e0 des prix comp\u00e9titifs, en toute s\u00e9curit\u00e9 et avec un service 24h\/24.<\/p>\n<p>Nos avantages\u00a0:<\/p>\n<ol>\n<li>Recevez le <strong>mod\u00e8le (voiture, motos ou quad) que vous avez demand\u00e9<\/strong> et non un \u2018similaire\u2019<\/li>\n<li><strong>Prix affich\u00e9s sans frais cach\u00e9s<\/strong><\/li>\n<li><strong>Livraison gratuite<\/strong> \u00e0 l\u2019a\u00e9roport, au port ou \u00e0 votre h\u00f4tel.<\/li>\n<li><strong>Assistance routi\u00e8re gratuite<\/strong> sur toute l\u2019ile, en moins d\u2019une heure (de 8h \u00e0 22h)<\/li>\n<li><strong>Plan de Paros<\/strong> et informations sur l\u2019ile<\/li>\n<li><strong>15% de r\u00e9duction<\/strong> sur les r\u00e9servations en ligne<\/li>\n<li><strong>6 offres exclusives pour vous<\/strong><\/li>\n<li><strong>Service<\/strong> efficace et <strong>amical<\/strong><\/li>\n<li><strong>Possibilit\u00e9 d\u2019assurance au tiers<\/strong><\/li>\n<li>Pas de papiers d\u2019identit\u00e9 gard\u00e9s en garantie<\/li>\n<li>V\u00e9hicules livr\u00e9s <strong>propres et contr\u00f4l\u00e9s<\/strong> par une \u00e9quipe professionnelle et exp\u00e9riment\u00e9e<\/li>\n<li><strong>Large gamme<\/strong> de v\u00e9hicules \u00e0 la location<\/li>\n<li>Possibilit\u00e9 de <strong>changer de type de v\u00e9hicule<\/strong> au cours de la dur\u00e9e de location<\/li>\n<li>Et bien sur l\u2019<strong>exp\u00e9rience<\/strong>\u00a0! Loueur de voitures \u00e0 Paros <strong>depuis 1989<\/strong>\u00a0!<\/li>\n<\/ol>\n","protected":false},"excerpt":{"rendered":"<p>\u0391\u03c0\u03bf\u03c6\u03cd\u03b3\u03b5\u03c4\u03b5 \u03c4\u03b9\u03c2 \u03c5\u03c8\u03b7\u03bb\u03ad\u03c2 \u03c7\u03c1\u03b5\u03ce\u03c3\u03b5\u03b9\u03c2 \u03c4\u03c9\u03bd \u03b1\u03bb\u03c5\u03c3\u03af\u03b4\u03c9\u03bd \u03b5\u03bd\u03bf\u03b9\u03ba\u03af\u03b1\u03c3\u03b7\u03c2 \u03b1\u03c5\u03c4\u03bf\u03ba\u03b9\u03bd\u03ae\u03c4\u03c9\u03bd. \u0395\u03af\u03bc\u03b1\u03c3\u03c4\u03b5 \u03bf\u03b9\u03ba\u03bf\u03b3\u03b5\u03bd\u03b5\u03b9\u03b1\u03ba\u03ae \u03b5\u03c0\u03b9\u03c7\u03b5\u03af\u03c1\u03b7\u03c3\u03b7 \u03bc\u03b5 \u03c0\u03b5\u03af\u03c1\u03b1 \u03b1\u03c0\u03cc \u03c4\u03bf 1989 \u03ba\u03b1\u03b9 \u03c0\u03b1\u03c1\u03ad\u03c7\u03bf\u03c5\u03bc\u03b5 \u03c4\u03b1 \u03c0\u03b9\u03bf \u03ba\u03b1\u03b9\u03bd\u03bf\u03cd\u03c1\u03b3\u03b9\u03b1 \u03b1\u03c5\u03c4\u03bf\u03ba\u03af\u03bd\u03b7\u03c4\u03b1 \u03bc\u03b5 <b>\u03ad\u03ba\u03c0\u03c4\u03c9\u03c3\u03b7 \u03ad\u03c9\u03c2 \u03ba\u03b1\u03b9 15%<\/b> \u03b3\u03b9\u03b1 online \u03ba\u03c1\u03b1\u03c4\u03ae\u03c3\u03b5\u03b9\u03c2 \u03b3\u03b9\u03b1 \u03cc\u03bb\u03b7 \u03c4\u03b7 \u03c3\u03b5\u03b6\u03cc\u03bd.<\/p>\n","protected":false},"author":1,"featured_media":0,"parent":1267,"menu_order":0,"comment_status":"closed","ping_status":"closed","template":"page-templates\/contact.php","meta":{"footnotes":""},"class_list":["post-496","page","type-page","status-publish","hentry"],"yoast_head":"<!-- This site is optimized with the Yoast SEO plugin v27.1.1 - https:\/\/yoast.com\/product\/yoast-seo-wordpress\/ -->\n<title>Nos avantages - ParosEuropeanRent - Location de voitures \u00e0 Paros Gr\u00e8ce<\/title>\n<meta name=\"description\" content=\"Evitez les prix \u00e9lev\u00e9s des grandes compagnies de location. Nous sommes une entreprise familiale fiable et fournissons les voitures les plus r\u00e9centes pour des vacances sans soucis, \u00e0 des prix comp\u00e9titifs, en toute s\u00e9curit\u00e9 et avec un service 24h\/24.\" \/>\n<meta name=\"robots\" content=\"index, follow, max-snippet:-1, max-image-preview:large, max-video-preview:-1\" \/>\n<link rel=\"canonical\" href=\"https:\/\/parosrentcar.com\/fr\/notre-societe\/nos-avantages\/\" \/>\n<meta property=\"og:locale\" content=\"fr_FR\" \/>\n<meta property=\"og:type\" content=\"article\" \/>\n<meta property=\"og:title\" content=\"Nos avantages - ParosEuropeanRent - Location de voitures \u00e0 Paros Gr\u00e8ce\" \/>\n<meta property=\"og:description\" content=\"Evitez les prix \u00e9lev\u00e9s des grandes compagnies de location. Nous sommes une entreprise familiale fiable et fournissons les voitures les plus r\u00e9centes pour des vacances sans soucis, \u00e0 des prix comp\u00e9titifs, en toute s\u00e9curit\u00e9 et avec un service 24h\/24.\" \/>\n<meta property=\"og:url\" content=\"https:\/\/parosrentcar.com\/fr\/notre-societe\/nos-avantages\/\" \/>\n<meta property=\"og:site_name\" content=\"Location de voitures \u00e0 Paros Gr\u00e8ce - ParosEuropeanRent\" \/>\n<meta property=\"article:publisher\" content=\"https:\/\/www.facebook.com\/paroscarrental\" \/>\n<meta property=\"article:modified_time\" content=\"2015-11-15T09:12:59+00:00\" \/>\n<meta name=\"twitter:label1\" content=\"Dur\u00e9e de lecture estim\u00e9e\" \/>\n\t<meta name=\"twitter:data1\" content=\"1 minute\" \/>\n<script type=\"application\/ld+json\" class=\"yoast-schema-graph\">{\"@context\":\"https:\/\/schema.org\",\"@graph\":[{\"@type\":\"WebPage\",\"@id\":\"https:\/\/parosrentcar.com\/fr\/notre-societe\/nos-avantages\/\",\"url\":\"https:\/\/parosrentcar.com\/fr\/notre-societe\/nos-avantages\/\",\"name\":\"Nos avantages - ParosEuropeanRent - Location de voitures \u00e0 Paros Gr\u00e8ce\",\"isPartOf\":{\"@id\":\"https:\/\/parosrentcar.com\/fr\/#website\"},\"datePublished\":\"2014-11-09T20:06:38+00:00\",\"dateModified\":\"2015-11-15T09:12:59+00:00\",\"description\":\"Evitez les prix \u00e9lev\u00e9s des grandes compagnies de location. Nous sommes une entreprise familiale fiable et fournissons les voitures les plus r\u00e9centes pour des vacances sans soucis, \u00e0 des prix comp\u00e9titifs, en toute s\u00e9curit\u00e9 et avec un service 24h\/24.\",\"breadcrumb\":{\"@id\":\"https:\/\/parosrentcar.com\/fr\/notre-societe\/nos-avantages\/#breadcrumb\"},\"inLanguage\":\"fr-FR\",\"potentialAction\":[{\"@type\":\"ReadAction\",\"target\":[\"https:\/\/parosrentcar.com\/fr\/notre-societe\/nos-avantages\/\"]}]},{\"@type\":\"BreadcrumbList\",\"@id\":\"https:\/\/parosrentcar.com\/fr\/notre-societe\/nos-avantages\/#breadcrumb\",\"itemListElement\":[{\"@type\":\"ListItem\",\"position\":1,\"name\":\"Home\",\"item\":\"https:\/\/parosrentcar.com\/fr\/\"},{\"@type\":\"ListItem\",\"position\":2,\"name\":\"NOTRE SOCIETE\",\"item\":\"https:\/\/parosrentcar.com\/fr\/notre-societe\/\"},{\"@type\":\"ListItem\",\"position\":3,\"name\":\"Nos avantages\"}]},{\"@type\":\"WebSite\",\"@id\":\"https:\/\/parosrentcar.com\/fr\/#website\",\"url\":\"https:\/\/parosrentcar.com\/fr\/\",\"name\":\"Location de voitures \u00e0 Paros Gr\u00e8ce - ParosEuropeanRent\",\"description\":\"Location de voiture, buggy, quad, atv, scooter, moto et v\u00e9lo \u00e0 Paros\",\"potentialAction\":[{\"@type\":\"SearchAction\",\"target\":{\"@type\":\"EntryPoint\",\"urlTemplate\":\"https:\/\/parosrentcar.com\/fr\/?s={search_term_string}\"},\"query-input\":{\"@type\":\"PropertyValueSpecification\",\"valueRequired\":true,\"valueName\":\"search_term_string\"}}],\"inLanguage\":\"fr-FR\"}]}<\/script>\n<!-- \/ Yoast SEO plugin. -->","yoast_head_json":{"title":"Nos avantages - ParosEuropeanRent - Location de voitures \u00e0 Paros Gr\u00e8ce","description":"Evitez les prix \u00e9lev\u00e9s des grandes compagnies de location. Nous sommes une entreprise familiale fiable et fournissons les voitures les plus r\u00e9centes pour des vacances sans soucis, \u00e0 des prix comp\u00e9titifs, en toute s\u00e9curit\u00e9 et avec un service 24h\/24.","robots":{"index":"index","follow":"follow","max-snippet":"max-snippet:-1","max-image-preview":"max-image-preview:large","max-video-preview":"max-video-preview:-1"},"canonical":"https:\/\/parosrentcar.com\/fr\/notre-societe\/nos-avantages\/","og_locale":"fr_FR","og_type":"article","og_title":"Nos avantages - ParosEuropeanRent - Location de voitures \u00e0 Paros Gr\u00e8ce","og_description":"Evitez les prix \u00e9lev\u00e9s des grandes compagnies de location. Nous sommes une entreprise familiale fiable et fournissons les voitures les plus r\u00e9centes pour des vacances sans soucis, \u00e0 des prix comp\u00e9titifs, en toute s\u00e9curit\u00e9 et avec un service 24h\/24.","og_url":"https:\/\/parosrentcar.com\/fr\/notre-societe\/nos-avantages\/","og_site_name":"Location de voitures \u00e0 Paros Gr\u00e8ce - ParosEuropeanRent","article_publisher":"https:\/\/www.facebook.com\/paroscarrental","article_modified_time":"2015-11-15T09:12:59+00:00","twitter_misc":{"Dur\u00e9e de lecture estim\u00e9e":"1 minute"},"schema":{"@context":"https:\/\/schema.org","@graph":[{"@type":"WebPage","@id":"https:\/\/parosrentcar.com\/fr\/notre-societe\/nos-avantages\/","url":"https:\/\/parosrentcar.com\/fr\/notre-societe\/nos-avantages\/","name":"Nos avantages - ParosEuropeanRent - Location de voitures \u00e0 Paros Gr\u00e8ce","isPartOf":{"@id":"https:\/\/parosrentcar.com\/fr\/#website"},"datePublished":"2014-11-09T20:06:38+00:00","dateModified":"2015-11-15T09:12:59+00:00","description":"Evitez les prix \u00e9lev\u00e9s des grandes compagnies de location. Nous sommes une entreprise familiale fiable et fournissons les voitures les plus r\u00e9centes pour des vacances sans soucis, \u00e0 des prix comp\u00e9titifs, en toute s\u00e9curit\u00e9 et avec un service 24h\/24.","breadcrumb":{"@id":"https:\/\/parosrentcar.com\/fr\/notre-societe\/nos-avantages\/#breadcrumb"},"inLanguage":"fr-FR","potentialAction":[{"@type":"ReadAction","target":["https:\/\/parosrentcar.com\/fr\/notre-societe\/nos-avantages\/"]}]},{"@type":"BreadcrumbList","@id":"https:\/\/parosrentcar.com\/fr\/notre-societe\/nos-avantages\/#breadcrumb","itemListElement":[{"@type":"ListItem","position":1,"name":"Home","item":"https:\/\/parosrentcar.com\/fr\/"},{"@type":"ListItem","position":2,"name":"NOTRE SOCIETE","item":"https:\/\/parosrentcar.com\/fr\/notre-societe\/"},{"@type":"ListItem","position":3,"name":"Nos avantages"}]},{"@type":"WebSite","@id":"https:\/\/parosrentcar.com\/fr\/#website","url":"https:\/\/parosrentcar.com\/fr\/","name":"Location de voitures \u00e0 Paros Gr\u00e8ce - ParosEuropeanRent","description":"Location de voiture, buggy, quad, atv, scooter, moto et v\u00e9lo \u00e0 Paros","potentialAction":[{"@type":"SearchAction","target":{"@type":"EntryPoint","urlTemplate":"https:\/\/parosrentcar.com\/fr\/?s={search_term_string}"},"query-input":{"@type":"PropertyValueSpecification","valueRequired":true,"valueName":"search_term_string"}}],"inLanguage":"fr-FR"}]}},"_links":{"self":[{"href":"https:\/\/parosrentcar.com\/fr\/wp-json\/wp\/v2\/pages\/496","targetHints":{"allow":["GET"]}}],"collection":[{"href":"https:\/\/parosrentcar.com\/fr\/wp-json\/wp\/v2\/pages"}],"about":[{"href":"https:\/\/parosrentcar.com\/fr\/wp-json\/wp\/v2\/types\/page"}],"author":[{"embeddable":true,"href":"https:\/\/parosrentcar.com\/fr\/wp-json\/wp\/v2\/users\/1"}],"replies":[{"embeddable":true,"href":"https:\/\/parosrentcar.com\/fr\/wp-json\/wp\/v2\/comments?post=496"}],"version-history":[{"count":3,"href":"https:\/\/parosrentcar.com\/fr\/wp-json\/wp\/v2\/pages\/496\/revisions"}],"predecessor-version":[{"id":1932,"href":"https:\/\/parosrentcar.com\/fr\/wp-json\/wp\/v2\/pages\/496\/revisions\/1932"}],"up":[{"embeddable":true,"href":"https:\/\/parosrentcar.com\/fr\/wp-json\/wp\/v2\/pages\/1267"}],"wp:attachment":[{"href":"https:\/\/parosrentcar.com\/fr\/wp-json\/wp\/v2\/media?parent=496"}],"curies":[{"name":"wp","href":"https:\/\/api.w.org\/{rel}","templated":true}]}}