{"id":416,"date":"2014-11-09T07:36:03","date_gmt":"2014-11-09T07:36:03","guid":{"rendered":"http:\/\/parosrentcar.com\/el\/?page_id=416"},"modified":"2016-01-16T17:37:01","modified_gmt":"2016-01-16T17:37:01","slug":"nos-references","status":"publish","type":"page","link":"https:\/\/parosrentcar.com\/fr\/notre-societe\/nos-references\/","title":{"rendered":"Nos r\u00e9f\u00e9rences \u2026.."},"content":{"rendered":"<p><img loading=\"lazy\" decoding=\"async\" class=\"alignright wp-image-561 size-full\" src=\"\/fr\/wp-content\/uploads\/2014\/11\/reccommendations.jpg\" alt=\"reccommendations\" width=\"300\" height=\"166\" \/><\/a><\/p>\n<p>La soci\u00e9t\u00e9 <strong>ParosEuropeanRent cars &amp; motos<\/strong>\u00a0est recommand\u00e9e par les plus grands guides touristiques\u00a0:<\/p>\n<ul>\n<li>The Greek Islands<\/li>\n<li>Kykladen<\/li>\n<li>Grekland<\/li>\n<li><a href=\"http:\/\/www.routard.com\/forum_message\/1477119\/location_voiture_paros.htm\">Routard<\/a><\/li>\n<\/ul>\n<p>&nbsp;<\/p>\n<p>&nbsp;<\/p>\n","protected":false},"excerpt":{"rendered":"<p>\u03a4\u03bf  \u03b3\u03c1\u03b1\u03c6\u03b5\u03af\u03bf \u03bc\u03b1\u03c2 ParosEuropeanRent car &#038; motor rental \u03c0\u03c1\u03bf\u03c4\u03b5\u03af\u03bd\u03b5\u03c4\u03b1\u03b9 \u03b1\u03c0\u03cc \u03c4\u03bf\u03c5\u03c2 \u03bc\u03b5\u03b3\u03b1\u03bb\u03cd\u03c4\u03b5\u03c1\u03bf\u03c5\u03c2 \u03c4\u03bf\u03c5\u03c1\u03b9\u03c3\u03c4\u03b9\u03ba\u03bf\u03cd\u03c2 \u03bf\u03b4\u03b7\u03b3\u03bf\u03cd\u03c2: The Greek Islands, Kykladen, Grekland, Routard<\/p>\n","protected":false},"author":1,"featured_media":0,"parent":1267,"menu_order":0,"comment_status":"closed","ping_status":"closed","template":"page-templates\/contact.php","meta":{"footnotes":""},"class_list":["post-416","page","type-page","status-publish","hentry"],"yoast_head":"<!-- This site is optimized with the Yoast SEO plugin v27.1.1 - https:\/\/yoast.com\/product\/yoast-seo-wordpress\/ -->\n<title>Nos r\u00e9f\u00e9rences \u2026 - ParosEuropeanRent - Location de voitures \u00e0 Paros Gr\u00e8ce<\/title>\n<meta name=\"description\" content=\"La soci\u00e9t\u00e9 ParosEuropeanRent cars &amp; motos est recommand\u00e9e par les plus grands guides touristiques\" \/>\n<meta name=\"robots\" content=\"index, follow, max-snippet:-1, max-image-preview:large, max-video-preview:-1\" \/>\n<link rel=\"canonical\" href=\"https:\/\/parosrentcar.com\/fr\/notre-societe\/nos-references\/\" \/>\n<meta property=\"og:locale\" content=\"fr_FR\" \/>\n<meta property=\"og:type\" content=\"article\" \/>\n<meta property=\"og:title\" content=\"Nos r\u00e9f\u00e9rences \u2026 - ParosEuropeanRent - Location de voitures \u00e0 Paros Gr\u00e8ce\" \/>\n<meta property=\"og:description\" content=\"La soci\u00e9t\u00e9 ParosEuropeanRent cars &amp; motos est recommand\u00e9e par les plus grands guides touristiques\" \/>\n<meta property=\"og:url\" content=\"https:\/\/parosrentcar.com\/fr\/notre-societe\/nos-references\/\" \/>\n<meta property=\"og:site_name\" content=\"Location de voitures \u00e0 Paros Gr\u00e8ce - ParosEuropeanRent\" \/>\n<meta property=\"article:publisher\" content=\"https:\/\/www.facebook.com\/paroscarrental\" \/>\n<meta property=\"article:modified_time\" content=\"2016-01-16T17:37:01+00:00\" \/>\n<meta property=\"og:image\" content=\"https:\/\/parosrentcar.com\/fr\/wp-content\/uploads\/2014\/11\/reccommendations.jpg\" \/>\n<script type=\"application\/ld+json\" class=\"yoast-schema-graph\">{\"@context\":\"https:\/\/schema.org\",\"@graph\":[{\"@type\":\"WebPage\",\"@id\":\"https:\/\/parosrentcar.com\/fr\/notre-societe\/nos-references\/\",\"url\":\"https:\/\/parosrentcar.com\/fr\/notre-societe\/nos-references\/\",\"name\":\"Nos r\u00e9f\u00e9rences \u2026 - ParosEuropeanRent - Location de voitures \u00e0 Paros Gr\u00e8ce\",\"isPartOf\":{\"@id\":\"https:\/\/parosrentcar.com\/fr\/#website\"},\"datePublished\":\"2014-11-09T07:36:03+00:00\",\"dateModified\":\"2016-01-16T17:37:01+00:00\",\"description\":\"La soci\u00e9t\u00e9 ParosEuropeanRent cars & motos est recommand\u00e9e par les plus grands guides touristiques\",\"breadcrumb\":{\"@id\":\"https:\/\/parosrentcar.com\/fr\/notre-societe\/nos-references\/#breadcrumb\"},\"inLanguage\":\"fr-FR\",\"potentialAction\":[{\"@type\":\"ReadAction\",\"target\":[\"https:\/\/parosrentcar.com\/fr\/notre-societe\/nos-references\/\"]}]},{\"@type\":\"BreadcrumbList\",\"@id\":\"https:\/\/parosrentcar.com\/fr\/notre-societe\/nos-references\/#breadcrumb\",\"itemListElement\":[{\"@type\":\"ListItem\",\"position\":1,\"name\":\"Home\",\"item\":\"https:\/\/parosrentcar.com\/fr\/\"},{\"@type\":\"ListItem\",\"position\":2,\"name\":\"NOTRE SOCIETE\",\"item\":\"https:\/\/parosrentcar.com\/fr\/notre-societe\/\"},{\"@type\":\"ListItem\",\"position\":3,\"name\":\"Nos r\u00e9f\u00e9rences \u2026..\"}]},{\"@type\":\"WebSite\",\"@id\":\"https:\/\/parosrentcar.com\/fr\/#website\",\"url\":\"https:\/\/parosrentcar.com\/fr\/\",\"name\":\"Location de voitures \u00e0 Paros Gr\u00e8ce - ParosEuropeanRent\",\"description\":\"Location de voiture, buggy, quad, atv, scooter, moto et v\u00e9lo \u00e0 Paros\",\"potentialAction\":[{\"@type\":\"SearchAction\",\"target\":{\"@type\":\"EntryPoint\",\"urlTemplate\":\"https:\/\/parosrentcar.com\/fr\/?s={search_term_string}\"},\"query-input\":{\"@type\":\"PropertyValueSpecification\",\"valueRequired\":true,\"valueName\":\"search_term_string\"}}],\"inLanguage\":\"fr-FR\"}]}<\/script>\n<!-- \/ Yoast SEO plugin. -->","yoast_head_json":{"title":"Nos r\u00e9f\u00e9rences \u2026 - ParosEuropeanRent - Location de voitures \u00e0 Paros Gr\u00e8ce","description":"La soci\u00e9t\u00e9 ParosEuropeanRent cars & motos est recommand\u00e9e par les plus grands guides touristiques","robots":{"index":"index","follow":"follow","max-snippet":"max-snippet:-1","max-image-preview":"max-image-preview:large","max-video-preview":"max-video-preview:-1"},"canonical":"https:\/\/parosrentcar.com\/fr\/notre-societe\/nos-references\/","og_locale":"fr_FR","og_type":"article","og_title":"Nos r\u00e9f\u00e9rences \u2026 - ParosEuropeanRent - Location de voitures \u00e0 Paros Gr\u00e8ce","og_description":"La soci\u00e9t\u00e9 ParosEuropeanRent cars & motos est recommand\u00e9e par les plus grands guides touristiques","og_url":"https:\/\/parosrentcar.com\/fr\/notre-societe\/nos-references\/","og_site_name":"Location de voitures \u00e0 Paros Gr\u00e8ce - ParosEuropeanRent","article_publisher":"https:\/\/www.facebook.com\/paroscarrental","article_modified_time":"2016-01-16T17:37:01+00:00","og_image":[{"url":"https:\/\/parosrentcar.com\/fr\/wp-content\/uploads\/2014\/11\/reccommendations.jpg","type":"","width":"","height":""}],"schema":{"@context":"https:\/\/schema.org","@graph":[{"@type":"WebPage","@id":"https:\/\/parosrentcar.com\/fr\/notre-societe\/nos-references\/","url":"https:\/\/parosrentcar.com\/fr\/notre-societe\/nos-references\/","name":"Nos r\u00e9f\u00e9rences \u2026 - ParosEuropeanRent - Location de voitures \u00e0 Paros Gr\u00e8ce","isPartOf":{"@id":"https:\/\/parosrentcar.com\/fr\/#website"},"datePublished":"2014-11-09T07:36:03+00:00","dateModified":"2016-01-16T17:37:01+00:00","description":"La soci\u00e9t\u00e9 ParosEuropeanRent cars & motos est recommand\u00e9e par les plus grands guides touristiques","breadcrumb":{"@id":"https:\/\/parosrentcar.com\/fr\/notre-societe\/nos-references\/#breadcrumb"},"inLanguage":"fr-FR","potentialAction":[{"@type":"ReadAction","target":["https:\/\/parosrentcar.com\/fr\/notre-societe\/nos-references\/"]}]},{"@type":"BreadcrumbList","@id":"https:\/\/parosrentcar.com\/fr\/notre-societe\/nos-references\/#breadcrumb","itemListElement":[{"@type":"ListItem","position":1,"name":"Home","item":"https:\/\/parosrentcar.com\/fr\/"},{"@type":"ListItem","position":2,"name":"NOTRE SOCIETE","item":"https:\/\/parosrentcar.com\/fr\/notre-societe\/"},{"@type":"ListItem","position":3,"name":"Nos r\u00e9f\u00e9rences \u2026.."}]},{"@type":"WebSite","@id":"https:\/\/parosrentcar.com\/fr\/#website","url":"https:\/\/parosrentcar.com\/fr\/","name":"Location de voitures \u00e0 Paros Gr\u00e8ce - ParosEuropeanRent","description":"Location de voiture, buggy, quad, atv, scooter, moto et v\u00e9lo \u00e0 Paros","potentialAction":[{"@type":"SearchAction","target":{"@type":"EntryPoint","urlTemplate":"https:\/\/parosrentcar.com\/fr\/?s={search_term_string}"},"query-input":{"@type":"PropertyValueSpecification","valueRequired":true,"valueName":"search_term_string"}}],"inLanguage":"fr-FR"}]}},"_links":{"self":[{"href":"https:\/\/parosrentcar.com\/fr\/wp-json\/wp\/v2\/pages\/416","targetHints":{"allow":["GET"]}}],"collection":[{"href":"https:\/\/parosrentcar.com\/fr\/wp-json\/wp\/v2\/pages"}],"about":[{"href":"https:\/\/parosrentcar.com\/fr\/wp-json\/wp\/v2\/types\/page"}],"author":[{"embeddable":true,"href":"https:\/\/parosrentcar.com\/fr\/wp-json\/wp\/v2\/users\/1"}],"replies":[{"embeddable":true,"href":"https:\/\/parosrentcar.com\/fr\/wp-json\/wp\/v2\/comments?post=416"}],"version-history":[{"count":4,"href":"https:\/\/parosrentcar.com\/fr\/wp-json\/wp\/v2\/pages\/416\/revisions"}],"predecessor-version":[{"id":2191,"href":"https:\/\/parosrentcar.com\/fr\/wp-json\/wp\/v2\/pages\/416\/revisions\/2191"}],"up":[{"embeddable":true,"href":"https:\/\/parosrentcar.com\/fr\/wp-json\/wp\/v2\/pages\/1267"}],"wp:attachment":[{"href":"https:\/\/parosrentcar.com\/fr\/wp-json\/wp\/v2\/media?parent=416"}],"curies":[{"name":"wp","href":"https:\/\/api.w.org\/{rel}","templated":true}]}}