{"id":2576,"date":"2018-07-11T09:56:00","date_gmt":"2018-07-11T09:56:00","guid":{"rendered":"https:\/\/parosrentcar.com\/fr\/?page_id=2576"},"modified":"2018-07-11T10:12:36","modified_gmt":"2018-07-11T10:12:36","slug":"politique-de-confidentialite","status":"publish","type":"page","link":"https:\/\/parosrentcar.com\/fr\/politique-de-confidentialite\/","title":{"rendered":"Politique de confidentialite"},"content":{"rendered":"<p><strong>S\u00e9curit\u00e9 &amp; Donn\u00e9es personnelles Paros European Rent<\/strong><br \/>\nDans le respect des principes et exigences de protection des donn\u00e9es \u00e0 caract\u00e8re personnel et de courriers \u00e9lectroniques\u00a0 notre \u00a0compagnie \u00ab\u00a0ParosEuropean Rent\u00a0\u00bb s\u2019 engage \u00e0 la pr\u00e9servation de la politique de confidentialit\u00e9 au respect de la protection desdonn\u00e9es. Toute information \u00e0 caract\u00e8re personnel, est susceptible d\u2019\u00eatre trait\u00e9e comme confidentielle selon la conformit\u00e9 \u00e0 la l\u00e9gislation et r\u00e9glementation en vigueur concernant le respect de la vie priv\u00e9e et des donn\u00e9es personnelles.<\/p>\n<p><strong>G\u00e9n\u00e9ral<\/strong><br \/>\nNotre compagniecollecte les donn\u00e9es personnelles des utilisateurs de notre sitesous consentement,et les traiteafin d\u2019avoir une communication directe avec nos clients. Notre objectif est de fournir des r\u00e9ponses \u00e0 des sujets particuliers, de proposer des services et de r\u00e9aliser des commandes. Les informations collect\u00e9es par notre entreprise dans le mode de gestion des cookies de notre site, a comme but de tracer les cookiescomme mesure d\u2019audience, de demande et ainsi faciliter le contact avec l\u2019entreprise. Notre compagnieassure la s\u00e9curit\u00e9 des traitements et des donn\u00e9es vers toute personne ou organisation visitant nos sites internet ou toute information concernant utilisateur ou client.<\/p>\n<p><strong>Collecte d\u2019infos <\/strong><br \/>\nNotre site internet est ainsi dessin\u00e9 afin que chaque utilisateur puisse le visiter sans qu\u2019il r\u00e9v\u00e8le son identit\u00e9, sauf s\u2019il le d\u00e9sire. Les visiteurs de notre site sont pri\u00e9s de fournir leurs donn\u00e9es personnelles seulement au cas o\u00f9 ils d\u00e9sirent proc\u00e9der \u00e0 une r\u00e9servation ou demander des pr\u00e9cisions sur un v\u00e9hicule.<\/p>\n<p><strong>Utilisation des renseignements collect\u00e9s<\/strong><br \/>\nNotre site collecte deux types d\u2019infos concernant les utilisateurs\u00a0:(1) donn\u00e9es fournies par l\u2019utilisateur afin de proc\u00e9der \u00e0 la r\u00e9servation d\u2019un v\u00e9hicule, (2) donn\u00e9es fournies par l\u2019utilisateur dans le but de demander des pr\u00e9cisions sur un v\u00e9hicule.Lors de votre inscription pour un compte client, on vous demande obligatoirement votre nom et pr\u00e9nom, votre adresse \u00e9lectronique, votre \u00e2ge, votre num\u00e9ro de t\u00e9l\u00e9phone, des informations relatives \u00e0 votre carte de cr\u00e9dit. Les informations ci-dessus sont collect\u00e9es dans le but de compl\u00e9ter votre demande de r\u00e9servation ou vous donner des pr\u00e9cisions sur un v\u00e9hicule pr\u00e9cis.<\/p>\n<p><strong>Acc\u00e8s aux donn\u00e9es <\/strong><br \/>\nTout traitement de commande ou question pr\u00e9suppose la collecte des donn\u00e9es priv\u00e9es, concernant livraison ou r\u00e9servation de v\u00e9hicule. L\u2019utilisation de carte-cr\u00e9dit \u00e9galement, dont le d\u00e9bit se fait via des \u00e9l\u00e9ments justificatifs d\u2019identification de propri\u00e9taire l\u00e9gitime est assur\u00e9e seule la premi\u00e8re fois en tout cas.<\/p>\n<p>Tout justificatif et document certifiant et attestant l\u2019identit\u00e9 du client reste strictement confidentiel et est contr\u00f4l\u00e9 seulement par l\u2019employ\u00e9 administratif responsable. La pr\u00e9sentation de vos donn\u00e9es personnelles signifie que vous consentez \u00e0 ce que ces donn\u00e9es soient utilis\u00e9es par nos employ\u00e9s pour les raisons d\u00e9crites ci-dessus.<br \/>\nDans aucun autre cas, notre soci\u00e9t\u00e9 ne peut partager vos informations priv\u00e9es avec d&rsquo;autres, sans votre consentement pr\u00e9alable, \u00e0 moins que cela ne soit requis par des moyens l\u00e9gaux.<\/p>\n<p><strong>Chiffrement de donn\u00e9es<\/strong><br \/>\nDu d\u00e9but \u00e0 la fin de la session en ligne avec notre site Web, tous les renseignements et donn\u00e9es personnels de l&rsquo;utilisateur \/ client sont crypt\u00e9es sur la base du protocole d\u2019encodage SSL 128 bits.<br \/>\nLe chiffrement est effectivement un moyen de coder l&rsquo;information dans le but d\u2019atteindre son destinataire pr\u00e9vu, lequel sera capable de le d\u00e9coder en utilisant la cl\u00e9 appropri\u00e9e. Chaque fois que l&rsquo;utilisateur est connect\u00e9 sur notre site Web, toute communication entre l&rsquo;ordinateur de l&rsquo;utilisateur et les syst\u00e8mes de notre entreprise est crypt\u00e9e \u00e0 l&rsquo;aide d&rsquo;une cl\u00e9 de 128 bits.\u00a0 En d\u2019autres termes, chaque fois qu\u2019il envoie des informations vers le syst\u00e8me, le navigateur-web les crypte initialement en utilisant une cl\u00e9 de 128 bits, puis les envoie au syst\u00e8me.<br \/>\nNotre syst\u00e8me d&rsquo;entreprise d\u00e9chiffre d&rsquo;abord les informations qu&rsquo;il re\u00e7oit en utilisant la m\u00eame cl\u00e9 (qui est pr\u00e9d\u00e9termin\u00e9e lorsque l&rsquo;utilisateur commence \u00e0 se connecter au service), et par la suite il les traite.<\/p>\n<p><strong>Donn\u00e9es personnelles-<\/strong><strong>Transactions s\u00e9curis\u00e9es<\/strong><br \/>\nLes donn\u00e9es des utilisateurs (nom, adresse \u00e9lectronique, adresse domicile, \u00e2ge, num\u00e9ro de t\u00e9l\u00e9phone portable, informations relatives \u00e0 votre carte de cr\u00e9dit) ainsi que leurs transactions sont consid\u00e9r\u00e9es comme priv\u00e9es, comme par exemple les transactions \u00e0 un commerce.<br \/>\nLes utilisateurs fournissant leurs coordonn\u00e9es dans le cadre de leurs transactions, tel est le cas actuel, seront inform\u00e9s par l&rsquo;entreprise et consentent et acceptent le traitement de leurs donn\u00e9es personnelles imminent, aux fins d&rsquo;une transaction fluide et facile entre les deux parties, ainsi que la transmission de ces donn\u00e9es aux destinataires qui seront sp\u00e9cifiquement d\u00e9finis et ce sont les employ\u00e9s dans le processus de l\u2019 accomplissementdes formalit\u00e9s de l&rsquo;information ou de la commande demand\u00e9e.<br \/>\nIl est assur\u00e9 que seuls les employ\u00e9s autoris\u00e9s ont acc\u00e8s aux informations concernant les transactions et uniquement lorsque cela est consid\u00e9r\u00e9 n\u00e9cessaire. Pour le reste, l&rsquo;entreprise s&rsquo;engage \u00e0 ne pas divulguer les coordonn\u00e9es de ses clients et leurs transactions, sauf si elle dispose d&rsquo;une autorisation \u00e9crite de leur part ou si elle est impos\u00e9e par une d\u00e9cision judiciaire ou une d\u00e9cision d&rsquo;une autre autorit\u00e9 publique.<\/p>\n<p><strong>Rectification et effacement des donn\u00e9es personnelles<\/strong><br \/>\nNotre soci\u00e9t\u00e9 utilise les informations que vous nous fournissez lors de la soumission \u00e9lectronique du formulaire, dans le but de vous contacter concernant (i) l&rsquo;ex\u00e9cution de la commande (ii) la livraison du v\u00e9hicule, (iii) la confirmation et l&rsquo;identification du client dans tous les cas, (iii) des produits nouveaux ou alternatifs offerts, (iv) des offres sp\u00e9ciales. Vous avez la possibilit\u00e9 de choisir si vous souhaitez ou non,\u00a0\u00a0 recevoir de telles communications en envoyant votre demande par e-mail \u00e0 l\u2019 adresse \u00e9lectronique suivante <a href=\"mailto:info@parosrentcar.com\">info@parosrentcar.com<\/a>.<\/p>\n<p>Le visiteur \/ utilisateur peut contacter notre webmaster afin de v\u00e9rifier l\u2019existence de son compte-client, le corriger, le rectifier ou l\u2019effacer par email \u00e0 l\u2019adresse suivante <u>info@parosrentcar.com<\/u><\/p>\n<p>Nous nous essayons de n\u2019enregistrer vos donn\u00e9es personnelles que vous nous fournissez qu\u2019aussi longtemps que cela est n\u00e9cessaire aux fins pour lesquelles elles ont \u00e9t\u00e9 collect\u00e9es ou par respect \u00e0 la demande de chaque individu ou jusqu&rsquo;\u00e0 ce que l\u2019effacement soit demand\u00e9par le client (et en tout cas pas plus de 5 ans, sauf si on continue \u00e0 respecter les obligations l\u00e9gales de conservation.)<\/p>\n<p><strong>Mise \u00e0 jour sur les cookies<\/strong><br \/>\nNotre entreprise peut recueillir des donn\u00e9es d&rsquo;identification des navigateurs sur notre site Web en utilisant les technologies correspondantes telles que les cookies et \/ ou le suivi d&rsquo;adresse IP (Internet Protocol). Les cookies sont de petits fichiers texte qui sont stock\u00e9s sur le disque dur de chaque visiteur \/ utilisateur et ne sont au courant d\u2019aucun document ou fichier de leur ordinateur.<\/p>\n<p>Ils sont utilis\u00e9s pour faciliter l&rsquo;acc\u00e8s du visiteur \/ utilisateur en ce qui concerne l\u2019utilisation de services pr\u00e9cises sur les pages de www.parosrentcar.com\u00a0et \u00e0 des fins statistiques. Ces donn\u00e9es peuvent \u00e9galement contenir le type de navigateur utilis\u00e9 par le visiteur \/ utilisateur, le type d&rsquo;ordinateur, son syst\u00e8me d&rsquo;exploitation, les fournisseurs de services Internet et d&rsquo;autres informations de ce type.<\/p>\n<p>En outre, le syst\u00e8me d&rsquo;information de www.parosrentcar.com\u00a0recueille automatiquement des informations sur les sites visit\u00e9s par le navigateur \/ utilisateur et sur les liens vers des sites Web de tiers qu&rsquo;il a la possibilit\u00e9 de choisir gr\u00e2ce \u00e0 l&rsquo;utilisation de www.parosrentcar.com<\/p>\n<p>Gr\u00e2ce au m\u00e9canisme, d\u2019acceptation ou non, des cookies que nous avons cr\u00e9\u00e9s et apparaissent en bas de page, vous pouvez emp\u00eacher leur int\u00e9gration. Bien que la plupart des navigateurs acceptent automatiquement les cookies, vous pouvez \u00e9galement choisir d&rsquo;accepter ou non les cookies via les param\u00e8tres de votre navigateur (option souvent pr\u00e9sente au menu Outils ou Pr\u00e9f\u00e9rences de votre navigateur). Vous pouvez de m\u00eame effacer les cookies de votre appareil \u00e0 tout moment. N\u00e9anmoins, il est important que vous sachiez que si vous n&rsquo;acceptez pas les cookies, vous ne pourrez peut-\u00eatre pas comprendre toutes les fonctionnalit\u00e9s de notre site.<\/p>\n<p>www.parosrentcar.com\u00a0utilise Google Analytics. Vous trouverez des informations suppl\u00e9mentaires sur le service d\u2019 analyse d\u2019 audience \u00a0Google Analytics par KPMG \u00e0 l\u2019 adresse suivante: <a href=\"http:\/\/www.google.com\/analytics\/learn\/privacy.html\">http:\/\/www.google.com\/analytics\/learn\/privacy.html<\/a>.<\/p>\n<p>Www.parosrentcar.com peut contenir des fonctionnalit\u00e9s que vous pouvez partager via des applications de r\u00e9seautage social de tiers telles que le bouton Facebook Like, le widget Twitter et Google Plus. Ces applications de r\u00e9seautage \u00a0social peuvent collecter et utiliser des informations concernant l\u2019 utilisation de <a href=\"https:\/\/www.parosrentcar.com\">www.parosrentcar.com<\/a> de votre part.<\/p>\n<p>Toute information personnelle que vous fournissez par le biais de telles applications de r\u00e9seautage social peut \u00eatre collect\u00e9e et utilis\u00e9e par d&rsquo;autres membres de cette application de r\u00e9seau social et ces \u00e9changes sont r\u00e9gis par les politiques de confidentialit\u00e9 des soci\u00e9t\u00e9s de mise en \u0153uvre. Nous n&rsquo;avons pas le contr\u00f4le ou la responsabilit\u00e9 de ces soci\u00e9t\u00e9s ou l&rsquo;utilisation de vos informations de leur part.<\/p>\n<p>En outre, www.parosrentcar.com\u00a0peut accueillir des blogs, forums et autres applications et services (collectivement appel\u00e9s \u00ab r\u00e9seautage social \u00bb). Le but des fonctionnalit\u00e9s de r\u00e9seaux sociaux est de faciliter l&rsquo;\u00e9change d&rsquo;informations et de contenu. Tout renseignement priv\u00e9 que vous fournissez \u00e0 quiconque fonction de m\u00e9dias sociaux www.parosrentcar.com\u00a0peut \u00eatre divulgu\u00e9 \u00e0 d&rsquo;autres utilisateurs de ce mode moyen de r\u00e9seautage social (sauf indication diff\u00e9rente durant la collecte), sur lesquels nous pouvons avoir peu ou pas contr\u00f4le.<\/p>\n<p>Ce site www.parosrentcar.com\u00a0contient des liens vers d&rsquo;autres sites qui sont sous la responsabilit\u00e9 de tiers (personnes physiques ou morales). En aucun cas, notre entreprise n&rsquo;est responsable des termes de la politique de confidentialit\u00e9 que ces sites suivent.<\/p>\n<p><strong>Limitation de responsabilit\u00e9 de \u00ab\u00a0ParosEuropean Rent\u00a0\u00bb \u2013 Clause de non responsabilit\u00e9<\/strong><br \/>\nLe contenu de www.parosrentcar.com\u00a0est mis \u00e0 disposition \u00ab tant que tel \u00bb et notre soci\u00e9t\u00e9 ne fournit aucune garantie, expresse ou implicite, quant \u00e0 l&rsquo;exhaustivit\u00e9, l&rsquo;exactitude, la rapidit\u00e9, la commercialit\u00e9, la non-contrefa\u00e7on ou l&rsquo;ad\u00e9quation de ce contenu pour toute utilisation, application ou but.<\/p>\n<p>Notre soci\u00e9t\u00e9 en toute circonstance, y compris le cas den\u00e9gligence, ne peut \u00eatre responsable de tout dommage que le visiteur \/ utilisateur entra\u00eene, les services, les options et le contenu de www.parosrentcar.com\u00a0o\u00f9 il a acc\u00e8s soussa propre initiative et sous familiarit\u00e9des conditions actuelles. Egalement, notre soci\u00e9t\u00e9 ne garantit pas que les pages, les services, les options et le contenu seront fournis sans interruption, sans erreur, que les d\u00e9fauts seront corrig\u00e9s ou qu&rsquo;ils auront des r\u00e9ponses \u00e0 toute question.En outre, notre entreprise ne garantit pas que notre site ou tout autre site li\u00e9 ou \u00ab serveurs \u00bb par lesquels le contenu est mis \u00e0 la disposition des visiteurs \/ utilisateurs est fourni sans \u00ab virus \u00bb ou d&rsquo;autres composants nuisibles. Le co\u00fbt d&rsquo;\u00e9ventuelles corrections ou services est assum\u00e9 par le visiteur \/ utilisateur et en aucun cas par notre activit\u00e9.<\/p>\n<p><strong>Acceptation des proc\u00e9dures de confidentialit\u00e9<\/strong><br \/>\nSi vous utilisez ce site, vous acceptez et consentez \u00e0 cette d\u00e9claration de confidentialit\u00e9 ainsi qu&rsquo;aux termes et conditions d&rsquo;utilisation du site qui y est communiqu\u00e9.<\/p>\n","protected":false},"excerpt":{"rendered":"<p>S\u00e9curit\u00e9 &amp; Donn\u00e9es personnelles Paros European Rent Dans le respect des principes et exigences de protection des donn\u00e9es \u00e0 caract\u00e8re personnel et de courriers \u00e9lectroniques\u00a0 notre \u00a0compagnie \u00ab\u00a0ParosEuropean Rent\u00a0\u00bb s\u2019 engage \u00e0 la pr\u00e9servation de la politique de confidentialit\u00e9 au respect de la protection desdonn\u00e9es. Toute information \u00e0 caract\u00e8re personnel, est susceptible d\u2019\u00eatre trait\u00e9e comme confidentielle selon la conformit\u00e9 \u00e0 la l\u00e9gislation et r\u00e9glementation en vigueur concernant le respect de la vie priv\u00e9e et des donn\u00e9es personnelles. G\u00e9n\u00e9ral Notre compagniecollecte les donn\u00e9es personnelles des utilisateurs de notre sitesous consentement,et les traiteafin d\u2019avoir une communication directe avec nos clients. Notre objectif est de fournir des r\u00e9ponses \u00e0 des sujets particuliers, de [&hellip;]<\/p>\n","protected":false},"author":1,"featured_media":0,"parent":0,"menu_order":0,"comment_status":"closed","ping_status":"closed","template":"","meta":{"footnotes":""},"class_list":["post-2576","page","type-page","status-publish","hentry"],"yoast_head":"<!-- This site is optimized with the Yoast SEO plugin v27.1.1 - https:\/\/yoast.com\/product\/yoast-seo-wordpress\/ -->\n<title>Politique de confidentialite -Location de voitures \u00e0 Paros Gr\u00e8ce<\/title>\n<meta name=\"description\" content=\"Politique de confidentialite -Location de voitures \u00e0 prix comp\u00e9titifs, offres sp\u00e9ciales et r\u00e9ductions sur les locations auto \u00e0 Paros Gr\u00e8ce\" \/>\n<meta name=\"robots\" content=\"index, follow, max-snippet:-1, max-image-preview:large, max-video-preview:-1\" \/>\n<link rel=\"canonical\" href=\"https:\/\/parosrentcar.com\/fr\/politique-de-confidentialite\/\" \/>\n<meta property=\"og:locale\" content=\"fr_FR\" \/>\n<meta property=\"og:type\" content=\"article\" \/>\n<meta property=\"og:title\" content=\"Politique de confidentialite -Location de voitures \u00e0 Paros Gr\u00e8ce\" \/>\n<meta property=\"og:description\" content=\"Politique de confidentialite -Location de voitures \u00e0 prix comp\u00e9titifs, offres sp\u00e9ciales et r\u00e9ductions sur les locations auto \u00e0 Paros Gr\u00e8ce\" \/>\n<meta property=\"og:url\" content=\"https:\/\/parosrentcar.com\/fr\/politique-de-confidentialite\/\" \/>\n<meta property=\"og:site_name\" content=\"Location de voitures \u00e0 Paros Gr\u00e8ce - ParosEuropeanRent\" \/>\n<meta property=\"article:publisher\" content=\"https:\/\/www.facebook.com\/paroscarrental\" \/>\n<meta property=\"article:modified_time\" content=\"2018-07-11T10:12:36+00:00\" \/>\n<meta name=\"twitter:label1\" content=\"Dur\u00e9e de lecture estim\u00e9e\" \/>\n\t<meta name=\"twitter:data1\" content=\"10 minutes\" \/>\n<script type=\"application\/ld+json\" class=\"yoast-schema-graph\">{\"@context\":\"https:\/\/schema.org\",\"@graph\":[{\"@type\":\"WebPage\",\"@id\":\"https:\/\/parosrentcar.com\/fr\/politique-de-confidentialite\/\",\"url\":\"https:\/\/parosrentcar.com\/fr\/politique-de-confidentialite\/\",\"name\":\"Politique de confidentialite -Location de voitures \u00e0 Paros Gr\u00e8ce\",\"isPartOf\":{\"@id\":\"https:\/\/parosrentcar.com\/fr\/#website\"},\"datePublished\":\"2018-07-11T09:56:00+00:00\",\"dateModified\":\"2018-07-11T10:12:36+00:00\",\"description\":\"Politique de confidentialite -Location de voitures \u00e0 prix comp\u00e9titifs, offres sp\u00e9ciales et r\u00e9ductions sur les locations auto \u00e0 Paros Gr\u00e8ce\",\"breadcrumb\":{\"@id\":\"https:\/\/parosrentcar.com\/fr\/politique-de-confidentialite\/#breadcrumb\"},\"inLanguage\":\"fr-FR\",\"potentialAction\":[{\"@type\":\"ReadAction\",\"target\":[\"https:\/\/parosrentcar.com\/fr\/politique-de-confidentialite\/\"]}]},{\"@type\":\"BreadcrumbList\",\"@id\":\"https:\/\/parosrentcar.com\/fr\/politique-de-confidentialite\/#breadcrumb\",\"itemListElement\":[{\"@type\":\"ListItem\",\"position\":1,\"name\":\"Home\",\"item\":\"https:\/\/parosrentcar.com\/fr\/\"},{\"@type\":\"ListItem\",\"position\":2,\"name\":\"Politique de confidentialite\"}]},{\"@type\":\"WebSite\",\"@id\":\"https:\/\/parosrentcar.com\/fr\/#website\",\"url\":\"https:\/\/parosrentcar.com\/fr\/\",\"name\":\"Location de voitures \u00e0 Paros Gr\u00e8ce - ParosEuropeanRent\",\"description\":\"Location de voiture, buggy, quad, atv, scooter, moto et v\u00e9lo \u00e0 Paros\",\"potentialAction\":[{\"@type\":\"SearchAction\",\"target\":{\"@type\":\"EntryPoint\",\"urlTemplate\":\"https:\/\/parosrentcar.com\/fr\/?s={search_term_string}\"},\"query-input\":{\"@type\":\"PropertyValueSpecification\",\"valueRequired\":true,\"valueName\":\"search_term_string\"}}],\"inLanguage\":\"fr-FR\"}]}<\/script>\n<!-- \/ Yoast SEO plugin. -->","yoast_head_json":{"title":"Politique de confidentialite -Location de voitures \u00e0 Paros Gr\u00e8ce","description":"Politique de confidentialite -Location de voitures \u00e0 prix comp\u00e9titifs, offres sp\u00e9ciales et r\u00e9ductions sur les locations auto \u00e0 Paros Gr\u00e8ce","robots":{"index":"index","follow":"follow","max-snippet":"max-snippet:-1","max-image-preview":"max-image-preview:large","max-video-preview":"max-video-preview:-1"},"canonical":"https:\/\/parosrentcar.com\/fr\/politique-de-confidentialite\/","og_locale":"fr_FR","og_type":"article","og_title":"Politique de confidentialite -Location de voitures \u00e0 Paros Gr\u00e8ce","og_description":"Politique de confidentialite -Location de voitures \u00e0 prix comp\u00e9titifs, offres sp\u00e9ciales et r\u00e9ductions sur les locations auto \u00e0 Paros Gr\u00e8ce","og_url":"https:\/\/parosrentcar.com\/fr\/politique-de-confidentialite\/","og_site_name":"Location de voitures \u00e0 Paros Gr\u00e8ce - ParosEuropeanRent","article_publisher":"https:\/\/www.facebook.com\/paroscarrental","article_modified_time":"2018-07-11T10:12:36+00:00","twitter_misc":{"Dur\u00e9e de lecture estim\u00e9e":"10 minutes"},"schema":{"@context":"https:\/\/schema.org","@graph":[{"@type":"WebPage","@id":"https:\/\/parosrentcar.com\/fr\/politique-de-confidentialite\/","url":"https:\/\/parosrentcar.com\/fr\/politique-de-confidentialite\/","name":"Politique de confidentialite -Location de voitures \u00e0 Paros Gr\u00e8ce","isPartOf":{"@id":"https:\/\/parosrentcar.com\/fr\/#website"},"datePublished":"2018-07-11T09:56:00+00:00","dateModified":"2018-07-11T10:12:36+00:00","description":"Politique de confidentialite -Location de voitures \u00e0 prix comp\u00e9titifs, offres sp\u00e9ciales et r\u00e9ductions sur les locations auto \u00e0 Paros Gr\u00e8ce","breadcrumb":{"@id":"https:\/\/parosrentcar.com\/fr\/politique-de-confidentialite\/#breadcrumb"},"inLanguage":"fr-FR","potentialAction":[{"@type":"ReadAction","target":["https:\/\/parosrentcar.com\/fr\/politique-de-confidentialite\/"]}]},{"@type":"BreadcrumbList","@id":"https:\/\/parosrentcar.com\/fr\/politique-de-confidentialite\/#breadcrumb","itemListElement":[{"@type":"ListItem","position":1,"name":"Home","item":"https:\/\/parosrentcar.com\/fr\/"},{"@type":"ListItem","position":2,"name":"Politique de confidentialite"}]},{"@type":"WebSite","@id":"https:\/\/parosrentcar.com\/fr\/#website","url":"https:\/\/parosrentcar.com\/fr\/","name":"Location de voitures \u00e0 Paros Gr\u00e8ce - ParosEuropeanRent","description":"Location de voiture, buggy, quad, atv, scooter, moto et v\u00e9lo \u00e0 Paros","potentialAction":[{"@type":"SearchAction","target":{"@type":"EntryPoint","urlTemplate":"https:\/\/parosrentcar.com\/fr\/?s={search_term_string}"},"query-input":{"@type":"PropertyValueSpecification","valueRequired":true,"valueName":"search_term_string"}}],"inLanguage":"fr-FR"}]}},"_links":{"self":[{"href":"https:\/\/parosrentcar.com\/fr\/wp-json\/wp\/v2\/pages\/2576","targetHints":{"allow":["GET"]}}],"collection":[{"href":"https:\/\/parosrentcar.com\/fr\/wp-json\/wp\/v2\/pages"}],"about":[{"href":"https:\/\/parosrentcar.com\/fr\/wp-json\/wp\/v2\/types\/page"}],"author":[{"embeddable":true,"href":"https:\/\/parosrentcar.com\/fr\/wp-json\/wp\/v2\/users\/1"}],"replies":[{"embeddable":true,"href":"https:\/\/parosrentcar.com\/fr\/wp-json\/wp\/v2\/comments?post=2576"}],"version-history":[{"count":6,"href":"https:\/\/parosrentcar.com\/fr\/wp-json\/wp\/v2\/pages\/2576\/revisions"}],"predecessor-version":[{"id":2582,"href":"https:\/\/parosrentcar.com\/fr\/wp-json\/wp\/v2\/pages\/2576\/revisions\/2582"}],"wp:attachment":[{"href":"https:\/\/parosrentcar.com\/fr\/wp-json\/wp\/v2\/media?parent=2576"}],"curies":[{"name":"wp","href":"https:\/\/api.w.org\/{rel}","templated":true}]}}