{"id":25,"date":"2014-11-07T13:48:56","date_gmt":"2014-11-07T13:48:56","guid":{"rendered":"http:\/\/parosrentcar.com\/el\/?page_id=25"},"modified":"2015-11-15T08:54:38","modified_gmt":"2015-11-15T08:54:38","slug":"contact-situation","status":"publish","type":"page","link":"https:\/\/parosrentcar.com\/fr\/notre-societe\/contact-situation\/","title":{"rendered":"Contact \u2013 Situation"},"content":{"rendered":"<ul>\n<li><strong>Agence: +30 22840. 21771<\/strong><\/li>\n<li><strong>Mobile\u00a0 (Vassilis Parais): +30 697.74.02.836<\/strong><\/li>\n<li><strong>Fax: +30 22840.23681<\/strong><\/li>\n<li><strong>Email:<\/strong> <span class=\"value\"><a href=\"mailto:parosrentcar@gmail.com\">parosrentcar@gmail.com<\/a><\/span><\/li>\n<li><strong>Adresse: Paroikia \u2013 Paros 84400 Cyclades, Gr\u00e8ce\u00a0 <\/strong><\/li>\n<\/ul>\n","protected":false},"excerpt":{"rendered":"<p>Agence: +30 22840. 21771 Mobile\u00a0 (Vassilis Parais): +30 697.74.02.836 Fax: +30 22840.23681 Email: parosrentcar@gmail.com Adresse: Paroikia \u2013 Paros 84400 Cyclades, Gr\u00e8ce\u00a0<\/p>\n","protected":false},"author":1,"featured_media":0,"parent":1267,"menu_order":0,"comment_status":"closed","ping_status":"closed","template":"page-templates\/contact.php","meta":{"footnotes":""},"class_list":["post-25","page","type-page","status-publish","hentry"],"yoast_head":"<!-- This site is optimized with the Yoast SEO plugin v27.1.1 - https:\/\/yoast.com\/product\/yoast-seo-wordpress\/ -->\n<title>Contact \u2013 Situation -Location de voitures \u00e0 Paros Gr\u00e8ce<\/title>\n<meta name=\"description\" content=\"Contact - Situation ParosEuropeanRent Paros - Adresse: Paroikia \u2013 Paros 84400 Cyclades, Gr\u00e8ce\" \/>\n<meta name=\"robots\" content=\"index, follow, max-snippet:-1, max-image-preview:large, max-video-preview:-1\" \/>\n<link rel=\"canonical\" href=\"https:\/\/parosrentcar.com\/fr\/notre-societe\/contact-situation\/\" \/>\n<meta property=\"og:locale\" content=\"fr_FR\" \/>\n<meta property=\"og:type\" content=\"article\" \/>\n<meta property=\"og:title\" content=\"Contact \u2013 Situation -Location de voitures \u00e0 Paros Gr\u00e8ce\" \/>\n<meta property=\"og:description\" content=\"Contact - Situation ParosEuropeanRent Paros - Adresse: Paroikia \u2013 Paros 84400 Cyclades, Gr\u00e8ce\" \/>\n<meta property=\"og:url\" content=\"https:\/\/parosrentcar.com\/fr\/notre-societe\/contact-situation\/\" \/>\n<meta property=\"og:site_name\" content=\"Location de voitures \u00e0 Paros Gr\u00e8ce - ParosEuropeanRent\" \/>\n<meta property=\"article:publisher\" content=\"https:\/\/www.facebook.com\/paroscarrental\" \/>\n<meta property=\"article:modified_time\" content=\"2015-11-15T08:54:38+00:00\" \/>\n<script type=\"application\/ld+json\" class=\"yoast-schema-graph\">{\"@context\":\"https:\/\/schema.org\",\"@graph\":[{\"@type\":\"WebPage\",\"@id\":\"https:\/\/parosrentcar.com\/fr\/notre-societe\/contact-situation\/\",\"url\":\"https:\/\/parosrentcar.com\/fr\/notre-societe\/contact-situation\/\",\"name\":\"Contact \u2013 Situation -Location de voitures \u00e0 Paros Gr\u00e8ce\",\"isPartOf\":{\"@id\":\"https:\/\/parosrentcar.com\/fr\/#website\"},\"datePublished\":\"2014-11-07T13:48:56+00:00\",\"dateModified\":\"2015-11-15T08:54:38+00:00\",\"description\":\"Contact - Situation ParosEuropeanRent Paros - Adresse: Paroikia \u2013 Paros 84400 Cyclades, Gr\u00e8ce\",\"breadcrumb\":{\"@id\":\"https:\/\/parosrentcar.com\/fr\/notre-societe\/contact-situation\/#breadcrumb\"},\"inLanguage\":\"fr-FR\",\"potentialAction\":[{\"@type\":\"ReadAction\",\"target\":[\"https:\/\/parosrentcar.com\/fr\/notre-societe\/contact-situation\/\"]}]},{\"@type\":\"BreadcrumbList\",\"@id\":\"https:\/\/parosrentcar.com\/fr\/notre-societe\/contact-situation\/#breadcrumb\",\"itemListElement\":[{\"@type\":\"ListItem\",\"position\":1,\"name\":\"Home\",\"item\":\"https:\/\/parosrentcar.com\/fr\/\"},{\"@type\":\"ListItem\",\"position\":2,\"name\":\"NOTRE SOCIETE\",\"item\":\"https:\/\/parosrentcar.com\/fr\/notre-societe\/\"},{\"@type\":\"ListItem\",\"position\":3,\"name\":\"Contact \u2013 Situation\"}]},{\"@type\":\"WebSite\",\"@id\":\"https:\/\/parosrentcar.com\/fr\/#website\",\"url\":\"https:\/\/parosrentcar.com\/fr\/\",\"name\":\"Location de voitures \u00e0 Paros Gr\u00e8ce - ParosEuropeanRent\",\"description\":\"Location de voiture, buggy, quad, atv, scooter, moto et v\u00e9lo \u00e0 Paros\",\"potentialAction\":[{\"@type\":\"SearchAction\",\"target\":{\"@type\":\"EntryPoint\",\"urlTemplate\":\"https:\/\/parosrentcar.com\/fr\/?s={search_term_string}\"},\"query-input\":{\"@type\":\"PropertyValueSpecification\",\"valueRequired\":true,\"valueName\":\"search_term_string\"}}],\"inLanguage\":\"fr-FR\"}]}<\/script>\n<!-- \/ Yoast SEO plugin. -->","yoast_head_json":{"title":"Contact \u2013 Situation -Location de voitures \u00e0 Paros Gr\u00e8ce","description":"Contact - Situation ParosEuropeanRent Paros - Adresse: Paroikia \u2013 Paros 84400 Cyclades, Gr\u00e8ce","robots":{"index":"index","follow":"follow","max-snippet":"max-snippet:-1","max-image-preview":"max-image-preview:large","max-video-preview":"max-video-preview:-1"},"canonical":"https:\/\/parosrentcar.com\/fr\/notre-societe\/contact-situation\/","og_locale":"fr_FR","og_type":"article","og_title":"Contact \u2013 Situation -Location de voitures \u00e0 Paros Gr\u00e8ce","og_description":"Contact - Situation ParosEuropeanRent Paros - Adresse: Paroikia \u2013 Paros 84400 Cyclades, Gr\u00e8ce","og_url":"https:\/\/parosrentcar.com\/fr\/notre-societe\/contact-situation\/","og_site_name":"Location de voitures \u00e0 Paros Gr\u00e8ce - ParosEuropeanRent","article_publisher":"https:\/\/www.facebook.com\/paroscarrental","article_modified_time":"2015-11-15T08:54:38+00:00","schema":{"@context":"https:\/\/schema.org","@graph":[{"@type":"WebPage","@id":"https:\/\/parosrentcar.com\/fr\/notre-societe\/contact-situation\/","url":"https:\/\/parosrentcar.com\/fr\/notre-societe\/contact-situation\/","name":"Contact \u2013 Situation -Location de voitures \u00e0 Paros Gr\u00e8ce","isPartOf":{"@id":"https:\/\/parosrentcar.com\/fr\/#website"},"datePublished":"2014-11-07T13:48:56+00:00","dateModified":"2015-11-15T08:54:38+00:00","description":"Contact - Situation ParosEuropeanRent Paros - Adresse: Paroikia \u2013 Paros 84400 Cyclades, Gr\u00e8ce","breadcrumb":{"@id":"https:\/\/parosrentcar.com\/fr\/notre-societe\/contact-situation\/#breadcrumb"},"inLanguage":"fr-FR","potentialAction":[{"@type":"ReadAction","target":["https:\/\/parosrentcar.com\/fr\/notre-societe\/contact-situation\/"]}]},{"@type":"BreadcrumbList","@id":"https:\/\/parosrentcar.com\/fr\/notre-societe\/contact-situation\/#breadcrumb","itemListElement":[{"@type":"ListItem","position":1,"name":"Home","item":"https:\/\/parosrentcar.com\/fr\/"},{"@type":"ListItem","position":2,"name":"NOTRE SOCIETE","item":"https:\/\/parosrentcar.com\/fr\/notre-societe\/"},{"@type":"ListItem","position":3,"name":"Contact \u2013 Situation"}]},{"@type":"WebSite","@id":"https:\/\/parosrentcar.com\/fr\/#website","url":"https:\/\/parosrentcar.com\/fr\/","name":"Location de voitures \u00e0 Paros Gr\u00e8ce - ParosEuropeanRent","description":"Location de voiture, buggy, quad, atv, scooter, moto et v\u00e9lo \u00e0 Paros","potentialAction":[{"@type":"SearchAction","target":{"@type":"EntryPoint","urlTemplate":"https:\/\/parosrentcar.com\/fr\/?s={search_term_string}"},"query-input":{"@type":"PropertyValueSpecification","valueRequired":true,"valueName":"search_term_string"}}],"inLanguage":"fr-FR"}]}},"_links":{"self":[{"href":"https:\/\/parosrentcar.com\/fr\/wp-json\/wp\/v2\/pages\/25","targetHints":{"allow":["GET"]}}],"collection":[{"href":"https:\/\/parosrentcar.com\/fr\/wp-json\/wp\/v2\/pages"}],"about":[{"href":"https:\/\/parosrentcar.com\/fr\/wp-json\/wp\/v2\/types\/page"}],"author":[{"embeddable":true,"href":"https:\/\/parosrentcar.com\/fr\/wp-json\/wp\/v2\/users\/1"}],"replies":[{"embeddable":true,"href":"https:\/\/parosrentcar.com\/fr\/wp-json\/wp\/v2\/comments?post=25"}],"version-history":[{"count":4,"href":"https:\/\/parosrentcar.com\/fr\/wp-json\/wp\/v2\/pages\/25\/revisions"}],"predecessor-version":[{"id":1590,"href":"https:\/\/parosrentcar.com\/fr\/wp-json\/wp\/v2\/pages\/25\/revisions\/1590"}],"up":[{"embeddable":true,"href":"https:\/\/parosrentcar.com\/fr\/wp-json\/wp\/v2\/pages\/1267"}],"wp:attachment":[{"href":"https:\/\/parosrentcar.com\/fr\/wp-json\/wp\/v2\/media?parent=25"}],"curies":[{"name":"wp","href":"https:\/\/api.w.org\/{rel}","templated":true}]}}