{"id":2130,"date":"2015-12-10T16:36:17","date_gmt":"2015-12-10T16:36:17","guid":{"rendered":"http:\/\/parosrentcar.com\/fr\/?page_id=2130"},"modified":"2025-02-15T05:22:15","modified_gmt":"2025-02-15T05:22:15","slug":"sym-200-cm3","status":"publish","type":"page","link":"https:\/\/parosrentcar.com\/fr\/locations-de-scooters\/sym-200-cm3\/","title":{"rendered":"3. SYM 200 cm3"},"content":{"rendered":"<p><img loading=\"lazy\" decoding=\"async\" class=\"size-full wp-image-39346 aligncenter\" src=\"https:\/\/parosrentcar.com\/fr\/wp-content\/uploads\/2025\/02\/sym-200-600-200-new.jpg\" alt=\"Sym 200cc\" width=\"600\" height=\"200\" srcset=\"https:\/\/parosrentcar.com\/fr\/wp-content\/uploads\/2025\/02\/sym-200-600-200-new.jpg 600w, https:\/\/parosrentcar.com\/fr\/wp-content\/uploads\/2025\/02\/sym-200-600-200-new-300x100.jpg 300w\" sizes=\"auto, (max-width: 600px) 100vw, 600px\" \/><strong>Sp\u00e9cifications scooter: <\/strong>200cc, 2 si\u00e8ges, 2 casques, automatique, coffre \u00e0 bagages.<strong><br \/>\nCapacit\u00e9 de rangement: <\/strong>espace pour 1 casque sous la selle + 1 casque sur la valise.<\/p>\n<p><strong>Les tarifs sont sans frais cach\u00e9s et comprennent<\/strong>: la TVA de 24% \u2013 le kilom\u00e9trage illimit\u00e9 \u2013 l\u2019assurance responsabilit\u00e9 civile vis-\u00e0-vis de tiers \u2013 casque gratuit!<\/p>\n<p style=\"text-align: center;\"><strong>Prix Sym 200 cm3 par Jour<\/strong><\/p>\n\n<table id=\"tablepress-15\" class=\"tablepress tablepress-id-15\">\n<thead>\n<tr class=\"row-1\">\n\t<th class=\"column-1\">Dur\u00e9e de location<\/th><th class=\"column-2\">1-2 jours<\/th><th class=\"column-3\">3-7 jours<\/th><th class=\"column-4\">8+ jours<\/th>\n<\/tr>\n<\/thead>\n<tbody class=\"row-striping row-hover\">\n<tr class=\"row-2\">\n\t<td class=\"column-1\">20\/09 \u2013 31\/05<\/td><td class=\"column-2\">28 \u20ac<\/td><td class=\"column-3\">25 \u20ac<\/td><td class=\"column-4\">23 \u20ac<\/td>\n<\/tr>\n<tr class=\"row-3\">\n\t<td class=\"column-1\">01\/06 \u2013 30\/06 &amp; 01\/09 \u2013 19\/09<\/td><td class=\"column-2\">35 \u20ac<\/td><td class=\"column-3\">33 \u20ac<\/td><td class=\"column-4\">30 \u20ac<\/td>\n<\/tr>\n<tr class=\"row-4\">\n\t<td class=\"column-1\">01\/07 - 31\/08<\/td><td class=\"column-2\">50 \u20ac<\/td><td class=\"column-3\">47 \u20ac<\/td><td class=\"column-4\">45 \u20ac<\/td>\n<\/tr>\n<\/tbody>\n<\/table>\n<!-- #tablepress-15 from cache -->\n<p style=\"text-align: left;\"><strong>Informations sur la r\u00e9servation : <\/strong>Merci de lire les <strong><a title=\"conditions de location\" href=\"\/fr\/notre-societe\/conditions-generales-de-location\/\" target=\"_blank\" rel=\"noopener noreferrer\">conditions de location <\/a><\/strong>et <strong><a title=\"d\u2019annulation de r\u00e9servation\" href=\"\/fr\/notre-societe\/moyens-de-paiement-annulation-reservation\/\" target=\"_blank\" rel=\"noopener noreferrer\">d\u2019annulation de r\u00e9servation<\/a> <\/strong>avant d\u2019effectuer votre r\u00e9servation. Pour effectuer d\u00e8s \u00e0 pr\u00e9sent une r\u00e9servation, veuillez compl\u00e9ter le formulaire ci-dessous. Vous recevrez par e-mail tous les renseignements de votre r\u00e9servation et son montant total pour confirmation. Pour valider votre r\u00e9servation, nous vous demandons de r\u00e9gler les deux premi\u00e8res \u00a0journ\u00e9es de location par carte bancaire (Visa, Mastercard, Amex) ou par virement bancaire.<\/p>\n<p style=\"text-align: left;\"><form method=\"post\" enctype=\"multipart\/form-data\" id=\"vfbp-form-84\" class=\"vfbp-form\"><div style=\"display:none;\"><label for=\"vfbp-EMAIL-AN8fuQyoDLXem\">Si vous \u00eates humain, laissez ce champ vide.<\/label><input size=\"25\" autocomplete=\"off\" type=\"text\" name=\"vfbp-EMAIL-AN8fuQyoDLXem\" value=\"\" id=\"\"><\/div><input type=\"hidden\" name=\"_vfb-timestamp-84\" value=\"1777239069\" id=\"\"><input type=\"hidden\" name=\"_vfb-form-id\" value=\"84\" id=\"\"><div class=\"vfb-form-group vfb-col-12\"><div><h6 class=\"\">Demande de disponibilit\u00e9 Sym 200 cm3<\/h6><\/div><\/div><div class=\"vfb-col-12 vfb-fieldType-heading\" id=\"vfbField1480\"><\/div><div class=\"vfb-clearfix\"><\/div><div class=\"vfb-col-6 vfb-fieldType-text\" id=\"vfbField1481\"><div class=\"vfb-form-group\"><label for=\"vfb-field-1481\" class=\"vfb-control-label\">Lieu de livraison <span class=\"vfb-required-asterisk\">*<\/span><\/label><div><input id=\"vfb-field-1481\" class=\"vfb-form-control\" placeholder=\"\" required=\"required\" type=\"text\" name=\"vfb-field-1481\" value=\"\"><\/div><\/div><\/div><div class=\"vfb-col-6 vfb-fieldType-text\" id=\"vfbField1482\"><div class=\"vfb-form-group\"><label for=\"vfb-field-1482\" class=\"vfb-control-label\">Lieu de retour <span class=\"vfb-required-asterisk\">*<\/span><\/label><div><input id=\"vfb-field-1482\" class=\"vfb-form-control\" placeholder=\"\" required=\"required\" type=\"text\" name=\"vfb-field-1482\" value=\"\"><\/div><\/div><\/div><div class=\"vfb-clearfix\"><\/div><div class=\"vfb-col-6 vfb-fieldType-date\" id=\"vfbField1483\"><div class=\"vfb-form-group\"><label for=\"vfb-field-1483\" class=\"vfb-control-label\">Jour d\u2019arriv\u00e9e <span class=\"vfb-required-asterisk\">*<\/span><\/label><div><input id=\"vfb-field-1483\" class=\"vfb-form-control\" placeholder=\"\" required=\"required\" data-provide=\"datepicker\" data-date-format=\"dd\/mm\/yy\" data-date-language=\"fr\" data-date-orientation=\"top left\" data-date-autoclose=\"1\" data-date-today-highlight=\"1\" type=\"text\" name=\"vfb-field-1483\" value=\"\"><\/div><\/div><\/div><div class=\"vfb-col-6 vfb-fieldType-date\" id=\"vfbField1484\"><div class=\"vfb-form-group\"><label for=\"vfb-field-1484\" class=\"vfb-control-label\">Jour de d\u00e9part <span class=\"vfb-required-asterisk\">*<\/span><\/label><div><input id=\"vfb-field-1484\" class=\"vfb-form-control\" placeholder=\"\" required=\"required\" data-provide=\"datepicker\" data-date-format=\"dd\/mm\/yy\" data-date-language=\"fr\" data-date-orientation=\"top left\" data-date-autoclose=\"1\" data-date-today-highlight=\"1\" type=\"text\" name=\"vfb-field-1484\" value=\"\"><\/div><\/div><\/div><div class=\"vfb-clearfix\"><\/div><div class=\"vfb-col-6 vfb-fieldType-time\" id=\"vfbField1485\"><div class=\"vfb-form-group\"><label for=\"vfb-field-1485\" class=\"vfb-control-label\">Heure d\u2019arriv\u00e9e <span class=\"vfb-required-asterisk\">*<\/span><\/label><div><input id=\"vfb-field-1485\" class=\"vfb-form-control vfb-clockpicker\" placeholder=\"\" required=\"required\" data-donetext=\"Valider\" data-placement=\"bottom\" data-align=\"left\" data-autoclose=\"1\" type=\"text\" name=\"vfb-field-1485\" value=\"\"><\/div><\/div><\/div><div class=\"vfb-col-6 vfb-fieldType-time\" id=\"vfbField1486\"><div class=\"vfb-form-group\"><label for=\"vfb-field-1486\" class=\"vfb-control-label\">Heure de d\u00e9part <span class=\"vfb-required-asterisk\">*<\/span><\/label><div><input id=\"vfb-field-1486\" class=\"vfb-form-control vfb-clockpicker\" placeholder=\"\" required=\"required\" data-donetext=\"Valider\" data-placement=\"bottom\" data-align=\"left\" data-autoclose=\"1\" type=\"text\" name=\"vfb-field-1486\" value=\"\"><\/div><\/div><\/div><div class=\"vfb-clearfix\"><\/div><div class=\"vfb-form-group vfb-col-12\"><div><h6 class=\"\">Informations personnelles<\/h6><\/div><\/div><div class=\"vfb-col-12 vfb-fieldType-heading\" id=\"vfbField1487\"><\/div><div class=\"vfb-clearfix\"><\/div><div class=\"vfb-col-6 vfb-fieldType-text\" id=\"vfbField1488\"><div class=\"vfb-form-group\"><label for=\"vfb-field-1488\" class=\"vfb-control-label\">Nom et pr\u00e9nom <span class=\"vfb-required-asterisk\">*<\/span><\/label><div><input id=\"vfb-field-1488\" class=\"vfb-form-control\" placeholder=\"\" required=\"required\" type=\"text\" name=\"vfb-field-1488\" value=\"\"><\/div><\/div><\/div><div class=\"vfb-col-6 vfb-fieldType-text\" id=\"vfbField1489\"><div class=\"vfb-form-group\"><label for=\"vfb-field-1489\" class=\"vfb-control-label\">Age du conducteur <span class=\"vfb-required-asterisk\">*<\/span><\/label><div><input id=\"vfb-field-1489\" class=\"vfb-form-control\" placeholder=\"\" required=\"required\" type=\"text\" name=\"vfb-field-1489\" value=\"\"><\/div><\/div><\/div><div class=\"vfb-clearfix\"><\/div><div class=\"vfb-col-6 vfb-fieldType-email\" id=\"vfbField1490\"><div class=\"vfb-form-group\"><label for=\"vfb-field-1490\" class=\"vfb-control-label\">E-mail <span class=\"vfb-required-asterisk\">*<\/span><\/label><div><input id=\"vfb-field-1490\" class=\"vfb-form-control\" placeholder=\"\" required=\"required\" type=\"email\" name=\"vfb-field-1490\" value=\"\"><\/div><\/div><\/div><div class=\"vfb-col-6 vfb-fieldType-phone\" id=\"vfbField1491\"><div class=\"vfb-form-group\"><label for=\"vfb-field-1491\" class=\"vfb-control-label\">T\u00e9l\u00e9phone <span class=\"vfb-required-asterisk\">*<\/span><\/label><div><input id=\"vfb-field-1491\" class=\"vfb-form-control vfb-intl-phone\" placeholder=\"\" required=\"required\" data-default-country=\"fr\" type=\"tel\" name=\"vfb-field-1491\" value=\"\"><\/div><\/div><\/div><div class=\"vfb-clearfix\"><\/div><div class=\"vfb-col-6 vfb-fieldType-text\" id=\"vfbField1492\"><div class=\"vfb-form-group\"><label for=\"vfb-field-1492\" class=\"vfb-control-label\">Pays <span class=\"vfb-required-asterisk\">*<\/span><\/label><div><input id=\"vfb-field-1492\" class=\"vfb-form-control\" placeholder=\"\" required=\"required\" type=\"text\" name=\"vfb-field-1492\" value=\"\"><\/div><\/div><\/div><div class=\"vfb-col-6 vfb-fieldType-text\" id=\"vfbField1493\"><div class=\"vfb-form-group\"><label for=\"vfb-field-1493\" class=\"vfb-control-label\">Ville<\/label><div><input id=\"vfb-field-1493\" class=\"vfb-form-control\" placeholder=\"\" type=\"text\" name=\"vfb-field-1493\" value=\"\"><\/div><\/div><\/div><div class=\"vfb-clearfix\"><\/div><div class=\"vfb-col-12 vfb-fieldType-textarea\" id=\"vfbField1494\"><div class=\"vfb-form-group\"><label for=\"vfb-field-1494\" class=\"vfb-control-label\">Commentaire<\/label><div><textarea id=\"vfb-field-1494\" class=\"vfb-form-control\" placeholder=\"\" rows=\"4\" name=\"vfb-field-1494\" cols=\"50\"><\/textarea><\/div><\/div><\/div><div class=\"vfb-clearfix\"><\/div><div class=\"vfb-col-12 vfb-fieldType-checkbox\" id=\"vfbField1495\"><label for=\"vfb-field-1495\" class=\"vfb-control-label\">Acceptation requise <span class=\"vfb-required-asterisk\">*<\/span><\/label><div><div class=\"vfb-checkbox\"><label><input id=\"vfb-field-1495-0\" class=\"\" placeholder=\"\" data-vfb-multiple=\"vfb-field-1495\" required=\"required\" type=\"checkbox\" name=\"vfb-field-1495[0]\" value=\"1\">Cette formule recueillis votre informations personnelles afin qu\\'on puisse entrer en contact avec vous. Pour plus d\\'informations, consultez notre politique de confidentialit\u00e9.<\/label><\/div><\/div><\/div><div class=\"vfb-clearfix\"><\/div><div class=\"vfb-col-12 vfb-fieldType-captcha\" id=\"vfbField1633\"><div class=\"vfb-form-group\"><label for=\"vfb-field-1633\" class=\"vfb-control-label\">Captcha <span class=\"vfb-required-asterisk\">*<\/span><\/label><div><div class=\"g-recaptcha\" data-sitekey=\"6LfGBhYhAAAAAHFHvz8f_otkJXlVn0b8sWjvF7d1\"><\/div><input type=\"hidden\" name=\"_vfb_recaptcha_enabled\" value=\"1\" id=\"\"><div class=\"vfb-has-error\" id=\"vfb-recaptcha-error\"><span class=\"vfb-help-block\">reCAPTCHA is required.<\/span><\/div><\/div><\/div><\/div><div class=\"vfb-clearfix\"><\/div><div class=\"vfb-col-12 vfb-fieldType-submit\" id=\"vfbField1496\"><button id=\"vfb-field-1496\" class=\" btn btn-primary\" placeholder=\"\" type=\"submit\" name=\"_vfb-submit\">Envoi<\/button><\/div><div class=\"vfb-clearfix\"><\/div><\/form><\/p>\n","protected":false},"excerpt":{"rendered":"<p><b>Fabricant<\/b>: Sym<br \/>\n<b>Cylindr\u00e9e<\/b>: 200 cm3<br \/>\n<b>Boite<\/b>: Automatique<br \/>\n<b>Places<\/b>: 2<\/p>\n","protected":false},"author":1,"featured_media":0,"parent":15,"menu_order":3,"comment_status":"closed","ping_status":"closed","template":"page-templates\/room.php","meta":{"footnotes":""},"class_list":["post-2130","page","type-page","status-publish","hentry"],"yoast_head":"<!-- This site is optimized with the Yoast SEO plugin v27.1.1 - https:\/\/yoast.com\/product\/yoast-seo-wordpress\/ -->\n<title>SYM 200 cm3 - Location de scooter \u00e0 Paros Gr\u00e8ce<\/title>\n<meta name=\"description\" content=\"SYM 200 cm3 - Location de scooters \u00e0 prix comp\u00e9titifs, offres sp\u00e9ciales et r\u00e9ductions sur les locations de scooters \u00e0 Paros Gr\u00e8ce\" \/>\n<meta name=\"robots\" content=\"index, follow, max-snippet:-1, max-image-preview:large, max-video-preview:-1\" \/>\n<link rel=\"canonical\" href=\"https:\/\/parosrentcar.com\/fr\/locations-de-scooters\/sym-200-cm3\/\" \/>\n<meta property=\"og:locale\" content=\"fr_FR\" \/>\n<meta property=\"og:type\" content=\"article\" \/>\n<meta property=\"og:title\" content=\"SYM 200 cm3 - Location de scooter \u00e0 Paros Gr\u00e8ce\" \/>\n<meta property=\"og:description\" content=\"SYM 200 cm3 - Location de scooters \u00e0 prix comp\u00e9titifs, offres sp\u00e9ciales et r\u00e9ductions sur les locations de scooters \u00e0 Paros Gr\u00e8ce\" \/>\n<meta property=\"og:url\" content=\"https:\/\/parosrentcar.com\/fr\/locations-de-scooters\/sym-200-cm3\/\" \/>\n<meta property=\"og:site_name\" content=\"Location de voitures \u00e0 Paros Gr\u00e8ce - ParosEuropeanRent\" \/>\n<meta property=\"article:publisher\" content=\"https:\/\/www.facebook.com\/paroscarrental\" \/>\n<meta property=\"article:modified_time\" content=\"2025-02-15T05:22:15+00:00\" \/>\n<meta property=\"og:image\" content=\"https:\/\/parosrentcar.com\/fr\/wp-content\/uploads\/2025\/02\/sym-200-600-200-new.jpg\" \/>\n\t<meta property=\"og:image:width\" content=\"600\" \/>\n\t<meta property=\"og:image:height\" content=\"200\" \/>\n\t<meta property=\"og:image:type\" content=\"image\/jpeg\" \/>\n<meta name=\"twitter:label1\" content=\"Dur\u00e9e de lecture estim\u00e9e\" \/>\n\t<meta name=\"twitter:data1\" content=\"1 minute\" \/>\n<script type=\"application\/ld+json\" class=\"yoast-schema-graph\">{\"@context\":\"https:\/\/schema.org\",\"@graph\":[{\"@type\":\"WebPage\",\"@id\":\"https:\/\/parosrentcar.com\/fr\/locations-de-scooters\/sym-200-cm3\/\",\"url\":\"https:\/\/parosrentcar.com\/fr\/locations-de-scooters\/sym-200-cm3\/\",\"name\":\"SYM 200 cm3 - Location de scooter \u00e0 Paros Gr\u00e8ce\",\"isPartOf\":{\"@id\":\"https:\/\/parosrentcar.com\/fr\/#website\"},\"primaryImageOfPage\":{\"@id\":\"https:\/\/parosrentcar.com\/fr\/locations-de-scooters\/sym-200-cm3\/#primaryimage\"},\"image\":{\"@id\":\"https:\/\/parosrentcar.com\/fr\/locations-de-scooters\/sym-200-cm3\/#primaryimage\"},\"thumbnailUrl\":\"https:\/\/parosrentcar.com\/fr\/wp-content\/uploads\/2025\/02\/sym-200-600-200-new.jpg\",\"datePublished\":\"2015-12-10T16:36:17+00:00\",\"dateModified\":\"2025-02-15T05:22:15+00:00\",\"description\":\"SYM 200 cm3 - Location de scooters \u00e0 prix comp\u00e9titifs, offres sp\u00e9ciales et r\u00e9ductions sur les locations de scooters \u00e0 Paros Gr\u00e8ce\",\"breadcrumb\":{\"@id\":\"https:\/\/parosrentcar.com\/fr\/locations-de-scooters\/sym-200-cm3\/#breadcrumb\"},\"inLanguage\":\"fr-FR\",\"potentialAction\":[{\"@type\":\"ReadAction\",\"target\":[\"https:\/\/parosrentcar.com\/fr\/locations-de-scooters\/sym-200-cm3\/\"]}]},{\"@type\":\"ImageObject\",\"inLanguage\":\"fr-FR\",\"@id\":\"https:\/\/parosrentcar.com\/fr\/locations-de-scooters\/sym-200-cm3\/#primaryimage\",\"url\":\"https:\/\/parosrentcar.com\/fr\/wp-content\/uploads\/2025\/02\/sym-200-600-200-new.jpg\",\"contentUrl\":\"https:\/\/parosrentcar.com\/fr\/wp-content\/uploads\/2025\/02\/sym-200-600-200-new.jpg\",\"width\":600,\"height\":200,\"caption\":\"Sym 200cc\"},{\"@type\":\"BreadcrumbList\",\"@id\":\"https:\/\/parosrentcar.com\/fr\/locations-de-scooters\/sym-200-cm3\/#breadcrumb\",\"itemListElement\":[{\"@type\":\"ListItem\",\"position\":1,\"name\":\"Home\",\"item\":\"https:\/\/parosrentcar.com\/fr\/\"},{\"@type\":\"ListItem\",\"position\":2,\"name\":\"Location de scooter \u00e0 Paros\",\"item\":\"https:\/\/parosrentcar.com\/fr\/locations-de-scooters\/\"},{\"@type\":\"ListItem\",\"position\":3,\"name\":\"3. SYM 200 cm3\"}]},{\"@type\":\"WebSite\",\"@id\":\"https:\/\/parosrentcar.com\/fr\/#website\",\"url\":\"https:\/\/parosrentcar.com\/fr\/\",\"name\":\"Location de voitures \u00e0 Paros Gr\u00e8ce - ParosEuropeanRent\",\"description\":\"Location de voiture, buggy, quad, atv, scooter, moto et v\u00e9lo \u00e0 Paros\",\"potentialAction\":[{\"@type\":\"SearchAction\",\"target\":{\"@type\":\"EntryPoint\",\"urlTemplate\":\"https:\/\/parosrentcar.com\/fr\/?s={search_term_string}\"},\"query-input\":{\"@type\":\"PropertyValueSpecification\",\"valueRequired\":true,\"valueName\":\"search_term_string\"}}],\"inLanguage\":\"fr-FR\"}]}<\/script>\n<!-- \/ Yoast SEO plugin. -->","yoast_head_json":{"title":"SYM 200 cm3 - Location de scooter \u00e0 Paros Gr\u00e8ce","description":"SYM 200 cm3 - Location de scooters \u00e0 prix comp\u00e9titifs, offres sp\u00e9ciales et r\u00e9ductions sur les locations de scooters \u00e0 Paros Gr\u00e8ce","robots":{"index":"index","follow":"follow","max-snippet":"max-snippet:-1","max-image-preview":"max-image-preview:large","max-video-preview":"max-video-preview:-1"},"canonical":"https:\/\/parosrentcar.com\/fr\/locations-de-scooters\/sym-200-cm3\/","og_locale":"fr_FR","og_type":"article","og_title":"SYM 200 cm3 - Location de scooter \u00e0 Paros Gr\u00e8ce","og_description":"SYM 200 cm3 - Location de scooters \u00e0 prix comp\u00e9titifs, offres sp\u00e9ciales et r\u00e9ductions sur les locations de scooters \u00e0 Paros Gr\u00e8ce","og_url":"https:\/\/parosrentcar.com\/fr\/locations-de-scooters\/sym-200-cm3\/","og_site_name":"Location de voitures \u00e0 Paros Gr\u00e8ce - ParosEuropeanRent","article_publisher":"https:\/\/www.facebook.com\/paroscarrental","article_modified_time":"2025-02-15T05:22:15+00:00","og_image":[{"width":600,"height":200,"url":"https:\/\/parosrentcar.com\/fr\/wp-content\/uploads\/2025\/02\/sym-200-600-200-new.jpg","type":"image\/jpeg"}],"twitter_misc":{"Dur\u00e9e de lecture estim\u00e9e":"1 minute"},"schema":{"@context":"https:\/\/schema.org","@graph":[{"@type":"WebPage","@id":"https:\/\/parosrentcar.com\/fr\/locations-de-scooters\/sym-200-cm3\/","url":"https:\/\/parosrentcar.com\/fr\/locations-de-scooters\/sym-200-cm3\/","name":"SYM 200 cm3 - Location de scooter \u00e0 Paros Gr\u00e8ce","isPartOf":{"@id":"https:\/\/parosrentcar.com\/fr\/#website"},"primaryImageOfPage":{"@id":"https:\/\/parosrentcar.com\/fr\/locations-de-scooters\/sym-200-cm3\/#primaryimage"},"image":{"@id":"https:\/\/parosrentcar.com\/fr\/locations-de-scooters\/sym-200-cm3\/#primaryimage"},"thumbnailUrl":"https:\/\/parosrentcar.com\/fr\/wp-content\/uploads\/2025\/02\/sym-200-600-200-new.jpg","datePublished":"2015-12-10T16:36:17+00:00","dateModified":"2025-02-15T05:22:15+00:00","description":"SYM 200 cm3 - Location de scooters \u00e0 prix comp\u00e9titifs, offres sp\u00e9ciales et r\u00e9ductions sur les locations de scooters \u00e0 Paros Gr\u00e8ce","breadcrumb":{"@id":"https:\/\/parosrentcar.com\/fr\/locations-de-scooters\/sym-200-cm3\/#breadcrumb"},"inLanguage":"fr-FR","potentialAction":[{"@type":"ReadAction","target":["https:\/\/parosrentcar.com\/fr\/locations-de-scooters\/sym-200-cm3\/"]}]},{"@type":"ImageObject","inLanguage":"fr-FR","@id":"https:\/\/parosrentcar.com\/fr\/locations-de-scooters\/sym-200-cm3\/#primaryimage","url":"https:\/\/parosrentcar.com\/fr\/wp-content\/uploads\/2025\/02\/sym-200-600-200-new.jpg","contentUrl":"https:\/\/parosrentcar.com\/fr\/wp-content\/uploads\/2025\/02\/sym-200-600-200-new.jpg","width":600,"height":200,"caption":"Sym 200cc"},{"@type":"BreadcrumbList","@id":"https:\/\/parosrentcar.com\/fr\/locations-de-scooters\/sym-200-cm3\/#breadcrumb","itemListElement":[{"@type":"ListItem","position":1,"name":"Home","item":"https:\/\/parosrentcar.com\/fr\/"},{"@type":"ListItem","position":2,"name":"Location de scooter \u00e0 Paros","item":"https:\/\/parosrentcar.com\/fr\/locations-de-scooters\/"},{"@type":"ListItem","position":3,"name":"3. SYM 200 cm3"}]},{"@type":"WebSite","@id":"https:\/\/parosrentcar.com\/fr\/#website","url":"https:\/\/parosrentcar.com\/fr\/","name":"Location de voitures \u00e0 Paros Gr\u00e8ce - ParosEuropeanRent","description":"Location de voiture, buggy, quad, atv, scooter, moto et v\u00e9lo \u00e0 Paros","potentialAction":[{"@type":"SearchAction","target":{"@type":"EntryPoint","urlTemplate":"https:\/\/parosrentcar.com\/fr\/?s={search_term_string}"},"query-input":{"@type":"PropertyValueSpecification","valueRequired":true,"valueName":"search_term_string"}}],"inLanguage":"fr-FR"}]}},"_links":{"self":[{"href":"https:\/\/parosrentcar.com\/fr\/wp-json\/wp\/v2\/pages\/2130","targetHints":{"allow":["GET"]}}],"collection":[{"href":"https:\/\/parosrentcar.com\/fr\/wp-json\/wp\/v2\/pages"}],"about":[{"href":"https:\/\/parosrentcar.com\/fr\/wp-json\/wp\/v2\/types\/page"}],"author":[{"embeddable":true,"href":"https:\/\/parosrentcar.com\/fr\/wp-json\/wp\/v2\/users\/1"}],"replies":[{"embeddable":true,"href":"https:\/\/parosrentcar.com\/fr\/wp-json\/wp\/v2\/comments?post=2130"}],"version-history":[{"count":14,"href":"https:\/\/parosrentcar.com\/fr\/wp-json\/wp\/v2\/pages\/2130\/revisions"}],"predecessor-version":[{"id":39347,"href":"https:\/\/parosrentcar.com\/fr\/wp-json\/wp\/v2\/pages\/2130\/revisions\/39347"}],"up":[{"embeddable":true,"href":"https:\/\/parosrentcar.com\/fr\/wp-json\/wp\/v2\/pages\/15"}],"wp:attachment":[{"href":"https:\/\/parosrentcar.com\/fr\/wp-json\/wp\/v2\/media?parent=2130"}],"curies":[{"name":"wp","href":"https:\/\/api.w.org\/{rel}","templated":true}]}}