{"id":1408,"date":"2014-12-13T15:49:36","date_gmt":"2014-12-13T15:49:36","guid":{"rendered":"http:\/\/parosrentcar.com\/el\/?page_id=1408"},"modified":"2015-02-11T18:58:06","modified_gmt":"2015-02-11T18:58:06","slug":"piso-livadi","status":"publish","type":"page","link":"https:\/\/parosrentcar.com\/fr\/villages\/piso-livadi\/","title":{"rendered":"Piso Livadi"},"content":{"rendered":"<p><strong>Piso Livadi<\/strong> est un village de bord de mer \u00e0 4km de Marpissa.C\u2019est un lieu id\u00e9al pour des <strong>vacances en famille<\/strong>, dot\u00e9 de nombreux \u00e9quipements touristiques : h\u00f4tels, studios, appartements et chambres \u00e0 louer ainsi que des tavernes grecques traditionelles, des caf\u00e9s et des bars.<\/p>\n<p>Le village est construit autour du port de p\u00eache, il a aussi une tr\u00e8s jolie plage <strong>au sable dor\u00e9 <\/strong>et aux eaux limpides, qui s\u00e9duira ceux qui cherchent le calme dans une ambiance \u00a0romantique. A l\u2019ouest du village, sur \u00a0une colline se trouve l\u2019\u00e9glise de saint Georges qui date du XIII\u00e8me si\u00e8cle. Vous pourrez aussi voir la petite <strong>\u00e9glise de saint Nicolaos<\/strong> et le <strong>monast\u00e8re de sainte Xehoriani<\/strong>. Il y a des liaisons par bateau avec les \u00eele de Naxos, Mykonos, Ios, santorin, Amorgos, Dilos et Antiparos. Piso Livadi est un bon point de d\u00e9part pour visite le c\u00f4t\u00e9 est de l\u2019\u00eele de Paros et sa s\u00e9rie de <strong>belles plages<\/strong>\u00a0: Logaras, Golden Beach, New Golden Beach et Pounda.<\/p>\n","protected":false},"excerpt":{"rendered":"<p>Piso Livadi est un village de bord de mer \u00e0 4km de Marpissa.C\u2019est un lieu id\u00e9al pour des vacances en famille, dot\u00e9 de nombreux \u00e9quipements touristiques : h\u00f4tels, studios, appartements et chambres \u00e0 louer ainsi que des tavernes grecques traditionelles, des caf\u00e9s et des bars. Le village est construit autour du port de p\u00eache, il a aussi une tr\u00e8s jolie plage au sable dor\u00e9 et aux eaux limpides, qui s\u00e9duira ceux qui cherchent le calme dans une ambiance \u00a0romantique. A l\u2019ouest du village, sur \u00a0une colline se trouve l\u2019\u00e9glise de saint Georges qui date du XIII\u00e8me si\u00e8cle. Vous pourrez aussi voir la petite \u00e9glise de saint Nicolaos et le monast\u00e8re [&hellip;]<\/p>\n","protected":false},"author":1,"featured_media":0,"parent":1380,"menu_order":0,"comment_status":"closed","ping_status":"closed","template":"page-templates\/attraction.php","meta":{"footnotes":""},"class_list":["post-1408","page","type-page","status-publish","hentry"],"yoast_head":"<!-- This site is optimized with the Yoast SEO plugin v27.1.1 - https:\/\/yoast.com\/product\/yoast-seo-wordpress\/ -->\n<title>Piso Livadi -Location de voitures \u00e0 Paros Gr\u00e8ce<\/title>\n<meta name=\"description\" content=\"Piso Livadi -Location de voitures \u00e0 prix comp\u00e9titifs, offres sp\u00e9ciales et r\u00e9ductions sur les locations auto \u00e0 Paros Gr\u00e8ce\" \/>\n<meta name=\"robots\" content=\"index, follow, max-snippet:-1, max-image-preview:large, max-video-preview:-1\" \/>\n<link rel=\"canonical\" href=\"https:\/\/parosrentcar.com\/fr\/villages\/piso-livadi\/\" \/>\n<meta property=\"og:locale\" content=\"fr_FR\" \/>\n<meta property=\"og:type\" content=\"article\" \/>\n<meta property=\"og:title\" content=\"Piso Livadi -Location de voitures \u00e0 Paros Gr\u00e8ce\" \/>\n<meta property=\"og:description\" content=\"Piso Livadi -Location de voitures \u00e0 prix comp\u00e9titifs, offres sp\u00e9ciales et r\u00e9ductions sur les locations auto \u00e0 Paros Gr\u00e8ce\" \/>\n<meta property=\"og:url\" content=\"https:\/\/parosrentcar.com\/fr\/villages\/piso-livadi\/\" \/>\n<meta property=\"og:site_name\" content=\"Location de voitures \u00e0 Paros Gr\u00e8ce - ParosEuropeanRent\" \/>\n<meta property=\"article:publisher\" content=\"https:\/\/www.facebook.com\/paroscarrental\" \/>\n<meta property=\"article:modified_time\" content=\"2015-02-11T18:58:06+00:00\" \/>\n<meta name=\"twitter:label1\" content=\"Dur\u00e9e de lecture estim\u00e9e\" \/>\n\t<meta name=\"twitter:data1\" content=\"1 minute\" \/>\n<script type=\"application\/ld+json\" class=\"yoast-schema-graph\">{\"@context\":\"https:\/\/schema.org\",\"@graph\":[{\"@type\":\"WebPage\",\"@id\":\"https:\/\/parosrentcar.com\/fr\/villages\/piso-livadi\/\",\"url\":\"https:\/\/parosrentcar.com\/fr\/villages\/piso-livadi\/\",\"name\":\"Piso Livadi -Location de voitures \u00e0 Paros Gr\u00e8ce\",\"isPartOf\":{\"@id\":\"https:\/\/parosrentcar.com\/fr\/#website\"},\"datePublished\":\"2014-12-13T15:49:36+00:00\",\"dateModified\":\"2015-02-11T18:58:06+00:00\",\"description\":\"Piso Livadi -Location de voitures \u00e0 prix comp\u00e9titifs, offres sp\u00e9ciales et r\u00e9ductions sur les locations auto \u00e0 Paros Gr\u00e8ce\",\"breadcrumb\":{\"@id\":\"https:\/\/parosrentcar.com\/fr\/villages\/piso-livadi\/#breadcrumb\"},\"inLanguage\":\"fr-FR\",\"potentialAction\":[{\"@type\":\"ReadAction\",\"target\":[\"https:\/\/parosrentcar.com\/fr\/villages\/piso-livadi\/\"]}]},{\"@type\":\"BreadcrumbList\",\"@id\":\"https:\/\/parosrentcar.com\/fr\/villages\/piso-livadi\/#breadcrumb\",\"itemListElement\":[{\"@type\":\"ListItem\",\"position\":1,\"name\":\"Home\",\"item\":\"https:\/\/parosrentcar.com\/fr\/\"},{\"@type\":\"ListItem\",\"position\":2,\"name\":\"Villages\",\"item\":\"https:\/\/parosrentcar.com\/fr\/villages\/\"},{\"@type\":\"ListItem\",\"position\":3,\"name\":\"Piso Livadi\"}]},{\"@type\":\"WebSite\",\"@id\":\"https:\/\/parosrentcar.com\/fr\/#website\",\"url\":\"https:\/\/parosrentcar.com\/fr\/\",\"name\":\"Location de voitures \u00e0 Paros Gr\u00e8ce - ParosEuropeanRent\",\"description\":\"Location de voiture, buggy, quad, atv, scooter, moto et v\u00e9lo \u00e0 Paros\",\"potentialAction\":[{\"@type\":\"SearchAction\",\"target\":{\"@type\":\"EntryPoint\",\"urlTemplate\":\"https:\/\/parosrentcar.com\/fr\/?s={search_term_string}\"},\"query-input\":{\"@type\":\"PropertyValueSpecification\",\"valueRequired\":true,\"valueName\":\"search_term_string\"}}],\"inLanguage\":\"fr-FR\"}]}<\/script>\n<!-- \/ Yoast SEO plugin. -->","yoast_head_json":{"title":"Piso Livadi -Location de voitures \u00e0 Paros Gr\u00e8ce","description":"Piso Livadi -Location de voitures \u00e0 prix comp\u00e9titifs, offres sp\u00e9ciales et r\u00e9ductions sur les locations auto \u00e0 Paros Gr\u00e8ce","robots":{"index":"index","follow":"follow","max-snippet":"max-snippet:-1","max-image-preview":"max-image-preview:large","max-video-preview":"max-video-preview:-1"},"canonical":"https:\/\/parosrentcar.com\/fr\/villages\/piso-livadi\/","og_locale":"fr_FR","og_type":"article","og_title":"Piso Livadi -Location de voitures \u00e0 Paros Gr\u00e8ce","og_description":"Piso Livadi -Location de voitures \u00e0 prix comp\u00e9titifs, offres sp\u00e9ciales et r\u00e9ductions sur les locations auto \u00e0 Paros Gr\u00e8ce","og_url":"https:\/\/parosrentcar.com\/fr\/villages\/piso-livadi\/","og_site_name":"Location de voitures \u00e0 Paros Gr\u00e8ce - ParosEuropeanRent","article_publisher":"https:\/\/www.facebook.com\/paroscarrental","article_modified_time":"2015-02-11T18:58:06+00:00","twitter_misc":{"Dur\u00e9e de lecture estim\u00e9e":"1 minute"},"schema":{"@context":"https:\/\/schema.org","@graph":[{"@type":"WebPage","@id":"https:\/\/parosrentcar.com\/fr\/villages\/piso-livadi\/","url":"https:\/\/parosrentcar.com\/fr\/villages\/piso-livadi\/","name":"Piso Livadi -Location de voitures \u00e0 Paros Gr\u00e8ce","isPartOf":{"@id":"https:\/\/parosrentcar.com\/fr\/#website"},"datePublished":"2014-12-13T15:49:36+00:00","dateModified":"2015-02-11T18:58:06+00:00","description":"Piso Livadi -Location de voitures \u00e0 prix comp\u00e9titifs, offres sp\u00e9ciales et r\u00e9ductions sur les locations auto \u00e0 Paros Gr\u00e8ce","breadcrumb":{"@id":"https:\/\/parosrentcar.com\/fr\/villages\/piso-livadi\/#breadcrumb"},"inLanguage":"fr-FR","potentialAction":[{"@type":"ReadAction","target":["https:\/\/parosrentcar.com\/fr\/villages\/piso-livadi\/"]}]},{"@type":"BreadcrumbList","@id":"https:\/\/parosrentcar.com\/fr\/villages\/piso-livadi\/#breadcrumb","itemListElement":[{"@type":"ListItem","position":1,"name":"Home","item":"https:\/\/parosrentcar.com\/fr\/"},{"@type":"ListItem","position":2,"name":"Villages","item":"https:\/\/parosrentcar.com\/fr\/villages\/"},{"@type":"ListItem","position":3,"name":"Piso Livadi"}]},{"@type":"WebSite","@id":"https:\/\/parosrentcar.com\/fr\/#website","url":"https:\/\/parosrentcar.com\/fr\/","name":"Location de voitures \u00e0 Paros Gr\u00e8ce - ParosEuropeanRent","description":"Location de voiture, buggy, quad, atv, scooter, moto et v\u00e9lo \u00e0 Paros","potentialAction":[{"@type":"SearchAction","target":{"@type":"EntryPoint","urlTemplate":"https:\/\/parosrentcar.com\/fr\/?s={search_term_string}"},"query-input":{"@type":"PropertyValueSpecification","valueRequired":true,"valueName":"search_term_string"}}],"inLanguage":"fr-FR"}]}},"_links":{"self":[{"href":"https:\/\/parosrentcar.com\/fr\/wp-json\/wp\/v2\/pages\/1408","targetHints":{"allow":["GET"]}}],"collection":[{"href":"https:\/\/parosrentcar.com\/fr\/wp-json\/wp\/v2\/pages"}],"about":[{"href":"https:\/\/parosrentcar.com\/fr\/wp-json\/wp\/v2\/types\/page"}],"author":[{"embeddable":true,"href":"https:\/\/parosrentcar.com\/fr\/wp-json\/wp\/v2\/users\/1"}],"replies":[{"embeddable":true,"href":"https:\/\/parosrentcar.com\/fr\/wp-json\/wp\/v2\/comments?post=1408"}],"version-history":[{"count":1,"href":"https:\/\/parosrentcar.com\/fr\/wp-json\/wp\/v2\/pages\/1408\/revisions"}],"predecessor-version":[{"id":1975,"href":"https:\/\/parosrentcar.com\/fr\/wp-json\/wp\/v2\/pages\/1408\/revisions\/1975"}],"up":[{"embeddable":true,"href":"https:\/\/parosrentcar.com\/fr\/wp-json\/wp\/v2\/pages\/1380"}],"wp:attachment":[{"href":"https:\/\/parosrentcar.com\/fr\/wp-json\/wp\/v2\/media?parent=1408"}],"curies":[{"name":"wp","href":"https:\/\/api.w.org\/{rel}","templated":true}]}}