{"id":1393,"date":"2014-12-13T15:41:24","date_gmt":"2014-12-13T15:41:24","guid":{"rendered":"http:\/\/parosrentcar.com\/el\/?page_id=1393"},"modified":"2015-02-11T18:51:24","modified_gmt":"2015-02-11T18:51:24","slug":"kostos","status":"publish","type":"page","link":"https:\/\/parosrentcar.com\/fr\/villages\/kostos\/","title":{"rendered":"Kostos"},"content":{"rendered":"<p><strong>Kostos<\/strong> est un des plus petits villages de Paros, sur la route entre Lefkes et Parikia. \u00e0 7km au sud-est de Parikia et 160 m d&rsquo;altitude, c&rsquo;est un village d&rsquo;agriculteurs fond\u00e9 \u00e0 l&rsquo;\u00e9poque de la domination v\u00e9nitienne, <strong>loin des circuits touristiques<\/strong>.<\/p>\n<p>\u00e0 l&rsquo;entr\u00e9e du village, la place ombrag\u00e9e par les pins est entour\u00e9e de <strong>caf\u00e9s traditionnels<\/strong> o\u00f9 il fait bon boire un caf\u00e9 \u00e0 l&rsquo;ombre en compagnie des habitants hospitaliers du village. L&rsquo;\u00e9glise de <strong>Saint Panteleimonas<\/strong> se visite et une promenade dans les ruelles pittoresques vous am\u00e8nera \u00e0 la maison qui vu na\u00eetre Athanasios Parios, un grand professeur d&rsquo;avant la r\u00e9volution gr\u00e8cque.<\/p>\n<p>Des<strong> f\u00eates<\/strong> m\u00e9morables ont lieu durant les mois d&rsquo;\u00e9t\u00e9, comme la f\u00eate d&rsquo;Agia Marina le 17 juillet et celle d&rsquo;Agios Panteleimonas le 27 juin.<\/p>\n","protected":false},"excerpt":{"rendered":"<p>Kostos est un des plus petits villages de Paros, sur la route entre Lefkes et Parikia. \u00e0 7km au sud-est de Parikia et 160 m d&rsquo;altitude, c&rsquo;est un village d&rsquo;agriculteurs fond\u00e9 \u00e0 l&rsquo;\u00e9poque de la domination v\u00e9nitienne, loin des circuits touristiques. \u00e0 l&rsquo;entr\u00e9e du village, la place ombrag\u00e9e par les pins est entour\u00e9e de caf\u00e9s traditionnels o\u00f9 il fait bon boire un caf\u00e9 \u00e0 l&rsquo;ombre en compagnie des habitants hospitaliers du village. L&rsquo;\u00e9glise de Saint Panteleimonas se visite et une promenade dans les ruelles pittoresques vous am\u00e8nera \u00e0 la maison qui vu na\u00eetre Athanasios Parios, un grand professeur d&rsquo;avant la r\u00e9volution gr\u00e8cque. Des f\u00eates m\u00e9morables ont lieu durant les mois [&hellip;]<\/p>\n","protected":false},"author":1,"featured_media":0,"parent":1380,"menu_order":0,"comment_status":"closed","ping_status":"closed","template":"page-templates\/attraction.php","meta":{"footnotes":""},"class_list":["post-1393","page","type-page","status-publish","hentry"],"yoast_head":"<!-- This site is optimized with the Yoast SEO plugin v27.1.1 - https:\/\/yoast.com\/product\/yoast-seo-wordpress\/ -->\n<title>Kostos -Location de voitures \u00e0 Paros Gr\u00e8ce<\/title>\n<meta name=\"description\" content=\"Kostos -Location de voitures \u00e0 prix comp\u00e9titifs, offres sp\u00e9ciales et r\u00e9ductions sur les locations auto \u00e0 Paros Gr\u00e8ce\" \/>\n<meta name=\"robots\" content=\"index, follow, max-snippet:-1, max-image-preview:large, max-video-preview:-1\" \/>\n<link rel=\"canonical\" href=\"https:\/\/parosrentcar.com\/fr\/villages\/kostos\/\" \/>\n<meta property=\"og:locale\" content=\"fr_FR\" \/>\n<meta property=\"og:type\" content=\"article\" \/>\n<meta property=\"og:title\" content=\"Kostos -Location de voitures \u00e0 Paros Gr\u00e8ce\" \/>\n<meta property=\"og:description\" content=\"Kostos -Location de voitures \u00e0 prix comp\u00e9titifs, offres sp\u00e9ciales et r\u00e9ductions sur les locations auto \u00e0 Paros Gr\u00e8ce\" \/>\n<meta property=\"og:url\" content=\"https:\/\/parosrentcar.com\/fr\/villages\/kostos\/\" \/>\n<meta property=\"og:site_name\" content=\"Location de voitures \u00e0 Paros Gr\u00e8ce - ParosEuropeanRent\" \/>\n<meta property=\"article:publisher\" content=\"https:\/\/www.facebook.com\/paroscarrental\" \/>\n<meta property=\"article:modified_time\" content=\"2015-02-11T18:51:24+00:00\" \/>\n<meta name=\"twitter:label1\" content=\"Dur\u00e9e de lecture estim\u00e9e\" \/>\n\t<meta name=\"twitter:data1\" content=\"1 minute\" \/>\n<script type=\"application\/ld+json\" class=\"yoast-schema-graph\">{\"@context\":\"https:\/\/schema.org\",\"@graph\":[{\"@type\":\"WebPage\",\"@id\":\"https:\/\/parosrentcar.com\/fr\/villages\/kostos\/\",\"url\":\"https:\/\/parosrentcar.com\/fr\/villages\/kostos\/\",\"name\":\"Kostos -Location de voitures \u00e0 Paros Gr\u00e8ce\",\"isPartOf\":{\"@id\":\"https:\/\/parosrentcar.com\/fr\/#website\"},\"datePublished\":\"2014-12-13T15:41:24+00:00\",\"dateModified\":\"2015-02-11T18:51:24+00:00\",\"description\":\"Kostos -Location de voitures \u00e0 prix comp\u00e9titifs, offres sp\u00e9ciales et r\u00e9ductions sur les locations auto \u00e0 Paros Gr\u00e8ce\",\"breadcrumb\":{\"@id\":\"https:\/\/parosrentcar.com\/fr\/villages\/kostos\/#breadcrumb\"},\"inLanguage\":\"fr-FR\",\"potentialAction\":[{\"@type\":\"ReadAction\",\"target\":[\"https:\/\/parosrentcar.com\/fr\/villages\/kostos\/\"]}]},{\"@type\":\"BreadcrumbList\",\"@id\":\"https:\/\/parosrentcar.com\/fr\/villages\/kostos\/#breadcrumb\",\"itemListElement\":[{\"@type\":\"ListItem\",\"position\":1,\"name\":\"Home\",\"item\":\"https:\/\/parosrentcar.com\/fr\/\"},{\"@type\":\"ListItem\",\"position\":2,\"name\":\"Villages\",\"item\":\"https:\/\/parosrentcar.com\/fr\/villages\/\"},{\"@type\":\"ListItem\",\"position\":3,\"name\":\"Kostos\"}]},{\"@type\":\"WebSite\",\"@id\":\"https:\/\/parosrentcar.com\/fr\/#website\",\"url\":\"https:\/\/parosrentcar.com\/fr\/\",\"name\":\"Location de voitures \u00e0 Paros Gr\u00e8ce - ParosEuropeanRent\",\"description\":\"Location de voiture, buggy, quad, atv, scooter, moto et v\u00e9lo \u00e0 Paros\",\"potentialAction\":[{\"@type\":\"SearchAction\",\"target\":{\"@type\":\"EntryPoint\",\"urlTemplate\":\"https:\/\/parosrentcar.com\/fr\/?s={search_term_string}\"},\"query-input\":{\"@type\":\"PropertyValueSpecification\",\"valueRequired\":true,\"valueName\":\"search_term_string\"}}],\"inLanguage\":\"fr-FR\"}]}<\/script>\n<!-- \/ Yoast SEO plugin. -->","yoast_head_json":{"title":"Kostos -Location de voitures \u00e0 Paros Gr\u00e8ce","description":"Kostos -Location de voitures \u00e0 prix comp\u00e9titifs, offres sp\u00e9ciales et r\u00e9ductions sur les locations auto \u00e0 Paros Gr\u00e8ce","robots":{"index":"index","follow":"follow","max-snippet":"max-snippet:-1","max-image-preview":"max-image-preview:large","max-video-preview":"max-video-preview:-1"},"canonical":"https:\/\/parosrentcar.com\/fr\/villages\/kostos\/","og_locale":"fr_FR","og_type":"article","og_title":"Kostos -Location de voitures \u00e0 Paros Gr\u00e8ce","og_description":"Kostos -Location de voitures \u00e0 prix comp\u00e9titifs, offres sp\u00e9ciales et r\u00e9ductions sur les locations auto \u00e0 Paros Gr\u00e8ce","og_url":"https:\/\/parosrentcar.com\/fr\/villages\/kostos\/","og_site_name":"Location de voitures \u00e0 Paros Gr\u00e8ce - ParosEuropeanRent","article_publisher":"https:\/\/www.facebook.com\/paroscarrental","article_modified_time":"2015-02-11T18:51:24+00:00","twitter_misc":{"Dur\u00e9e de lecture estim\u00e9e":"1 minute"},"schema":{"@context":"https:\/\/schema.org","@graph":[{"@type":"WebPage","@id":"https:\/\/parosrentcar.com\/fr\/villages\/kostos\/","url":"https:\/\/parosrentcar.com\/fr\/villages\/kostos\/","name":"Kostos -Location de voitures \u00e0 Paros Gr\u00e8ce","isPartOf":{"@id":"https:\/\/parosrentcar.com\/fr\/#website"},"datePublished":"2014-12-13T15:41:24+00:00","dateModified":"2015-02-11T18:51:24+00:00","description":"Kostos -Location de voitures \u00e0 prix comp\u00e9titifs, offres sp\u00e9ciales et r\u00e9ductions sur les locations auto \u00e0 Paros Gr\u00e8ce","breadcrumb":{"@id":"https:\/\/parosrentcar.com\/fr\/villages\/kostos\/#breadcrumb"},"inLanguage":"fr-FR","potentialAction":[{"@type":"ReadAction","target":["https:\/\/parosrentcar.com\/fr\/villages\/kostos\/"]}]},{"@type":"BreadcrumbList","@id":"https:\/\/parosrentcar.com\/fr\/villages\/kostos\/#breadcrumb","itemListElement":[{"@type":"ListItem","position":1,"name":"Home","item":"https:\/\/parosrentcar.com\/fr\/"},{"@type":"ListItem","position":2,"name":"Villages","item":"https:\/\/parosrentcar.com\/fr\/villages\/"},{"@type":"ListItem","position":3,"name":"Kostos"}]},{"@type":"WebSite","@id":"https:\/\/parosrentcar.com\/fr\/#website","url":"https:\/\/parosrentcar.com\/fr\/","name":"Location de voitures \u00e0 Paros Gr\u00e8ce - ParosEuropeanRent","description":"Location de voiture, buggy, quad, atv, scooter, moto et v\u00e9lo \u00e0 Paros","potentialAction":[{"@type":"SearchAction","target":{"@type":"EntryPoint","urlTemplate":"https:\/\/parosrentcar.com\/fr\/?s={search_term_string}"},"query-input":{"@type":"PropertyValueSpecification","valueRequired":true,"valueName":"search_term_string"}}],"inLanguage":"fr-FR"}]}},"_links":{"self":[{"href":"https:\/\/parosrentcar.com\/fr\/wp-json\/wp\/v2\/pages\/1393","targetHints":{"allow":["GET"]}}],"collection":[{"href":"https:\/\/parosrentcar.com\/fr\/wp-json\/wp\/v2\/pages"}],"about":[{"href":"https:\/\/parosrentcar.com\/fr\/wp-json\/wp\/v2\/types\/page"}],"author":[{"embeddable":true,"href":"https:\/\/parosrentcar.com\/fr\/wp-json\/wp\/v2\/users\/1"}],"replies":[{"embeddable":true,"href":"https:\/\/parosrentcar.com\/fr\/wp-json\/wp\/v2\/comments?post=1393"}],"version-history":[{"count":1,"href":"https:\/\/parosrentcar.com\/fr\/wp-json\/wp\/v2\/pages\/1393\/revisions"}],"predecessor-version":[{"id":1970,"href":"https:\/\/parosrentcar.com\/fr\/wp-json\/wp\/v2\/pages\/1393\/revisions\/1970"}],"up":[{"embeddable":true,"href":"https:\/\/parosrentcar.com\/fr\/wp-json\/wp\/v2\/pages\/1380"}],"wp:attachment":[{"href":"https:\/\/parosrentcar.com\/fr\/wp-json\/wp\/v2\/media?parent=1393"}],"curies":[{"name":"wp","href":"https:\/\/api.w.org\/{rel}","templated":true}]}}