{"id":1368,"date":"2014-12-13T15:24:54","date_gmt":"2014-12-13T15:24:54","guid":{"rendered":"http:\/\/parosrentcar.com\/el\/?page_id=1368"},"modified":"2015-02-14T07:31:08","modified_gmt":"2015-02-14T07:31:08","slug":"lasklepieion","status":"publish","type":"page","link":"https:\/\/parosrentcar.com\/fr\/sites-touristiques\/lasklepieion\/","title":{"rendered":"L\u2019Asklepieion"},"content":{"rendered":"<p>\u00c0 la limite est de Parikia, le temple d\u2019<strong>Asklepeion<\/strong> \u00e9tait d\u00e9di\u00e9 au dieu de la m\u00e9decine, Asclepius. Il est \u00e0 proximit\u00e9 du <strong>sanctuaire d\u2019Apollon Pythien<\/strong> et de celui de <strong>D\u00e9m\u00e9ter Thesmophoros<\/strong>.<\/p>\n<p><strong>Le temple <\/strong>est une construction rectangulaire de p\u00e9riode classique tardive (IV\u00e8me si\u00e8cle avant JC.) de 45m sur 15m, encore debout aujourd\u2019hui. Des tunnels d\u00e9bouchent sur la partie \u00e9troite du temple mais la plus grande partie du culte avait lieu au niveau de l\u2019autel au centre de la partie ouverte. On a retrouv\u00e9 sur le site des vestiges d\u2019un temple d\u00e9di\u00e9 \u00e0 Apollon Pythien.<\/p>\n<p>Vous pouvez vous promener sur le site entre les <strong>\u00e9l\u00e9ments architecturaux<\/strong> encore debout, les ruines des temples en marbre blanc de Paros et les fragments de colonnes doriques et les objets d\u00e9coratifs dispers\u00e9 tout autour du temple. Il est tr\u00e8s facile d\u2019acc\u00e8s en suivant la route p\u00e9riph\u00e9rique de Parikia vers le sud-est de l\u2019\u00eele.<\/p>\n","protected":false},"excerpt":{"rendered":"<p>\u00c0 la limite est de Parikia, le temple d\u2019Asklepeion \u00e9tait d\u00e9di\u00e9 au dieu de la m\u00e9decine, Asclepius. Il est \u00e0 proximit\u00e9 du sanctuaire d\u2019Apollon Pythien et de celui de D\u00e9m\u00e9ter Thesmophoros. Le temple est une construction rectangulaire de p\u00e9riode classique tardive (IV\u00e8me si\u00e8cle avant JC.) de 45m sur 15m, encore debout aujourd\u2019hui. Des tunnels d\u00e9bouchent sur la partie \u00e9troite du temple mais la plus grande partie du culte avait lieu au niveau de l\u2019autel au centre de la partie ouverte. On a retrouv\u00e9 sur le site des vestiges d\u2019un temple d\u00e9di\u00e9 \u00e0 Apollon Pythien. Vous pouvez vous promener sur le site entre les \u00e9l\u00e9ments architecturaux encore debout, les ruines des [&hellip;]<\/p>\n","protected":false},"author":1,"featured_media":0,"parent":1015,"menu_order":0,"comment_status":"closed","ping_status":"closed","template":"","meta":{"footnotes":""},"class_list":["post-1368","page","type-page","status-publish","hentry"],"yoast_head":"<!-- This site is optimized with the Yoast SEO plugin v27.1.1 - https:\/\/yoast.com\/product\/yoast-seo-wordpress\/ -->\n<title>L\u2019Asklepieion -Location de voitures \u00e0 Paros Gr\u00e8ce<\/title>\n<meta name=\"description\" content=\"L\u2019Asklepieion -Location de voitures \u00e0 prix comp\u00e9titifs, offres sp\u00e9ciales et r\u00e9ductions sur les locations auto \u00e0 Paros Gr\u00e8ce\" \/>\n<meta name=\"robots\" content=\"index, follow, max-snippet:-1, max-image-preview:large, max-video-preview:-1\" \/>\n<link rel=\"canonical\" href=\"https:\/\/parosrentcar.com\/fr\/sites-touristiques\/lasklepieion\/\" \/>\n<meta property=\"og:locale\" content=\"fr_FR\" \/>\n<meta property=\"og:type\" content=\"article\" \/>\n<meta property=\"og:title\" content=\"L\u2019Asklepieion -Location de voitures \u00e0 Paros Gr\u00e8ce\" \/>\n<meta property=\"og:description\" content=\"L\u2019Asklepieion -Location de voitures \u00e0 prix comp\u00e9titifs, offres sp\u00e9ciales et r\u00e9ductions sur les locations auto \u00e0 Paros Gr\u00e8ce\" \/>\n<meta property=\"og:url\" content=\"https:\/\/parosrentcar.com\/fr\/sites-touristiques\/lasklepieion\/\" \/>\n<meta property=\"og:site_name\" content=\"Location de voitures \u00e0 Paros Gr\u00e8ce - ParosEuropeanRent\" \/>\n<meta property=\"article:publisher\" content=\"https:\/\/www.facebook.com\/paroscarrental\" \/>\n<meta property=\"article:modified_time\" content=\"2015-02-14T07:31:08+00:00\" \/>\n<meta name=\"twitter:label1\" content=\"Dur\u00e9e de lecture estim\u00e9e\" \/>\n\t<meta name=\"twitter:data1\" content=\"1 minute\" \/>\n<script type=\"application\/ld+json\" class=\"yoast-schema-graph\">{\"@context\":\"https:\/\/schema.org\",\"@graph\":[{\"@type\":\"WebPage\",\"@id\":\"https:\/\/parosrentcar.com\/fr\/sites-touristiques\/lasklepieion\/\",\"url\":\"https:\/\/parosrentcar.com\/fr\/sites-touristiques\/lasklepieion\/\",\"name\":\"L\u2019Asklepieion -Location de voitures \u00e0 Paros Gr\u00e8ce\",\"isPartOf\":{\"@id\":\"https:\/\/parosrentcar.com\/fr\/#website\"},\"datePublished\":\"2014-12-13T15:24:54+00:00\",\"dateModified\":\"2015-02-14T07:31:08+00:00\",\"description\":\"L\u2019Asklepieion -Location de voitures \u00e0 prix comp\u00e9titifs, offres sp\u00e9ciales et r\u00e9ductions sur les locations auto \u00e0 Paros Gr\u00e8ce\",\"breadcrumb\":{\"@id\":\"https:\/\/parosrentcar.com\/fr\/sites-touristiques\/lasklepieion\/#breadcrumb\"},\"inLanguage\":\"fr-FR\",\"potentialAction\":[{\"@type\":\"ReadAction\",\"target\":[\"https:\/\/parosrentcar.com\/fr\/sites-touristiques\/lasklepieion\/\"]}]},{\"@type\":\"BreadcrumbList\",\"@id\":\"https:\/\/parosrentcar.com\/fr\/sites-touristiques\/lasklepieion\/#breadcrumb\",\"itemListElement\":[{\"@type\":\"ListItem\",\"position\":1,\"name\":\"Home\",\"item\":\"https:\/\/parosrentcar.com\/fr\/\"},{\"@type\":\"ListItem\",\"position\":2,\"name\":\"Sites touristiques\",\"item\":\"https:\/\/parosrentcar.com\/fr\/sites-touristiques\/\"},{\"@type\":\"ListItem\",\"position\":3,\"name\":\"L\u2019Asklepieion\"}]},{\"@type\":\"WebSite\",\"@id\":\"https:\/\/parosrentcar.com\/fr\/#website\",\"url\":\"https:\/\/parosrentcar.com\/fr\/\",\"name\":\"Location de voitures \u00e0 Paros Gr\u00e8ce - ParosEuropeanRent\",\"description\":\"Location de voiture, buggy, quad, atv, scooter, moto et v\u00e9lo \u00e0 Paros\",\"potentialAction\":[{\"@type\":\"SearchAction\",\"target\":{\"@type\":\"EntryPoint\",\"urlTemplate\":\"https:\/\/parosrentcar.com\/fr\/?s={search_term_string}\"},\"query-input\":{\"@type\":\"PropertyValueSpecification\",\"valueRequired\":true,\"valueName\":\"search_term_string\"}}],\"inLanguage\":\"fr-FR\"}]}<\/script>\n<!-- \/ Yoast SEO plugin. -->","yoast_head_json":{"title":"L\u2019Asklepieion -Location de voitures \u00e0 Paros Gr\u00e8ce","description":"L\u2019Asklepieion -Location de voitures \u00e0 prix comp\u00e9titifs, offres sp\u00e9ciales et r\u00e9ductions sur les locations auto \u00e0 Paros Gr\u00e8ce","robots":{"index":"index","follow":"follow","max-snippet":"max-snippet:-1","max-image-preview":"max-image-preview:large","max-video-preview":"max-video-preview:-1"},"canonical":"https:\/\/parosrentcar.com\/fr\/sites-touristiques\/lasklepieion\/","og_locale":"fr_FR","og_type":"article","og_title":"L\u2019Asklepieion -Location de voitures \u00e0 Paros Gr\u00e8ce","og_description":"L\u2019Asklepieion -Location de voitures \u00e0 prix comp\u00e9titifs, offres sp\u00e9ciales et r\u00e9ductions sur les locations auto \u00e0 Paros Gr\u00e8ce","og_url":"https:\/\/parosrentcar.com\/fr\/sites-touristiques\/lasklepieion\/","og_site_name":"Location de voitures \u00e0 Paros Gr\u00e8ce - ParosEuropeanRent","article_publisher":"https:\/\/www.facebook.com\/paroscarrental","article_modified_time":"2015-02-14T07:31:08+00:00","twitter_misc":{"Dur\u00e9e de lecture estim\u00e9e":"1 minute"},"schema":{"@context":"https:\/\/schema.org","@graph":[{"@type":"WebPage","@id":"https:\/\/parosrentcar.com\/fr\/sites-touristiques\/lasklepieion\/","url":"https:\/\/parosrentcar.com\/fr\/sites-touristiques\/lasklepieion\/","name":"L\u2019Asklepieion -Location de voitures \u00e0 Paros Gr\u00e8ce","isPartOf":{"@id":"https:\/\/parosrentcar.com\/fr\/#website"},"datePublished":"2014-12-13T15:24:54+00:00","dateModified":"2015-02-14T07:31:08+00:00","description":"L\u2019Asklepieion -Location de voitures \u00e0 prix comp\u00e9titifs, offres sp\u00e9ciales et r\u00e9ductions sur les locations auto \u00e0 Paros Gr\u00e8ce","breadcrumb":{"@id":"https:\/\/parosrentcar.com\/fr\/sites-touristiques\/lasklepieion\/#breadcrumb"},"inLanguage":"fr-FR","potentialAction":[{"@type":"ReadAction","target":["https:\/\/parosrentcar.com\/fr\/sites-touristiques\/lasklepieion\/"]}]},{"@type":"BreadcrumbList","@id":"https:\/\/parosrentcar.com\/fr\/sites-touristiques\/lasklepieion\/#breadcrumb","itemListElement":[{"@type":"ListItem","position":1,"name":"Home","item":"https:\/\/parosrentcar.com\/fr\/"},{"@type":"ListItem","position":2,"name":"Sites touristiques","item":"https:\/\/parosrentcar.com\/fr\/sites-touristiques\/"},{"@type":"ListItem","position":3,"name":"L\u2019Asklepieion"}]},{"@type":"WebSite","@id":"https:\/\/parosrentcar.com\/fr\/#website","url":"https:\/\/parosrentcar.com\/fr\/","name":"Location de voitures \u00e0 Paros Gr\u00e8ce - ParosEuropeanRent","description":"Location de voiture, buggy, quad, atv, scooter, moto et v\u00e9lo \u00e0 Paros","potentialAction":[{"@type":"SearchAction","target":{"@type":"EntryPoint","urlTemplate":"https:\/\/parosrentcar.com\/fr\/?s={search_term_string}"},"query-input":{"@type":"PropertyValueSpecification","valueRequired":true,"valueName":"search_term_string"}}],"inLanguage":"fr-FR"}]}},"_links":{"self":[{"href":"https:\/\/parosrentcar.com\/fr\/wp-json\/wp\/v2\/pages\/1368","targetHints":{"allow":["GET"]}}],"collection":[{"href":"https:\/\/parosrentcar.com\/fr\/wp-json\/wp\/v2\/pages"}],"about":[{"href":"https:\/\/parosrentcar.com\/fr\/wp-json\/wp\/v2\/types\/page"}],"author":[{"embeddable":true,"href":"https:\/\/parosrentcar.com\/fr\/wp-json\/wp\/v2\/users\/1"}],"replies":[{"embeddable":true,"href":"https:\/\/parosrentcar.com\/fr\/wp-json\/wp\/v2\/comments?post=1368"}],"version-history":[{"count":1,"href":"https:\/\/parosrentcar.com\/fr\/wp-json\/wp\/v2\/pages\/1368\/revisions"}],"predecessor-version":[{"id":1980,"href":"https:\/\/parosrentcar.com\/fr\/wp-json\/wp\/v2\/pages\/1368\/revisions\/1980"}],"up":[{"embeddable":true,"href":"https:\/\/parosrentcar.com\/fr\/wp-json\/wp\/v2\/pages\/1015"}],"wp:attachment":[{"href":"https:\/\/parosrentcar.com\/fr\/wp-json\/wp\/v2\/media?parent=1368"}],"curies":[{"name":"wp","href":"https:\/\/api.w.org\/{rel}","templated":true}]}}