{"id":1362,"date":"2014-12-13T15:12:26","date_gmt":"2014-12-13T15:12:26","guid":{"rendered":"http:\/\/parosrentcar.com\/el\/?page_id=1362"},"modified":"2015-02-11T18:38:13","modified_gmt":"2015-02-11T18:38:13","slug":"lolantonis","status":"publish","type":"page","link":"https:\/\/parosrentcar.com\/fr\/plages\/lolantonis\/","title":{"rendered":"Lolantonis"},"content":{"rendered":"<p>En direction du sud de l\u2019\u00eele vers Ageria, apr\u00e8s <strong>Drios<\/strong> et pr\u00e8s d\u2019Aspro Horio, tournez \u00e0 gauche au panneau indiquant <strong>Lolantonis<\/strong>. Au bout du chemin, vous d\u00e9couvrirez un petit paradis. Une charmante crique de sable et de galets o\u00f9 vous pourrez vous d\u00e9tendre \u00e0 l\u2019ombre des <strong>arbres denses et verdoyants<\/strong> avant de plonger dans les eaux turquoises.<\/p>\n<p>Le nom de Lolantonis est celui de la <strong>fameuse taverne<\/strong> situ\u00e9e en haut du chemin, o\u00f9 vous pourrez d\u00e9jeuner ou diner. La plage est accessible par taxi, voiture ou moto. C\u2019est une <strong>plage sauvage<\/strong> mais n\u00e9anmoins tout \u00e0 fait praticable en famille.<\/p>\n","protected":false},"excerpt":{"rendered":"<p>En direction du sud de l\u2019\u00eele vers Ageria, apr\u00e8s Drios et pr\u00e8s d\u2019Aspro Horio, tournez \u00e0 gauche au panneau indiquant Lolantonis. Au bout du chemin, vous d\u00e9couvrirez un petit paradis. Une charmante crique de sable et de galets o\u00f9 vous pourrez vous d\u00e9tendre \u00e0 l\u2019ombre des arbres denses et verdoyants avant de plonger dans les eaux turquoises. Le nom de Lolantonis est celui de la fameuse taverne situ\u00e9e en haut du chemin, o\u00f9 vous pourrez d\u00e9jeuner ou diner. La plage est accessible par taxi, voiture ou moto. C\u2019est une plage sauvage mais n\u00e9anmoins tout \u00e0 fait praticable en famille.<\/p>\n","protected":false},"author":1,"featured_media":0,"parent":1026,"menu_order":0,"comment_status":"closed","ping_status":"closed","template":"","meta":{"footnotes":""},"class_list":["post-1362","page","type-page","status-publish","hentry"],"yoast_head":"<!-- This site is optimized with the Yoast SEO plugin v27.1.1 - https:\/\/yoast.com\/product\/yoast-seo-wordpress\/ -->\n<title>Lolantonis -Location de voitures \u00e0 Paros Gr\u00e8ce<\/title>\n<meta name=\"description\" content=\"Lolantonis -Location de voitures \u00e0 prix comp\u00e9titifs, offres sp\u00e9ciales et r\u00e9ductions sur les locations auto \u00e0 Paros Gr\u00e8ce\" \/>\n<meta name=\"robots\" content=\"index, follow, max-snippet:-1, max-image-preview:large, max-video-preview:-1\" \/>\n<link rel=\"canonical\" href=\"https:\/\/parosrentcar.com\/fr\/plages\/lolantonis\/\" \/>\n<meta property=\"og:locale\" content=\"fr_FR\" \/>\n<meta property=\"og:type\" content=\"article\" \/>\n<meta property=\"og:title\" content=\"Lolantonis -Location de voitures \u00e0 Paros Gr\u00e8ce\" \/>\n<meta property=\"og:description\" content=\"Lolantonis -Location de voitures \u00e0 prix comp\u00e9titifs, offres sp\u00e9ciales et r\u00e9ductions sur les locations auto \u00e0 Paros Gr\u00e8ce\" \/>\n<meta property=\"og:url\" content=\"https:\/\/parosrentcar.com\/fr\/plages\/lolantonis\/\" \/>\n<meta property=\"og:site_name\" content=\"Location de voitures \u00e0 Paros Gr\u00e8ce - ParosEuropeanRent\" \/>\n<meta property=\"article:publisher\" content=\"https:\/\/www.facebook.com\/paroscarrental\" \/>\n<meta property=\"article:modified_time\" content=\"2015-02-11T18:38:13+00:00\" \/>\n<meta name=\"twitter:label1\" content=\"Dur\u00e9e de lecture estim\u00e9e\" \/>\n\t<meta name=\"twitter:data1\" content=\"1 minute\" \/>\n<script type=\"application\/ld+json\" class=\"yoast-schema-graph\">{\"@context\":\"https:\/\/schema.org\",\"@graph\":[{\"@type\":\"WebPage\",\"@id\":\"https:\/\/parosrentcar.com\/fr\/plages\/lolantonis\/\",\"url\":\"https:\/\/parosrentcar.com\/fr\/plages\/lolantonis\/\",\"name\":\"Lolantonis -Location de voitures \u00e0 Paros Gr\u00e8ce\",\"isPartOf\":{\"@id\":\"https:\/\/parosrentcar.com\/fr\/#website\"},\"datePublished\":\"2014-12-13T15:12:26+00:00\",\"dateModified\":\"2015-02-11T18:38:13+00:00\",\"description\":\"Lolantonis -Location de voitures \u00e0 prix comp\u00e9titifs, offres sp\u00e9ciales et r\u00e9ductions sur les locations auto \u00e0 Paros Gr\u00e8ce\",\"breadcrumb\":{\"@id\":\"https:\/\/parosrentcar.com\/fr\/plages\/lolantonis\/#breadcrumb\"},\"inLanguage\":\"fr-FR\",\"potentialAction\":[{\"@type\":\"ReadAction\",\"target\":[\"https:\/\/parosrentcar.com\/fr\/plages\/lolantonis\/\"]}]},{\"@type\":\"BreadcrumbList\",\"@id\":\"https:\/\/parosrentcar.com\/fr\/plages\/lolantonis\/#breadcrumb\",\"itemListElement\":[{\"@type\":\"ListItem\",\"position\":1,\"name\":\"Home\",\"item\":\"https:\/\/parosrentcar.com\/fr\/\"},{\"@type\":\"ListItem\",\"position\":2,\"name\":\"Plages\",\"item\":\"https:\/\/parosrentcar.com\/fr\/plages\/\"},{\"@type\":\"ListItem\",\"position\":3,\"name\":\"Lolantonis\"}]},{\"@type\":\"WebSite\",\"@id\":\"https:\/\/parosrentcar.com\/fr\/#website\",\"url\":\"https:\/\/parosrentcar.com\/fr\/\",\"name\":\"Location de voitures \u00e0 Paros Gr\u00e8ce - ParosEuropeanRent\",\"description\":\"Location de voiture, buggy, quad, atv, scooter, moto et v\u00e9lo \u00e0 Paros\",\"potentialAction\":[{\"@type\":\"SearchAction\",\"target\":{\"@type\":\"EntryPoint\",\"urlTemplate\":\"https:\/\/parosrentcar.com\/fr\/?s={search_term_string}\"},\"query-input\":{\"@type\":\"PropertyValueSpecification\",\"valueRequired\":true,\"valueName\":\"search_term_string\"}}],\"inLanguage\":\"fr-FR\"}]}<\/script>\n<!-- \/ Yoast SEO plugin. -->","yoast_head_json":{"title":"Lolantonis -Location de voitures \u00e0 Paros Gr\u00e8ce","description":"Lolantonis -Location de voitures \u00e0 prix comp\u00e9titifs, offres sp\u00e9ciales et r\u00e9ductions sur les locations auto \u00e0 Paros Gr\u00e8ce","robots":{"index":"index","follow":"follow","max-snippet":"max-snippet:-1","max-image-preview":"max-image-preview:large","max-video-preview":"max-video-preview:-1"},"canonical":"https:\/\/parosrentcar.com\/fr\/plages\/lolantonis\/","og_locale":"fr_FR","og_type":"article","og_title":"Lolantonis -Location de voitures \u00e0 Paros Gr\u00e8ce","og_description":"Lolantonis -Location de voitures \u00e0 prix comp\u00e9titifs, offres sp\u00e9ciales et r\u00e9ductions sur les locations auto \u00e0 Paros Gr\u00e8ce","og_url":"https:\/\/parosrentcar.com\/fr\/plages\/lolantonis\/","og_site_name":"Location de voitures \u00e0 Paros Gr\u00e8ce - ParosEuropeanRent","article_publisher":"https:\/\/www.facebook.com\/paroscarrental","article_modified_time":"2015-02-11T18:38:13+00:00","twitter_misc":{"Dur\u00e9e de lecture estim\u00e9e":"1 minute"},"schema":{"@context":"https:\/\/schema.org","@graph":[{"@type":"WebPage","@id":"https:\/\/parosrentcar.com\/fr\/plages\/lolantonis\/","url":"https:\/\/parosrentcar.com\/fr\/plages\/lolantonis\/","name":"Lolantonis -Location de voitures \u00e0 Paros Gr\u00e8ce","isPartOf":{"@id":"https:\/\/parosrentcar.com\/fr\/#website"},"datePublished":"2014-12-13T15:12:26+00:00","dateModified":"2015-02-11T18:38:13+00:00","description":"Lolantonis -Location de voitures \u00e0 prix comp\u00e9titifs, offres sp\u00e9ciales et r\u00e9ductions sur les locations auto \u00e0 Paros Gr\u00e8ce","breadcrumb":{"@id":"https:\/\/parosrentcar.com\/fr\/plages\/lolantonis\/#breadcrumb"},"inLanguage":"fr-FR","potentialAction":[{"@type":"ReadAction","target":["https:\/\/parosrentcar.com\/fr\/plages\/lolantonis\/"]}]},{"@type":"BreadcrumbList","@id":"https:\/\/parosrentcar.com\/fr\/plages\/lolantonis\/#breadcrumb","itemListElement":[{"@type":"ListItem","position":1,"name":"Home","item":"https:\/\/parosrentcar.com\/fr\/"},{"@type":"ListItem","position":2,"name":"Plages","item":"https:\/\/parosrentcar.com\/fr\/plages\/"},{"@type":"ListItem","position":3,"name":"Lolantonis"}]},{"@type":"WebSite","@id":"https:\/\/parosrentcar.com\/fr\/#website","url":"https:\/\/parosrentcar.com\/fr\/","name":"Location de voitures \u00e0 Paros Gr\u00e8ce - ParosEuropeanRent","description":"Location de voiture, buggy, quad, atv, scooter, moto et v\u00e9lo \u00e0 Paros","potentialAction":[{"@type":"SearchAction","target":{"@type":"EntryPoint","urlTemplate":"https:\/\/parosrentcar.com\/fr\/?s={search_term_string}"},"query-input":{"@type":"PropertyValueSpecification","valueRequired":true,"valueName":"search_term_string"}}],"inLanguage":"fr-FR"}]}},"_links":{"self":[{"href":"https:\/\/parosrentcar.com\/fr\/wp-json\/wp\/v2\/pages\/1362","targetHints":{"allow":["GET"]}}],"collection":[{"href":"https:\/\/parosrentcar.com\/fr\/wp-json\/wp\/v2\/pages"}],"about":[{"href":"https:\/\/parosrentcar.com\/fr\/wp-json\/wp\/v2\/types\/page"}],"author":[{"embeddable":true,"href":"https:\/\/parosrentcar.com\/fr\/wp-json\/wp\/v2\/users\/1"}],"replies":[{"embeddable":true,"href":"https:\/\/parosrentcar.com\/fr\/wp-json\/wp\/v2\/comments?post=1362"}],"version-history":[{"count":1,"href":"https:\/\/parosrentcar.com\/fr\/wp-json\/wp\/v2\/pages\/1362\/revisions"}],"predecessor-version":[{"id":1958,"href":"https:\/\/parosrentcar.com\/fr\/wp-json\/wp\/v2\/pages\/1362\/revisions\/1958"}],"up":[{"embeddable":true,"href":"https:\/\/parosrentcar.com\/fr\/wp-json\/wp\/v2\/pages\/1026"}],"wp:attachment":[{"href":"https:\/\/parosrentcar.com\/fr\/wp-json\/wp\/v2\/media?parent=1362"}],"curies":[{"name":"wp","href":"https:\/\/api.w.org\/{rel}","templated":true}]}}