{"id":1081,"date":"2014-11-25T06:35:33","date_gmt":"2014-11-25T06:35:33","guid":{"rendered":"http:\/\/parosrentcar.com\/el\/?page_id=1081"},"modified":"2015-02-11T18:36:28","modified_gmt":"2015-02-11T18:36:28","slug":"kolybithres","status":"publish","type":"page","link":"https:\/\/parosrentcar.com\/fr\/plages\/kolybithres\/","title":{"rendered":"Kolybithres"},"content":{"rendered":"<p><strong>La plage de Kolybithres <\/strong>est situ\u00e9e dans la partie ouest de l\u2019anse de Naoussa, \u00e0 10 km au nord-est de Parikia.C&rsquo;est une attraction pour les touristes grecs et \u00e9trangers en raison de sa beaut\u00e9 naturelle. Vous serez impressionn\u00e9 par ces \u00e9tranges <strong>rochers sculpt\u00e9s par les vagues<\/strong>, aux formes \u00e9vocatrices, qui donnent leur nom \u00e0 la plage.<\/p>\n<p><strong>Kolybithres<\/strong> est une plage de <strong>sable fin<\/strong> aux eaux claires et peu profondes, parfaite pour les <strong>familles avec enfants<\/strong>. Elle est <strong>bien am\u00e9nag\u00e9e<\/strong>, avec des chaises longues, des parasols et une \u00e9cole de ski nautique et de wake-board. Il y a de nombreuses possibilit\u00e9s d\u2019h\u00e9bergement aux alentours ainsi que des tavernes pour vous restaurer et un grand choix de bars et de caf\u00e9s.<\/p>\n<p>Vous pouvez vous y rendre de Naoussa en taxi ou prendre l\u2019un des <strong>bateaux d\u2019excursion<\/strong> quotidiens qui font un arr\u00eat \u00e0 kolybithres pour la baignade.<\/p>\n<p>Sourcr:<a title=\"\u039a\u03bf\u03bb\u03c5\u03bc\u03c0\u03ae\u03b8\u03c1\u03b5\u03c2\" href=\"http:\/\/paroseasybooking.gr\/dt_portfolio\/kolybithres-beach\/\" target=\"_blank\"> ParosEasyBooking.gr &#8211; Kolybithres<\/a><\/p>\n","protected":false},"excerpt":{"rendered":"<p>La plage de Kolybithres est situ\u00e9e dans la partie ouest de l\u2019anse de Naoussa, \u00e0 10 km au nord-est de Parikia.C&rsquo;est une attraction pour les touristes grecs et \u00e9trangers en raison de sa beaut\u00e9 naturelle. Vous serez impressionn\u00e9 par ces \u00e9tranges rochers sculpt\u00e9s par les vagues, aux formes \u00e9vocatrices, qui donnent leur nom \u00e0 la plage. Kolybithres est une plage de sable fin aux eaux claires et peu profondes, parfaite pour les familles avec enfants. Elle est bien am\u00e9nag\u00e9e, avec des chaises longues, des parasols et une \u00e9cole de ski nautique et de wake-board. Il y a de nombreuses possibilit\u00e9s d\u2019h\u00e9bergement aux alentours ainsi que des tavernes pour vous restaurer [&hellip;]<\/p>\n","protected":false},"author":1,"featured_media":0,"parent":1026,"menu_order":0,"comment_status":"closed","ping_status":"closed","template":"page-templates\/attraction.php","meta":{"footnotes":""},"class_list":["post-1081","page","type-page","status-publish","hentry"],"yoast_head":"<!-- This site is optimized with the Yoast SEO plugin v27.1.1 - https:\/\/yoast.com\/product\/yoast-seo-wordpress\/ -->\n<title>Kolybithres -Location de voitures \u00e0 Paros Gr\u00e8ce<\/title>\n<meta name=\"description\" content=\"Kolybithres -Location de voitures \u00e0 prix comp\u00e9titifs, offres sp\u00e9ciales et r\u00e9ductions sur les locations auto \u00e0 Paros Gr\u00e8ce\" \/>\n<meta name=\"robots\" content=\"index, follow, max-snippet:-1, max-image-preview:large, max-video-preview:-1\" \/>\n<link rel=\"canonical\" href=\"https:\/\/parosrentcar.com\/fr\/plages\/kolybithres\/\" \/>\n<meta property=\"og:locale\" content=\"fr_FR\" \/>\n<meta property=\"og:type\" content=\"article\" \/>\n<meta property=\"og:title\" content=\"Kolybithres -Location de voitures \u00e0 Paros Gr\u00e8ce\" \/>\n<meta property=\"og:description\" content=\"Kolybithres -Location de voitures \u00e0 prix comp\u00e9titifs, offres sp\u00e9ciales et r\u00e9ductions sur les locations auto \u00e0 Paros Gr\u00e8ce\" \/>\n<meta property=\"og:url\" content=\"https:\/\/parosrentcar.com\/fr\/plages\/kolybithres\/\" \/>\n<meta property=\"og:site_name\" content=\"Location de voitures \u00e0 Paros Gr\u00e8ce - ParosEuropeanRent\" \/>\n<meta property=\"article:publisher\" content=\"https:\/\/www.facebook.com\/paroscarrental\" \/>\n<meta property=\"article:modified_time\" content=\"2015-02-11T18:36:28+00:00\" \/>\n<meta name=\"twitter:label1\" content=\"Dur\u00e9e de lecture estim\u00e9e\" \/>\n\t<meta name=\"twitter:data1\" content=\"1 minute\" \/>\n<script type=\"application\/ld+json\" class=\"yoast-schema-graph\">{\"@context\":\"https:\/\/schema.org\",\"@graph\":[{\"@type\":\"WebPage\",\"@id\":\"https:\/\/parosrentcar.com\/fr\/plages\/kolybithres\/\",\"url\":\"https:\/\/parosrentcar.com\/fr\/plages\/kolybithres\/\",\"name\":\"Kolybithres -Location de voitures \u00e0 Paros Gr\u00e8ce\",\"isPartOf\":{\"@id\":\"https:\/\/parosrentcar.com\/fr\/#website\"},\"datePublished\":\"2014-11-25T06:35:33+00:00\",\"dateModified\":\"2015-02-11T18:36:28+00:00\",\"description\":\"Kolybithres -Location de voitures \u00e0 prix comp\u00e9titifs, offres sp\u00e9ciales et r\u00e9ductions sur les locations auto \u00e0 Paros Gr\u00e8ce\",\"breadcrumb\":{\"@id\":\"https:\/\/parosrentcar.com\/fr\/plages\/kolybithres\/#breadcrumb\"},\"inLanguage\":\"fr-FR\",\"potentialAction\":[{\"@type\":\"ReadAction\",\"target\":[\"https:\/\/parosrentcar.com\/fr\/plages\/kolybithres\/\"]}]},{\"@type\":\"BreadcrumbList\",\"@id\":\"https:\/\/parosrentcar.com\/fr\/plages\/kolybithres\/#breadcrumb\",\"itemListElement\":[{\"@type\":\"ListItem\",\"position\":1,\"name\":\"Home\",\"item\":\"https:\/\/parosrentcar.com\/fr\/\"},{\"@type\":\"ListItem\",\"position\":2,\"name\":\"Plages\",\"item\":\"https:\/\/parosrentcar.com\/fr\/plages\/\"},{\"@type\":\"ListItem\",\"position\":3,\"name\":\"Kolybithres\"}]},{\"@type\":\"WebSite\",\"@id\":\"https:\/\/parosrentcar.com\/fr\/#website\",\"url\":\"https:\/\/parosrentcar.com\/fr\/\",\"name\":\"Location de voitures \u00e0 Paros Gr\u00e8ce - ParosEuropeanRent\",\"description\":\"Location de voiture, buggy, quad, atv, scooter, moto et v\u00e9lo \u00e0 Paros\",\"potentialAction\":[{\"@type\":\"SearchAction\",\"target\":{\"@type\":\"EntryPoint\",\"urlTemplate\":\"https:\/\/parosrentcar.com\/fr\/?s={search_term_string}\"},\"query-input\":{\"@type\":\"PropertyValueSpecification\",\"valueRequired\":true,\"valueName\":\"search_term_string\"}}],\"inLanguage\":\"fr-FR\"}]}<\/script>\n<!-- \/ Yoast SEO plugin. -->","yoast_head_json":{"title":"Kolybithres -Location de voitures \u00e0 Paros Gr\u00e8ce","description":"Kolybithres -Location de voitures \u00e0 prix comp\u00e9titifs, offres sp\u00e9ciales et r\u00e9ductions sur les locations auto \u00e0 Paros Gr\u00e8ce","robots":{"index":"index","follow":"follow","max-snippet":"max-snippet:-1","max-image-preview":"max-image-preview:large","max-video-preview":"max-video-preview:-1"},"canonical":"https:\/\/parosrentcar.com\/fr\/plages\/kolybithres\/","og_locale":"fr_FR","og_type":"article","og_title":"Kolybithres -Location de voitures \u00e0 Paros Gr\u00e8ce","og_description":"Kolybithres -Location de voitures \u00e0 prix comp\u00e9titifs, offres sp\u00e9ciales et r\u00e9ductions sur les locations auto \u00e0 Paros Gr\u00e8ce","og_url":"https:\/\/parosrentcar.com\/fr\/plages\/kolybithres\/","og_site_name":"Location de voitures \u00e0 Paros Gr\u00e8ce - ParosEuropeanRent","article_publisher":"https:\/\/www.facebook.com\/paroscarrental","article_modified_time":"2015-02-11T18:36:28+00:00","twitter_misc":{"Dur\u00e9e de lecture estim\u00e9e":"1 minute"},"schema":{"@context":"https:\/\/schema.org","@graph":[{"@type":"WebPage","@id":"https:\/\/parosrentcar.com\/fr\/plages\/kolybithres\/","url":"https:\/\/parosrentcar.com\/fr\/plages\/kolybithres\/","name":"Kolybithres -Location de voitures \u00e0 Paros Gr\u00e8ce","isPartOf":{"@id":"https:\/\/parosrentcar.com\/fr\/#website"},"datePublished":"2014-11-25T06:35:33+00:00","dateModified":"2015-02-11T18:36:28+00:00","description":"Kolybithres -Location de voitures \u00e0 prix comp\u00e9titifs, offres sp\u00e9ciales et r\u00e9ductions sur les locations auto \u00e0 Paros Gr\u00e8ce","breadcrumb":{"@id":"https:\/\/parosrentcar.com\/fr\/plages\/kolybithres\/#breadcrumb"},"inLanguage":"fr-FR","potentialAction":[{"@type":"ReadAction","target":["https:\/\/parosrentcar.com\/fr\/plages\/kolybithres\/"]}]},{"@type":"BreadcrumbList","@id":"https:\/\/parosrentcar.com\/fr\/plages\/kolybithres\/#breadcrumb","itemListElement":[{"@type":"ListItem","position":1,"name":"Home","item":"https:\/\/parosrentcar.com\/fr\/"},{"@type":"ListItem","position":2,"name":"Plages","item":"https:\/\/parosrentcar.com\/fr\/plages\/"},{"@type":"ListItem","position":3,"name":"Kolybithres"}]},{"@type":"WebSite","@id":"https:\/\/parosrentcar.com\/fr\/#website","url":"https:\/\/parosrentcar.com\/fr\/","name":"Location de voitures \u00e0 Paros Gr\u00e8ce - ParosEuropeanRent","description":"Location de voiture, buggy, quad, atv, scooter, moto et v\u00e9lo \u00e0 Paros","potentialAction":[{"@type":"SearchAction","target":{"@type":"EntryPoint","urlTemplate":"https:\/\/parosrentcar.com\/fr\/?s={search_term_string}"},"query-input":{"@type":"PropertyValueSpecification","valueRequired":true,"valueName":"search_term_string"}}],"inLanguage":"fr-FR"}]}},"_links":{"self":[{"href":"https:\/\/parosrentcar.com\/fr\/wp-json\/wp\/v2\/pages\/1081","targetHints":{"allow":["GET"]}}],"collection":[{"href":"https:\/\/parosrentcar.com\/fr\/wp-json\/wp\/v2\/pages"}],"about":[{"href":"https:\/\/parosrentcar.com\/fr\/wp-json\/wp\/v2\/types\/page"}],"author":[{"embeddable":true,"href":"https:\/\/parosrentcar.com\/fr\/wp-json\/wp\/v2\/users\/1"}],"replies":[{"embeddable":true,"href":"https:\/\/parosrentcar.com\/fr\/wp-json\/wp\/v2\/comments?post=1081"}],"version-history":[{"count":1,"href":"https:\/\/parosrentcar.com\/fr\/wp-json\/wp\/v2\/pages\/1081\/revisions"}],"predecessor-version":[{"id":1955,"href":"https:\/\/parosrentcar.com\/fr\/wp-json\/wp\/v2\/pages\/1081\/revisions\/1955"}],"up":[{"embeddable":true,"href":"https:\/\/parosrentcar.com\/fr\/wp-json\/wp\/v2\/pages\/1026"}],"wp:attachment":[{"href":"https:\/\/parosrentcar.com\/fr\/wp-json\/wp\/v2\/media?parent=1081"}],"curies":[{"name":"wp","href":"https:\/\/api.w.org\/{rel}","templated":true}]}}