{"id":1079,"date":"2014-11-25T06:33:16","date_gmt":"2014-11-25T06:33:16","guid":{"rendered":"http:\/\/parosrentcar.com\/el\/?page_id=1079"},"modified":"2015-02-11T18:35:51","modified_gmt":"2015-02-11T18:35:51","slug":"golden-beach","status":"publish","type":"page","link":"https:\/\/parosrentcar.com\/fr\/plages\/golden-beach\/","title":{"rendered":"Golden Beach"},"content":{"rendered":"<p><strong>Golden Beach <\/strong>est l\u2019une des plages les plus c\u00e9l\u00e8bres et les plus <strong>cosmopolites <\/strong>de l\u2019\u00eele. Situ\u00e9e \u00e0 22 km de Parikia et tout pr\u00e8s du village de <strong>Drios<\/strong>. Cette jolie plage de 700 m de long au sable d\u2019or, sur la c\u00f4te est de Paros, tient son nom de son sable fin compos\u00e9 de cristaux qui brillent \u00e0 la lumi\u00e8re du soleil.<\/p>\n<p><strong>Golden beach<\/strong> est une destination tr\u00e8s populaire aupr\u00e8s des amateurs de <strong>windsurf<\/strong> et de <strong>kite-surf <\/strong>du monde entier gr\u00e2ce aux vents favorables soufflant dans la baie et plus au large. Vous pouvez ,entre autres, y louer des bateaux ou prendre des <strong>le\u00e7ons de planche \u00e0 voile<\/strong>, niveau d\u00e9butant ou confirm\u00e9. La plage est id\u00e9ale pour les sports de glisse et les <strong>activit\u00e9s nautiques<\/strong>. Le petit \u00eelot de Drionisi, inhabit\u00e9, est accessible par bateau.<\/p>\n<p>La plage est dot\u00e9e de <strong>belles infrastuctures<\/strong> pour vous d\u00e9tendre, vous restaurer et vous loger.<\/p>\n<p>Source: <a title=\"\u03a0\u03b1\u03c1\u03b1\u03bb\u03af\u03b1 \u03a7\u03c1\u03c5\u03c3\u03ae \u0391\u03ba\u03c4\u03ae\" href=\"http:\/\/paroseasybooking.gr\/dt_portfolio\/golden-beach\/\" target=\"_blank\">ParosEasyBooking.gr &#8211; Golden Beach<\/a><\/p>\n","protected":false},"excerpt":{"rendered":"<p>Golden Beach est l\u2019une des plages les plus c\u00e9l\u00e8bres et les plus cosmopolites de l\u2019\u00eele. Situ\u00e9e \u00e0 22 km de Parikia et tout pr\u00e8s du village de Drios. Cette jolie plage de 700 m de long au sable d\u2019or, sur la c\u00f4te est de Paros, tient son nom de son sable fin compos\u00e9 de cristaux qui brillent \u00e0 la lumi\u00e8re du soleil. Golden beach est une destination tr\u00e8s populaire aupr\u00e8s des amateurs de windsurf et de kite-surf du monde entier gr\u00e2ce aux vents favorables soufflant dans la baie et plus au large. Vous pouvez ,entre autres, y louer des bateaux ou prendre des le\u00e7ons de planche \u00e0 voile, niveau d\u00e9butant [&hellip;]<\/p>\n","protected":false},"author":1,"featured_media":0,"parent":1026,"menu_order":0,"comment_status":"closed","ping_status":"closed","template":"page-templates\/attraction.php","meta":{"footnotes":""},"class_list":["post-1079","page","type-page","status-publish","hentry"],"yoast_head":"<!-- This site is optimized with the Yoast SEO plugin v27.1.1 - https:\/\/yoast.com\/product\/yoast-seo-wordpress\/ -->\n<title>Golden Beach -Location de voitures \u00e0 Paros Gr\u00e8ce<\/title>\n<meta name=\"description\" content=\"Golden Beach -Location de voitures \u00e0 prix comp\u00e9titifs, offres sp\u00e9ciales et r\u00e9ductions sur les locations auto \u00e0 Paros Gr\u00e8ce\" \/>\n<meta name=\"robots\" content=\"index, follow, max-snippet:-1, max-image-preview:large, max-video-preview:-1\" \/>\n<link rel=\"canonical\" href=\"https:\/\/parosrentcar.com\/fr\/plages\/golden-beach\/\" \/>\n<meta property=\"og:locale\" content=\"fr_FR\" \/>\n<meta property=\"og:type\" content=\"article\" \/>\n<meta property=\"og:title\" content=\"Golden Beach -Location de voitures \u00e0 Paros Gr\u00e8ce\" \/>\n<meta property=\"og:description\" content=\"Golden Beach -Location de voitures \u00e0 prix comp\u00e9titifs, offres sp\u00e9ciales et r\u00e9ductions sur les locations auto \u00e0 Paros Gr\u00e8ce\" \/>\n<meta property=\"og:url\" content=\"https:\/\/parosrentcar.com\/fr\/plages\/golden-beach\/\" \/>\n<meta property=\"og:site_name\" content=\"Location de voitures \u00e0 Paros Gr\u00e8ce - ParosEuropeanRent\" \/>\n<meta property=\"article:publisher\" content=\"https:\/\/www.facebook.com\/paroscarrental\" \/>\n<meta property=\"article:modified_time\" content=\"2015-02-11T18:35:51+00:00\" \/>\n<meta name=\"twitter:label1\" content=\"Dur\u00e9e de lecture estim\u00e9e\" \/>\n\t<meta name=\"twitter:data1\" content=\"1 minute\" \/>\n<script type=\"application\/ld+json\" class=\"yoast-schema-graph\">{\"@context\":\"https:\/\/schema.org\",\"@graph\":[{\"@type\":\"WebPage\",\"@id\":\"https:\/\/parosrentcar.com\/fr\/plages\/golden-beach\/\",\"url\":\"https:\/\/parosrentcar.com\/fr\/plages\/golden-beach\/\",\"name\":\"Golden Beach -Location de voitures \u00e0 Paros Gr\u00e8ce\",\"isPartOf\":{\"@id\":\"https:\/\/parosrentcar.com\/fr\/#website\"},\"datePublished\":\"2014-11-25T06:33:16+00:00\",\"dateModified\":\"2015-02-11T18:35:51+00:00\",\"description\":\"Golden Beach -Location de voitures \u00e0 prix comp\u00e9titifs, offres sp\u00e9ciales et r\u00e9ductions sur les locations auto \u00e0 Paros Gr\u00e8ce\",\"breadcrumb\":{\"@id\":\"https:\/\/parosrentcar.com\/fr\/plages\/golden-beach\/#breadcrumb\"},\"inLanguage\":\"fr-FR\",\"potentialAction\":[{\"@type\":\"ReadAction\",\"target\":[\"https:\/\/parosrentcar.com\/fr\/plages\/golden-beach\/\"]}]},{\"@type\":\"BreadcrumbList\",\"@id\":\"https:\/\/parosrentcar.com\/fr\/plages\/golden-beach\/#breadcrumb\",\"itemListElement\":[{\"@type\":\"ListItem\",\"position\":1,\"name\":\"Home\",\"item\":\"https:\/\/parosrentcar.com\/fr\/\"},{\"@type\":\"ListItem\",\"position\":2,\"name\":\"Plages\",\"item\":\"https:\/\/parosrentcar.com\/fr\/plages\/\"},{\"@type\":\"ListItem\",\"position\":3,\"name\":\"Golden Beach\"}]},{\"@type\":\"WebSite\",\"@id\":\"https:\/\/parosrentcar.com\/fr\/#website\",\"url\":\"https:\/\/parosrentcar.com\/fr\/\",\"name\":\"Location de voitures \u00e0 Paros Gr\u00e8ce - ParosEuropeanRent\",\"description\":\"Location de voiture, buggy, quad, atv, scooter, moto et v\u00e9lo \u00e0 Paros\",\"potentialAction\":[{\"@type\":\"SearchAction\",\"target\":{\"@type\":\"EntryPoint\",\"urlTemplate\":\"https:\/\/parosrentcar.com\/fr\/?s={search_term_string}\"},\"query-input\":{\"@type\":\"PropertyValueSpecification\",\"valueRequired\":true,\"valueName\":\"search_term_string\"}}],\"inLanguage\":\"fr-FR\"}]}<\/script>\n<!-- \/ Yoast SEO plugin. -->","yoast_head_json":{"title":"Golden Beach -Location de voitures \u00e0 Paros Gr\u00e8ce","description":"Golden Beach -Location de voitures \u00e0 prix comp\u00e9titifs, offres sp\u00e9ciales et r\u00e9ductions sur les locations auto \u00e0 Paros Gr\u00e8ce","robots":{"index":"index","follow":"follow","max-snippet":"max-snippet:-1","max-image-preview":"max-image-preview:large","max-video-preview":"max-video-preview:-1"},"canonical":"https:\/\/parosrentcar.com\/fr\/plages\/golden-beach\/","og_locale":"fr_FR","og_type":"article","og_title":"Golden Beach -Location de voitures \u00e0 Paros Gr\u00e8ce","og_description":"Golden Beach -Location de voitures \u00e0 prix comp\u00e9titifs, offres sp\u00e9ciales et r\u00e9ductions sur les locations auto \u00e0 Paros Gr\u00e8ce","og_url":"https:\/\/parosrentcar.com\/fr\/plages\/golden-beach\/","og_site_name":"Location de voitures \u00e0 Paros Gr\u00e8ce - ParosEuropeanRent","article_publisher":"https:\/\/www.facebook.com\/paroscarrental","article_modified_time":"2015-02-11T18:35:51+00:00","twitter_misc":{"Dur\u00e9e de lecture estim\u00e9e":"1 minute"},"schema":{"@context":"https:\/\/schema.org","@graph":[{"@type":"WebPage","@id":"https:\/\/parosrentcar.com\/fr\/plages\/golden-beach\/","url":"https:\/\/parosrentcar.com\/fr\/plages\/golden-beach\/","name":"Golden Beach -Location de voitures \u00e0 Paros Gr\u00e8ce","isPartOf":{"@id":"https:\/\/parosrentcar.com\/fr\/#website"},"datePublished":"2014-11-25T06:33:16+00:00","dateModified":"2015-02-11T18:35:51+00:00","description":"Golden Beach -Location de voitures \u00e0 prix comp\u00e9titifs, offres sp\u00e9ciales et r\u00e9ductions sur les locations auto \u00e0 Paros Gr\u00e8ce","breadcrumb":{"@id":"https:\/\/parosrentcar.com\/fr\/plages\/golden-beach\/#breadcrumb"},"inLanguage":"fr-FR","potentialAction":[{"@type":"ReadAction","target":["https:\/\/parosrentcar.com\/fr\/plages\/golden-beach\/"]}]},{"@type":"BreadcrumbList","@id":"https:\/\/parosrentcar.com\/fr\/plages\/golden-beach\/#breadcrumb","itemListElement":[{"@type":"ListItem","position":1,"name":"Home","item":"https:\/\/parosrentcar.com\/fr\/"},{"@type":"ListItem","position":2,"name":"Plages","item":"https:\/\/parosrentcar.com\/fr\/plages\/"},{"@type":"ListItem","position":3,"name":"Golden Beach"}]},{"@type":"WebSite","@id":"https:\/\/parosrentcar.com\/fr\/#website","url":"https:\/\/parosrentcar.com\/fr\/","name":"Location de voitures \u00e0 Paros Gr\u00e8ce - ParosEuropeanRent","description":"Location de voiture, buggy, quad, atv, scooter, moto et v\u00e9lo \u00e0 Paros","potentialAction":[{"@type":"SearchAction","target":{"@type":"EntryPoint","urlTemplate":"https:\/\/parosrentcar.com\/fr\/?s={search_term_string}"},"query-input":{"@type":"PropertyValueSpecification","valueRequired":true,"valueName":"search_term_string"}}],"inLanguage":"fr-FR"}]}},"_links":{"self":[{"href":"https:\/\/parosrentcar.com\/fr\/wp-json\/wp\/v2\/pages\/1079","targetHints":{"allow":["GET"]}}],"collection":[{"href":"https:\/\/parosrentcar.com\/fr\/wp-json\/wp\/v2\/pages"}],"about":[{"href":"https:\/\/parosrentcar.com\/fr\/wp-json\/wp\/v2\/types\/page"}],"author":[{"embeddable":true,"href":"https:\/\/parosrentcar.com\/fr\/wp-json\/wp\/v2\/users\/1"}],"replies":[{"embeddable":true,"href":"https:\/\/parosrentcar.com\/fr\/wp-json\/wp\/v2\/comments?post=1079"}],"version-history":[{"count":1,"href":"https:\/\/parosrentcar.com\/fr\/wp-json\/wp\/v2\/pages\/1079\/revisions"}],"predecessor-version":[{"id":1954,"href":"https:\/\/parosrentcar.com\/fr\/wp-json\/wp\/v2\/pages\/1079\/revisions\/1954"}],"up":[{"embeddable":true,"href":"https:\/\/parosrentcar.com\/fr\/wp-json\/wp\/v2\/pages\/1026"}],"wp:attachment":[{"href":"https:\/\/parosrentcar.com\/fr\/wp-json\/wp\/v2\/media?parent=1079"}],"curies":[{"name":"wp","href":"https:\/\/api.w.org\/{rel}","templated":true}]}}