{"id":1077,"date":"2014-11-25T06:32:02","date_gmt":"2014-11-25T06:32:02","guid":{"rendered":"http:\/\/parosrentcar.com\/el\/?page_id=1077"},"modified":"2015-02-11T18:37:04","modified_gmt":"2015-02-11T18:37:04","slug":"krios","status":"publish","type":"page","link":"https:\/\/parosrentcar.com\/fr\/plages\/krios\/","title":{"rendered":"Krios"},"content":{"rendered":"<p>La charmante<strong> plage de Krios <\/strong>est \u00e0 2km au nord de la capitale. Elle s\u2019\u00e9tend dans le prolongement de la plage de Marcello jusqu\u2019au bout de la baie de Parikia, le cap d\u2019Agios Focas. C\u2019est une <strong>plage de sable<\/strong> aux eaux limpide, \u00e0 l\u2019abri des vents d\u2019\u00e9t\u00e9.<\/p>\n<p>On y a une <strong>tr\u00e8s belle vue sur Parikia<\/strong> et les alentours. La plage est bien <strong>\u00e9quip\u00e9e<\/strong> avec des chaises-longues, des parasols et une taverne au bord de l\u2019eau pour prendre un caf\u00e9, un rafraichissement ou un repas.<\/p>\n<p>Elle est d\u2019acc\u00e8s facile par taxi, voiture ou moto, vous pouvez aussi prendre les <strong>bateaux-navette<\/strong>s depuis Parikia. Il y a d\u2019autres plages \u00e0 proximit\u00e9, ainsi que des h\u00f4tels et des chambres \u00e0 louer.<\/p>\n<p>Source: <a title=\"Krios Beach\" href=\"http:\/\/paroseasybooking.gr\/dt_portfolio\/krios-beach\/\" target=\"_blank\">ParosEasyBooking.gr &#8211; Krios Beach<\/a><\/p>\n","protected":false},"excerpt":{"rendered":"<p>La charmante plage de Krios est \u00e0 2km au nord de la capitale. Elle s\u2019\u00e9tend dans le prolongement de la plage de Marcello jusqu\u2019au bout de la baie de Parikia, le cap d\u2019Agios Focas. C\u2019est une plage de sable aux eaux limpide, \u00e0 l\u2019abri des vents d\u2019\u00e9t\u00e9. On y a une tr\u00e8s belle vue sur Parikia et les alentours. La plage est bien \u00e9quip\u00e9e avec des chaises-longues, des parasols et une taverne au bord de l\u2019eau pour prendre un caf\u00e9, un rafraichissement ou un repas. Elle est d\u2019acc\u00e8s facile par taxi, voiture ou moto, vous pouvez aussi prendre les bateaux-navettes depuis Parikia. Il y a d\u2019autres plages \u00e0 proximit\u00e9, ainsi [&hellip;]<\/p>\n","protected":false},"author":1,"featured_media":0,"parent":1026,"menu_order":0,"comment_status":"closed","ping_status":"closed","template":"page-templates\/attraction.php","meta":{"footnotes":""},"class_list":["post-1077","page","type-page","status-publish","hentry"],"yoast_head":"<!-- This site is optimized with the Yoast SEO plugin v27.1.1 - https:\/\/yoast.com\/product\/yoast-seo-wordpress\/ -->\n<title>Krios -Location de voitures \u00e0 Paros Gr\u00e8ce<\/title>\n<meta name=\"description\" content=\"Krios -Location de voitures \u00e0 prix comp\u00e9titifs, offres sp\u00e9ciales et r\u00e9ductions sur les locations auto \u00e0 Paros Gr\u00e8ce\" \/>\n<meta name=\"robots\" content=\"index, follow, max-snippet:-1, max-image-preview:large, max-video-preview:-1\" \/>\n<link rel=\"canonical\" href=\"https:\/\/parosrentcar.com\/fr\/plages\/krios\/\" \/>\n<meta property=\"og:locale\" content=\"fr_FR\" \/>\n<meta property=\"og:type\" content=\"article\" \/>\n<meta property=\"og:title\" content=\"Krios -Location de voitures \u00e0 Paros Gr\u00e8ce\" \/>\n<meta property=\"og:description\" content=\"Krios -Location de voitures \u00e0 prix comp\u00e9titifs, offres sp\u00e9ciales et r\u00e9ductions sur les locations auto \u00e0 Paros Gr\u00e8ce\" \/>\n<meta property=\"og:url\" content=\"https:\/\/parosrentcar.com\/fr\/plages\/krios\/\" \/>\n<meta property=\"og:site_name\" content=\"Location de voitures \u00e0 Paros Gr\u00e8ce - ParosEuropeanRent\" \/>\n<meta property=\"article:publisher\" content=\"https:\/\/www.facebook.com\/paroscarrental\" \/>\n<meta property=\"article:modified_time\" content=\"2015-02-11T18:37:04+00:00\" \/>\n<meta name=\"twitter:label1\" content=\"Dur\u00e9e de lecture estim\u00e9e\" \/>\n\t<meta name=\"twitter:data1\" content=\"1 minute\" \/>\n<script type=\"application\/ld+json\" class=\"yoast-schema-graph\">{\"@context\":\"https:\/\/schema.org\",\"@graph\":[{\"@type\":\"WebPage\",\"@id\":\"https:\/\/parosrentcar.com\/fr\/plages\/krios\/\",\"url\":\"https:\/\/parosrentcar.com\/fr\/plages\/krios\/\",\"name\":\"Krios -Location de voitures \u00e0 Paros Gr\u00e8ce\",\"isPartOf\":{\"@id\":\"https:\/\/parosrentcar.com\/fr\/#website\"},\"datePublished\":\"2014-11-25T06:32:02+00:00\",\"dateModified\":\"2015-02-11T18:37:04+00:00\",\"description\":\"Krios -Location de voitures \u00e0 prix comp\u00e9titifs, offres sp\u00e9ciales et r\u00e9ductions sur les locations auto \u00e0 Paros Gr\u00e8ce\",\"breadcrumb\":{\"@id\":\"https:\/\/parosrentcar.com\/fr\/plages\/krios\/#breadcrumb\"},\"inLanguage\":\"fr-FR\",\"potentialAction\":[{\"@type\":\"ReadAction\",\"target\":[\"https:\/\/parosrentcar.com\/fr\/plages\/krios\/\"]}]},{\"@type\":\"BreadcrumbList\",\"@id\":\"https:\/\/parosrentcar.com\/fr\/plages\/krios\/#breadcrumb\",\"itemListElement\":[{\"@type\":\"ListItem\",\"position\":1,\"name\":\"Home\",\"item\":\"https:\/\/parosrentcar.com\/fr\/\"},{\"@type\":\"ListItem\",\"position\":2,\"name\":\"Plages\",\"item\":\"https:\/\/parosrentcar.com\/fr\/plages\/\"},{\"@type\":\"ListItem\",\"position\":3,\"name\":\"Krios\"}]},{\"@type\":\"WebSite\",\"@id\":\"https:\/\/parosrentcar.com\/fr\/#website\",\"url\":\"https:\/\/parosrentcar.com\/fr\/\",\"name\":\"Location de voitures \u00e0 Paros Gr\u00e8ce - ParosEuropeanRent\",\"description\":\"Location de voiture, buggy, quad, atv, scooter, moto et v\u00e9lo \u00e0 Paros\",\"potentialAction\":[{\"@type\":\"SearchAction\",\"target\":{\"@type\":\"EntryPoint\",\"urlTemplate\":\"https:\/\/parosrentcar.com\/fr\/?s={search_term_string}\"},\"query-input\":{\"@type\":\"PropertyValueSpecification\",\"valueRequired\":true,\"valueName\":\"search_term_string\"}}],\"inLanguage\":\"fr-FR\"}]}<\/script>\n<!-- \/ Yoast SEO plugin. -->","yoast_head_json":{"title":"Krios -Location de voitures \u00e0 Paros Gr\u00e8ce","description":"Krios -Location de voitures \u00e0 prix comp\u00e9titifs, offres sp\u00e9ciales et r\u00e9ductions sur les locations auto \u00e0 Paros Gr\u00e8ce","robots":{"index":"index","follow":"follow","max-snippet":"max-snippet:-1","max-image-preview":"max-image-preview:large","max-video-preview":"max-video-preview:-1"},"canonical":"https:\/\/parosrentcar.com\/fr\/plages\/krios\/","og_locale":"fr_FR","og_type":"article","og_title":"Krios -Location de voitures \u00e0 Paros Gr\u00e8ce","og_description":"Krios -Location de voitures \u00e0 prix comp\u00e9titifs, offres sp\u00e9ciales et r\u00e9ductions sur les locations auto \u00e0 Paros Gr\u00e8ce","og_url":"https:\/\/parosrentcar.com\/fr\/plages\/krios\/","og_site_name":"Location de voitures \u00e0 Paros Gr\u00e8ce - ParosEuropeanRent","article_publisher":"https:\/\/www.facebook.com\/paroscarrental","article_modified_time":"2015-02-11T18:37:04+00:00","twitter_misc":{"Dur\u00e9e de lecture estim\u00e9e":"1 minute"},"schema":{"@context":"https:\/\/schema.org","@graph":[{"@type":"WebPage","@id":"https:\/\/parosrentcar.com\/fr\/plages\/krios\/","url":"https:\/\/parosrentcar.com\/fr\/plages\/krios\/","name":"Krios -Location de voitures \u00e0 Paros Gr\u00e8ce","isPartOf":{"@id":"https:\/\/parosrentcar.com\/fr\/#website"},"datePublished":"2014-11-25T06:32:02+00:00","dateModified":"2015-02-11T18:37:04+00:00","description":"Krios -Location de voitures \u00e0 prix comp\u00e9titifs, offres sp\u00e9ciales et r\u00e9ductions sur les locations auto \u00e0 Paros Gr\u00e8ce","breadcrumb":{"@id":"https:\/\/parosrentcar.com\/fr\/plages\/krios\/#breadcrumb"},"inLanguage":"fr-FR","potentialAction":[{"@type":"ReadAction","target":["https:\/\/parosrentcar.com\/fr\/plages\/krios\/"]}]},{"@type":"BreadcrumbList","@id":"https:\/\/parosrentcar.com\/fr\/plages\/krios\/#breadcrumb","itemListElement":[{"@type":"ListItem","position":1,"name":"Home","item":"https:\/\/parosrentcar.com\/fr\/"},{"@type":"ListItem","position":2,"name":"Plages","item":"https:\/\/parosrentcar.com\/fr\/plages\/"},{"@type":"ListItem","position":3,"name":"Krios"}]},{"@type":"WebSite","@id":"https:\/\/parosrentcar.com\/fr\/#website","url":"https:\/\/parosrentcar.com\/fr\/","name":"Location de voitures \u00e0 Paros Gr\u00e8ce - ParosEuropeanRent","description":"Location de voiture, buggy, quad, atv, scooter, moto et v\u00e9lo \u00e0 Paros","potentialAction":[{"@type":"SearchAction","target":{"@type":"EntryPoint","urlTemplate":"https:\/\/parosrentcar.com\/fr\/?s={search_term_string}"},"query-input":{"@type":"PropertyValueSpecification","valueRequired":true,"valueName":"search_term_string"}}],"inLanguage":"fr-FR"}]}},"_links":{"self":[{"href":"https:\/\/parosrentcar.com\/fr\/wp-json\/wp\/v2\/pages\/1077","targetHints":{"allow":["GET"]}}],"collection":[{"href":"https:\/\/parosrentcar.com\/fr\/wp-json\/wp\/v2\/pages"}],"about":[{"href":"https:\/\/parosrentcar.com\/fr\/wp-json\/wp\/v2\/types\/page"}],"author":[{"embeddable":true,"href":"https:\/\/parosrentcar.com\/fr\/wp-json\/wp\/v2\/users\/1"}],"replies":[{"embeddable":true,"href":"https:\/\/parosrentcar.com\/fr\/wp-json\/wp\/v2\/comments?post=1077"}],"version-history":[{"count":1,"href":"https:\/\/parosrentcar.com\/fr\/wp-json\/wp\/v2\/pages\/1077\/revisions"}],"predecessor-version":[{"id":1956,"href":"https:\/\/parosrentcar.com\/fr\/wp-json\/wp\/v2\/pages\/1077\/revisions\/1956"}],"up":[{"embeddable":true,"href":"https:\/\/parosrentcar.com\/fr\/wp-json\/wp\/v2\/pages\/1026"}],"wp:attachment":[{"href":"https:\/\/parosrentcar.com\/fr\/wp-json\/wp\/v2\/media?parent=1077"}],"curies":[{"name":"wp","href":"https:\/\/api.w.org\/{rel}","templated":true}]}}