{"id":1075,"date":"2014-11-25T06:31:16","date_gmt":"2014-11-25T06:31:16","guid":{"rendered":"http:\/\/parosrentcar.com\/el\/?page_id=1075"},"modified":"2015-02-11T18:35:11","modified_gmt":"2015-02-11T18:35:11","slug":"faragas","status":"publish","type":"page","link":"https:\/\/parosrentcar.com\/fr\/plages\/faragas\/","title":{"rendered":"Faragas"},"content":{"rendered":"<p>La plage de sable de <strong>Faragas<\/strong>, \u00e0 15 km au sud de la ville de Parikia est assez proche d\u2019Aliki. Faragas est une plage bien prot\u00e9g\u00e9e du vent avec du sable blanc et des eaux d\u2019un bleu profond. Bien que tr\u00e8s \u00e9quip\u00e9e, c\u2019est une plage conviviale, loin du bruit et de la fr\u00e9n\u00e9sie. L\u2019eau est cristaline et la plage offre \u00e0 la fois des rochers, des coins retir\u00e9s, du sable fin et des dunes.<\/p>\n<p>On vient de toute l\u2019\u00eele pour s\u2019y baigner, se relaxer ou boire un verre \u00e0 l\u2019ombre des arbres ou des parasols. Il y a un <strong>bar-restaurant<\/strong> sur la plage o\u00f9 vous pourrez agr\u00e9menter les plaisirs de la baignade en go\u00fbtant aux sp\u00e9cialit\u00e9s locales. Aux deux extr\u00e9mit\u00e9s de la plage derri\u00e8re des rochers aux formes curieuses, se trouvent <strong>deux autres petites plages<\/strong>, id\u00e9ales pour les amateurs de snorkeling.<\/p>\n<p>Source:<a title=\"\u03a0\u03b1\u03c1\u03b1\u03bb\u03af\u03b1 \u03a6\u03ac\u03c1\u03b1\u03b3\u03ba\u03b1\u03c2\" href=\"The%20sandy beach of Faragas is situated at a distance of 15 kilometers southern to the town of Parikia, close enough to Aliki. Faragas is a well protected from the wind beach with white sand and deep blue waters. Despite the fact that it is a very well-organised beach, it keeps its company-like style away from the movement and the noise of the settlements. The sea is crystal clear and the beach has nice rocks, secluded parts, fine sand and dunes beside the sea.  Visitors come from all over Paros to enjoy a swim, to relax having coffee or a drink under the umbrellas and the sea trees. There is a bar \u2013tavern at the beach, where you may complete the pleasure of swimming and sunbathing, by tasting the dishes of the local kitchen. On the far left and right ends of the beach, there are rocks of curious formations and beyond them two more small beaches. It is ideal for people who enjoy snorkeling.\" target=\"_blank\"> ParosEasybooking.gr &#8211; Faragas Beach<\/a><\/p>\n","protected":false},"excerpt":{"rendered":"<p>La plage de sable de Faragas, \u00e0 15 km au sud de la ville de Parikia est assez proche d\u2019Aliki. Faragas est une plage bien prot\u00e9g\u00e9e du vent avec du sable blanc et des eaux d\u2019un bleu profond. Bien que tr\u00e8s \u00e9quip\u00e9e, c\u2019est une plage conviviale, loin du bruit et de la fr\u00e9n\u00e9sie. L\u2019eau est cristaline et la plage offre \u00e0 la fois des rochers, des coins retir\u00e9s, du sable fin et des dunes. On vient de toute l\u2019\u00eele pour s\u2019y baigner, se relaxer ou boire un verre \u00e0 l\u2019ombre des arbres ou des parasols. Il y a un bar-restaurant sur la plage o\u00f9 vous pourrez agr\u00e9menter les plaisirs de [&hellip;]<\/p>\n","protected":false},"author":1,"featured_media":0,"parent":1026,"menu_order":0,"comment_status":"closed","ping_status":"closed","template":"page-templates\/attraction.php","meta":{"footnotes":""},"class_list":["post-1075","page","type-page","status-publish","hentry"],"yoast_head":"<!-- This site is optimized with the Yoast SEO plugin v27.1.1 - https:\/\/yoast.com\/product\/yoast-seo-wordpress\/ -->\n<title>Faragas -Location de voitures \u00e0 Paros Gr\u00e8ce<\/title>\n<meta name=\"description\" content=\"Faragas -Location de voitures \u00e0 prix comp\u00e9titifs, offres sp\u00e9ciales et r\u00e9ductions sur les locations auto \u00e0 Paros Gr\u00e8ce\" \/>\n<meta name=\"robots\" content=\"index, follow, max-snippet:-1, max-image-preview:large, max-video-preview:-1\" \/>\n<link rel=\"canonical\" href=\"https:\/\/parosrentcar.com\/fr\/plages\/faragas\/\" \/>\n<meta property=\"og:locale\" content=\"fr_FR\" \/>\n<meta property=\"og:type\" content=\"article\" \/>\n<meta property=\"og:title\" content=\"Faragas -Location de voitures \u00e0 Paros Gr\u00e8ce\" \/>\n<meta property=\"og:description\" content=\"Faragas -Location de voitures \u00e0 prix comp\u00e9titifs, offres sp\u00e9ciales et r\u00e9ductions sur les locations auto \u00e0 Paros Gr\u00e8ce\" \/>\n<meta property=\"og:url\" content=\"https:\/\/parosrentcar.com\/fr\/plages\/faragas\/\" \/>\n<meta property=\"og:site_name\" content=\"Location de voitures \u00e0 Paros Gr\u00e8ce - ParosEuropeanRent\" \/>\n<meta property=\"article:publisher\" content=\"https:\/\/www.facebook.com\/paroscarrental\" \/>\n<meta property=\"article:modified_time\" content=\"2015-02-11T18:35:11+00:00\" \/>\n<meta name=\"twitter:label1\" content=\"Dur\u00e9e de lecture estim\u00e9e\" \/>\n\t<meta name=\"twitter:data1\" content=\"1 minute\" \/>\n<script type=\"application\/ld+json\" class=\"yoast-schema-graph\">{\"@context\":\"https:\/\/schema.org\",\"@graph\":[{\"@type\":\"WebPage\",\"@id\":\"https:\/\/parosrentcar.com\/fr\/plages\/faragas\/\",\"url\":\"https:\/\/parosrentcar.com\/fr\/plages\/faragas\/\",\"name\":\"Faragas -Location de voitures \u00e0 Paros Gr\u00e8ce\",\"isPartOf\":{\"@id\":\"https:\/\/parosrentcar.com\/fr\/#website\"},\"datePublished\":\"2014-11-25T06:31:16+00:00\",\"dateModified\":\"2015-02-11T18:35:11+00:00\",\"description\":\"Faragas -Location de voitures \u00e0 prix comp\u00e9titifs, offres sp\u00e9ciales et r\u00e9ductions sur les locations auto \u00e0 Paros Gr\u00e8ce\",\"breadcrumb\":{\"@id\":\"https:\/\/parosrentcar.com\/fr\/plages\/faragas\/#breadcrumb\"},\"inLanguage\":\"fr-FR\",\"potentialAction\":[{\"@type\":\"ReadAction\",\"target\":[\"https:\/\/parosrentcar.com\/fr\/plages\/faragas\/\"]}]},{\"@type\":\"BreadcrumbList\",\"@id\":\"https:\/\/parosrentcar.com\/fr\/plages\/faragas\/#breadcrumb\",\"itemListElement\":[{\"@type\":\"ListItem\",\"position\":1,\"name\":\"Home\",\"item\":\"https:\/\/parosrentcar.com\/fr\/\"},{\"@type\":\"ListItem\",\"position\":2,\"name\":\"Plages\",\"item\":\"https:\/\/parosrentcar.com\/fr\/plages\/\"},{\"@type\":\"ListItem\",\"position\":3,\"name\":\"Faragas\"}]},{\"@type\":\"WebSite\",\"@id\":\"https:\/\/parosrentcar.com\/fr\/#website\",\"url\":\"https:\/\/parosrentcar.com\/fr\/\",\"name\":\"Location de voitures \u00e0 Paros Gr\u00e8ce - ParosEuropeanRent\",\"description\":\"Location de voiture, buggy, quad, atv, scooter, moto et v\u00e9lo \u00e0 Paros\",\"potentialAction\":[{\"@type\":\"SearchAction\",\"target\":{\"@type\":\"EntryPoint\",\"urlTemplate\":\"https:\/\/parosrentcar.com\/fr\/?s={search_term_string}\"},\"query-input\":{\"@type\":\"PropertyValueSpecification\",\"valueRequired\":true,\"valueName\":\"search_term_string\"}}],\"inLanguage\":\"fr-FR\"}]}<\/script>\n<!-- \/ Yoast SEO plugin. -->","yoast_head_json":{"title":"Faragas -Location de voitures \u00e0 Paros Gr\u00e8ce","description":"Faragas -Location de voitures \u00e0 prix comp\u00e9titifs, offres sp\u00e9ciales et r\u00e9ductions sur les locations auto \u00e0 Paros Gr\u00e8ce","robots":{"index":"index","follow":"follow","max-snippet":"max-snippet:-1","max-image-preview":"max-image-preview:large","max-video-preview":"max-video-preview:-1"},"canonical":"https:\/\/parosrentcar.com\/fr\/plages\/faragas\/","og_locale":"fr_FR","og_type":"article","og_title":"Faragas -Location de voitures \u00e0 Paros Gr\u00e8ce","og_description":"Faragas -Location de voitures \u00e0 prix comp\u00e9titifs, offres sp\u00e9ciales et r\u00e9ductions sur les locations auto \u00e0 Paros Gr\u00e8ce","og_url":"https:\/\/parosrentcar.com\/fr\/plages\/faragas\/","og_site_name":"Location de voitures \u00e0 Paros Gr\u00e8ce - ParosEuropeanRent","article_publisher":"https:\/\/www.facebook.com\/paroscarrental","article_modified_time":"2015-02-11T18:35:11+00:00","twitter_misc":{"Dur\u00e9e de lecture estim\u00e9e":"1 minute"},"schema":{"@context":"https:\/\/schema.org","@graph":[{"@type":"WebPage","@id":"https:\/\/parosrentcar.com\/fr\/plages\/faragas\/","url":"https:\/\/parosrentcar.com\/fr\/plages\/faragas\/","name":"Faragas -Location de voitures \u00e0 Paros Gr\u00e8ce","isPartOf":{"@id":"https:\/\/parosrentcar.com\/fr\/#website"},"datePublished":"2014-11-25T06:31:16+00:00","dateModified":"2015-02-11T18:35:11+00:00","description":"Faragas -Location de voitures \u00e0 prix comp\u00e9titifs, offres sp\u00e9ciales et r\u00e9ductions sur les locations auto \u00e0 Paros Gr\u00e8ce","breadcrumb":{"@id":"https:\/\/parosrentcar.com\/fr\/plages\/faragas\/#breadcrumb"},"inLanguage":"fr-FR","potentialAction":[{"@type":"ReadAction","target":["https:\/\/parosrentcar.com\/fr\/plages\/faragas\/"]}]},{"@type":"BreadcrumbList","@id":"https:\/\/parosrentcar.com\/fr\/plages\/faragas\/#breadcrumb","itemListElement":[{"@type":"ListItem","position":1,"name":"Home","item":"https:\/\/parosrentcar.com\/fr\/"},{"@type":"ListItem","position":2,"name":"Plages","item":"https:\/\/parosrentcar.com\/fr\/plages\/"},{"@type":"ListItem","position":3,"name":"Faragas"}]},{"@type":"WebSite","@id":"https:\/\/parosrentcar.com\/fr\/#website","url":"https:\/\/parosrentcar.com\/fr\/","name":"Location de voitures \u00e0 Paros Gr\u00e8ce - ParosEuropeanRent","description":"Location de voiture, buggy, quad, atv, scooter, moto et v\u00e9lo \u00e0 Paros","potentialAction":[{"@type":"SearchAction","target":{"@type":"EntryPoint","urlTemplate":"https:\/\/parosrentcar.com\/fr\/?s={search_term_string}"},"query-input":{"@type":"PropertyValueSpecification","valueRequired":true,"valueName":"search_term_string"}}],"inLanguage":"fr-FR"}]}},"_links":{"self":[{"href":"https:\/\/parosrentcar.com\/fr\/wp-json\/wp\/v2\/pages\/1075","targetHints":{"allow":["GET"]}}],"collection":[{"href":"https:\/\/parosrentcar.com\/fr\/wp-json\/wp\/v2\/pages"}],"about":[{"href":"https:\/\/parosrentcar.com\/fr\/wp-json\/wp\/v2\/types\/page"}],"author":[{"embeddable":true,"href":"https:\/\/parosrentcar.com\/fr\/wp-json\/wp\/v2\/users\/1"}],"replies":[{"embeddable":true,"href":"https:\/\/parosrentcar.com\/fr\/wp-json\/wp\/v2\/comments?post=1075"}],"version-history":[{"count":1,"href":"https:\/\/parosrentcar.com\/fr\/wp-json\/wp\/v2\/pages\/1075\/revisions"}],"predecessor-version":[{"id":1953,"href":"https:\/\/parosrentcar.com\/fr\/wp-json\/wp\/v2\/pages\/1075\/revisions\/1953"}],"up":[{"embeddable":true,"href":"https:\/\/parosrentcar.com\/fr\/wp-json\/wp\/v2\/pages\/1026"}],"wp:attachment":[{"href":"https:\/\/parosrentcar.com\/fr\/wp-json\/wp\/v2\/media?parent=1075"}],"curies":[{"name":"wp","href":"https:\/\/api.w.org\/{rel}","templated":true}]}}