{"id":1073,"date":"2014-11-25T06:30:30","date_gmt":"2014-11-25T06:30:30","guid":{"rendered":"http:\/\/parosrentcar.com\/el\/?page_id=1073"},"modified":"2015-02-11T18:41:48","modified_gmt":"2015-02-11T18:41:48","slug":"santa-maria","status":"publish","type":"page","link":"https:\/\/parosrentcar.com\/fr\/plages\/santa-maria\/","title":{"rendered":"Santa Maria"},"content":{"rendered":"<p>\u00e0 l&rsquo;est de Naoussa, La plage de <strong>Santa Maria<\/strong> s&rsquo;est beaucoup d\u00e9velopp\u00e9e ces derni\u00e8res ann\u00e9es. Situ\u00e9e \u00e0 seulement 2 km de Naoussa et 12 km de Parikia, la plage est divis\u00e9e en deux parties au <strong>sable blanc<\/strong> et aux <strong>eaux cristallines<\/strong>. La premi\u00e8re, commun\u00e9ment appell\u00e9e Santa Maria Camping est \u00e0 environ 1 km de la seconde, \u00e0 droite de la route.<\/p>\n<p>De la plage de Santa Maria vous avez une vue superbe sur l&rsquo;\u00eele de Naxos dont vous pourrez profiter tranquillement allong\u00e9 sur un des<strong> transats<\/strong> des nombreux beach bars. Comme \u00e0 Golden Beach, vous aurez l&rsquo;opportunit\u00e9 de de vous initier au <strong>windsurf<\/strong> et de pratiquer la <strong>plong\u00e9e<\/strong> et de nombreux <strong>sports nautiques<\/strong>. Les fonds marins sont propices \u00e0 la p\u00eache sous-marine et\u00a0 pour d\u00e9couvrir la vie sous-marine, une \u00e9cole de plong\u00e9e vous accompagne dans votre exploration. Il y a un camping derri\u00e8re les plages, tr\u00e8s fr\u00e9quent\u00e9 pendant les mois de juillet et d&rsquo;ao\u00fbt.<\/p>\n<p>Vous pouvez rejoindre Santa Maria en taxi, bus, voiture ou moto, ou en prenant un des bateaux d&rsquo;excursion au d\u00e9part de Naoussa. Toutes sortes d&rsquo;hebergements sont possibles dans la r\u00e9gion ainsi que de bons repas dans les tavernes en bord de mer.<\/p>\n<p>Source: <a title=\"\u03a0\u03b1\u03c1\u03b1\u03bb\u03af\u03b1 \u03a3\u03ac\u03bd\u03c4\u03b1 \u039c\u03b1\u03c1\u03af\u03b1\" href=\"http:\/\/paroseasybooking.gr\/dt_portfolio\/santa-maria-beach\/\" target=\"_blank\">ParosEasyBooking.gr &#8211; Santa Maria Beach<\/a><\/p>\n","protected":false},"excerpt":{"rendered":"<p>\u00e0 l&rsquo;est de Naoussa, La plage de Santa Maria s&rsquo;est beaucoup d\u00e9velopp\u00e9e ces derni\u00e8res ann\u00e9es. Situ\u00e9e \u00e0 seulement 2 km de Naoussa et 12 km de Parikia, la plage est divis\u00e9e en deux parties au sable blanc et aux eaux cristallines. La premi\u00e8re, commun\u00e9ment appell\u00e9e Santa Maria Camping est \u00e0 environ 1 km de la seconde, \u00e0 droite de la route. De la plage de Santa Maria vous avez une vue superbe sur l&rsquo;\u00eele de Naxos dont vous pourrez profiter tranquillement allong\u00e9 sur un des transats des nombreux beach bars. Comme \u00e0 Golden Beach, vous aurez l&rsquo;opportunit\u00e9 de de vous initier au windsurf et de pratiquer la plong\u00e9e et de [&hellip;]<\/p>\n","protected":false},"author":1,"featured_media":0,"parent":1026,"menu_order":0,"comment_status":"closed","ping_status":"closed","template":"page-templates\/attraction.php","meta":{"footnotes":""},"class_list":["post-1073","page","type-page","status-publish","hentry"],"yoast_head":"<!-- This site is optimized with the Yoast SEO plugin v27.1.1 - https:\/\/yoast.com\/product\/yoast-seo-wordpress\/ -->\n<title>Santa Maria -Location de voitures \u00e0 Paros Gr\u00e8ce<\/title>\n<meta name=\"description\" content=\"Santa Maria -Location de voitures \u00e0 prix comp\u00e9titifs, offres sp\u00e9ciales et r\u00e9ductions sur les locations auto \u00e0 Paros Gr\u00e8ce\" \/>\n<meta name=\"robots\" content=\"index, follow, max-snippet:-1, max-image-preview:large, max-video-preview:-1\" \/>\n<link rel=\"canonical\" href=\"https:\/\/parosrentcar.com\/fr\/plages\/santa-maria\/\" \/>\n<meta property=\"og:locale\" content=\"fr_FR\" \/>\n<meta property=\"og:type\" content=\"article\" \/>\n<meta property=\"og:title\" content=\"Santa Maria -Location de voitures \u00e0 Paros Gr\u00e8ce\" \/>\n<meta property=\"og:description\" content=\"Santa Maria -Location de voitures \u00e0 prix comp\u00e9titifs, offres sp\u00e9ciales et r\u00e9ductions sur les locations auto \u00e0 Paros Gr\u00e8ce\" \/>\n<meta property=\"og:url\" content=\"https:\/\/parosrentcar.com\/fr\/plages\/santa-maria\/\" \/>\n<meta property=\"og:site_name\" content=\"Location de voitures \u00e0 Paros Gr\u00e8ce - ParosEuropeanRent\" \/>\n<meta property=\"article:publisher\" content=\"https:\/\/www.facebook.com\/paroscarrental\" \/>\n<meta property=\"article:modified_time\" content=\"2015-02-11T18:41:48+00:00\" \/>\n<meta name=\"twitter:label1\" content=\"Dur\u00e9e de lecture estim\u00e9e\" \/>\n\t<meta name=\"twitter:data1\" content=\"1 minute\" \/>\n<script type=\"application\/ld+json\" class=\"yoast-schema-graph\">{\"@context\":\"https:\/\/schema.org\",\"@graph\":[{\"@type\":\"WebPage\",\"@id\":\"https:\/\/parosrentcar.com\/fr\/plages\/santa-maria\/\",\"url\":\"https:\/\/parosrentcar.com\/fr\/plages\/santa-maria\/\",\"name\":\"Santa Maria -Location de voitures \u00e0 Paros Gr\u00e8ce\",\"isPartOf\":{\"@id\":\"https:\/\/parosrentcar.com\/fr\/#website\"},\"datePublished\":\"2014-11-25T06:30:30+00:00\",\"dateModified\":\"2015-02-11T18:41:48+00:00\",\"description\":\"Santa Maria -Location de voitures \u00e0 prix comp\u00e9titifs, offres sp\u00e9ciales et r\u00e9ductions sur les locations auto \u00e0 Paros Gr\u00e8ce\",\"breadcrumb\":{\"@id\":\"https:\/\/parosrentcar.com\/fr\/plages\/santa-maria\/#breadcrumb\"},\"inLanguage\":\"fr-FR\",\"potentialAction\":[{\"@type\":\"ReadAction\",\"target\":[\"https:\/\/parosrentcar.com\/fr\/plages\/santa-maria\/\"]}]},{\"@type\":\"BreadcrumbList\",\"@id\":\"https:\/\/parosrentcar.com\/fr\/plages\/santa-maria\/#breadcrumb\",\"itemListElement\":[{\"@type\":\"ListItem\",\"position\":1,\"name\":\"Home\",\"item\":\"https:\/\/parosrentcar.com\/fr\/\"},{\"@type\":\"ListItem\",\"position\":2,\"name\":\"Plages\",\"item\":\"https:\/\/parosrentcar.com\/fr\/plages\/\"},{\"@type\":\"ListItem\",\"position\":3,\"name\":\"Santa Maria\"}]},{\"@type\":\"WebSite\",\"@id\":\"https:\/\/parosrentcar.com\/fr\/#website\",\"url\":\"https:\/\/parosrentcar.com\/fr\/\",\"name\":\"Location de voitures \u00e0 Paros Gr\u00e8ce - ParosEuropeanRent\",\"description\":\"Location de voiture, buggy, quad, atv, scooter, moto et v\u00e9lo \u00e0 Paros\",\"potentialAction\":[{\"@type\":\"SearchAction\",\"target\":{\"@type\":\"EntryPoint\",\"urlTemplate\":\"https:\/\/parosrentcar.com\/fr\/?s={search_term_string}\"},\"query-input\":{\"@type\":\"PropertyValueSpecification\",\"valueRequired\":true,\"valueName\":\"search_term_string\"}}],\"inLanguage\":\"fr-FR\"}]}<\/script>\n<!-- \/ Yoast SEO plugin. -->","yoast_head_json":{"title":"Santa Maria -Location de voitures \u00e0 Paros Gr\u00e8ce","description":"Santa Maria -Location de voitures \u00e0 prix comp\u00e9titifs, offres sp\u00e9ciales et r\u00e9ductions sur les locations auto \u00e0 Paros Gr\u00e8ce","robots":{"index":"index","follow":"follow","max-snippet":"max-snippet:-1","max-image-preview":"max-image-preview:large","max-video-preview":"max-video-preview:-1"},"canonical":"https:\/\/parosrentcar.com\/fr\/plages\/santa-maria\/","og_locale":"fr_FR","og_type":"article","og_title":"Santa Maria -Location de voitures \u00e0 Paros Gr\u00e8ce","og_description":"Santa Maria -Location de voitures \u00e0 prix comp\u00e9titifs, offres sp\u00e9ciales et r\u00e9ductions sur les locations auto \u00e0 Paros Gr\u00e8ce","og_url":"https:\/\/parosrentcar.com\/fr\/plages\/santa-maria\/","og_site_name":"Location de voitures \u00e0 Paros Gr\u00e8ce - ParosEuropeanRent","article_publisher":"https:\/\/www.facebook.com\/paroscarrental","article_modified_time":"2015-02-11T18:41:48+00:00","twitter_misc":{"Dur\u00e9e de lecture estim\u00e9e":"1 minute"},"schema":{"@context":"https:\/\/schema.org","@graph":[{"@type":"WebPage","@id":"https:\/\/parosrentcar.com\/fr\/plages\/santa-maria\/","url":"https:\/\/parosrentcar.com\/fr\/plages\/santa-maria\/","name":"Santa Maria -Location de voitures \u00e0 Paros Gr\u00e8ce","isPartOf":{"@id":"https:\/\/parosrentcar.com\/fr\/#website"},"datePublished":"2014-11-25T06:30:30+00:00","dateModified":"2015-02-11T18:41:48+00:00","description":"Santa Maria -Location de voitures \u00e0 prix comp\u00e9titifs, offres sp\u00e9ciales et r\u00e9ductions sur les locations auto \u00e0 Paros Gr\u00e8ce","breadcrumb":{"@id":"https:\/\/parosrentcar.com\/fr\/plages\/santa-maria\/#breadcrumb"},"inLanguage":"fr-FR","potentialAction":[{"@type":"ReadAction","target":["https:\/\/parosrentcar.com\/fr\/plages\/santa-maria\/"]}]},{"@type":"BreadcrumbList","@id":"https:\/\/parosrentcar.com\/fr\/plages\/santa-maria\/#breadcrumb","itemListElement":[{"@type":"ListItem","position":1,"name":"Home","item":"https:\/\/parosrentcar.com\/fr\/"},{"@type":"ListItem","position":2,"name":"Plages","item":"https:\/\/parosrentcar.com\/fr\/plages\/"},{"@type":"ListItem","position":3,"name":"Santa Maria"}]},{"@type":"WebSite","@id":"https:\/\/parosrentcar.com\/fr\/#website","url":"https:\/\/parosrentcar.com\/fr\/","name":"Location de voitures \u00e0 Paros Gr\u00e8ce - ParosEuropeanRent","description":"Location de voiture, buggy, quad, atv, scooter, moto et v\u00e9lo \u00e0 Paros","potentialAction":[{"@type":"SearchAction","target":{"@type":"EntryPoint","urlTemplate":"https:\/\/parosrentcar.com\/fr\/?s={search_term_string}"},"query-input":{"@type":"PropertyValueSpecification","valueRequired":true,"valueName":"search_term_string"}}],"inLanguage":"fr-FR"}]}},"_links":{"self":[{"href":"https:\/\/parosrentcar.com\/fr\/wp-json\/wp\/v2\/pages\/1073","targetHints":{"allow":["GET"]}}],"collection":[{"href":"https:\/\/parosrentcar.com\/fr\/wp-json\/wp\/v2\/pages"}],"about":[{"href":"https:\/\/parosrentcar.com\/fr\/wp-json\/wp\/v2\/types\/page"}],"author":[{"embeddable":true,"href":"https:\/\/parosrentcar.com\/fr\/wp-json\/wp\/v2\/users\/1"}],"replies":[{"embeddable":true,"href":"https:\/\/parosrentcar.com\/fr\/wp-json\/wp\/v2\/comments?post=1073"}],"version-history":[{"count":2,"href":"https:\/\/parosrentcar.com\/fr\/wp-json\/wp\/v2\/pages\/1073\/revisions"}],"predecessor-version":[{"id":1964,"href":"https:\/\/parosrentcar.com\/fr\/wp-json\/wp\/v2\/pages\/1073\/revisions\/1964"}],"up":[{"embeddable":true,"href":"https:\/\/parosrentcar.com\/fr\/wp-json\/wp\/v2\/pages\/1026"}],"wp:attachment":[{"href":"https:\/\/parosrentcar.com\/fr\/wp-json\/wp\/v2\/media?parent=1073"}],"curies":[{"name":"wp","href":"https:\/\/api.w.org\/{rel}","templated":true}]}}