{"id":1064,"date":"2014-11-24T19:16:14","date_gmt":"2014-11-24T19:16:14","guid":{"rendered":"http:\/\/parosrentcar.com\/el\/?page_id=1064"},"modified":"2015-02-14T08:21:18","modified_gmt":"2015-02-14T08:21:18","slug":"delion-sanctuaire-dapollon-artemis","status":"publish","type":"page","link":"https:\/\/parosrentcar.com\/fr\/sites-touristiques\/delion-sanctuaire-dapollon-artemis\/","title":{"rendered":"Delion, Sanctuaire d\u2019Apollon &#038; Art\u00e9mis"},"content":{"rendered":"<p>Le <strong>sanctuaire d\u2019Apollon et d\u2019Art\u00e9mis<\/strong> se trouve en haut de la colline au nord de Parikia. Il s\u2019appelle <strong>Delion<\/strong> parce qu\u2019il est en face de l\u2019\u00eele sacr\u00e9e de Delos. Le sanctuaire a \u00e9t\u00e9 construit \u00e0 la fin du IX\u00e8me si\u00e8cle avant JC et a continu\u00e9 \u00e0 \u00eatre utilis\u00e9 jusqu\u2019au V\u00e8me si\u00e8cle avant JC. Durant cette p\u00e9riode, on construisit un autre temple en marbre d\u00e9di\u00e9 \u00e0 Art\u00e9mis, la s\u0153ur d\u2019Apollon, au nord du temple archa\u00efque. Parmi les ruines autour du site, on a d\u00e9couvert un <strong>ancien cimeti\u00e8re<\/strong> datant de 3000 avant JC.<\/p>\n<p>Les hauteurs de Delion servaient pour le <strong>r\u00e9seau des Fryktories<\/strong>, un syst\u00e8me de communication \u00e0 distance utilisant des torches pour transmettre des messages longue distance. C\u2019est la technique qu\u2019employa Agamemnon pour informer sa femme Clytemnestre \u00e0 Myc\u00e8nes que Troie \u00e9tait tomb\u00e9e. Ce message parcouru plus de 700 km en quelques heures. Lorsque le ciel est d\u00e9gag\u00e9 de nombreuses <strong>\u00eeles environnantes sont visibles<\/strong> et la vue fantastique vaut bien de marcher jusque l\u00e0 !<\/p>\n","protected":false},"excerpt":{"rendered":"<p>Le sanctuaire d\u2019Apollon et d\u2019Art\u00e9mis se trouve en haut de la colline au nord de Parikia. Il s\u2019appelle Delion parce qu\u2019il est en face de l\u2019\u00eele sacr\u00e9e de Delos. Le sanctuaire a \u00e9t\u00e9 construit \u00e0 la fin du IX\u00e8me si\u00e8cle avant JC et a continu\u00e9 \u00e0 \u00eatre utilis\u00e9 jusqu\u2019au V\u00e8me si\u00e8cle avant JC. Durant cette p\u00e9riode, on construisit un autre temple en marbre d\u00e9di\u00e9 \u00e0 Art\u00e9mis, la s\u0153ur d\u2019Apollon, au nord du temple archa\u00efque. Parmi les ruines autour du site, on a d\u00e9couvert un ancien cimeti\u00e8re datant de 3000 avant JC. Les hauteurs de Delion servaient pour le r\u00e9seau des Fryktories, un syst\u00e8me de communication \u00e0 distance utilisant des torches [&hellip;]<\/p>\n","protected":false},"author":1,"featured_media":0,"parent":1015,"menu_order":0,"comment_status":"closed","ping_status":"closed","template":"page-templates\/attraction.php","meta":{"footnotes":""},"class_list":["post-1064","page","type-page","status-publish","hentry"],"yoast_head":"<!-- This site is optimized with the Yoast SEO plugin v27.1.1 - https:\/\/yoast.com\/product\/yoast-seo-wordpress\/ -->\n<title>Delion, Sanctuaire d\u2019Apollon &amp; Art\u00e9mis -Location de voitures \u00e0 Paros Gr\u00e8ce<\/title>\n<meta name=\"description\" content=\"Delion, Sanctuaire d\u2019Apollon &amp; Art\u00e9mis -Location de voitures \u00e0 prix comp\u00e9titifs, offres sp\u00e9ciales et r\u00e9ductions sur les locations auto \u00e0 Paros Gr\u00e8ce\" \/>\n<meta name=\"robots\" content=\"index, follow, max-snippet:-1, max-image-preview:large, max-video-preview:-1\" \/>\n<link rel=\"canonical\" href=\"https:\/\/parosrentcar.com\/fr\/sites-touristiques\/delion-sanctuaire-dapollon-artemis\/\" \/>\n<meta property=\"og:locale\" content=\"fr_FR\" \/>\n<meta property=\"og:type\" content=\"article\" \/>\n<meta property=\"og:title\" content=\"Delion, Sanctuaire d\u2019Apollon &amp; Art\u00e9mis -Location de voitures \u00e0 Paros Gr\u00e8ce\" \/>\n<meta property=\"og:description\" content=\"Delion, Sanctuaire d\u2019Apollon &amp; Art\u00e9mis -Location de voitures \u00e0 prix comp\u00e9titifs, offres sp\u00e9ciales et r\u00e9ductions sur les locations auto \u00e0 Paros Gr\u00e8ce\" \/>\n<meta property=\"og:url\" content=\"https:\/\/parosrentcar.com\/fr\/sites-touristiques\/delion-sanctuaire-dapollon-artemis\/\" \/>\n<meta property=\"og:site_name\" content=\"Location de voitures \u00e0 Paros Gr\u00e8ce - ParosEuropeanRent\" \/>\n<meta property=\"article:publisher\" content=\"https:\/\/www.facebook.com\/paroscarrental\" \/>\n<meta property=\"article:modified_time\" content=\"2015-02-14T08:21:18+00:00\" \/>\n<meta name=\"twitter:label1\" content=\"Dur\u00e9e de lecture estim\u00e9e\" \/>\n\t<meta name=\"twitter:data1\" content=\"1 minute\" \/>\n<script type=\"application\/ld+json\" class=\"yoast-schema-graph\">{\"@context\":\"https:\/\/schema.org\",\"@graph\":[{\"@type\":\"WebPage\",\"@id\":\"https:\/\/parosrentcar.com\/fr\/sites-touristiques\/delion-sanctuaire-dapollon-artemis\/\",\"url\":\"https:\/\/parosrentcar.com\/fr\/sites-touristiques\/delion-sanctuaire-dapollon-artemis\/\",\"name\":\"Delion, Sanctuaire d\u2019Apollon & Art\u00e9mis -Location de voitures \u00e0 Paros Gr\u00e8ce\",\"isPartOf\":{\"@id\":\"https:\/\/parosrentcar.com\/fr\/#website\"},\"datePublished\":\"2014-11-24T19:16:14+00:00\",\"dateModified\":\"2015-02-14T08:21:18+00:00\",\"description\":\"Delion, Sanctuaire d\u2019Apollon & Art\u00e9mis -Location de voitures \u00e0 prix comp\u00e9titifs, offres sp\u00e9ciales et r\u00e9ductions sur les locations auto \u00e0 Paros Gr\u00e8ce\",\"breadcrumb\":{\"@id\":\"https:\/\/parosrentcar.com\/fr\/sites-touristiques\/delion-sanctuaire-dapollon-artemis\/#breadcrumb\"},\"inLanguage\":\"fr-FR\",\"potentialAction\":[{\"@type\":\"ReadAction\",\"target\":[\"https:\/\/parosrentcar.com\/fr\/sites-touristiques\/delion-sanctuaire-dapollon-artemis\/\"]}]},{\"@type\":\"BreadcrumbList\",\"@id\":\"https:\/\/parosrentcar.com\/fr\/sites-touristiques\/delion-sanctuaire-dapollon-artemis\/#breadcrumb\",\"itemListElement\":[{\"@type\":\"ListItem\",\"position\":1,\"name\":\"Home\",\"item\":\"https:\/\/parosrentcar.com\/fr\/\"},{\"@type\":\"ListItem\",\"position\":2,\"name\":\"Sites touristiques\",\"item\":\"https:\/\/parosrentcar.com\/fr\/sites-touristiques\/\"},{\"@type\":\"ListItem\",\"position\":3,\"name\":\"Delion, Sanctuaire d\u2019Apollon &#038; Art\u00e9mis\"}]},{\"@type\":\"WebSite\",\"@id\":\"https:\/\/parosrentcar.com\/fr\/#website\",\"url\":\"https:\/\/parosrentcar.com\/fr\/\",\"name\":\"Location de voitures \u00e0 Paros Gr\u00e8ce - ParosEuropeanRent\",\"description\":\"Location de voiture, buggy, quad, atv, scooter, moto et v\u00e9lo \u00e0 Paros\",\"potentialAction\":[{\"@type\":\"SearchAction\",\"target\":{\"@type\":\"EntryPoint\",\"urlTemplate\":\"https:\/\/parosrentcar.com\/fr\/?s={search_term_string}\"},\"query-input\":{\"@type\":\"PropertyValueSpecification\",\"valueRequired\":true,\"valueName\":\"search_term_string\"}}],\"inLanguage\":\"fr-FR\"}]}<\/script>\n<!-- \/ Yoast SEO plugin. -->","yoast_head_json":{"title":"Delion, Sanctuaire d\u2019Apollon & Art\u00e9mis -Location de voitures \u00e0 Paros Gr\u00e8ce","description":"Delion, Sanctuaire d\u2019Apollon & Art\u00e9mis -Location de voitures \u00e0 prix comp\u00e9titifs, offres sp\u00e9ciales et r\u00e9ductions sur les locations auto \u00e0 Paros Gr\u00e8ce","robots":{"index":"index","follow":"follow","max-snippet":"max-snippet:-1","max-image-preview":"max-image-preview:large","max-video-preview":"max-video-preview:-1"},"canonical":"https:\/\/parosrentcar.com\/fr\/sites-touristiques\/delion-sanctuaire-dapollon-artemis\/","og_locale":"fr_FR","og_type":"article","og_title":"Delion, Sanctuaire d\u2019Apollon & Art\u00e9mis -Location de voitures \u00e0 Paros Gr\u00e8ce","og_description":"Delion, Sanctuaire d\u2019Apollon & Art\u00e9mis -Location de voitures \u00e0 prix comp\u00e9titifs, offres sp\u00e9ciales et r\u00e9ductions sur les locations auto \u00e0 Paros Gr\u00e8ce","og_url":"https:\/\/parosrentcar.com\/fr\/sites-touristiques\/delion-sanctuaire-dapollon-artemis\/","og_site_name":"Location de voitures \u00e0 Paros Gr\u00e8ce - ParosEuropeanRent","article_publisher":"https:\/\/www.facebook.com\/paroscarrental","article_modified_time":"2015-02-14T08:21:18+00:00","twitter_misc":{"Dur\u00e9e de lecture estim\u00e9e":"1 minute"},"schema":{"@context":"https:\/\/schema.org","@graph":[{"@type":"WebPage","@id":"https:\/\/parosrentcar.com\/fr\/sites-touristiques\/delion-sanctuaire-dapollon-artemis\/","url":"https:\/\/parosrentcar.com\/fr\/sites-touristiques\/delion-sanctuaire-dapollon-artemis\/","name":"Delion, Sanctuaire d\u2019Apollon & Art\u00e9mis -Location de voitures \u00e0 Paros Gr\u00e8ce","isPartOf":{"@id":"https:\/\/parosrentcar.com\/fr\/#website"},"datePublished":"2014-11-24T19:16:14+00:00","dateModified":"2015-02-14T08:21:18+00:00","description":"Delion, Sanctuaire d\u2019Apollon & Art\u00e9mis -Location de voitures \u00e0 prix comp\u00e9titifs, offres sp\u00e9ciales et r\u00e9ductions sur les locations auto \u00e0 Paros Gr\u00e8ce","breadcrumb":{"@id":"https:\/\/parosrentcar.com\/fr\/sites-touristiques\/delion-sanctuaire-dapollon-artemis\/#breadcrumb"},"inLanguage":"fr-FR","potentialAction":[{"@type":"ReadAction","target":["https:\/\/parosrentcar.com\/fr\/sites-touristiques\/delion-sanctuaire-dapollon-artemis\/"]}]},{"@type":"BreadcrumbList","@id":"https:\/\/parosrentcar.com\/fr\/sites-touristiques\/delion-sanctuaire-dapollon-artemis\/#breadcrumb","itemListElement":[{"@type":"ListItem","position":1,"name":"Home","item":"https:\/\/parosrentcar.com\/fr\/"},{"@type":"ListItem","position":2,"name":"Sites touristiques","item":"https:\/\/parosrentcar.com\/fr\/sites-touristiques\/"},{"@type":"ListItem","position":3,"name":"Delion, Sanctuaire d\u2019Apollon &#038; Art\u00e9mis"}]},{"@type":"WebSite","@id":"https:\/\/parosrentcar.com\/fr\/#website","url":"https:\/\/parosrentcar.com\/fr\/","name":"Location de voitures \u00e0 Paros Gr\u00e8ce - ParosEuropeanRent","description":"Location de voiture, buggy, quad, atv, scooter, moto et v\u00e9lo \u00e0 Paros","potentialAction":[{"@type":"SearchAction","target":{"@type":"EntryPoint","urlTemplate":"https:\/\/parosrentcar.com\/fr\/?s={search_term_string}"},"query-input":{"@type":"PropertyValueSpecification","valueRequired":true,"valueName":"search_term_string"}}],"inLanguage":"fr-FR"}]}},"_links":{"self":[{"href":"https:\/\/parosrentcar.com\/fr\/wp-json\/wp\/v2\/pages\/1064","targetHints":{"allow":["GET"]}}],"collection":[{"href":"https:\/\/parosrentcar.com\/fr\/wp-json\/wp\/v2\/pages"}],"about":[{"href":"https:\/\/parosrentcar.com\/fr\/wp-json\/wp\/v2\/types\/page"}],"author":[{"embeddable":true,"href":"https:\/\/parosrentcar.com\/fr\/wp-json\/wp\/v2\/users\/1"}],"replies":[{"embeddable":true,"href":"https:\/\/parosrentcar.com\/fr\/wp-json\/wp\/v2\/comments?post=1064"}],"version-history":[{"count":2,"href":"https:\/\/parosrentcar.com\/fr\/wp-json\/wp\/v2\/pages\/1064\/revisions"}],"predecessor-version":[{"id":1984,"href":"https:\/\/parosrentcar.com\/fr\/wp-json\/wp\/v2\/pages\/1064\/revisions\/1984"}],"up":[{"embeddable":true,"href":"https:\/\/parosrentcar.com\/fr\/wp-json\/wp\/v2\/pages\/1015"}],"wp:attachment":[{"href":"https:\/\/parosrentcar.com\/fr\/wp-json\/wp\/v2\/media?parent=1064"}],"curies":[{"name":"wp","href":"https:\/\/api.w.org\/{rel}","templated":true}]}}