{"id":1037,"date":"2014-11-24T09:42:00","date_gmt":"2014-11-24T09:42:00","guid":{"rendered":"http:\/\/parosrentcar.com\/el\/?page_id=1037"},"modified":"2015-02-27T17:00:23","modified_gmt":"2015-02-27T17:00:23","slug":"activites","status":"publish","type":"page","link":"https:\/\/parosrentcar.com\/fr\/activites\/","title":{"rendered":"Activit\u00e9s"},"content":{"rendered":"<p>Paros offre une foule d&rsquo;activit\u00e9s:<\/p>\n<ul>\n<li>planche \u00e0 voile<\/li>\n<li>kite surf<\/li>\n<li>plong\u00e9e sous-marine<\/li>\n<li>d\u00e9part<\/li>\n<li>sports nautiques<\/li>\n<li>tennis<\/li>\n<li>\u00e9quitation<\/li>\n<li>trekking-randonn\u00e9e<\/li>\n<li>cuisine<\/li>\n<li>m\u00e9ditation<\/li>\n<li>yoga<\/li>\n<li>danse<\/li>\n<li>pilates<\/li>\n<li>massage<\/li>\n<li>spa<\/li>\n<li>ateliers<\/li>\n<li>activit\u00e9s pour les enfants<\/li>\n<\/ul>\n<p>Demandez-nous quelle que soit l&rsquo;activit\u00e9 que vous voulez et se fera un plaisir de vous informer<\/p>\n","protected":false},"excerpt":{"rendered":"<p>Paros offre une foule d&rsquo;activit\u00e9s: planche \u00e0 voile kite surf plong\u00e9e sous-marine d\u00e9part sports nautiques tennis \u00e9quitation trekking-randonn\u00e9e cuisine m\u00e9ditation yoga danse pilates massage spa ateliers activit\u00e9s pour les enfants Demandez-nous quelle que soit l&rsquo;activit\u00e9 que vous voulez et se fera un plaisir de vous informer<\/p>\n","protected":false},"author":1,"featured_media":0,"parent":0,"menu_order":0,"comment_status":"closed","ping_status":"closed","template":"","meta":{"footnotes":""},"class_list":["post-1037","page","type-page","status-publish","hentry"],"yoast_head":"<!-- This site is optimized with the Yoast SEO plugin v27.1.1 - https:\/\/yoast.com\/product\/yoast-seo-wordpress\/ -->\n<title>Activit\u00e9s -Location de voitures \u00e0 Paros Gr\u00e8ce<\/title>\n<meta name=\"description\" content=\"Activit\u00e9s -Location de voitures \u00e0 prix comp\u00e9titifs, offres sp\u00e9ciales et r\u00e9ductions sur les locations auto \u00e0 Paros Gr\u00e8ce\" \/>\n<meta name=\"robots\" content=\"index, follow, max-snippet:-1, max-image-preview:large, max-video-preview:-1\" \/>\n<link rel=\"canonical\" href=\"https:\/\/parosrentcar.com\/fr\/activites\/\" \/>\n<meta property=\"og:locale\" content=\"fr_FR\" \/>\n<meta property=\"og:type\" content=\"article\" \/>\n<meta property=\"og:title\" content=\"Activit\u00e9s -Location de voitures \u00e0 Paros Gr\u00e8ce\" \/>\n<meta property=\"og:description\" content=\"Activit\u00e9s -Location de voitures \u00e0 prix comp\u00e9titifs, offres sp\u00e9ciales et r\u00e9ductions sur les locations auto \u00e0 Paros Gr\u00e8ce\" \/>\n<meta property=\"og:url\" content=\"https:\/\/parosrentcar.com\/fr\/activites\/\" \/>\n<meta property=\"og:site_name\" content=\"Location de voitures \u00e0 Paros Gr\u00e8ce - ParosEuropeanRent\" \/>\n<meta property=\"article:publisher\" content=\"https:\/\/www.facebook.com\/paroscarrental\" \/>\n<meta property=\"article:modified_time\" content=\"2015-02-27T17:00:23+00:00\" \/>\n<script type=\"application\/ld+json\" class=\"yoast-schema-graph\">{\"@context\":\"https:\/\/schema.org\",\"@graph\":[{\"@type\":\"WebPage\",\"@id\":\"https:\/\/parosrentcar.com\/fr\/activites\/\",\"url\":\"https:\/\/parosrentcar.com\/fr\/activites\/\",\"name\":\"Activit\u00e9s -Location de voitures \u00e0 Paros Gr\u00e8ce\",\"isPartOf\":{\"@id\":\"https:\/\/parosrentcar.com\/fr\/#website\"},\"datePublished\":\"2014-11-24T09:42:00+00:00\",\"dateModified\":\"2015-02-27T17:00:23+00:00\",\"description\":\"Activit\u00e9s -Location de voitures \u00e0 prix comp\u00e9titifs, offres sp\u00e9ciales et r\u00e9ductions sur les locations auto \u00e0 Paros Gr\u00e8ce\",\"breadcrumb\":{\"@id\":\"https:\/\/parosrentcar.com\/fr\/activites\/#breadcrumb\"},\"inLanguage\":\"fr-FR\",\"potentialAction\":[{\"@type\":\"ReadAction\",\"target\":[\"https:\/\/parosrentcar.com\/fr\/activites\/\"]}]},{\"@type\":\"BreadcrumbList\",\"@id\":\"https:\/\/parosrentcar.com\/fr\/activites\/#breadcrumb\",\"itemListElement\":[{\"@type\":\"ListItem\",\"position\":1,\"name\":\"Home\",\"item\":\"https:\/\/parosrentcar.com\/fr\/\"},{\"@type\":\"ListItem\",\"position\":2,\"name\":\"Activit\u00e9s\"}]},{\"@type\":\"WebSite\",\"@id\":\"https:\/\/parosrentcar.com\/fr\/#website\",\"url\":\"https:\/\/parosrentcar.com\/fr\/\",\"name\":\"Location de voitures \u00e0 Paros Gr\u00e8ce - ParosEuropeanRent\",\"description\":\"Location de voiture, buggy, quad, atv, scooter, moto et v\u00e9lo \u00e0 Paros\",\"potentialAction\":[{\"@type\":\"SearchAction\",\"target\":{\"@type\":\"EntryPoint\",\"urlTemplate\":\"https:\/\/parosrentcar.com\/fr\/?s={search_term_string}\"},\"query-input\":{\"@type\":\"PropertyValueSpecification\",\"valueRequired\":true,\"valueName\":\"search_term_string\"}}],\"inLanguage\":\"fr-FR\"}]}<\/script>\n<!-- \/ Yoast SEO plugin. -->","yoast_head_json":{"title":"Activit\u00e9s -Location de voitures \u00e0 Paros Gr\u00e8ce","description":"Activit\u00e9s -Location de voitures \u00e0 prix comp\u00e9titifs, offres sp\u00e9ciales et r\u00e9ductions sur les locations auto \u00e0 Paros Gr\u00e8ce","robots":{"index":"index","follow":"follow","max-snippet":"max-snippet:-1","max-image-preview":"max-image-preview:large","max-video-preview":"max-video-preview:-1"},"canonical":"https:\/\/parosrentcar.com\/fr\/activites\/","og_locale":"fr_FR","og_type":"article","og_title":"Activit\u00e9s -Location de voitures \u00e0 Paros Gr\u00e8ce","og_description":"Activit\u00e9s -Location de voitures \u00e0 prix comp\u00e9titifs, offres sp\u00e9ciales et r\u00e9ductions sur les locations auto \u00e0 Paros Gr\u00e8ce","og_url":"https:\/\/parosrentcar.com\/fr\/activites\/","og_site_name":"Location de voitures \u00e0 Paros Gr\u00e8ce - ParosEuropeanRent","article_publisher":"https:\/\/www.facebook.com\/paroscarrental","article_modified_time":"2015-02-27T17:00:23+00:00","schema":{"@context":"https:\/\/schema.org","@graph":[{"@type":"WebPage","@id":"https:\/\/parosrentcar.com\/fr\/activites\/","url":"https:\/\/parosrentcar.com\/fr\/activites\/","name":"Activit\u00e9s -Location de voitures \u00e0 Paros Gr\u00e8ce","isPartOf":{"@id":"https:\/\/parosrentcar.com\/fr\/#website"},"datePublished":"2014-11-24T09:42:00+00:00","dateModified":"2015-02-27T17:00:23+00:00","description":"Activit\u00e9s -Location de voitures \u00e0 prix comp\u00e9titifs, offres sp\u00e9ciales et r\u00e9ductions sur les locations auto \u00e0 Paros Gr\u00e8ce","breadcrumb":{"@id":"https:\/\/parosrentcar.com\/fr\/activites\/#breadcrumb"},"inLanguage":"fr-FR","potentialAction":[{"@type":"ReadAction","target":["https:\/\/parosrentcar.com\/fr\/activites\/"]}]},{"@type":"BreadcrumbList","@id":"https:\/\/parosrentcar.com\/fr\/activites\/#breadcrumb","itemListElement":[{"@type":"ListItem","position":1,"name":"Home","item":"https:\/\/parosrentcar.com\/fr\/"},{"@type":"ListItem","position":2,"name":"Activit\u00e9s"}]},{"@type":"WebSite","@id":"https:\/\/parosrentcar.com\/fr\/#website","url":"https:\/\/parosrentcar.com\/fr\/","name":"Location de voitures \u00e0 Paros Gr\u00e8ce - ParosEuropeanRent","description":"Location de voiture, buggy, quad, atv, scooter, moto et v\u00e9lo \u00e0 Paros","potentialAction":[{"@type":"SearchAction","target":{"@type":"EntryPoint","urlTemplate":"https:\/\/parosrentcar.com\/fr\/?s={search_term_string}"},"query-input":{"@type":"PropertyValueSpecification","valueRequired":true,"valueName":"search_term_string"}}],"inLanguage":"fr-FR"}]}},"_links":{"self":[{"href":"https:\/\/parosrentcar.com\/fr\/wp-json\/wp\/v2\/pages\/1037","targetHints":{"allow":["GET"]}}],"collection":[{"href":"https:\/\/parosrentcar.com\/fr\/wp-json\/wp\/v2\/pages"}],"about":[{"href":"https:\/\/parosrentcar.com\/fr\/wp-json\/wp\/v2\/types\/page"}],"author":[{"embeddable":true,"href":"https:\/\/parosrentcar.com\/fr\/wp-json\/wp\/v2\/users\/1"}],"replies":[{"embeddable":true,"href":"https:\/\/parosrentcar.com\/fr\/wp-json\/wp\/v2\/comments?post=1037"}],"version-history":[{"count":3,"href":"https:\/\/parosrentcar.com\/fr\/wp-json\/wp\/v2\/pages\/1037\/revisions"}],"predecessor-version":[{"id":1997,"href":"https:\/\/parosrentcar.com\/fr\/wp-json\/wp\/v2\/pages\/1037\/revisions\/1997"}],"wp:attachment":[{"href":"https:\/\/parosrentcar.com\/fr\/wp-json\/wp\/v2\/media?parent=1037"}],"curies":[{"name":"wp","href":"https:\/\/api.w.org\/{rel}","templated":true}]}}