{"id":1028,"date":"2014-11-24T09:16:43","date_gmt":"2014-11-24T09:16:43","guid":{"rendered":"http:\/\/parosrentcar.com\/el\/?page_id=1028"},"modified":"2015-02-11T18:37:39","modified_gmt":"2015-02-11T18:37:39","slug":"livadia","status":"publish","type":"page","link":"https:\/\/parosrentcar.com\/fr\/plages\/livadia\/","title":{"rendered":"Livadia"},"content":{"rendered":"<p>Dans le quartier de Livadia au nord de la ville de Parikia \u00e0 environ 1 km du port de Paros, vous trouverez une plage \u00e9quip\u00e9e de toutes les <strong>infrastructures touristiques<\/strong>, \u00e0 l\u2019eau tr\u00e8s propre. C\u2019est une longue plage de <strong>sable blanc<\/strong> avec de <strong>nombreux arbres<\/strong> pour vous abriter du soleil.<\/p>\n<p>Tr\u00e8s proche du centre ville, elle est tr\u00e8s courrue et id\u00e9ale pour se baigner rapidement, \u00e0 proximit\u00e9 de son h\u00e9bergement.\u00a0Elle est aussi tr\u00e8s bien \u00e9quipp\u00e9e, chaises longues, parasols, tavernes et bars au bord de l\u2019eau ainsi que de nombreuses possibilit\u00e9s de pratiquer les sports nautiques.<\/p>\n<p>Elle est tr\u00e8s <strong>facile d\u2019acc\u00e8s<\/strong>, en bus, taxi, voiture ou moto ou m\u00eame \u00e0 pied si vous r\u00e9sidez \u00e0 proximit\u00e9. Les possibilt\u00e9s d\u2019h\u00e9bergement sont nombreuses parmi les hotels et chambres \u00e0 louer de la capitale de Paros.<\/p>\n<p>Source &#8211; <a title=\"Livadia Beach\" href=\"http:\/\/paroseasybooking.gr\/dt_portfolio\/livadia-beach\/\" target=\"_blank\">ParosEasyBooking.gr &#8211; Livadia Beach<\/a><\/p>\n","protected":false},"excerpt":{"rendered":"<p>Dans le quartier de Livadia au nord de la ville de Parikia \u00e0 environ 1 km du port de Paros, vous trouverez une plage \u00e9quip\u00e9e de toutes les infrastructures touristiques, \u00e0 l\u2019eau tr\u00e8s propre. C\u2019est une longue plage de sable blanc avec de nombreux arbres pour vous abriter du soleil. Tr\u00e8s proche du centre ville, elle est tr\u00e8s courrue et id\u00e9ale pour se baigner rapidement, \u00e0 proximit\u00e9 de son h\u00e9bergement.\u00a0Elle est aussi tr\u00e8s bien \u00e9quipp\u00e9e, chaises longues, parasols, tavernes et bars au bord de l\u2019eau ainsi que de nombreuses possibilit\u00e9s de pratiquer les sports nautiques. Elle est tr\u00e8s facile d\u2019acc\u00e8s, en bus, taxi, voiture ou moto ou m\u00eame \u00e0 pied [&hellip;]<\/p>\n","protected":false},"author":1,"featured_media":0,"parent":1026,"menu_order":0,"comment_status":"closed","ping_status":"closed","template":"page-templates\/attraction.php","meta":{"footnotes":""},"class_list":["post-1028","page","type-page","status-publish","hentry"],"yoast_head":"<!-- This site is optimized with the Yoast SEO plugin v27.1.1 - https:\/\/yoast.com\/product\/yoast-seo-wordpress\/ -->\n<title>Livadia -Location de voitures \u00e0 Paros Gr\u00e8ce<\/title>\n<meta name=\"description\" content=\"Livadia -Location de voitures \u00e0 prix comp\u00e9titifs, offres sp\u00e9ciales et r\u00e9ductions sur les locations auto \u00e0 Paros Gr\u00e8ce\" \/>\n<meta name=\"robots\" content=\"index, follow, max-snippet:-1, max-image-preview:large, max-video-preview:-1\" \/>\n<link rel=\"canonical\" href=\"https:\/\/parosrentcar.com\/fr\/plages\/livadia\/\" \/>\n<meta property=\"og:locale\" content=\"fr_FR\" \/>\n<meta property=\"og:type\" content=\"article\" \/>\n<meta property=\"og:title\" content=\"Livadia -Location de voitures \u00e0 Paros Gr\u00e8ce\" \/>\n<meta property=\"og:description\" content=\"Livadia -Location de voitures \u00e0 prix comp\u00e9titifs, offres sp\u00e9ciales et r\u00e9ductions sur les locations auto \u00e0 Paros Gr\u00e8ce\" \/>\n<meta property=\"og:url\" content=\"https:\/\/parosrentcar.com\/fr\/plages\/livadia\/\" \/>\n<meta property=\"og:site_name\" content=\"Location de voitures \u00e0 Paros Gr\u00e8ce - ParosEuropeanRent\" \/>\n<meta property=\"article:publisher\" content=\"https:\/\/www.facebook.com\/paroscarrental\" \/>\n<meta property=\"article:modified_time\" content=\"2015-02-11T18:37:39+00:00\" \/>\n<meta name=\"twitter:label1\" content=\"Dur\u00e9e de lecture estim\u00e9e\" \/>\n\t<meta name=\"twitter:data1\" content=\"1 minute\" \/>\n<script type=\"application\/ld+json\" class=\"yoast-schema-graph\">{\"@context\":\"https:\/\/schema.org\",\"@graph\":[{\"@type\":\"WebPage\",\"@id\":\"https:\/\/parosrentcar.com\/fr\/plages\/livadia\/\",\"url\":\"https:\/\/parosrentcar.com\/fr\/plages\/livadia\/\",\"name\":\"Livadia -Location de voitures \u00e0 Paros Gr\u00e8ce\",\"isPartOf\":{\"@id\":\"https:\/\/parosrentcar.com\/fr\/#website\"},\"datePublished\":\"2014-11-24T09:16:43+00:00\",\"dateModified\":\"2015-02-11T18:37:39+00:00\",\"description\":\"Livadia -Location de voitures \u00e0 prix comp\u00e9titifs, offres sp\u00e9ciales et r\u00e9ductions sur les locations auto \u00e0 Paros Gr\u00e8ce\",\"breadcrumb\":{\"@id\":\"https:\/\/parosrentcar.com\/fr\/plages\/livadia\/#breadcrumb\"},\"inLanguage\":\"fr-FR\",\"potentialAction\":[{\"@type\":\"ReadAction\",\"target\":[\"https:\/\/parosrentcar.com\/fr\/plages\/livadia\/\"]}]},{\"@type\":\"BreadcrumbList\",\"@id\":\"https:\/\/parosrentcar.com\/fr\/plages\/livadia\/#breadcrumb\",\"itemListElement\":[{\"@type\":\"ListItem\",\"position\":1,\"name\":\"Home\",\"item\":\"https:\/\/parosrentcar.com\/fr\/\"},{\"@type\":\"ListItem\",\"position\":2,\"name\":\"Plages\",\"item\":\"https:\/\/parosrentcar.com\/fr\/plages\/\"},{\"@type\":\"ListItem\",\"position\":3,\"name\":\"Livadia\"}]},{\"@type\":\"WebSite\",\"@id\":\"https:\/\/parosrentcar.com\/fr\/#website\",\"url\":\"https:\/\/parosrentcar.com\/fr\/\",\"name\":\"Location de voitures \u00e0 Paros Gr\u00e8ce - ParosEuropeanRent\",\"description\":\"Location de voiture, buggy, quad, atv, scooter, moto et v\u00e9lo \u00e0 Paros\",\"potentialAction\":[{\"@type\":\"SearchAction\",\"target\":{\"@type\":\"EntryPoint\",\"urlTemplate\":\"https:\/\/parosrentcar.com\/fr\/?s={search_term_string}\"},\"query-input\":{\"@type\":\"PropertyValueSpecification\",\"valueRequired\":true,\"valueName\":\"search_term_string\"}}],\"inLanguage\":\"fr-FR\"}]}<\/script>\n<!-- \/ Yoast SEO plugin. -->","yoast_head_json":{"title":"Livadia -Location de voitures \u00e0 Paros Gr\u00e8ce","description":"Livadia -Location de voitures \u00e0 prix comp\u00e9titifs, offres sp\u00e9ciales et r\u00e9ductions sur les locations auto \u00e0 Paros Gr\u00e8ce","robots":{"index":"index","follow":"follow","max-snippet":"max-snippet:-1","max-image-preview":"max-image-preview:large","max-video-preview":"max-video-preview:-1"},"canonical":"https:\/\/parosrentcar.com\/fr\/plages\/livadia\/","og_locale":"fr_FR","og_type":"article","og_title":"Livadia -Location de voitures \u00e0 Paros Gr\u00e8ce","og_description":"Livadia -Location de voitures \u00e0 prix comp\u00e9titifs, offres sp\u00e9ciales et r\u00e9ductions sur les locations auto \u00e0 Paros Gr\u00e8ce","og_url":"https:\/\/parosrentcar.com\/fr\/plages\/livadia\/","og_site_name":"Location de voitures \u00e0 Paros Gr\u00e8ce - ParosEuropeanRent","article_publisher":"https:\/\/www.facebook.com\/paroscarrental","article_modified_time":"2015-02-11T18:37:39+00:00","twitter_misc":{"Dur\u00e9e de lecture estim\u00e9e":"1 minute"},"schema":{"@context":"https:\/\/schema.org","@graph":[{"@type":"WebPage","@id":"https:\/\/parosrentcar.com\/fr\/plages\/livadia\/","url":"https:\/\/parosrentcar.com\/fr\/plages\/livadia\/","name":"Livadia -Location de voitures \u00e0 Paros Gr\u00e8ce","isPartOf":{"@id":"https:\/\/parosrentcar.com\/fr\/#website"},"datePublished":"2014-11-24T09:16:43+00:00","dateModified":"2015-02-11T18:37:39+00:00","description":"Livadia -Location de voitures \u00e0 prix comp\u00e9titifs, offres sp\u00e9ciales et r\u00e9ductions sur les locations auto \u00e0 Paros Gr\u00e8ce","breadcrumb":{"@id":"https:\/\/parosrentcar.com\/fr\/plages\/livadia\/#breadcrumb"},"inLanguage":"fr-FR","potentialAction":[{"@type":"ReadAction","target":["https:\/\/parosrentcar.com\/fr\/plages\/livadia\/"]}]},{"@type":"BreadcrumbList","@id":"https:\/\/parosrentcar.com\/fr\/plages\/livadia\/#breadcrumb","itemListElement":[{"@type":"ListItem","position":1,"name":"Home","item":"https:\/\/parosrentcar.com\/fr\/"},{"@type":"ListItem","position":2,"name":"Plages","item":"https:\/\/parosrentcar.com\/fr\/plages\/"},{"@type":"ListItem","position":3,"name":"Livadia"}]},{"@type":"WebSite","@id":"https:\/\/parosrentcar.com\/fr\/#website","url":"https:\/\/parosrentcar.com\/fr\/","name":"Location de voitures \u00e0 Paros Gr\u00e8ce - ParosEuropeanRent","description":"Location de voiture, buggy, quad, atv, scooter, moto et v\u00e9lo \u00e0 Paros","potentialAction":[{"@type":"SearchAction","target":{"@type":"EntryPoint","urlTemplate":"https:\/\/parosrentcar.com\/fr\/?s={search_term_string}"},"query-input":{"@type":"PropertyValueSpecification","valueRequired":true,"valueName":"search_term_string"}}],"inLanguage":"fr-FR"}]}},"_links":{"self":[{"href":"https:\/\/parosrentcar.com\/fr\/wp-json\/wp\/v2\/pages\/1028","targetHints":{"allow":["GET"]}}],"collection":[{"href":"https:\/\/parosrentcar.com\/fr\/wp-json\/wp\/v2\/pages"}],"about":[{"href":"https:\/\/parosrentcar.com\/fr\/wp-json\/wp\/v2\/types\/page"}],"author":[{"embeddable":true,"href":"https:\/\/parosrentcar.com\/fr\/wp-json\/wp\/v2\/users\/1"}],"replies":[{"embeddable":true,"href":"https:\/\/parosrentcar.com\/fr\/wp-json\/wp\/v2\/comments?post=1028"}],"version-history":[{"count":1,"href":"https:\/\/parosrentcar.com\/fr\/wp-json\/wp\/v2\/pages\/1028\/revisions"}],"predecessor-version":[{"id":1957,"href":"https:\/\/parosrentcar.com\/fr\/wp-json\/wp\/v2\/pages\/1028\/revisions\/1957"}],"up":[{"embeddable":true,"href":"https:\/\/parosrentcar.com\/fr\/wp-json\/wp\/v2\/pages\/1026"}],"wp:attachment":[{"href":"https:\/\/parosrentcar.com\/fr\/wp-json\/wp\/v2\/media?parent=1028"}],"curies":[{"name":"wp","href":"https:\/\/api.w.org\/{rel}","templated":true}]}}