{"id":1017,"date":"2014-11-24T09:04:55","date_gmt":"2014-11-24T09:04:55","guid":{"rendered":"http:\/\/parosrentcar.com\/el\/?page_id=1017"},"modified":"2015-02-14T08:22:36","modified_gmt":"2015-02-14T08:22:36","slug":"leglise-ekatontapiliani","status":"publish","type":"page","link":"https:\/\/parosrentcar.com\/fr\/sites-touristiques\/leglise-ekatontapiliani\/","title":{"rendered":"L\u2019\u00e9glise Ekatontapiliani"},"content":{"rendered":"<p><strong>L\u2019\u00e9glise Ekatontapiliani<\/strong>, ou \u00ab\u00a0\u00e9glise <strong>aux cent portes<\/strong>\u00a0\u00bb est le joyau de Paros. Cette \u00e9glise byzantine ancienne\u00a0 se trouve \u00e0 Parikia. Elle se compose d\u2019un temple central entour\u00e9 de deux petits temples et d\u2019un baptist\u00e8re sur le c\u00f4t\u00e9 est avec un bassin en forme de croix en marbre rare.<\/p>\n<p>La construction de l\u2019\u00e9glise <strong>daterait de 326 avant JC<\/strong>. Ce serait une des plus anciennes \u00e9glises du christianisme, qui ne fut adopt\u00e9 comme religion officielle dans l\u2019Empire romain qu\u2019en 391 avant JC. L\u2019\u00e9glise aurait \u00e9t\u00e9 fond\u00e9e par <strong>sainte H\u00e9l\u00e8ne<\/strong>,\u00a0 la m\u00e8re de l\u2019empereur romain Constantin le grand (qui r\u00e9gna de 306 \u00e0 337 avant JC.). La l\u00e9gende veut que sainte H\u00e9l\u00e8ne se soit arr\u00eat\u00e9e sur l\u2019\u00eele lors de son p\u00e8lerinage vers la Terre Sainte et ait ordonn\u00e9 de construire une basilique \u00e0 l\u2019emplacement o\u00f9 elle avait pri\u00e9.<\/p>\n<p>L\u2019\u00e9glise Ekatontapyliani est c\u00e9l\u00e8bre pour les p\u00e8lerinages qui y ont lieu tous les ans pour la Sainte Vierge \u00e0 l\u2019Assomption. C\u2019est le <strong>deuxi\u00e8me plus grand lieu de p\u00e8lerinage de la mer Eg\u00e9e<\/strong>, apr\u00e8s la fameuse \u00e9glise de la Vierge Marie sur l&rsquo;\u00eele voisine de Tinos. Dans la nef vous pouvez voir les deux colonnes restantes du temple d&rsquo;Art\u00e9mis \u00e0 l\u2019endroit duquel Ekatontapyliani fut construite.<\/p>\n<p>Source: <a title=\"Panagia Ekatontapiliani\" href=\"http:\/\/paroseasybooking.gr\/dt_portfolio\/panagia-ekatontapiliani\/\" target=\"_blank\">ParosEasyBooking.gr- Panagia Ekatontapiliani<\/a><\/p>\n","protected":false},"excerpt":{"rendered":"<p>L\u2019\u00e9glise Ekatontapiliani, ou \u00ab\u00a0\u00e9glise aux cent portes\u00a0\u00bb est le joyau de Paros. Cette \u00e9glise byzantine ancienne\u00a0 se trouve \u00e0 Parikia. Elle se compose d\u2019un temple central entour\u00e9 de deux petits temples et d\u2019un baptist\u00e8re sur le c\u00f4t\u00e9 est avec un bassin en forme de croix en marbre rare. La construction de l\u2019\u00e9glise daterait de 326 avant JC. Ce serait une des plus anciennes \u00e9glises du christianisme, qui ne fut adopt\u00e9 comme religion officielle dans l\u2019Empire romain qu\u2019en 391 avant JC. L\u2019\u00e9glise aurait \u00e9t\u00e9 fond\u00e9e par sainte H\u00e9l\u00e8ne,\u00a0 la m\u00e8re de l\u2019empereur romain Constantin le grand (qui r\u00e9gna de 306 \u00e0 337 avant JC.). La l\u00e9gende veut que sainte H\u00e9l\u00e8ne se [&hellip;]<\/p>\n","protected":false},"author":1,"featured_media":0,"parent":1015,"menu_order":0,"comment_status":"closed","ping_status":"closed","template":"page-templates\/attraction.php","meta":{"footnotes":""},"class_list":["post-1017","page","type-page","status-publish","hentry"],"yoast_head":"<!-- This site is optimized with the Yoast SEO plugin v27.1.1 - https:\/\/yoast.com\/product\/yoast-seo-wordpress\/ -->\n<title>L\u2019\u00e9glise Ekatontapiliani -Location de voitures \u00e0 Paros Gr\u00e8ce<\/title>\n<meta name=\"description\" content=\"L\u2019\u00e9glise Ekatontapiliani -Location de voitures \u00e0 prix comp\u00e9titifs, offres sp\u00e9ciales et r\u00e9ductions sur les locations auto \u00e0 Paros Gr\u00e8ce\" \/>\n<meta name=\"robots\" content=\"index, follow, max-snippet:-1, max-image-preview:large, max-video-preview:-1\" \/>\n<link rel=\"canonical\" href=\"https:\/\/parosrentcar.com\/fr\/sites-touristiques\/leglise-ekatontapiliani\/\" \/>\n<meta property=\"og:locale\" content=\"fr_FR\" \/>\n<meta property=\"og:type\" content=\"article\" \/>\n<meta property=\"og:title\" content=\"L\u2019\u00e9glise Ekatontapiliani -Location de voitures \u00e0 Paros Gr\u00e8ce\" \/>\n<meta property=\"og:description\" content=\"L\u2019\u00e9glise Ekatontapiliani -Location de voitures \u00e0 prix comp\u00e9titifs, offres sp\u00e9ciales et r\u00e9ductions sur les locations auto \u00e0 Paros Gr\u00e8ce\" \/>\n<meta property=\"og:url\" content=\"https:\/\/parosrentcar.com\/fr\/sites-touristiques\/leglise-ekatontapiliani\/\" \/>\n<meta property=\"og:site_name\" content=\"Location de voitures \u00e0 Paros Gr\u00e8ce - ParosEuropeanRent\" \/>\n<meta property=\"article:publisher\" content=\"https:\/\/www.facebook.com\/paroscarrental\" \/>\n<meta property=\"article:modified_time\" content=\"2015-02-14T08:22:36+00:00\" \/>\n<meta name=\"twitter:label1\" content=\"Dur\u00e9e de lecture estim\u00e9e\" \/>\n\t<meta name=\"twitter:data1\" content=\"1 minute\" \/>\n<script type=\"application\/ld+json\" class=\"yoast-schema-graph\">{\"@context\":\"https:\/\/schema.org\",\"@graph\":[{\"@type\":\"WebPage\",\"@id\":\"https:\/\/parosrentcar.com\/fr\/sites-touristiques\/leglise-ekatontapiliani\/\",\"url\":\"https:\/\/parosrentcar.com\/fr\/sites-touristiques\/leglise-ekatontapiliani\/\",\"name\":\"L\u2019\u00e9glise Ekatontapiliani -Location de voitures \u00e0 Paros Gr\u00e8ce\",\"isPartOf\":{\"@id\":\"https:\/\/parosrentcar.com\/fr\/#website\"},\"datePublished\":\"2014-11-24T09:04:55+00:00\",\"dateModified\":\"2015-02-14T08:22:36+00:00\",\"description\":\"L\u2019\u00e9glise Ekatontapiliani -Location de voitures \u00e0 prix comp\u00e9titifs, offres sp\u00e9ciales et r\u00e9ductions sur les locations auto \u00e0 Paros Gr\u00e8ce\",\"breadcrumb\":{\"@id\":\"https:\/\/parosrentcar.com\/fr\/sites-touristiques\/leglise-ekatontapiliani\/#breadcrumb\"},\"inLanguage\":\"fr-FR\",\"potentialAction\":[{\"@type\":\"ReadAction\",\"target\":[\"https:\/\/parosrentcar.com\/fr\/sites-touristiques\/leglise-ekatontapiliani\/\"]}]},{\"@type\":\"BreadcrumbList\",\"@id\":\"https:\/\/parosrentcar.com\/fr\/sites-touristiques\/leglise-ekatontapiliani\/#breadcrumb\",\"itemListElement\":[{\"@type\":\"ListItem\",\"position\":1,\"name\":\"Home\",\"item\":\"https:\/\/parosrentcar.com\/fr\/\"},{\"@type\":\"ListItem\",\"position\":2,\"name\":\"Sites touristiques\",\"item\":\"https:\/\/parosrentcar.com\/fr\/sites-touristiques\/\"},{\"@type\":\"ListItem\",\"position\":3,\"name\":\"L\u2019\u00e9glise Ekatontapiliani\"}]},{\"@type\":\"WebSite\",\"@id\":\"https:\/\/parosrentcar.com\/fr\/#website\",\"url\":\"https:\/\/parosrentcar.com\/fr\/\",\"name\":\"Location de voitures \u00e0 Paros Gr\u00e8ce - ParosEuropeanRent\",\"description\":\"Location de voiture, buggy, quad, atv, scooter, moto et v\u00e9lo \u00e0 Paros\",\"potentialAction\":[{\"@type\":\"SearchAction\",\"target\":{\"@type\":\"EntryPoint\",\"urlTemplate\":\"https:\/\/parosrentcar.com\/fr\/?s={search_term_string}\"},\"query-input\":{\"@type\":\"PropertyValueSpecification\",\"valueRequired\":true,\"valueName\":\"search_term_string\"}}],\"inLanguage\":\"fr-FR\"}]}<\/script>\n<!-- \/ Yoast SEO plugin. -->","yoast_head_json":{"title":"L\u2019\u00e9glise Ekatontapiliani -Location de voitures \u00e0 Paros Gr\u00e8ce","description":"L\u2019\u00e9glise Ekatontapiliani -Location de voitures \u00e0 prix comp\u00e9titifs, offres sp\u00e9ciales et r\u00e9ductions sur les locations auto \u00e0 Paros Gr\u00e8ce","robots":{"index":"index","follow":"follow","max-snippet":"max-snippet:-1","max-image-preview":"max-image-preview:large","max-video-preview":"max-video-preview:-1"},"canonical":"https:\/\/parosrentcar.com\/fr\/sites-touristiques\/leglise-ekatontapiliani\/","og_locale":"fr_FR","og_type":"article","og_title":"L\u2019\u00e9glise Ekatontapiliani -Location de voitures \u00e0 Paros Gr\u00e8ce","og_description":"L\u2019\u00e9glise Ekatontapiliani -Location de voitures \u00e0 prix comp\u00e9titifs, offres sp\u00e9ciales et r\u00e9ductions sur les locations auto \u00e0 Paros Gr\u00e8ce","og_url":"https:\/\/parosrentcar.com\/fr\/sites-touristiques\/leglise-ekatontapiliani\/","og_site_name":"Location de voitures \u00e0 Paros Gr\u00e8ce - ParosEuropeanRent","article_publisher":"https:\/\/www.facebook.com\/paroscarrental","article_modified_time":"2015-02-14T08:22:36+00:00","twitter_misc":{"Dur\u00e9e de lecture estim\u00e9e":"1 minute"},"schema":{"@context":"https:\/\/schema.org","@graph":[{"@type":"WebPage","@id":"https:\/\/parosrentcar.com\/fr\/sites-touristiques\/leglise-ekatontapiliani\/","url":"https:\/\/parosrentcar.com\/fr\/sites-touristiques\/leglise-ekatontapiliani\/","name":"L\u2019\u00e9glise Ekatontapiliani -Location de voitures \u00e0 Paros Gr\u00e8ce","isPartOf":{"@id":"https:\/\/parosrentcar.com\/fr\/#website"},"datePublished":"2014-11-24T09:04:55+00:00","dateModified":"2015-02-14T08:22:36+00:00","description":"L\u2019\u00e9glise Ekatontapiliani -Location de voitures \u00e0 prix comp\u00e9titifs, offres sp\u00e9ciales et r\u00e9ductions sur les locations auto \u00e0 Paros Gr\u00e8ce","breadcrumb":{"@id":"https:\/\/parosrentcar.com\/fr\/sites-touristiques\/leglise-ekatontapiliani\/#breadcrumb"},"inLanguage":"fr-FR","potentialAction":[{"@type":"ReadAction","target":["https:\/\/parosrentcar.com\/fr\/sites-touristiques\/leglise-ekatontapiliani\/"]}]},{"@type":"BreadcrumbList","@id":"https:\/\/parosrentcar.com\/fr\/sites-touristiques\/leglise-ekatontapiliani\/#breadcrumb","itemListElement":[{"@type":"ListItem","position":1,"name":"Home","item":"https:\/\/parosrentcar.com\/fr\/"},{"@type":"ListItem","position":2,"name":"Sites touristiques","item":"https:\/\/parosrentcar.com\/fr\/sites-touristiques\/"},{"@type":"ListItem","position":3,"name":"L\u2019\u00e9glise Ekatontapiliani"}]},{"@type":"WebSite","@id":"https:\/\/parosrentcar.com\/fr\/#website","url":"https:\/\/parosrentcar.com\/fr\/","name":"Location de voitures \u00e0 Paros Gr\u00e8ce - ParosEuropeanRent","description":"Location de voiture, buggy, quad, atv, scooter, moto et v\u00e9lo \u00e0 Paros","potentialAction":[{"@type":"SearchAction","target":{"@type":"EntryPoint","urlTemplate":"https:\/\/parosrentcar.com\/fr\/?s={search_term_string}"},"query-input":{"@type":"PropertyValueSpecification","valueRequired":true,"valueName":"search_term_string"}}],"inLanguage":"fr-FR"}]}},"_links":{"self":[{"href":"https:\/\/parosrentcar.com\/fr\/wp-json\/wp\/v2\/pages\/1017","targetHints":{"allow":["GET"]}}],"collection":[{"href":"https:\/\/parosrentcar.com\/fr\/wp-json\/wp\/v2\/pages"}],"about":[{"href":"https:\/\/parosrentcar.com\/fr\/wp-json\/wp\/v2\/types\/page"}],"author":[{"embeddable":true,"href":"https:\/\/parosrentcar.com\/fr\/wp-json\/wp\/v2\/users\/1"}],"replies":[{"embeddable":true,"href":"https:\/\/parosrentcar.com\/fr\/wp-json\/wp\/v2\/comments?post=1017"}],"version-history":[{"count":2,"href":"https:\/\/parosrentcar.com\/fr\/wp-json\/wp\/v2\/pages\/1017\/revisions"}],"predecessor-version":[{"id":1988,"href":"https:\/\/parosrentcar.com\/fr\/wp-json\/wp\/v2\/pages\/1017\/revisions\/1988"}],"up":[{"embeddable":true,"href":"https:\/\/parosrentcar.com\/fr\/wp-json\/wp\/v2\/pages\/1015"}],"wp:attachment":[{"href":"https:\/\/parosrentcar.com\/fr\/wp-json\/wp\/v2\/media?parent=1017"}],"curies":[{"name":"wp","href":"https:\/\/api.w.org\/{rel}","templated":true}]}}