{"id":863,"date":"2014-11-15T13:50:55","date_gmt":"2014-11-15T13:50:55","guid":{"rendered":"http:\/\/parosrentcar.com\/el\/?page_id=863"},"modified":"2015-01-11T15:05:50","modified_gmt":"2015-01-11T15:05:50","slug":"wie-kann-man-bezahlen","status":"publish","type":"page","link":"https:\/\/parosrentcar.com\/de\/die-firma\/wie-kann-man-bezahlen\/","title":{"rendered":"Wie kann man bezahlen:"},"content":{"rendered":"<p>Zur Best\u00e4tigung Ihrer Buchung schicken wir Ihnen per E-Mail, alle Daten der Buchung, der gesamte Betrag der Buchung und sie sollten f\u00fcr die 2 ersten Tagen \u00a0als Anzahlungsbetrag bezahlen. Bei Paros Europeanrent\u00a0 k\u00f6nnen Sie so bezahlen:<\/p>\n<ul>\n<li>Visa, MasterCard, Amex<\/li>\n<li>Stornierung der Buchung.<\/li>\n<\/ul>\n<p>Sie bekommen den ganzen Betrag zur\u00fcck, wenn Sie Ihre Buchung bis eine Woche vor Anmietung bei uns <strong>stornieren<\/strong>. Wenn Sie Ihre Buchung \u00fcber 48 Stunden bis eine Woche vor Anmietung stornieren, dann sollten Sie \u00a050%\u00a0 des Anzahlungsbetrags bezahlen. Wenn Sie Ihre Buchung \u00a0in weniger als 48 Stunden vor Anmietung stornieren, dann sollten Sie 100% des Anzahlungsbetrags bezahlen unabh\u00e4ngig davon, wann Sie die Buchung gemacht haben.<\/p>\n<p><strong>Beim Nichterscheinen\/ Versp\u00e4tung des Abholens-Fr\u00fchere R\u00fcckgabe:<\/strong> Im Falle, dass der Kunde nicht erscheint, er \u00a0sich versp\u00e4tet\u00a0 hat, das Fahrzeug abzuholen oder\u00a0 fr\u00fcher das Auto zur\u00fcckgebracht hat, geht \u00a0der ganze Betrag der Buchung \u00a0auf seine Kosten.<\/p>\n","protected":false},"excerpt":{"rendered":"<p>Zur Best\u00e4tigung Ihrer Buchung schicken wir Ihnen per E-Mail, alle Daten der Buchung, der gesamte Betrag der Buchung und sie sollten f\u00fcr die 2 ersten Tagen \u00a0als Anzahlungsbetrag bezahlen. Bei Paros Europeanrent\u00a0 k\u00f6nnen Sie so bezahlen: Visa, MasterCard, Amex Stornierung der Buchung. Sie bekommen den ganzen Betrag zur\u00fcck, wenn Sie Ihre Buchung bis eine Woche vor Anmietung bei uns stornieren. Wenn Sie Ihre Buchung \u00fcber 48 Stunden bis eine Woche vor Anmietung stornieren, dann sollten Sie \u00a050%\u00a0 des Anzahlungsbetrags bezahlen. Wenn Sie Ihre Buchung \u00a0in weniger als 48 Stunden vor Anmietung stornieren, dann sollten Sie 100% des Anzahlungsbetrags bezahlen unabh\u00e4ngig davon, wann Sie die Buchung gemacht haben. Beim Nichterscheinen\/ Versp\u00e4tung [&hellip;]<\/p>\n","protected":false},"author":1,"featured_media":0,"parent":1267,"menu_order":0,"comment_status":"closed","ping_status":"closed","template":"page-templates\/contact.php","meta":{"footnotes":""},"class_list":["post-863","page","type-page","status-publish","hentry"],"yoast_head":"<!-- This site is optimized with the Yoast SEO plugin v27.1.1 - https:\/\/yoast.com\/product\/yoast-seo-wordpress\/ -->\n<title>Wie kann man bezahlen:- ParosEuropeanRent \u2013 Paros Mietwagen Griechenland<\/title>\n<meta name=\"description\" content=\"Wie kann man bezahlen:-Mieten Sie ein Auto, Buggy, Roller, Motorrad, quad, atv und entdecken Sie die Sehensw\u00fcrdigkeiten und die Str\u00e4nde von Paros.\" \/>\n<meta name=\"robots\" content=\"index, follow, max-snippet:-1, max-image-preview:large, max-video-preview:-1\" \/>\n<link rel=\"canonical\" href=\"https:\/\/parosrentcar.com\/de\/die-firma\/wie-kann-man-bezahlen\/\" \/>\n<meta property=\"og:locale\" content=\"de_DE\" \/>\n<meta property=\"og:type\" content=\"article\" \/>\n<meta property=\"og:title\" content=\"Wie kann man bezahlen:- ParosEuropeanRent \u2013 Paros Mietwagen Griechenland\" \/>\n<meta property=\"og:description\" content=\"Wie kann man bezahlen:-Mieten Sie ein Auto, Buggy, Roller, Motorrad, quad, atv und entdecken Sie die Sehensw\u00fcrdigkeiten und die Str\u00e4nde von Paros.\" \/>\n<meta property=\"og:url\" content=\"https:\/\/parosrentcar.com\/de\/die-firma\/wie-kann-man-bezahlen\/\" \/>\n<meta property=\"og:site_name\" content=\"\u039cietwagen in Paros Griechenland | Autovermietung in Paros Griechenland\" \/>\n<meta property=\"article:publisher\" content=\"https:\/\/www.facebook.com\/paroscarrental\" \/>\n<meta property=\"article:modified_time\" content=\"2015-01-11T15:05:50+00:00\" \/>\n<meta name=\"twitter:card\" content=\"summary_large_image\" \/>\n<meta name=\"twitter:site\" content=\"@parosrentcar\" \/>\n<meta name=\"twitter:label1\" content=\"Gesch\u00e4tzte Lesezeit\" \/>\n\t<meta name=\"twitter:data1\" content=\"1\u00a0Minute\" \/>\n<script type=\"application\/ld+json\" class=\"yoast-schema-graph\">{\"@context\":\"https:\/\/schema.org\",\"@graph\":[{\"@type\":\"WebPage\",\"@id\":\"https:\/\/parosrentcar.com\/de\/die-firma\/wie-kann-man-bezahlen\/\",\"url\":\"https:\/\/parosrentcar.com\/de\/die-firma\/wie-kann-man-bezahlen\/\",\"name\":\"Wie kann man bezahlen:- ParosEuropeanRent \u2013 Paros Mietwagen Griechenland\",\"isPartOf\":{\"@id\":\"https:\/\/parosrentcar.com\/de\/#website\"},\"datePublished\":\"2014-11-15T13:50:55+00:00\",\"dateModified\":\"2015-01-11T15:05:50+00:00\",\"description\":\"Wie kann man bezahlen:-Mieten Sie ein Auto, Buggy, Roller, Motorrad, quad, atv und entdecken Sie die Sehensw\u00fcrdigkeiten und die Str\u00e4nde von Paros.\",\"breadcrumb\":{\"@id\":\"https:\/\/parosrentcar.com\/de\/die-firma\/wie-kann-man-bezahlen\/#breadcrumb\"},\"inLanguage\":\"de\",\"potentialAction\":[{\"@type\":\"ReadAction\",\"target\":[\"https:\/\/parosrentcar.com\/de\/die-firma\/wie-kann-man-bezahlen\/\"]}]},{\"@type\":\"BreadcrumbList\",\"@id\":\"https:\/\/parosrentcar.com\/de\/die-firma\/wie-kann-man-bezahlen\/#breadcrumb\",\"itemListElement\":[{\"@type\":\"ListItem\",\"position\":1,\"name\":\"Home\",\"item\":\"https:\/\/parosrentcar.com\/de\/\"},{\"@type\":\"ListItem\",\"position\":2,\"name\":\"DIE FIRMA\",\"item\":\"https:\/\/parosrentcar.com\/de\/die-firma\/\"},{\"@type\":\"ListItem\",\"position\":3,\"name\":\"Wie kann man bezahlen:\"}]},{\"@type\":\"WebSite\",\"@id\":\"https:\/\/parosrentcar.com\/de\/#website\",\"url\":\"https:\/\/parosrentcar.com\/de\/\",\"name\":\"\u039cietwagen in Paros Griechenland | Autovermietung in Paros Griechenland\",\"description\":\"\u039cietwagen in Paros Griechenland\",\"potentialAction\":[{\"@type\":\"SearchAction\",\"target\":{\"@type\":\"EntryPoint\",\"urlTemplate\":\"https:\/\/parosrentcar.com\/de\/?s={search_term_string}\"},\"query-input\":{\"@type\":\"PropertyValueSpecification\",\"valueRequired\":true,\"valueName\":\"search_term_string\"}}],\"inLanguage\":\"de\"}]}<\/script>\n<!-- \/ Yoast SEO plugin. -->","yoast_head_json":{"title":"Wie kann man bezahlen:- ParosEuropeanRent \u2013 Paros Mietwagen Griechenland","description":"Wie kann man bezahlen:-Mieten Sie ein Auto, Buggy, Roller, Motorrad, quad, atv und entdecken Sie die Sehensw\u00fcrdigkeiten und die Str\u00e4nde von Paros.","robots":{"index":"index","follow":"follow","max-snippet":"max-snippet:-1","max-image-preview":"max-image-preview:large","max-video-preview":"max-video-preview:-1"},"canonical":"https:\/\/parosrentcar.com\/de\/die-firma\/wie-kann-man-bezahlen\/","og_locale":"de_DE","og_type":"article","og_title":"Wie kann man bezahlen:- ParosEuropeanRent \u2013 Paros Mietwagen Griechenland","og_description":"Wie kann man bezahlen:-Mieten Sie ein Auto, Buggy, Roller, Motorrad, quad, atv und entdecken Sie die Sehensw\u00fcrdigkeiten und die Str\u00e4nde von Paros.","og_url":"https:\/\/parosrentcar.com\/de\/die-firma\/wie-kann-man-bezahlen\/","og_site_name":"\u039cietwagen in Paros Griechenland | Autovermietung in Paros Griechenland","article_publisher":"https:\/\/www.facebook.com\/paroscarrental","article_modified_time":"2015-01-11T15:05:50+00:00","twitter_card":"summary_large_image","twitter_site":"@parosrentcar","twitter_misc":{"Gesch\u00e4tzte Lesezeit":"1\u00a0Minute"},"schema":{"@context":"https:\/\/schema.org","@graph":[{"@type":"WebPage","@id":"https:\/\/parosrentcar.com\/de\/die-firma\/wie-kann-man-bezahlen\/","url":"https:\/\/parosrentcar.com\/de\/die-firma\/wie-kann-man-bezahlen\/","name":"Wie kann man bezahlen:- ParosEuropeanRent \u2013 Paros Mietwagen Griechenland","isPartOf":{"@id":"https:\/\/parosrentcar.com\/de\/#website"},"datePublished":"2014-11-15T13:50:55+00:00","dateModified":"2015-01-11T15:05:50+00:00","description":"Wie kann man bezahlen:-Mieten Sie ein Auto, Buggy, Roller, Motorrad, quad, atv und entdecken Sie die Sehensw\u00fcrdigkeiten und die Str\u00e4nde von Paros.","breadcrumb":{"@id":"https:\/\/parosrentcar.com\/de\/die-firma\/wie-kann-man-bezahlen\/#breadcrumb"},"inLanguage":"de","potentialAction":[{"@type":"ReadAction","target":["https:\/\/parosrentcar.com\/de\/die-firma\/wie-kann-man-bezahlen\/"]}]},{"@type":"BreadcrumbList","@id":"https:\/\/parosrentcar.com\/de\/die-firma\/wie-kann-man-bezahlen\/#breadcrumb","itemListElement":[{"@type":"ListItem","position":1,"name":"Home","item":"https:\/\/parosrentcar.com\/de\/"},{"@type":"ListItem","position":2,"name":"DIE FIRMA","item":"https:\/\/parosrentcar.com\/de\/die-firma\/"},{"@type":"ListItem","position":3,"name":"Wie kann man bezahlen:"}]},{"@type":"WebSite","@id":"https:\/\/parosrentcar.com\/de\/#website","url":"https:\/\/parosrentcar.com\/de\/","name":"\u039cietwagen in Paros Griechenland | Autovermietung in Paros Griechenland","description":"\u039cietwagen in Paros Griechenland","potentialAction":[{"@type":"SearchAction","target":{"@type":"EntryPoint","urlTemplate":"https:\/\/parosrentcar.com\/de\/?s={search_term_string}"},"query-input":{"@type":"PropertyValueSpecification","valueRequired":true,"valueName":"search_term_string"}}],"inLanguage":"de"}]}},"_links":{"self":[{"href":"https:\/\/parosrentcar.com\/de\/wp-json\/wp\/v2\/pages\/863","targetHints":{"allow":["GET"]}}],"collection":[{"href":"https:\/\/parosrentcar.com\/de\/wp-json\/wp\/v2\/pages"}],"about":[{"href":"https:\/\/parosrentcar.com\/de\/wp-json\/wp\/v2\/types\/page"}],"author":[{"embeddable":true,"href":"https:\/\/parosrentcar.com\/de\/wp-json\/wp\/v2\/users\/1"}],"replies":[{"embeddable":true,"href":"https:\/\/parosrentcar.com\/de\/wp-json\/wp\/v2\/comments?post=863"}],"version-history":[{"count":3,"href":"https:\/\/parosrentcar.com\/de\/wp-json\/wp\/v2\/pages\/863\/revisions"}],"predecessor-version":[{"id":1607,"href":"https:\/\/parosrentcar.com\/de\/wp-json\/wp\/v2\/pages\/863\/revisions\/1607"}],"up":[{"embeddable":true,"href":"https:\/\/parosrentcar.com\/de\/wp-json\/wp\/v2\/pages\/1267"}],"wp:attachment":[{"href":"https:\/\/parosrentcar.com\/de\/wp-json\/wp\/v2\/media?parent=863"}],"curies":[{"name":"wp","href":"https:\/\/api.w.org\/{rel}","templated":true}]}}