{"id":547,"date":"2014-11-10T07:08:38","date_gmt":"2014-11-10T07:08:38","guid":{"rendered":"http:\/\/parosrentcar.com\/el\/?page_id=547"},"modified":"2023-01-10T15:04:07","modified_gmt":"2023-01-10T15:04:07","slug":"mietwagen-angebote-paros","status":"publish","type":"page","link":"https:\/\/parosrentcar.com\/de\/mietwagen-angebote-paros\/","title":{"rendered":"6 Tolle Angebote f\u00fcr Sie"},"content":{"rendered":"<p>Vor der Buchung kontrollieren Sie unsere Angebote. Vielleicht finden\u00a0 Sie das passende f\u00fcr Sie und dann k\u00f6nnten Sie eine noch <strong>g\u00fcnstigere Buchung machen<\/strong>. F\u00fcr die ersten zwei Angebote w\u00e4hlen Sie das Fahrzeug, wof\u00fcr Sie sich interessieren, f\u00fcllen Sie sein Formular und das Angebot wird direkt zum letzten \u00a0Preis enthalten. F\u00fcr\u00a0 die anderen Angebote f\u00fcllen Sie das Formular, das nach den Angeboten steht.<\/p>\n<p><span style=\"color: #993300;\"><strong>1. 15% Rabatt f\u00fcr Online \u2013 Buchungen in allen Jahreszeiten<\/strong><\/span><\/p>\n<p>Dieses Angebot gilt f\u00fcr Online- Buchungen <strong>\u00fcber 8 \u2013Tage<\/strong> f\u00fcr <strong>alle Fahrzeuge<\/strong> und <strong>f\u00fcr alle Jahreszeiten<\/strong>. Der Rabatt ist schon bei den Preislisten der Fahrzeuge enthalten. W\u00e4hlen Sie das Fahrzeug, das Ihnen am besten gef\u00e4llt, kontrollieren Sie die Preise des Angebots pro Tag und machen eine Online \u2013 Buchung.<\/p>\n<p><span style=\"color: #993300;\"><strong>2. Rabatt 10% f\u00fcr Online \u2013 Buchungen unabh\u00e4ngig von der Jahreszeit<\/strong>\u00a0<\/span><\/p>\n<p>Dieses Angebot gilt f\u00fcr Online- Buchungen<strong> von 3 bis 7 \u2013 Tage<\/strong> f\u00fcr <strong>alle Fahrzeuge<\/strong> und <strong>f\u00fcr alle Jahreszeiten<\/strong>. Diese Erm\u00e4\u00dfigung wird schon bei allen Preislisten der Fahrzeuge enthalten. W\u00e4hlen Sie das Fahrzeug, das Ihnen am meisten gef\u00e4llt, schauen Sie die Preise des Angebots pro Tag und machen Sie Ihre Buchung online.<\/p>\n<p><strong><span style=\"color: #993300;\">3. Angebot f\u00fcr das Wochenende ( 3 \u2013Tage) \u2013 Preis 60\u20ac<\/span><\/strong><\/p>\n<p><strong>Zeitdauer des Angebots<\/strong>: von 01.11 bis 30.03<br \/>\n<strong>Autogruppen<\/strong>: A, B<br \/>\n<strong>Enthalten<\/strong>: 24% Mehrwertsteuer \u2013 Unbegrenzte Kilometer- einfache Versicherung dritter Personen gegen\u00fcber \u2013 Kostenloser Transport zum Hafen, Flughafen und Hotel- kostenlose Kindersitze!<br \/>\n<strong>Zeitdauer der Buchung<\/strong>: Wochenende von Freitag 12:00 Uhr \u2013 Montag 09:00 Uhr<\/p>\n<p><strong><span style=\"color: #993300;\">4. Herbstliches Angebot (7 \u2013 Tage) \u2013 Preis 105\u20ac<\/span><\/strong><\/p>\n<p><strong>Zeitdauer des Angebots<\/strong>: von 01.11 bis 30.03<br \/>\n<strong>Autogruppen<\/strong>: A, B<br \/>\n<strong>Enthalten<\/strong>: 24% Mehrwertsteuer- Unbegrenzte Kilometer \u2013 einfache Versicherung dritter Personen gegen\u00fcber- kostenloser Transport zum Hafen, Flughafen oder Hotel- kostenlose Kindersitze!<br \/>\n<strong>Zeitdauer der Buchung<\/strong>: Wochenende von Freitag 12:00 bis Montag 09:00<\/p>\n<p><strong><span style=\"color: #993300;\">5. Mietwagen f\u00fcr die n\u00e4chsten 3- Tage \u2013 Preis: 50 <\/span><\/strong><\/p>\n<p><strong>Zeitdauer des Angebots<\/strong>: von 01.11 bis 30.03<br \/>\n<strong>Autogruppen<\/strong>: A, B<br \/>\n<strong>Enthalten<\/strong>: 24% Mehrwertsteuer \u2013 unbegrenzte Kilometer- einfache Versicherung dritter Personen gegen\u00fcber \u2013 Kostenloser Transport zum Hafen, Flughafen und Hotel \u2013 Kostenlose Kindersitze!<br \/>\n<strong>Zeitdauer der Buchung<\/strong>: Wochenende, von Freitag 12:00 \u2013 Montag 09:00<\/p>\n<p><strong><span style=\"color: #993300;\">6. Letzten- Moment- Angebot- Rabatt 20%<\/span><\/strong><\/p>\n<p><strong>Zeitdauer des Angebots<\/strong>: von 01.11 bis 30.03<br \/>\n<strong>Autogruppen<\/strong>: A, B<br \/>\n<strong>Enthalten<\/strong>: 24% Mehrwertsteuer \u2013 unbegrenzte Kilometer- einfache Versicherung dritter Personen gegen\u00fcber \u2013 Kostenloser Transport zum Hafen, Flughafen und Hotel \u2013 Kostenlose Kindersitze!<br \/>\n<strong>Zeitdauer der Buchung<\/strong>: 48 Stunden vor der Buchung.<\/p>\n<form method=\"post\" enctype=\"multipart\/form-data\" id=\"vfbp-form-37\" class=\"vfbp-form\"><div style=\"display:none;\"><label for=\"vfbp-EMAIL-AN8fuQyoDLXem\">Wenn Sie ein Mensch sind, lassen Sie dieses Feld leer.<\/label><input size=\"25\" autocomplete=\"off\" type=\"text\" name=\"vfbp-EMAIL-AN8fuQyoDLXem\" value=\"\" id=\"\"><\/div><input type=\"hidden\" name=\"_vfb-timestamp-37\" value=\"1777314487\" id=\"\"><input type=\"hidden\" name=\"_vfb-form-id\" value=\"37\" id=\"\"><div class=\"vfb-form-group vfb-col-12\"><div><h6 class=\"\">W\u00e4hlen  Sie zuerst, was f\u00fcr ein Angebot  Sie m\u00f6chten<\/h6><\/div><\/div><div class=\"vfb-col-12 vfb-fieldType-heading\" id=\"vfbField646\"><\/div><div class=\"vfb-clearfix\"><\/div><div class=\"vfb-col-10 vfb-fieldType-select\" id=\"vfbField647\"><label for=\"vfb-field-647\" class=\"vfb-control-label\">W\u00e4hlen Sie das Angebot <span class=\"vfb-required-asterisk\">*<\/span><\/label><div><div class=\"vfb-form-group\"><select id=\"vfb-field-647\" class=\"vfb-form-control\" placeholder=\"\" required=\"required\" name=\"vfb-field-647\"><option value=\"Angebot f&uuml;r das Wochenende ( 3 &ndash;Tage) &ndash; Preis 60&euro;\">Angebot f\u00fcr das Wochenende ( 3 \u2013Tage) \u2013 Preis 60\u20ac<\/option><option value=\"Herbstliches Angebot (7 &ndash; Tage) &ndash; Preis 105&euro;\">Herbstliches Angebot (7 \u2013 Tage) \u2013 Preis 105\u20ac<\/option><option value=\"Mietwagen f&uuml;r die n&auml;chsten 3- Tage &ndash; Preis: 50\">Mietwagen f\u00fcr die n\u00e4chsten 3- Tage \u2013 Preis: 50<\/option><option value=\"Letzten- Moment- Angebot- Rabatt 20%\">Letzten- Moment- Angebot- Rabatt 20%<\/option><\/select><\/div><\/div><\/div><div class=\"vfb-form-group vfb-col-12\"><div><h6 class=\"\">Buchung von Angebot<\/h6><\/div><\/div><div class=\"vfb-col-12 vfb-fieldType-heading\" id=\"vfbField628\"><\/div><div class=\"vfb-clearfix\"><\/div><div class=\"vfb-col-6 vfb-fieldType-text\" id=\"vfbField632\"><div class=\"vfb-form-group\"><label for=\"vfb-field-632\" class=\"vfb-control-label\">Empfangsort <span class=\"vfb-required-asterisk\">*<\/span><\/label><div><input id=\"vfb-field-632\" class=\"vfb-form-control\" placeholder=\"\" required=\"required\" type=\"text\" name=\"vfb-field-632\" value=\"\"><\/div><\/div><\/div><div class=\"vfb-col-6 vfb-fieldType-text\" id=\"vfbField633\"><div class=\"vfb-form-group\"><label for=\"vfb-field-633\" class=\"vfb-control-label\">Zielort <span class=\"vfb-required-asterisk\">*<\/span><\/label><div><input id=\"vfb-field-633\" class=\"vfb-form-control\" placeholder=\"\" required=\"required\" type=\"text\" name=\"vfb-field-633\" value=\"\"><\/div><\/div><\/div><div class=\"vfb-clearfix\"><\/div><div class=\"vfb-col-6 vfb-fieldType-date\" id=\"vfbField634\"><div class=\"vfb-form-group\"><label for=\"vfb-field-634\" class=\"vfb-control-label\">Ankunftstag <span class=\"vfb-required-asterisk\">*<\/span><\/label><div><input id=\"vfb-field-634\" class=\"vfb-form-control\" placeholder=\"\" required=\"required\" data-provide=\"datepicker\" data-date-format=\"dd\/mm\/yy\" data-date-language=\"de\" data-date-orientation=\"top left\" data-date-autoclose=\"1\" data-date-today-highlight=\"1\" type=\"text\" name=\"vfb-field-634\" value=\"\"><\/div><\/div><\/div><div class=\"vfb-col-6 vfb-fieldType-date\" id=\"vfbField635\"><div class=\"vfb-form-group\"><label for=\"vfb-field-635\" class=\"vfb-control-label\">Abfahrtstag <span class=\"vfb-required-asterisk\">*<\/span><\/label><div><input id=\"vfb-field-635\" class=\"vfb-form-control\" placeholder=\"\" required=\"required\" data-provide=\"datepicker\" data-date-format=\"dd\/mm\/yy\" data-date-language=\"de\" data-date-orientation=\"top left\" data-date-autoclose=\"1\" data-date-today-highlight=\"1\" type=\"text\" name=\"vfb-field-635\" value=\"\"><\/div><\/div><\/div><div class=\"vfb-clearfix\"><\/div><div class=\"vfb-col-6 vfb-fieldType-time\" id=\"vfbField636\"><div class=\"vfb-form-group\"><label for=\"vfb-field-636\" class=\"vfb-control-label\">Ankunftszeit <span class=\"vfb-required-asterisk\">*<\/span><\/label><div><input id=\"vfb-field-636\" class=\"vfb-form-control vfb-clockpicker\" placeholder=\"\" required=\"required\" data-donetext=\"Fertig\" data-placement=\"bottom\" data-align=\"left\" data-autoclose=\"1\" type=\"text\" name=\"vfb-field-636\" value=\"\"><\/div><\/div><\/div><div class=\"vfb-col-6 vfb-fieldType-time\" id=\"vfbField637\"><div class=\"vfb-form-group\"><label for=\"vfb-field-637\" class=\"vfb-control-label\">Abfahrtszeit <span class=\"vfb-required-asterisk\">*<\/span><\/label><div><input id=\"vfb-field-637\" class=\"vfb-form-control vfb-clockpicker\" placeholder=\"\" required=\"required\" data-donetext=\"Fertig\" data-placement=\"bottom\" data-align=\"left\" data-autoclose=\"1\" type=\"text\" name=\"vfb-field-637\" value=\"\"><\/div><\/div><\/div><div class=\"vfb-clearfix\"><\/div><div class=\"vfb-form-group vfb-col-12\"><div><h6 class=\"\">Pers\u00f6nliche Daten<\/h6><\/div><\/div><div class=\"vfb-col-12 vfb-fieldType-heading\" id=\"vfbField638\"><\/div><div class=\"vfb-clearfix\"><\/div><div class=\"vfb-col-6 vfb-fieldType-text\" id=\"vfbField639\"><div class=\"vfb-form-group\"><label for=\"vfb-field-639\" class=\"vfb-control-label\">Vollst\u00e4ndiger Name <span class=\"vfb-required-asterisk\">*<\/span><\/label><div><input id=\"vfb-field-639\" class=\"vfb-form-control\" placeholder=\"\" required=\"required\" type=\"text\" name=\"vfb-field-639\" value=\"\"><\/div><\/div><\/div><div class=\"vfb-col-6 vfb-fieldType-text\" id=\"vfbField640\"><div class=\"vfb-form-group\"><label for=\"vfb-field-640\" class=\"vfb-control-label\">Alter des Fahrers <span class=\"vfb-required-asterisk\">*<\/span><\/label><div><input id=\"vfb-field-640\" class=\"vfb-form-control\" placeholder=\"\" required=\"required\" type=\"text\" name=\"vfb-field-640\" value=\"\"><\/div><\/div><\/div><div class=\"vfb-clearfix\"><\/div><div class=\"vfb-col-6 vfb-fieldType-email\" id=\"vfbField641\"><div class=\"vfb-form-group\"><label for=\"vfb-field-641\" class=\"vfb-control-label\">E-Mail <span class=\"vfb-required-asterisk\">*<\/span><\/label><div><input id=\"vfb-field-641\" class=\"vfb-form-control\" placeholder=\"\" required=\"required\" type=\"email\" name=\"vfb-field-641\" value=\"\"><\/div><\/div><\/div><div class=\"vfb-col-6 vfb-fieldType-phone\" id=\"vfbField642\"><div class=\"vfb-form-group\"><label for=\"vfb-field-642\" class=\"vfb-control-label\">Telefon <span class=\"vfb-required-asterisk\">*<\/span><\/label><div><input id=\"vfb-field-642\" class=\"vfb-form-control vfb-intl-phone\" placeholder=\"\" required=\"required\" data-default-country=\"de\" type=\"tel\" name=\"vfb-field-642\" value=\"\"><\/div><\/div><\/div><div class=\"vfb-clearfix\"><\/div><div class=\"vfb-col-6 vfb-fieldType-text\" id=\"vfbField643\"><div class=\"vfb-form-group\"><label for=\"vfb-field-643\" class=\"vfb-control-label\">Land <span class=\"vfb-required-asterisk\">*<\/span><\/label><div><input id=\"vfb-field-643\" class=\"vfb-form-control\" placeholder=\"\" required=\"required\" type=\"text\" name=\"vfb-field-643\" value=\"\"><\/div><\/div><\/div><div class=\"vfb-col-6 vfb-fieldType-text\" id=\"vfbField644\"><div class=\"vfb-form-group\"><label for=\"vfb-field-644\" class=\"vfb-control-label\">Stadt<\/label><div><input id=\"vfb-field-644\" class=\"vfb-form-control\" placeholder=\"\" type=\"text\" name=\"vfb-field-644\" value=\"\"><\/div><\/div><\/div><div class=\"vfb-clearfix\"><\/div><div class=\"vfb-col-12 vfb-fieldType-textarea\" id=\"vfbField645\"><div class=\"vfb-form-group\"><label for=\"vfb-field-645\" class=\"vfb-control-label\">Kommentare<\/label><div><textarea id=\"vfb-field-645\" class=\"vfb-form-control\" placeholder=\"\" rows=\"4\" name=\"vfb-field-645\" cols=\"50\"><\/textarea><\/div><\/div><\/div><div class=\"vfb-clearfix\"><\/div><div class=\"vfb-col-12 vfb-fieldType-checkbox\" id=\"vfbField800\"><label for=\"vfb-field-800\" class=\"vfb-control-label\">Annahmepflicht <span class=\"vfb-required-asterisk\">*<\/span><\/label><div><div class=\"vfb-checkbox\"><label><input id=\"vfb-field-800-0\" class=\"\" placeholder=\"\" data-vfb-multiple=\"vfb-field-800\" required=\"required\" type=\"checkbox\" name=\"vfb-field-800[0]\" value=\"1\">Dieses Formular sammelt pers\u00f6nliche Daten, damit wir mit Ihnen in Kontakt kommen k\u00f6nnen. F\u00fcr mehrere Informationen lesen Sie unser Politik \u00fcber Geheimschutz.<\/label><\/div><\/div><\/div><div class=\"vfb-clearfix\"><\/div><div class=\"vfb-col-12 vfb-fieldType-captcha\" id=\"vfbField882\"><div class=\"vfb-form-group\"><label for=\"vfb-field-882\" class=\"vfb-control-label\">Captcha <span class=\"vfb-required-asterisk\">*<\/span><\/label><div><div class=\"g-recaptcha\" data-sitekey=\"6LfGBhYhAAAAAHFHvz8f_otkJXlVn0b8sWjvF7d1\"><\/div><input type=\"hidden\" name=\"_vfb_recaptcha_enabled\" value=\"1\" id=\"\"><div class=\"vfb-has-error\" id=\"vfb-recaptcha-error\"><span class=\"vfb-help-block\">reCAPTCHA erforderlich.<\/span><\/div><\/div><\/div><\/div><div class=\"vfb-clearfix\"><\/div><div class=\"vfb-col-12 vfb-fieldType-submit\" id=\"vfbField631\"><button id=\"vfb-field-631\" class=\" btn btn-primary\" placeholder=\"\" type=\"submit\" name=\"_vfb-submit\">Absenden<\/button><\/div><div class=\"vfb-clearfix\"><\/div><\/form>\n<p>&nbsp;<\/p>\n<p><span style=\"color: #993300;\"><strong>\u00a0<\/strong><\/span><\/p>\n","protected":false},"excerpt":{"rendered":"<p>\u0395\u03c0\u03c9\u03c6\u03b5\u03bb\u03b7\u03b8\u03b5\u03af\u03c4\u03b5 \u03b1\u03c0\u03cc \u03c4\u03b9\u03c2 <b>\u03c0\u03c1\u03bf\u03c3\u03c6\u03bf\u03c1\u03ad\u03c2<\/b> \u03bc\u03b1\u03c2:<br \/>\n&#8211; <b>\u0388\u03ba\u03c0\u03c4\u03c9\u03c3\u03b7 \u03ad\u03c9\u03c2 \u03ba\u03b1\u03b9 15%<\/b> \u03b3\u03b9\u03b1 online \u03ba\u03c1\u03b1\u03c4\u03ae\u03c3\u03b5\u03b9\u03c2.<br \/>\n&#8211; <b>\u03a0\u03c1\u03bf\u03c3\u03c6\u03bf\u03c1\u03ac \u03a3\u03b1\u03b2\u03b2\u03b1\u03c4\u03bf\u03ba\u03cd\u03c1\u03b9\u03b1\u03ba\u03bf\u03c5:<\/b> \u03a4\u03b9\u03bc\u03ae: 60\u20ac<br \/>\n&#8211; <b>\u03a0\u03c1\u03bf\u03c3\u03c6\u03bf\u03c1\u03ac 7\u03bc\u03b5\u03c1\u03bf:<\/b> \u03a4\u03b9\u03bc\u03ae: 105\u20ac<br \/>\n&#8211; <b>\u03a0\u03c1\u03bf\u03c3\u03c6\u03bf\u03c1\u03ac \u03c4\u03b5\u03bb\u03b5\u03c5\u03c4\u03b1\u03af\u03b1\u03c2 \u03c3\u03c4\u03b9\u03b3\u03bc\u03ae\u03c2:<\/b> &#8211; 20%<\/p>\n","protected":false},"author":1,"featured_media":0,"parent":0,"menu_order":0,"comment_status":"closed","ping_status":"closed","template":"","meta":{"footnotes":""},"class_list":["post-547","page","type-page","status-publish","hentry"],"yoast_head":"<!-- This site is optimized with the Yoast SEO plugin v27.1.1 - https:\/\/yoast.com\/product\/yoast-seo-wordpress\/ -->\n<title>Angebote f\u00fcr Mietwagen in Paros .Paros Angebote Autos<\/title>\n<meta name=\"description\" content=\"\u03a0\u03c1\u03bf\u03c3\u03c6\u03bf\u03c1\u03ad\u03c2 \u03b3\u03b9\u03b1 \u03b5\u03bd\u03bf\u03b9\u03ba\u03b9\u03b1\u03b6\u03cc\u03bc\u03b5\u03bd\u03b1 \u03b1\u03c5\u03c4\u03bf\u03ba\u03af\u03bd\u03b7\u03c4\u03b1 \u03c3\u03c4\u03b7\u03bd \u03a0\u03ac\u03c1\u03bf. \u03a6\u03b8\u03b7\u03bd\u03ac \u03b5\u03bd\u03bf\u03b9\u03ba\u03b9\u03b1\u03b6\u03cc\u03bc\u03b5\u03bd\u03b1 \u03b1\u03c5\u03c4\u03bf\u03ba\u03af\u03bd\u03b7\u03c4\u03b1 \u03c3\u03c4\u03b7\u03bd \u03a0\u03ac\u03c1\u03bf. \u03a7\u03b1\u03bc\u03b7\u03bb\u03ad\u03c2 \u03c4\u03b9\u03bc\u03ad\u03c2 \u2013 \u0388\u03ba\u03c0\u03c4\u03c9\u03c3\u03b7 \u03ad\u03c9\u03c2 20% \u03b3\u03b9\u03b1 online \u03ba\u03c1\u03b1\u03c4\u03ae\u03c3\u03b5\u03b9\u03c2.\" \/>\n<meta name=\"robots\" content=\"index, follow, max-snippet:-1, max-image-preview:large, max-video-preview:-1\" \/>\n<link rel=\"canonical\" href=\"https:\/\/parosrentcar.com\/de\/mietwagen-angebote-paros\/\" \/>\n<meta property=\"og:locale\" content=\"de_DE\" \/>\n<meta property=\"og:type\" content=\"article\" \/>\n<meta property=\"og:title\" content=\"Angebote f\u00fcr Mietwagen in Paros .Paros Angebote Autos\" \/>\n<meta property=\"og:description\" content=\"\u03a0\u03c1\u03bf\u03c3\u03c6\u03bf\u03c1\u03ad\u03c2 \u03b3\u03b9\u03b1 \u03b5\u03bd\u03bf\u03b9\u03ba\u03b9\u03b1\u03b6\u03cc\u03bc\u03b5\u03bd\u03b1 \u03b1\u03c5\u03c4\u03bf\u03ba\u03af\u03bd\u03b7\u03c4\u03b1 \u03c3\u03c4\u03b7\u03bd \u03a0\u03ac\u03c1\u03bf. \u03a6\u03b8\u03b7\u03bd\u03ac \u03b5\u03bd\u03bf\u03b9\u03ba\u03b9\u03b1\u03b6\u03cc\u03bc\u03b5\u03bd\u03b1 \u03b1\u03c5\u03c4\u03bf\u03ba\u03af\u03bd\u03b7\u03c4\u03b1 \u03c3\u03c4\u03b7\u03bd \u03a0\u03ac\u03c1\u03bf. \u03a7\u03b1\u03bc\u03b7\u03bb\u03ad\u03c2 \u03c4\u03b9\u03bc\u03ad\u03c2 \u2013 \u0388\u03ba\u03c0\u03c4\u03c9\u03c3\u03b7 \u03ad\u03c9\u03c2 20% \u03b3\u03b9\u03b1 online \u03ba\u03c1\u03b1\u03c4\u03ae\u03c3\u03b5\u03b9\u03c2.\" \/>\n<meta property=\"og:url\" content=\"https:\/\/parosrentcar.com\/de\/mietwagen-angebote-paros\/\" \/>\n<meta property=\"og:site_name\" content=\"\u039cietwagen in Paros Griechenland | Autovermietung in Paros Griechenland\" \/>\n<meta property=\"article:publisher\" content=\"https:\/\/www.facebook.com\/paroscarrental\" \/>\n<meta property=\"article:modified_time\" content=\"2023-01-10T15:04:07+00:00\" \/>\n<meta name=\"twitter:card\" content=\"summary_large_image\" \/>\n<meta name=\"twitter:site\" content=\"@parosrentcar\" \/>\n<meta name=\"twitter:label1\" content=\"Gesch\u00e4tzte Lesezeit\" \/>\n\t<meta name=\"twitter:data1\" content=\"3\u00a0Minuten\" \/>\n<script type=\"application\/ld+json\" class=\"yoast-schema-graph\">{\"@context\":\"https:\/\/schema.org\",\"@graph\":[{\"@type\":\"WebPage\",\"@id\":\"https:\/\/parosrentcar.com\/de\/mietwagen-angebote-paros\/\",\"url\":\"https:\/\/parosrentcar.com\/de\/mietwagen-angebote-paros\/\",\"name\":\"Angebote f\u00fcr Mietwagen in Paros .Paros Angebote Autos\",\"isPartOf\":{\"@id\":\"https:\/\/parosrentcar.com\/de\/#website\"},\"datePublished\":\"2014-11-10T07:08:38+00:00\",\"dateModified\":\"2023-01-10T15:04:07+00:00\",\"description\":\"\u03a0\u03c1\u03bf\u03c3\u03c6\u03bf\u03c1\u03ad\u03c2 \u03b3\u03b9\u03b1 \u03b5\u03bd\u03bf\u03b9\u03ba\u03b9\u03b1\u03b6\u03cc\u03bc\u03b5\u03bd\u03b1 \u03b1\u03c5\u03c4\u03bf\u03ba\u03af\u03bd\u03b7\u03c4\u03b1 \u03c3\u03c4\u03b7\u03bd \u03a0\u03ac\u03c1\u03bf. \u03a6\u03b8\u03b7\u03bd\u03ac \u03b5\u03bd\u03bf\u03b9\u03ba\u03b9\u03b1\u03b6\u03cc\u03bc\u03b5\u03bd\u03b1 \u03b1\u03c5\u03c4\u03bf\u03ba\u03af\u03bd\u03b7\u03c4\u03b1 \u03c3\u03c4\u03b7\u03bd \u03a0\u03ac\u03c1\u03bf. \u03a7\u03b1\u03bc\u03b7\u03bb\u03ad\u03c2 \u03c4\u03b9\u03bc\u03ad\u03c2 \u2013 \u0388\u03ba\u03c0\u03c4\u03c9\u03c3\u03b7 \u03ad\u03c9\u03c2 20% \u03b3\u03b9\u03b1 online \u03ba\u03c1\u03b1\u03c4\u03ae\u03c3\u03b5\u03b9\u03c2.\",\"breadcrumb\":{\"@id\":\"https:\/\/parosrentcar.com\/de\/mietwagen-angebote-paros\/#breadcrumb\"},\"inLanguage\":\"de\",\"potentialAction\":[{\"@type\":\"ReadAction\",\"target\":[\"https:\/\/parosrentcar.com\/de\/mietwagen-angebote-paros\/\"]}]},{\"@type\":\"BreadcrumbList\",\"@id\":\"https:\/\/parosrentcar.com\/de\/mietwagen-angebote-paros\/#breadcrumb\",\"itemListElement\":[{\"@type\":\"ListItem\",\"position\":1,\"name\":\"Home\",\"item\":\"https:\/\/parosrentcar.com\/de\/\"},{\"@type\":\"ListItem\",\"position\":2,\"name\":\"6 Tolle Angebote f\u00fcr Sie\"}]},{\"@type\":\"WebSite\",\"@id\":\"https:\/\/parosrentcar.com\/de\/#website\",\"url\":\"https:\/\/parosrentcar.com\/de\/\",\"name\":\"\u039cietwagen in Paros Griechenland | Autovermietung in Paros Griechenland\",\"description\":\"\u039cietwagen in Paros Griechenland\",\"potentialAction\":[{\"@type\":\"SearchAction\",\"target\":{\"@type\":\"EntryPoint\",\"urlTemplate\":\"https:\/\/parosrentcar.com\/de\/?s={search_term_string}\"},\"query-input\":{\"@type\":\"PropertyValueSpecification\",\"valueRequired\":true,\"valueName\":\"search_term_string\"}}],\"inLanguage\":\"de\"}]}<\/script>\n<!-- \/ Yoast SEO plugin. -->","yoast_head_json":{"title":"Angebote f\u00fcr Mietwagen in Paros .Paros Angebote Autos","description":"\u03a0\u03c1\u03bf\u03c3\u03c6\u03bf\u03c1\u03ad\u03c2 \u03b3\u03b9\u03b1 \u03b5\u03bd\u03bf\u03b9\u03ba\u03b9\u03b1\u03b6\u03cc\u03bc\u03b5\u03bd\u03b1 \u03b1\u03c5\u03c4\u03bf\u03ba\u03af\u03bd\u03b7\u03c4\u03b1 \u03c3\u03c4\u03b7\u03bd \u03a0\u03ac\u03c1\u03bf. \u03a6\u03b8\u03b7\u03bd\u03ac \u03b5\u03bd\u03bf\u03b9\u03ba\u03b9\u03b1\u03b6\u03cc\u03bc\u03b5\u03bd\u03b1 \u03b1\u03c5\u03c4\u03bf\u03ba\u03af\u03bd\u03b7\u03c4\u03b1 \u03c3\u03c4\u03b7\u03bd \u03a0\u03ac\u03c1\u03bf. \u03a7\u03b1\u03bc\u03b7\u03bb\u03ad\u03c2 \u03c4\u03b9\u03bc\u03ad\u03c2 \u2013 \u0388\u03ba\u03c0\u03c4\u03c9\u03c3\u03b7 \u03ad\u03c9\u03c2 20% \u03b3\u03b9\u03b1 online \u03ba\u03c1\u03b1\u03c4\u03ae\u03c3\u03b5\u03b9\u03c2.","robots":{"index":"index","follow":"follow","max-snippet":"max-snippet:-1","max-image-preview":"max-image-preview:large","max-video-preview":"max-video-preview:-1"},"canonical":"https:\/\/parosrentcar.com\/de\/mietwagen-angebote-paros\/","og_locale":"de_DE","og_type":"article","og_title":"Angebote f\u00fcr Mietwagen in Paros .Paros Angebote Autos","og_description":"\u03a0\u03c1\u03bf\u03c3\u03c6\u03bf\u03c1\u03ad\u03c2 \u03b3\u03b9\u03b1 \u03b5\u03bd\u03bf\u03b9\u03ba\u03b9\u03b1\u03b6\u03cc\u03bc\u03b5\u03bd\u03b1 \u03b1\u03c5\u03c4\u03bf\u03ba\u03af\u03bd\u03b7\u03c4\u03b1 \u03c3\u03c4\u03b7\u03bd \u03a0\u03ac\u03c1\u03bf. \u03a6\u03b8\u03b7\u03bd\u03ac \u03b5\u03bd\u03bf\u03b9\u03ba\u03b9\u03b1\u03b6\u03cc\u03bc\u03b5\u03bd\u03b1 \u03b1\u03c5\u03c4\u03bf\u03ba\u03af\u03bd\u03b7\u03c4\u03b1 \u03c3\u03c4\u03b7\u03bd \u03a0\u03ac\u03c1\u03bf. \u03a7\u03b1\u03bc\u03b7\u03bb\u03ad\u03c2 \u03c4\u03b9\u03bc\u03ad\u03c2 \u2013 \u0388\u03ba\u03c0\u03c4\u03c9\u03c3\u03b7 \u03ad\u03c9\u03c2 20% \u03b3\u03b9\u03b1 online \u03ba\u03c1\u03b1\u03c4\u03ae\u03c3\u03b5\u03b9\u03c2.","og_url":"https:\/\/parosrentcar.com\/de\/mietwagen-angebote-paros\/","og_site_name":"\u039cietwagen in Paros Griechenland | Autovermietung in Paros Griechenland","article_publisher":"https:\/\/www.facebook.com\/paroscarrental","article_modified_time":"2023-01-10T15:04:07+00:00","twitter_card":"summary_large_image","twitter_site":"@parosrentcar","twitter_misc":{"Gesch\u00e4tzte Lesezeit":"3\u00a0Minuten"},"schema":{"@context":"https:\/\/schema.org","@graph":[{"@type":"WebPage","@id":"https:\/\/parosrentcar.com\/de\/mietwagen-angebote-paros\/","url":"https:\/\/parosrentcar.com\/de\/mietwagen-angebote-paros\/","name":"Angebote f\u00fcr Mietwagen in Paros .Paros Angebote Autos","isPartOf":{"@id":"https:\/\/parosrentcar.com\/de\/#website"},"datePublished":"2014-11-10T07:08:38+00:00","dateModified":"2023-01-10T15:04:07+00:00","description":"\u03a0\u03c1\u03bf\u03c3\u03c6\u03bf\u03c1\u03ad\u03c2 \u03b3\u03b9\u03b1 \u03b5\u03bd\u03bf\u03b9\u03ba\u03b9\u03b1\u03b6\u03cc\u03bc\u03b5\u03bd\u03b1 \u03b1\u03c5\u03c4\u03bf\u03ba\u03af\u03bd\u03b7\u03c4\u03b1 \u03c3\u03c4\u03b7\u03bd \u03a0\u03ac\u03c1\u03bf. \u03a6\u03b8\u03b7\u03bd\u03ac \u03b5\u03bd\u03bf\u03b9\u03ba\u03b9\u03b1\u03b6\u03cc\u03bc\u03b5\u03bd\u03b1 \u03b1\u03c5\u03c4\u03bf\u03ba\u03af\u03bd\u03b7\u03c4\u03b1 \u03c3\u03c4\u03b7\u03bd \u03a0\u03ac\u03c1\u03bf. \u03a7\u03b1\u03bc\u03b7\u03bb\u03ad\u03c2 \u03c4\u03b9\u03bc\u03ad\u03c2 \u2013 \u0388\u03ba\u03c0\u03c4\u03c9\u03c3\u03b7 \u03ad\u03c9\u03c2 20% \u03b3\u03b9\u03b1 online \u03ba\u03c1\u03b1\u03c4\u03ae\u03c3\u03b5\u03b9\u03c2.","breadcrumb":{"@id":"https:\/\/parosrentcar.com\/de\/mietwagen-angebote-paros\/#breadcrumb"},"inLanguage":"de","potentialAction":[{"@type":"ReadAction","target":["https:\/\/parosrentcar.com\/de\/mietwagen-angebote-paros\/"]}]},{"@type":"BreadcrumbList","@id":"https:\/\/parosrentcar.com\/de\/mietwagen-angebote-paros\/#breadcrumb","itemListElement":[{"@type":"ListItem","position":1,"name":"Home","item":"https:\/\/parosrentcar.com\/de\/"},{"@type":"ListItem","position":2,"name":"6 Tolle Angebote f\u00fcr Sie"}]},{"@type":"WebSite","@id":"https:\/\/parosrentcar.com\/de\/#website","url":"https:\/\/parosrentcar.com\/de\/","name":"\u039cietwagen in Paros Griechenland | Autovermietung in Paros Griechenland","description":"\u039cietwagen in Paros Griechenland","potentialAction":[{"@type":"SearchAction","target":{"@type":"EntryPoint","urlTemplate":"https:\/\/parosrentcar.com\/de\/?s={search_term_string}"},"query-input":{"@type":"PropertyValueSpecification","valueRequired":true,"valueName":"search_term_string"}}],"inLanguage":"de"}]}},"_links":{"self":[{"href":"https:\/\/parosrentcar.com\/de\/wp-json\/wp\/v2\/pages\/547","targetHints":{"allow":["GET"]}}],"collection":[{"href":"https:\/\/parosrentcar.com\/de\/wp-json\/wp\/v2\/pages"}],"about":[{"href":"https:\/\/parosrentcar.com\/de\/wp-json\/wp\/v2\/types\/page"}],"author":[{"embeddable":true,"href":"https:\/\/parosrentcar.com\/de\/wp-json\/wp\/v2\/users\/1"}],"replies":[{"embeddable":true,"href":"https:\/\/parosrentcar.com\/de\/wp-json\/wp\/v2\/comments?post=547"}],"version-history":[{"count":16,"href":"https:\/\/parosrentcar.com\/de\/wp-json\/wp\/v2\/pages\/547\/revisions"}],"predecessor-version":[{"id":35200,"href":"https:\/\/parosrentcar.com\/de\/wp-json\/wp\/v2\/pages\/547\/revisions\/35200"}],"wp:attachment":[{"href":"https:\/\/parosrentcar.com\/de\/wp-json\/wp\/v2\/media?parent=547"}],"curies":[{"name":"wp","href":"https:\/\/api.w.org\/{rel}","templated":true}]}}