{"id":510,"date":"2014-11-09T20:31:39","date_gmt":"2014-11-09T20:31:39","guid":{"rendered":"http:\/\/parosrentcar.com\/el\/?page_id=510"},"modified":"2022-08-05T05:10:10","modified_gmt":"2022-08-05T05:10:10","slug":"kostenlose-ubergabe-des-autos","status":"publish","type":"page","link":"https:\/\/parosrentcar.com\/de\/dienste\/kostenlose-ubergabe-des-autos\/","title":{"rendered":"Kostenlose \u00dcbergabe des Autos"},"content":{"rendered":"<p><strong>An erster Stelle steht f\u00fcr uns der beste Kundenservice, deshalb bietet unser B\u00fcro kostenlose \u00dcbergabe des Autos auf der ganzen Insel von Paros.<\/strong><\/p>\n<p><strong>Wo Sie Ihr Auto abholen k\u00f6nnen:<\/strong><\/p>\n<p><strong>Hafen:<\/strong><\/p>\n<p>Wenn Sie das Auto f\u00fcr mindestens einen Tag gemietet haben, k\u00f6nnen wir das Auto im Hafen, von Paros (Abhol- und R\u00fcckgabe), irgendwann Sie wollen, ohne zus\u00e4tzliche Kosten bringen.<\/p>\n<p><strong>Flughafen:<\/strong><\/p>\n<p>Wenn Sie das Auto mindestens einen Tag gemietet haben, k\u00f6nnen wir das Auto am Flughafen von Paros (Abhol- und R\u00fcckgabe) ,irgendwann Sie wollen, ohne zus\u00e4tzliche Kosten bringen.<\/p>\n<p><strong>Hotels &#8211; Villas &#8211; Ferienwohnungen:<\/strong><\/p>\n<p>Wir k\u00f6nnen Ihr Auto in irgendein Hotel, in irgendeiner Villa, oder irgendwohin Sie wollen, bringen. Ab 09:00 Uhr morgens bis 09:00 Uhr abends, wenn Sie das Auto f\u00fcr 2 oder mehr Tage gemietet haben.<\/p>\n<p>Nat\u00fcrlich k\u00f6nnen Sie selbst den Wagen zu jeder Zeit direkt von <strong>unserem B\u00fcro<\/strong> abholen, sogar Sie ihn nur f\u00fcr einen Tag gemietet haben.<\/p>\n","protected":false},"excerpt":{"rendered":"<p><b>\u0397 \u03b5\u03be\u03c5\u03c0\u03b7\u03c1\u03ad\u03c4\u03b7\u03c3\u03b7 \u03c4\u03c9\u03bd \u03c0\u03b5\u03bb\u03b1\u03c4\u03ce\u03bd \u03bc\u03b1\u03c2<\/b> \u03b5\u03af\u03bd\u03b1\u03b9 \u03c4\u03bf \u03c0\u03c1\u03ce\u03c4\u03bf \u03bc\u03ad\u03bb\u03b7\u03bc\u03b1 \u03b3\u03b9\u03b1 \u03b5\u03bc\u03ac\u03c2 \u03ba\u03b1\u03b9 \u03b3\u03b9&#8216; \u03b1\u03c5\u03c4\u03cc \u03c4\u03bf \u03bb\u03cc\u03b3\u03bf \u03c4\u03bf \u03b3\u03c1\u03b1\u03c6\u03b5\u03af\u03bf \u03bc\u03b1\u03c2 \u03c0\u03c1\u03bf\u03c3\u03c6\u03ad\u03c1\u03b5\u03b9 \u03b5\u03bd\u03c4\u03b5\u03bb\u03ce\u03c2 <b>\u03b4\u03c9\u03c1\u03b5\u03ac\u03bd \u03c0\u03b1\u03c1\u03ac\u03b4\u03bf\u03c3\u03b7 \u03b1\u03c5\u03c4\u03bf\u03ba\u03b9\u03bd\u03ae\u03c4\u03bf\u03c5<\/b> \u03c3\u03b5 \u03bb\u03b9\u03bc\u03ac\u03bd\u03b9, \u03b1\u03b5\u03c1\u03bf\u03b4\u03c1\u03cc\u03bc\u03b9\u03bf \u03ae \u03be\u03b5\u03bd\u03bf\u03b4\u03bf\u03c7\u03b5\u03af\u03bf.<\/p>\n","protected":false},"author":1,"featured_media":0,"parent":1255,"menu_order":0,"comment_status":"closed","ping_status":"closed","template":"","meta":{"footnotes":""},"class_list":["post-510","page","type-page","status-publish","hentry"],"yoast_head":"<!-- This site is optimized with the Yoast SEO plugin v27.1.1 - https:\/\/yoast.com\/product\/yoast-seo-wordpress\/ -->\n<title>Kostenlose \u00dcbergabe des Autos - ParosEuropeanRent \u2013 Paros Mietwagen Griechenland<\/title>\n<meta name=\"description\" content=\"Kostenlose \u00dcbergabe des Autos - Mieten Sie ein Auto, Buggy, Roller, Motorrad, quad, atv und entdecken Sie die Sehensw\u00fcrdigkeiten und die Str\u00e4nde von Paros.\" \/>\n<meta name=\"robots\" content=\"index, follow, max-snippet:-1, max-image-preview:large, max-video-preview:-1\" \/>\n<link rel=\"canonical\" href=\"https:\/\/parosrentcar.com\/de\/dienste\/kostenlose-ubergabe-des-autos\/\" \/>\n<meta property=\"og:locale\" content=\"de_DE\" \/>\n<meta property=\"og:type\" content=\"article\" \/>\n<meta property=\"og:title\" content=\"Kostenlose \u00dcbergabe des Autos - ParosEuropeanRent \u2013 Paros Mietwagen Griechenland\" \/>\n<meta property=\"og:description\" content=\"Kostenlose \u00dcbergabe des Autos - Mieten Sie ein Auto, Buggy, Roller, Motorrad, quad, atv und entdecken Sie die Sehensw\u00fcrdigkeiten und die Str\u00e4nde von Paros.\" \/>\n<meta property=\"og:url\" content=\"https:\/\/parosrentcar.com\/de\/dienste\/kostenlose-ubergabe-des-autos\/\" \/>\n<meta property=\"og:site_name\" content=\"\u039cietwagen in Paros Griechenland | Autovermietung in Paros Griechenland\" \/>\n<meta property=\"article:publisher\" content=\"https:\/\/www.facebook.com\/paroscarrental\" \/>\n<meta property=\"article:modified_time\" content=\"2022-08-05T05:10:10+00:00\" \/>\n<meta name=\"twitter:card\" content=\"summary_large_image\" \/>\n<meta name=\"twitter:site\" content=\"@parosrentcar\" \/>\n<meta name=\"twitter:label1\" content=\"Gesch\u00e4tzte Lesezeit\" \/>\n\t<meta name=\"twitter:data1\" content=\"1\u00a0Minute\" \/>\n<script type=\"application\/ld+json\" class=\"yoast-schema-graph\">{\"@context\":\"https:\/\/schema.org\",\"@graph\":[{\"@type\":\"WebPage\",\"@id\":\"https:\/\/parosrentcar.com\/de\/dienste\/kostenlose-ubergabe-des-autos\/\",\"url\":\"https:\/\/parosrentcar.com\/de\/dienste\/kostenlose-ubergabe-des-autos\/\",\"name\":\"Kostenlose \u00dcbergabe des Autos - ParosEuropeanRent \u2013 Paros Mietwagen Griechenland\",\"isPartOf\":{\"@id\":\"https:\/\/parosrentcar.com\/de\/#website\"},\"datePublished\":\"2014-11-09T20:31:39+00:00\",\"dateModified\":\"2022-08-05T05:10:10+00:00\",\"description\":\"Kostenlose \u00dcbergabe des Autos - Mieten Sie ein Auto, Buggy, Roller, Motorrad, quad, atv und entdecken Sie die Sehensw\u00fcrdigkeiten und die Str\u00e4nde von Paros.\",\"breadcrumb\":{\"@id\":\"https:\/\/parosrentcar.com\/de\/dienste\/kostenlose-ubergabe-des-autos\/#breadcrumb\"},\"inLanguage\":\"de\",\"potentialAction\":[{\"@type\":\"ReadAction\",\"target\":[\"https:\/\/parosrentcar.com\/de\/dienste\/kostenlose-ubergabe-des-autos\/\"]}]},{\"@type\":\"BreadcrumbList\",\"@id\":\"https:\/\/parosrentcar.com\/de\/dienste\/kostenlose-ubergabe-des-autos\/#breadcrumb\",\"itemListElement\":[{\"@type\":\"ListItem\",\"position\":1,\"name\":\"Home\",\"item\":\"https:\/\/parosrentcar.com\/de\/\"},{\"@type\":\"ListItem\",\"position\":2,\"name\":\"DIENSTE\",\"item\":\"https:\/\/parosrentcar.com\/de\/dienste\/\"},{\"@type\":\"ListItem\",\"position\":3,\"name\":\"Kostenlose \u00dcbergabe des Autos\"}]},{\"@type\":\"WebSite\",\"@id\":\"https:\/\/parosrentcar.com\/de\/#website\",\"url\":\"https:\/\/parosrentcar.com\/de\/\",\"name\":\"\u039cietwagen in Paros Griechenland | Autovermietung in Paros Griechenland\",\"description\":\"\u039cietwagen in Paros Griechenland\",\"potentialAction\":[{\"@type\":\"SearchAction\",\"target\":{\"@type\":\"EntryPoint\",\"urlTemplate\":\"https:\/\/parosrentcar.com\/de\/?s={search_term_string}\"},\"query-input\":{\"@type\":\"PropertyValueSpecification\",\"valueRequired\":true,\"valueName\":\"search_term_string\"}}],\"inLanguage\":\"de\"}]}<\/script>\n<!-- \/ Yoast SEO plugin. -->","yoast_head_json":{"title":"Kostenlose \u00dcbergabe des Autos - ParosEuropeanRent \u2013 Paros Mietwagen Griechenland","description":"Kostenlose \u00dcbergabe des Autos - Mieten Sie ein Auto, Buggy, Roller, Motorrad, quad, atv und entdecken Sie die Sehensw\u00fcrdigkeiten und die Str\u00e4nde von Paros.","robots":{"index":"index","follow":"follow","max-snippet":"max-snippet:-1","max-image-preview":"max-image-preview:large","max-video-preview":"max-video-preview:-1"},"canonical":"https:\/\/parosrentcar.com\/de\/dienste\/kostenlose-ubergabe-des-autos\/","og_locale":"de_DE","og_type":"article","og_title":"Kostenlose \u00dcbergabe des Autos - ParosEuropeanRent \u2013 Paros Mietwagen Griechenland","og_description":"Kostenlose \u00dcbergabe des Autos - Mieten Sie ein Auto, Buggy, Roller, Motorrad, quad, atv und entdecken Sie die Sehensw\u00fcrdigkeiten und die Str\u00e4nde von Paros.","og_url":"https:\/\/parosrentcar.com\/de\/dienste\/kostenlose-ubergabe-des-autos\/","og_site_name":"\u039cietwagen in Paros Griechenland | Autovermietung in Paros Griechenland","article_publisher":"https:\/\/www.facebook.com\/paroscarrental","article_modified_time":"2022-08-05T05:10:10+00:00","twitter_card":"summary_large_image","twitter_site":"@parosrentcar","twitter_misc":{"Gesch\u00e4tzte Lesezeit":"1\u00a0Minute"},"schema":{"@context":"https:\/\/schema.org","@graph":[{"@type":"WebPage","@id":"https:\/\/parosrentcar.com\/de\/dienste\/kostenlose-ubergabe-des-autos\/","url":"https:\/\/parosrentcar.com\/de\/dienste\/kostenlose-ubergabe-des-autos\/","name":"Kostenlose \u00dcbergabe des Autos - ParosEuropeanRent \u2013 Paros Mietwagen Griechenland","isPartOf":{"@id":"https:\/\/parosrentcar.com\/de\/#website"},"datePublished":"2014-11-09T20:31:39+00:00","dateModified":"2022-08-05T05:10:10+00:00","description":"Kostenlose \u00dcbergabe des Autos - Mieten Sie ein Auto, Buggy, Roller, Motorrad, quad, atv und entdecken Sie die Sehensw\u00fcrdigkeiten und die Str\u00e4nde von Paros.","breadcrumb":{"@id":"https:\/\/parosrentcar.com\/de\/dienste\/kostenlose-ubergabe-des-autos\/#breadcrumb"},"inLanguage":"de","potentialAction":[{"@type":"ReadAction","target":["https:\/\/parosrentcar.com\/de\/dienste\/kostenlose-ubergabe-des-autos\/"]}]},{"@type":"BreadcrumbList","@id":"https:\/\/parosrentcar.com\/de\/dienste\/kostenlose-ubergabe-des-autos\/#breadcrumb","itemListElement":[{"@type":"ListItem","position":1,"name":"Home","item":"https:\/\/parosrentcar.com\/de\/"},{"@type":"ListItem","position":2,"name":"DIENSTE","item":"https:\/\/parosrentcar.com\/de\/dienste\/"},{"@type":"ListItem","position":3,"name":"Kostenlose \u00dcbergabe des Autos"}]},{"@type":"WebSite","@id":"https:\/\/parosrentcar.com\/de\/#website","url":"https:\/\/parosrentcar.com\/de\/","name":"\u039cietwagen in Paros Griechenland | Autovermietung in Paros Griechenland","description":"\u039cietwagen in Paros Griechenland","potentialAction":[{"@type":"SearchAction","target":{"@type":"EntryPoint","urlTemplate":"https:\/\/parosrentcar.com\/de\/?s={search_term_string}"},"query-input":{"@type":"PropertyValueSpecification","valueRequired":true,"valueName":"search_term_string"}}],"inLanguage":"de"}]}},"_links":{"self":[{"href":"https:\/\/parosrentcar.com\/de\/wp-json\/wp\/v2\/pages\/510","targetHints":{"allow":["GET"]}}],"collection":[{"href":"https:\/\/parosrentcar.com\/de\/wp-json\/wp\/v2\/pages"}],"about":[{"href":"https:\/\/parosrentcar.com\/de\/wp-json\/wp\/v2\/types\/page"}],"author":[{"embeddable":true,"href":"https:\/\/parosrentcar.com\/de\/wp-json\/wp\/v2\/users\/1"}],"replies":[{"embeddable":true,"href":"https:\/\/parosrentcar.com\/de\/wp-json\/wp\/v2\/comments?post=510"}],"version-history":[{"count":7,"href":"https:\/\/parosrentcar.com\/de\/wp-json\/wp\/v2\/pages\/510\/revisions"}],"predecessor-version":[{"id":1589,"href":"https:\/\/parosrentcar.com\/de\/wp-json\/wp\/v2\/pages\/510\/revisions\/1589"}],"up":[{"embeddable":true,"href":"https:\/\/parosrentcar.com\/de\/wp-json\/wp\/v2\/pages\/1255"}],"wp:attachment":[{"href":"https:\/\/parosrentcar.com\/de\/wp-json\/wp\/v2\/media?parent=510"}],"curies":[{"name":"wp","href":"https:\/\/api.w.org\/{rel}","templated":true}]}}