{"id":343,"date":"2014-11-08T09:34:36","date_gmt":"2014-11-08T09:34:36","guid":{"rendered":"http:\/\/parosrentcar.com\/el\/?page_id=343"},"modified":"2021-12-26T06:49:10","modified_gmt":"2021-12-26T06:49:10","slug":"royal-enfield-himalayan-410","status":"publish","type":"page","link":"https:\/\/parosrentcar.com\/de\/motorrader-vermietung-paros\/royal-enfield-himalayan-410\/","title":{"rendered":"ROYAL ENFIELD HIMALAYAN 410"},"content":{"rendered":"<p><a href=\"https:\/\/parosrentcar.com\/de\/wp-content\/uploads\/2021\/12\/him600200new.jpg\" data-rel=\"lightbox-image-0\" data-rl_title=\"\" data-rl_caption=\"\" title=\"\"><img loading=\"lazy\" decoding=\"async\" class=\"size-full wp-image-2818 aligncenter\" src=\"https:\/\/parosrentcar.com\/de\/wp-content\/uploads\/2021\/12\/him600200new.jpg\" alt=\"ROYAL ENFIELD HIMALAYAN 410\" width=\"600\" height=\"200\" srcset=\"https:\/\/parosrentcar.com\/de\/wp-content\/uploads\/2021\/12\/him600200new.jpg 600w, https:\/\/parosrentcar.com\/de\/wp-content\/uploads\/2021\/12\/him600200new-300x100.jpg 300w\" sizes=\"auto, (max-width: 600px) 100vw, 600px\" \/><\/a><\/p>\n<p><strong>Motorrad Spezifikationen<\/strong>: Royal Enfield Himalayan, 410cc, manuell, 2 Pl\u00e4tze, Gep\u00e4ckbox.<\/p>\n<p><strong>In unseren Preisen wird nichts Extra versteckt und wird<\/strong> 24% Mehrwertsteuer enthalten \u2013 unbegrenzte Kilometer \u2013 einfache Versicherung dritter Personen gegen\u00fcber \u2013kostenloser Helm!<\/p>\n<p style=\"text-align: center;\"><strong>Preise f\u00fcr Royal Enfield Himalayan 410 pro Tag<\/strong><\/p>\n\n<table id=\"tablepress-16\" class=\"tablepress tablepress-id-16\">\n<thead>\n<tr class=\"row-1\">\n\t<th class=\"column-1\">Dauer der Vermietung<\/th><th class=\"column-2\">1-2 Tagen<\/th><th class=\"column-3\">3-7 Tagen<\/th><th class=\"column-4\">8+ Tagen<\/th>\n<\/tr>\n<\/thead>\n<tbody class=\"row-striping row-hover\">\n<tr class=\"row-2\">\n\t<td class=\"column-1\">20\/09 \u2013 31\/05<\/td><td class=\"column-2\">35 \u20ac<\/td><td class=\"column-3\">32 \u20ac<\/td><td class=\"column-4\">30 \u20ac<\/td>\n<\/tr>\n<tr class=\"row-3\">\n\t<td class=\"column-1\">01\/06 \u2013 30\/06 &amp; 01\/09 \u2013 19\/09<\/td><td class=\"column-2\">48 \u20ac<\/td><td class=\"column-3\">45 \u20ac<\/td><td class=\"column-4\">41 \u20ac<\/td>\n<\/tr>\n<tr class=\"row-4\">\n\t<td class=\"column-1\">01\/07 - 31\/08<\/td><td class=\"column-2\">70 \u20ac<\/td><td class=\"column-3\">68 \u20ac<\/td><td class=\"column-4\">65 \u20ac<\/td>\n<\/tr>\n<\/tbody>\n<\/table>\n<!-- #tablepress-16 from cache -->\n<p><strong>Informationen f\u00fcr die Buchung:<\/strong> Bitte, bevor Sie Ihre Buchung machen, <a title=\"Vertragsbedingungen und Voraussetzungen\" href=\"\/de\/die-firma\/vertragsbedingungen-voraussetzungen\/\" target=\"_blank\" rel=\"noopener noreferrer\"><strong>lesen Sie die Miet<\/strong><\/a>\u00a0und die <strong><a title=\"Wie kann man bezahlen\" href=\"\/de\/die-firma\/wie-kann-man-bezahlen\/\" target=\"_blank\" rel=\"noopener noreferrer\">Stornierungsbedingungen<\/a><\/strong>. Um das <strong>Fahrzeug zu buchen<\/strong>, f\u00fcllen\u00a0 Sie die folgenden Daten aus und es wird Ihnen so bald wie m\u00f6glich per E-Mail alle Daten ihrer Reservierung und die gesamte Summe zur Best\u00e4tigung geschickt. Um die Buchung g\u00fcltig zu sein, muss der Betrag f\u00fcr die ersten zwei Tage entweder mit einer Kreditkarte (Visa, Mastercard, Amex) oder per Bank\u00fcberweisung bezahlt werden.<\/p>\n<p style=\"text-align: left;\"><form method=\"post\" enctype=\"multipart\/form-data\" id=\"vfbp-form-30\" class=\"vfbp-form\"><div style=\"display:none;\"><label for=\"vfbp-EMAIL-AN8fuQyoDLXem\">Wenn Sie ein Mensch sind, lassen Sie dieses Feld leer.<\/label><input size=\"25\" autocomplete=\"off\" type=\"text\" name=\"vfbp-EMAIL-AN8fuQyoDLXem\" value=\"\" id=\"\"><\/div><input type=\"hidden\" name=\"_vfb-timestamp-30\" value=\"1777320187\" id=\"\"><input type=\"hidden\" name=\"_vfb-form-id\" value=\"30\" id=\"\"><div class=\"vfb-form-group vfb-col-12\"><div><h6 class=\"\">Fragen nach der Verf\u00fcgbarkeit Royal Enfield Himalayan 410<\/h6><\/div><\/div><div class=\"vfb-col-12 vfb-fieldType-heading\" id=\"vfbField523\"><\/div><div class=\"vfb-clearfix\"><\/div><div class=\"vfb-col-6 vfb-fieldType-text\" id=\"vfbField527\"><div class=\"vfb-form-group\"><label for=\"vfb-field-527\" class=\"vfb-control-label\">Empfangsort <span class=\"vfb-required-asterisk\">*<\/span><\/label><div><input id=\"vfb-field-527\" class=\"vfb-form-control\" placeholder=\"\" required=\"required\" type=\"text\" name=\"vfb-field-527\" value=\"\"><\/div><\/div><\/div><div class=\"vfb-col-6 vfb-fieldType-text\" id=\"vfbField528\"><div class=\"vfb-form-group\"><label for=\"vfb-field-528\" class=\"vfb-control-label\">Zielort <span class=\"vfb-required-asterisk\">*<\/span><\/label><div><input id=\"vfb-field-528\" class=\"vfb-form-control\" placeholder=\"\" required=\"required\" type=\"text\" name=\"vfb-field-528\" value=\"\"><\/div><\/div><\/div><div class=\"vfb-clearfix\"><\/div><div class=\"vfb-col-6 vfb-fieldType-date\" id=\"vfbField529\"><div class=\"vfb-form-group\"><label for=\"vfb-field-529\" class=\"vfb-control-label\">Ankunftstag <span class=\"vfb-required-asterisk\">*<\/span><\/label><div><input id=\"vfb-field-529\" class=\"vfb-form-control\" placeholder=\"\" required=\"required\" data-provide=\"datepicker\" data-date-format=\"dd\/mm\/yy\" data-date-language=\"de\" data-date-orientation=\"top left\" data-date-autoclose=\"1\" data-date-today-highlight=\"1\" type=\"text\" name=\"vfb-field-529\" value=\"\"><\/div><\/div><\/div><div class=\"vfb-col-6 vfb-fieldType-date\" id=\"vfbField530\"><div class=\"vfb-form-group\"><label for=\"vfb-field-530\" class=\"vfb-control-label\">Abfahrtstag <span class=\"vfb-required-asterisk\">*<\/span><\/label><div><input id=\"vfb-field-530\" class=\"vfb-form-control\" placeholder=\"\" required=\"required\" data-provide=\"datepicker\" data-date-format=\"dd\/mm\/yy\" data-date-language=\"de\" data-date-orientation=\"top left\" data-date-autoclose=\"1\" data-date-today-highlight=\"1\" type=\"text\" name=\"vfb-field-530\" value=\"\"><\/div><\/div><\/div><div class=\"vfb-clearfix\"><\/div><div class=\"vfb-col-6 vfb-fieldType-time\" id=\"vfbField531\"><div class=\"vfb-form-group\"><label for=\"vfb-field-531\" class=\"vfb-control-label\">Ankunftszeit <span class=\"vfb-required-asterisk\">*<\/span><\/label><div><input id=\"vfb-field-531\" class=\"vfb-form-control vfb-clockpicker\" placeholder=\"\" required=\"required\" data-donetext=\"Fertig\" data-placement=\"bottom\" data-align=\"left\" data-autoclose=\"1\" type=\"text\" name=\"vfb-field-531\" value=\"\"><\/div><\/div><\/div><div class=\"vfb-col-6 vfb-fieldType-time\" id=\"vfbField532\"><div class=\"vfb-form-group\"><label for=\"vfb-field-532\" class=\"vfb-control-label\">Abfahrtszeit <span class=\"vfb-required-asterisk\">*<\/span><\/label><div><input id=\"vfb-field-532\" class=\"vfb-form-control vfb-clockpicker\" placeholder=\"\" required=\"required\" data-donetext=\"Fertig\" data-placement=\"bottom\" data-align=\"left\" data-autoclose=\"1\" type=\"text\" name=\"vfb-field-532\" value=\"\"><\/div><\/div><\/div><div class=\"vfb-clearfix\"><\/div><div class=\"vfb-form-group vfb-col-12\"><div><h6 class=\"\">Pers\u00f6nliche Daten<\/h6><\/div><\/div><div class=\"vfb-col-12 vfb-fieldType-heading\" id=\"vfbField533\"><\/div><div class=\"vfb-clearfix\"><\/div><div class=\"vfb-col-6 vfb-fieldType-text\" id=\"vfbField534\"><div class=\"vfb-form-group\"><label for=\"vfb-field-534\" class=\"vfb-control-label\">Vollst\u00e4ndiger Name <span class=\"vfb-required-asterisk\">*<\/span><\/label><div><input id=\"vfb-field-534\" class=\"vfb-form-control\" placeholder=\"\" required=\"required\" type=\"text\" name=\"vfb-field-534\" value=\"\"><\/div><\/div><\/div><div class=\"vfb-col-6 vfb-fieldType-text\" id=\"vfbField535\"><div class=\"vfb-form-group\"><label for=\"vfb-field-535\" class=\"vfb-control-label\">Alter des Fahrers <span class=\"vfb-required-asterisk\">*<\/span><\/label><div><input id=\"vfb-field-535\" class=\"vfb-form-control\" placeholder=\"\" required=\"required\" type=\"text\" name=\"vfb-field-535\" value=\"\"><\/div><\/div><\/div><div class=\"vfb-clearfix\"><\/div><div class=\"vfb-col-6 vfb-fieldType-email\" id=\"vfbField536\"><div class=\"vfb-form-group\"><label for=\"vfb-field-536\" class=\"vfb-control-label\">E-Mail <span class=\"vfb-required-asterisk\">*<\/span><\/label><div><input id=\"vfb-field-536\" class=\"vfb-form-control\" placeholder=\"\" required=\"required\" type=\"email\" name=\"vfb-field-536\" value=\"\"><\/div><\/div><\/div><div class=\"vfb-col-6 vfb-fieldType-phone\" id=\"vfbField537\"><div class=\"vfb-form-group\"><label for=\"vfb-field-537\" class=\"vfb-control-label\">Telefon <span class=\"vfb-required-asterisk\">*<\/span><\/label><div><input id=\"vfb-field-537\" class=\"vfb-form-control vfb-intl-phone\" placeholder=\"\" required=\"required\" data-default-country=\"de\" type=\"tel\" name=\"vfb-field-537\" value=\"\"><\/div><\/div><\/div><div class=\"vfb-clearfix\"><\/div><div class=\"vfb-col-6 vfb-fieldType-text\" id=\"vfbField538\"><div class=\"vfb-form-group\"><label for=\"vfb-field-538\" class=\"vfb-control-label\">Land <span class=\"vfb-required-asterisk\">*<\/span><\/label><div><input id=\"vfb-field-538\" class=\"vfb-form-control\" placeholder=\"\" required=\"required\" type=\"text\" name=\"vfb-field-538\" value=\"\"><\/div><\/div><\/div><div class=\"vfb-col-6 vfb-fieldType-text\" id=\"vfbField539\"><div class=\"vfb-form-group\"><label for=\"vfb-field-539\" class=\"vfb-control-label\">Stadt<\/label><div><input id=\"vfb-field-539\" class=\"vfb-form-control\" placeholder=\"\" type=\"text\" name=\"vfb-field-539\" value=\"\"><\/div><\/div><\/div><div class=\"vfb-clearfix\"><\/div><div class=\"vfb-col-12 vfb-fieldType-textarea\" id=\"vfbField540\"><div class=\"vfb-form-group\"><label for=\"vfb-field-540\" class=\"vfb-control-label\">Kommentare<\/label><div><textarea id=\"vfb-field-540\" class=\"vfb-form-control\" placeholder=\"\" rows=\"4\" name=\"vfb-field-540\" cols=\"50\"><\/textarea><\/div><\/div><\/div><div class=\"vfb-clearfix\"><\/div><div class=\"vfb-col-12 vfb-fieldType-checkbox\" id=\"vfbField804\"><label for=\"vfb-field-804\" class=\"vfb-control-label\">Annahmepflicht <span class=\"vfb-required-asterisk\">*<\/span><\/label><div><div class=\"vfb-checkbox\"><label><input id=\"vfb-field-804-0\" class=\"\" placeholder=\"\" data-vfb-multiple=\"vfb-field-804\" required=\"required\" type=\"checkbox\" name=\"vfb-field-804[0]\" value=\"1\">Dieses Formular sammelt pers\u00f6nliche Daten, damit wir mit Ihnen in Kontakt kommen k\u00f6nnen. F\u00fcr mehrere Informationen lesen Sie unser Politik \u00fcber Geheimschutz.<\/label><\/div><\/div><\/div><div class=\"vfb-clearfix\"><\/div><div class=\"vfb-col-12 vfb-fieldType-captcha\" id=\"vfbField886\"><div class=\"vfb-form-group\"><label for=\"vfb-field-886\" class=\"vfb-control-label\">Captcha <span class=\"vfb-required-asterisk\">*<\/span><\/label><div><div class=\"g-recaptcha\" data-sitekey=\"6LfGBhYhAAAAAHFHvz8f_otkJXlVn0b8sWjvF7d1\"><\/div><input type=\"hidden\" name=\"_vfb_recaptcha_enabled\" value=\"1\" id=\"\"><div class=\"vfb-has-error\" id=\"vfb-recaptcha-error\"><span class=\"vfb-help-block\">reCAPTCHA erforderlich.<\/span><\/div><\/div><\/div><\/div><div class=\"vfb-clearfix\"><\/div><div class=\"vfb-col-12 vfb-fieldType-captcha\" id=\"vfbField887\"><div class=\"vfb-form-group\"><label for=\"vfb-field-887\" class=\"vfb-control-label\">Captcha <span class=\"vfb-required-asterisk\">*<\/span><\/label><div><div class=\"g-recaptcha\" data-sitekey=\"6LfGBhYhAAAAAHFHvz8f_otkJXlVn0b8sWjvF7d1\"><\/div><input type=\"hidden\" name=\"_vfb_recaptcha_enabled\" value=\"1\" id=\"\"><div class=\"vfb-has-error\" id=\"vfb-recaptcha-error\"><span class=\"vfb-help-block\">reCAPTCHA erforderlich.<\/span><\/div><\/div><\/div><\/div><div class=\"vfb-clearfix\"><\/div><div class=\"vfb-col-12 vfb-fieldType-submit\" id=\"vfbField526\"><button id=\"vfb-field-526\" class=\" btn btn-primary\" placeholder=\"\" type=\"submit\" name=\"_vfb-submit\">Absenden<\/button><\/div><div class=\"vfb-clearfix\"><\/div><\/form><\/p>\n","protected":false},"excerpt":{"rendered":"<p>Fabrik: Royal Enfield<br \/>\nMotor: 410 cc<br \/>\nGetriebe: Manuell<br \/>\nSitze: 2<\/p>\n","protected":false},"author":1,"featured_media":0,"parent":17,"menu_order":2,"comment_status":"closed","ping_status":"closed","template":"page-templates\/room.php","meta":{"footnotes":""},"class_list":["post-343","page","type-page","status-publish","hentry"],"yoast_head":"<!-- This site is optimized with the Yoast SEO plugin v27.1.1 - https:\/\/yoast.com\/product\/yoast-seo-wordpress\/ -->\n<title>Royal Enfield 410cc | Motorr\u00e4der Vermietung in Paros | Motorradvermietung Paros<\/title>\n<meta name=\"description\" content=\"Motorr\u00e4der Royal Enfield 410cc Vermietung in Paros. Wir verf\u00fcgen eine gro\u00dfe Auswahl an Motorr\u00e4der zum Mieten. 15% Rabatt f\u00fcr Online Buchungen. Motorradvermietung in Paros Griechenland.\" \/>\n<meta name=\"robots\" content=\"index, follow, max-snippet:-1, max-image-preview:large, max-video-preview:-1\" \/>\n<link rel=\"canonical\" href=\"https:\/\/parosrentcar.com\/de\/motorrader-vermietung-paros\/royal-enfield-himalayan-410\/\" \/>\n<meta property=\"og:locale\" content=\"de_DE\" \/>\n<meta property=\"og:type\" content=\"article\" \/>\n<meta property=\"og:title\" content=\"Royal Enfield 410cc | Motorr\u00e4der Vermietung in Paros | Motorradvermietung Paros\" \/>\n<meta property=\"og:description\" content=\"Motorr\u00e4der Royal Enfield 410cc Vermietung in Paros. Wir verf\u00fcgen eine gro\u00dfe Auswahl an Motorr\u00e4der zum Mieten. 15% Rabatt f\u00fcr Online Buchungen. Motorradvermietung in Paros Griechenland.\" \/>\n<meta property=\"og:url\" content=\"https:\/\/parosrentcar.com\/de\/motorrader-vermietung-paros\/royal-enfield-himalayan-410\/\" \/>\n<meta property=\"og:site_name\" content=\"\u039cietwagen in Paros Griechenland | Autovermietung in Paros Griechenland\" \/>\n<meta property=\"article:publisher\" content=\"https:\/\/www.facebook.com\/paroscarrental\" \/>\n<meta property=\"article:modified_time\" content=\"2021-12-26T06:49:10+00:00\" \/>\n<meta property=\"og:image\" content=\"https:\/\/parosrentcar.com\/de\/wp-content\/uploads\/2021\/12\/him600200new.jpg\" \/>\n<meta name=\"twitter:card\" content=\"summary_large_image\" \/>\n<meta name=\"twitter:site\" content=\"@parosrentcar\" \/>\n<meta name=\"twitter:label1\" content=\"Gesch\u00e4tzte Lesezeit\" \/>\n\t<meta name=\"twitter:data1\" content=\"1\u00a0Minute\" \/>\n<script type=\"application\/ld+json\" class=\"yoast-schema-graph\">{\"@context\":\"https:\/\/schema.org\",\"@graph\":[{\"@type\":\"WebPage\",\"@id\":\"https:\/\/parosrentcar.com\/de\/motorrader-vermietung-paros\/royal-enfield-himalayan-410\/\",\"url\":\"https:\/\/parosrentcar.com\/de\/motorrader-vermietung-paros\/royal-enfield-himalayan-410\/\",\"name\":\"Royal Enfield 410cc | Motorr\u00e4der Vermietung in Paros | Motorradvermietung Paros\",\"isPartOf\":{\"@id\":\"https:\/\/parosrentcar.com\/de\/#website\"},\"primaryImageOfPage\":{\"@id\":\"https:\/\/parosrentcar.com\/de\/motorrader-vermietung-paros\/royal-enfield-himalayan-410\/#primaryimage\"},\"image\":{\"@id\":\"https:\/\/parosrentcar.com\/de\/motorrader-vermietung-paros\/royal-enfield-himalayan-410\/#primaryimage\"},\"thumbnailUrl\":\"https:\/\/parosrentcar.com\/de\/wp-content\/uploads\/2021\/12\/him600200new.jpg\",\"datePublished\":\"2014-11-08T09:34:36+00:00\",\"dateModified\":\"2021-12-26T06:49:10+00:00\",\"description\":\"Motorr\u00e4der Royal Enfield 410cc Vermietung in Paros. Wir verf\u00fcgen eine gro\u00dfe Auswahl an Motorr\u00e4der zum Mieten. 15% Rabatt f\u00fcr Online Buchungen. Motorradvermietung in Paros Griechenland.\",\"breadcrumb\":{\"@id\":\"https:\/\/parosrentcar.com\/de\/motorrader-vermietung-paros\/royal-enfield-himalayan-410\/#breadcrumb\"},\"inLanguage\":\"de\",\"potentialAction\":[{\"@type\":\"ReadAction\",\"target\":[\"https:\/\/parosrentcar.com\/de\/motorrader-vermietung-paros\/royal-enfield-himalayan-410\/\"]}]},{\"@type\":\"ImageObject\",\"inLanguage\":\"de\",\"@id\":\"https:\/\/parosrentcar.com\/de\/motorrader-vermietung-paros\/royal-enfield-himalayan-410\/#primaryimage\",\"url\":\"https:\/\/parosrentcar.com\/de\/wp-content\/uploads\/2021\/12\/him600200new.jpg\",\"contentUrl\":\"https:\/\/parosrentcar.com\/de\/wp-content\/uploads\/2021\/12\/him600200new.jpg\",\"width\":600,\"height\":200,\"caption\":\"ROYAL ENFIELD HIMALAYAN 410 -Motorradvermietung in Paros\"},{\"@type\":\"BreadcrumbList\",\"@id\":\"https:\/\/parosrentcar.com\/de\/motorrader-vermietung-paros\/royal-enfield-himalayan-410\/#breadcrumb\",\"itemListElement\":[{\"@type\":\"ListItem\",\"position\":1,\"name\":\"Home\",\"item\":\"https:\/\/parosrentcar.com\/de\/\"},{\"@type\":\"ListItem\",\"position\":2,\"name\":\"Motorradvermietung in Paros\",\"item\":\"https:\/\/parosrentcar.com\/de\/motorrader-vermietung-paros\/\"},{\"@type\":\"ListItem\",\"position\":3,\"name\":\"ROYAL ENFIELD HIMALAYAN 410\"}]},{\"@type\":\"WebSite\",\"@id\":\"https:\/\/parosrentcar.com\/de\/#website\",\"url\":\"https:\/\/parosrentcar.com\/de\/\",\"name\":\"\u039cietwagen in Paros Griechenland | Autovermietung in Paros Griechenland\",\"description\":\"\u039cietwagen in Paros Griechenland\",\"potentialAction\":[{\"@type\":\"SearchAction\",\"target\":{\"@type\":\"EntryPoint\",\"urlTemplate\":\"https:\/\/parosrentcar.com\/de\/?s={search_term_string}\"},\"query-input\":{\"@type\":\"PropertyValueSpecification\",\"valueRequired\":true,\"valueName\":\"search_term_string\"}}],\"inLanguage\":\"de\"}]}<\/script>\n<!-- \/ Yoast SEO plugin. -->","yoast_head_json":{"title":"Royal Enfield 410cc | Motorr\u00e4der Vermietung in Paros | Motorradvermietung Paros","description":"Motorr\u00e4der Royal Enfield 410cc Vermietung in Paros. Wir verf\u00fcgen eine gro\u00dfe Auswahl an Motorr\u00e4der zum Mieten. 15% Rabatt f\u00fcr Online Buchungen. Motorradvermietung in Paros Griechenland.","robots":{"index":"index","follow":"follow","max-snippet":"max-snippet:-1","max-image-preview":"max-image-preview:large","max-video-preview":"max-video-preview:-1"},"canonical":"https:\/\/parosrentcar.com\/de\/motorrader-vermietung-paros\/royal-enfield-himalayan-410\/","og_locale":"de_DE","og_type":"article","og_title":"Royal Enfield 410cc | Motorr\u00e4der Vermietung in Paros | Motorradvermietung Paros","og_description":"Motorr\u00e4der Royal Enfield 410cc Vermietung in Paros. Wir verf\u00fcgen eine gro\u00dfe Auswahl an Motorr\u00e4der zum Mieten. 15% Rabatt f\u00fcr Online Buchungen. Motorradvermietung in Paros Griechenland.","og_url":"https:\/\/parosrentcar.com\/de\/motorrader-vermietung-paros\/royal-enfield-himalayan-410\/","og_site_name":"\u039cietwagen in Paros Griechenland | Autovermietung in Paros Griechenland","article_publisher":"https:\/\/www.facebook.com\/paroscarrental","article_modified_time":"2021-12-26T06:49:10+00:00","og_image":[{"url":"https:\/\/parosrentcar.com\/de\/wp-content\/uploads\/2021\/12\/him600200new.jpg","type":"","width":"","height":""}],"twitter_card":"summary_large_image","twitter_site":"@parosrentcar","twitter_misc":{"Gesch\u00e4tzte Lesezeit":"1\u00a0Minute"},"schema":{"@context":"https:\/\/schema.org","@graph":[{"@type":"WebPage","@id":"https:\/\/parosrentcar.com\/de\/motorrader-vermietung-paros\/royal-enfield-himalayan-410\/","url":"https:\/\/parosrentcar.com\/de\/motorrader-vermietung-paros\/royal-enfield-himalayan-410\/","name":"Royal Enfield 410cc | Motorr\u00e4der Vermietung in Paros | Motorradvermietung Paros","isPartOf":{"@id":"https:\/\/parosrentcar.com\/de\/#website"},"primaryImageOfPage":{"@id":"https:\/\/parosrentcar.com\/de\/motorrader-vermietung-paros\/royal-enfield-himalayan-410\/#primaryimage"},"image":{"@id":"https:\/\/parosrentcar.com\/de\/motorrader-vermietung-paros\/royal-enfield-himalayan-410\/#primaryimage"},"thumbnailUrl":"https:\/\/parosrentcar.com\/de\/wp-content\/uploads\/2021\/12\/him600200new.jpg","datePublished":"2014-11-08T09:34:36+00:00","dateModified":"2021-12-26T06:49:10+00:00","description":"Motorr\u00e4der Royal Enfield 410cc Vermietung in Paros. Wir verf\u00fcgen eine gro\u00dfe Auswahl an Motorr\u00e4der zum Mieten. 15% Rabatt f\u00fcr Online Buchungen. Motorradvermietung in Paros Griechenland.","breadcrumb":{"@id":"https:\/\/parosrentcar.com\/de\/motorrader-vermietung-paros\/royal-enfield-himalayan-410\/#breadcrumb"},"inLanguage":"de","potentialAction":[{"@type":"ReadAction","target":["https:\/\/parosrentcar.com\/de\/motorrader-vermietung-paros\/royal-enfield-himalayan-410\/"]}]},{"@type":"ImageObject","inLanguage":"de","@id":"https:\/\/parosrentcar.com\/de\/motorrader-vermietung-paros\/royal-enfield-himalayan-410\/#primaryimage","url":"https:\/\/parosrentcar.com\/de\/wp-content\/uploads\/2021\/12\/him600200new.jpg","contentUrl":"https:\/\/parosrentcar.com\/de\/wp-content\/uploads\/2021\/12\/him600200new.jpg","width":600,"height":200,"caption":"ROYAL ENFIELD HIMALAYAN 410 -Motorradvermietung in Paros"},{"@type":"BreadcrumbList","@id":"https:\/\/parosrentcar.com\/de\/motorrader-vermietung-paros\/royal-enfield-himalayan-410\/#breadcrumb","itemListElement":[{"@type":"ListItem","position":1,"name":"Home","item":"https:\/\/parosrentcar.com\/de\/"},{"@type":"ListItem","position":2,"name":"Motorradvermietung in Paros","item":"https:\/\/parosrentcar.com\/de\/motorrader-vermietung-paros\/"},{"@type":"ListItem","position":3,"name":"ROYAL ENFIELD HIMALAYAN 410"}]},{"@type":"WebSite","@id":"https:\/\/parosrentcar.com\/de\/#website","url":"https:\/\/parosrentcar.com\/de\/","name":"\u039cietwagen in Paros Griechenland | Autovermietung in Paros Griechenland","description":"\u039cietwagen in Paros Griechenland","potentialAction":[{"@type":"SearchAction","target":{"@type":"EntryPoint","urlTemplate":"https:\/\/parosrentcar.com\/de\/?s={search_term_string}"},"query-input":{"@type":"PropertyValueSpecification","valueRequired":true,"valueName":"search_term_string"}}],"inLanguage":"de"}]}},"_links":{"self":[{"href":"https:\/\/parosrentcar.com\/de\/wp-json\/wp\/v2\/pages\/343","targetHints":{"allow":["GET"]}}],"collection":[{"href":"https:\/\/parosrentcar.com\/de\/wp-json\/wp\/v2\/pages"}],"about":[{"href":"https:\/\/parosrentcar.com\/de\/wp-json\/wp\/v2\/types\/page"}],"author":[{"embeddable":true,"href":"https:\/\/parosrentcar.com\/de\/wp-json\/wp\/v2\/users\/1"}],"replies":[{"embeddable":true,"href":"https:\/\/parosrentcar.com\/de\/wp-json\/wp\/v2\/comments?post=343"}],"version-history":[{"count":12,"href":"https:\/\/parosrentcar.com\/de\/wp-json\/wp\/v2\/pages\/343\/revisions"}],"predecessor-version":[{"id":2819,"href":"https:\/\/parosrentcar.com\/de\/wp-json\/wp\/v2\/pages\/343\/revisions\/2819"}],"up":[{"embeddable":true,"href":"https:\/\/parosrentcar.com\/de\/wp-json\/wp\/v2\/pages\/17"}],"wp:attachment":[{"href":"https:\/\/parosrentcar.com\/de\/wp-json\/wp\/v2\/media?parent=343"}],"curies":[{"name":"wp","href":"https:\/\/api.w.org\/{rel}","templated":true}]}}