{"id":2607,"date":"2019-04-03T12:41:56","date_gmt":"2019-04-03T12:41:56","guid":{"rendered":"https:\/\/parosrentcar.com\/de\/?page_id=2607"},"modified":"2023-06-11T14:16:12","modified_gmt":"2023-06-11T14:16:12","slug":"opel-crossland-automatik","status":"publish","type":"page","link":"https:\/\/parosrentcar.com\/de\/mietwagen-paros-griechenland\/opel-crossland-automatik\/","title":{"rendered":"GRUPPE S: OPEL CROSSLAND AUTOMATIK"},"content":{"rendered":"<p><a href=\"https:\/\/parosrentcar.com\/de\/wp-content\/uploads\/2023\/06\/opel-crossland-600-200.jpg\" data-rel=\"lightbox-image-0\" data-rl_title=\"\" data-rl_caption=\"\" title=\"\"><img loading=\"lazy\" decoding=\"async\" class=\"alignleft size-full wp-image-35312\" src=\"https:\/\/parosrentcar.com\/de\/wp-content\/uploads\/2023\/06\/opel-crossland-600-200.jpg\" alt=\"\" width=\"600\" height=\"200\" srcset=\"https:\/\/parosrentcar.com\/de\/wp-content\/uploads\/2023\/06\/opel-crossland-600-200.jpg 600w, https:\/\/parosrentcar.com\/de\/wp-content\/uploads\/2023\/06\/opel-crossland-600-200-300x100.jpg 300w\" sizes=\"auto, (max-width: 600px) 100vw, 600px\" \/><\/a><\/p>\n<p><strong>Auto-Spezifikationen:<\/strong> Opel Crossland, 1400cc, automatik, 5 Sitze, 5 T\u00fcren.<\/p>\n<p><strong>Extras:<\/strong> A\/C, radio, USB, Navi, Infotainment, Bluetooth<\/p>\n<p><strong>Unsere Preise haben keine versteckten Kosten und enthalten:<\/strong> 24% Mehrwertsteuer- Unbegrenzte Kilometer-einfache Versicherung dritter Personen gegen\u00fcber &#8211; kostenloser Transport zum Hafen, Flughafen \u00a0oder Hotel- kostenlose Kindersitze!<\/p>\n<p style=\"text-align: center;\"><strong>Preise f\u00fcr Opel Crossland pro Tag<\/strong><\/p>\n\n<table id=\"tablepress-8\" class=\"tablepress tablepress-id-8\">\n<thead>\n<tr class=\"row-1\">\n\t<th class=\"column-1\">Dauer der Vermietung<\/th><th class=\"column-2\">1-2 Tagen<\/th><th class=\"column-3\">3-7 Tagen<\/th><th class=\"column-4\">8+ Tagen<\/th>\n<\/tr>\n<\/thead>\n<tbody class=\"row-striping row-hover\">\n<tr class=\"row-2\">\n\t<td class=\"column-1\">20\/09 \u2013 31\/05<\/td><td class=\"column-2\">65 \u20ac<\/td><td class=\"column-3\">63 \u20ac<\/td><td class=\"column-4\">60 \u20ac<\/td>\n<\/tr>\n<tr class=\"row-3\">\n\t<td class=\"column-1\">01\/06 \u2013 14\/07 &amp; 01\/09 \u2013 19\/09<\/td><td class=\"column-2\">100 \u20ac<\/td><td class=\"column-3\">90 \u20ac<\/td><td class=\"column-4\">80 \u20ac<\/td>\n<\/tr>\n<tr class=\"row-4\">\n\t<td class=\"column-1\">15\/07 - 31\/08<\/td><td class=\"column-2\">150 \u20ac<\/td><td class=\"column-3\">145 \u20ac<\/td><td class=\"column-4\">140 \u20ac<\/td>\n<\/tr>\n<\/tbody>\n<\/table>\n<!-- #tablepress-8 from cache -->\n<p><strong>Informationen f\u00fcr die Buchung:<\/strong> Bitte, bevor Sie Ihre Buchung machen, <a title=\"Vertragsbedingungen und Voraussetzungen\" href=\"\/de\/die-firma\/vertragsbedingungen-voraussetzungen\/\" target=\"_blank\" rel=\"noopener noreferrer\"><strong>lesen Sie die Miet<\/strong><\/a>\u00a0und die <strong><a title=\"Wie kann man bezahlen\" href=\"\/de\/die-firma\/wie-kann-man-bezahlen\/\" target=\"_blank\" rel=\"noopener noreferrer\">Stornierungsbedingungen<\/a><\/strong>. Um das <strong>Fahrzeug zu buchen<\/strong>, f\u00fcllen\u00a0 Sie die folgenden Daten aus und es wird Ihnen so bald wie m\u00f6glich per E-Mail alle Daten ihrer Reservierung und die gesamte Summe zur Best\u00e4tigung geschickt. Um die Buchung g\u00fcltig zu sein, muss der Betrag f\u00fcr die ersten zwei Tage entweder mit einer Kreditkarte (Visa, Mastercard, Amex) oder per Bank\u00fcberweisung bezahlt werden.<br \/>\n<form method=\"post\" enctype=\"multipart\/form-data\" id=\"vfbp-form-46\" class=\"vfbp-form\"><div style=\"display:none;\"><label for=\"vfbp-EMAIL-AN8fuQyoDLXem\">Wenn Sie ein Mensch sind, lassen Sie dieses Feld leer.<\/label><input size=\"25\" autocomplete=\"off\" type=\"text\" name=\"vfbp-EMAIL-AN8fuQyoDLXem\" value=\"\" id=\"\"><\/div><input type=\"hidden\" name=\"_vfb-timestamp-46\" value=\"1777324906\" id=\"\"><input type=\"hidden\" name=\"_vfb-form-id\" value=\"46\" id=\"\"><div class=\"vfb-form-group vfb-col-12\"><div><h6 class=\"\">Fragen nach der Verf\u00fcgbarkeit Opel Crossland<\/h6><\/div><\/div><div class=\"vfb-col-12 vfb-fieldType-heading\" id=\"vfbField834\"><\/div><div class=\"vfb-clearfix\"><\/div><div class=\"vfb-col-6 vfb-fieldType-text\" id=\"vfbField838\"><div class=\"vfb-form-group\"><label for=\"vfb-field-838\" class=\"vfb-control-label\">Empfangsort <span class=\"vfb-required-asterisk\">*<\/span><\/label><div><input id=\"vfb-field-838\" class=\"vfb-form-control\" placeholder=\"\" required=\"required\" type=\"text\" name=\"vfb-field-838\" value=\"\"><\/div><\/div><\/div><div class=\"vfb-col-6 vfb-fieldType-text\" id=\"vfbField839\"><div class=\"vfb-form-group\"><label for=\"vfb-field-839\" class=\"vfb-control-label\">Zielort <span class=\"vfb-required-asterisk\">*<\/span><\/label><div><input id=\"vfb-field-839\" class=\"vfb-form-control\" placeholder=\"\" required=\"required\" type=\"text\" name=\"vfb-field-839\" value=\"\"><\/div><\/div><\/div><div class=\"vfb-clearfix\"><\/div><div class=\"vfb-col-6 vfb-fieldType-date\" id=\"vfbField840\"><div class=\"vfb-form-group\"><label for=\"vfb-field-840\" class=\"vfb-control-label\">Ankunftstag <span class=\"vfb-required-asterisk\">*<\/span><\/label><div><input id=\"vfb-field-840\" class=\"vfb-form-control\" placeholder=\"\" required=\"required\" data-provide=\"datepicker\" data-date-format=\"dd\/mm\/yy\" data-date-language=\"de\" data-date-orientation=\"top left\" data-date-autoclose=\"1\" data-date-today-highlight=\"1\" type=\"text\" name=\"vfb-field-840\" value=\"\"><\/div><\/div><\/div><div class=\"vfb-col-6 vfb-fieldType-date\" id=\"vfbField841\"><div class=\"vfb-form-group\"><label for=\"vfb-field-841\" class=\"vfb-control-label\">Abfahrtstag <span class=\"vfb-required-asterisk\">*<\/span><\/label><div><input id=\"vfb-field-841\" class=\"vfb-form-control\" placeholder=\"\" required=\"required\" data-provide=\"datepicker\" data-date-format=\"dd\/mm\/yy\" data-date-language=\"de\" data-date-orientation=\"top left\" data-date-autoclose=\"1\" data-date-today-highlight=\"1\" type=\"text\" name=\"vfb-field-841\" value=\"\"><\/div><\/div><\/div><div class=\"vfb-clearfix\"><\/div><div class=\"vfb-col-6 vfb-fieldType-time\" id=\"vfbField842\"><div class=\"vfb-form-group\"><label for=\"vfb-field-842\" class=\"vfb-control-label\">Ankunftszeit <span class=\"vfb-required-asterisk\">*<\/span><\/label><div><input id=\"vfb-field-842\" class=\"vfb-form-control vfb-clockpicker\" placeholder=\"\" required=\"required\" data-donetext=\"Fertig\" data-placement=\"bottom\" data-align=\"left\" data-autoclose=\"1\" type=\"text\" name=\"vfb-field-842\" value=\"\"><\/div><\/div><\/div><div class=\"vfb-col-6 vfb-fieldType-time\" id=\"vfbField843\"><div class=\"vfb-form-group\"><label for=\"vfb-field-843\" class=\"vfb-control-label\">Abfahrtszeit <span class=\"vfb-required-asterisk\">*<\/span><\/label><div><input id=\"vfb-field-843\" class=\"vfb-form-control vfb-clockpicker\" placeholder=\"\" required=\"required\" data-donetext=\"Fertig\" data-placement=\"bottom\" data-align=\"left\" data-autoclose=\"1\" type=\"text\" name=\"vfb-field-843\" value=\"\"><\/div><\/div><\/div><div class=\"vfb-clearfix\"><\/div><div class=\"vfb-form-group vfb-col-12\"><div><h6 class=\"\">Pers\u00f6nliche Daten<\/h6><\/div><\/div><div class=\"vfb-col-12 vfb-fieldType-heading\" id=\"vfbField844\"><\/div><div class=\"vfb-clearfix\"><\/div><div class=\"vfb-col-6 vfb-fieldType-text\" id=\"vfbField845\"><div class=\"vfb-form-group\"><label for=\"vfb-field-845\" class=\"vfb-control-label\">Vollst\u00e4ndiger Name <span class=\"vfb-required-asterisk\">*<\/span><\/label><div><input id=\"vfb-field-845\" class=\"vfb-form-control\" placeholder=\"\" required=\"required\" type=\"text\" name=\"vfb-field-845\" value=\"\"><\/div><\/div><\/div><div class=\"vfb-col-6 vfb-fieldType-text\" id=\"vfbField846\"><div class=\"vfb-form-group\"><label for=\"vfb-field-846\" class=\"vfb-control-label\">Alter des Fahrers <span class=\"vfb-required-asterisk\">*<\/span><\/label><div><input id=\"vfb-field-846\" class=\"vfb-form-control\" placeholder=\"\" required=\"required\" type=\"text\" name=\"vfb-field-846\" value=\"\"><\/div><\/div><\/div><div class=\"vfb-clearfix\"><\/div><div class=\"vfb-col-6 vfb-fieldType-email\" id=\"vfbField847\"><div class=\"vfb-form-group\"><label for=\"vfb-field-847\" class=\"vfb-control-label\">E-Mail <span class=\"vfb-required-asterisk\">*<\/span><\/label><div><input id=\"vfb-field-847\" class=\"vfb-form-control\" placeholder=\"\" required=\"required\" type=\"email\" name=\"vfb-field-847\" value=\"\"><\/div><\/div><\/div><div class=\"vfb-col-6 vfb-fieldType-phone\" id=\"vfbField848\"><div class=\"vfb-form-group\"><label for=\"vfb-field-848\" class=\"vfb-control-label\">Telefon <span class=\"vfb-required-asterisk\">*<\/span><\/label><div><input id=\"vfb-field-848\" class=\"vfb-form-control vfb-intl-phone\" placeholder=\"\" required=\"required\" data-default-country=\"de\" type=\"tel\" name=\"vfb-field-848\" value=\"\"><\/div><\/div><\/div><div class=\"vfb-clearfix\"><\/div><div class=\"vfb-col-6 vfb-fieldType-text\" id=\"vfbField849\"><div class=\"vfb-form-group\"><label for=\"vfb-field-849\" class=\"vfb-control-label\">Land <span class=\"vfb-required-asterisk\">*<\/span><\/label><div><input id=\"vfb-field-849\" class=\"vfb-form-control\" placeholder=\"\" required=\"required\" type=\"text\" name=\"vfb-field-849\" value=\"\"><\/div><\/div><\/div><div class=\"vfb-col-6 vfb-fieldType-text\" id=\"vfbField850\"><div class=\"vfb-form-group\"><label for=\"vfb-field-850\" class=\"vfb-control-label\">Stadt<\/label><div><input id=\"vfb-field-850\" class=\"vfb-form-control\" placeholder=\"\" type=\"text\" name=\"vfb-field-850\" value=\"\"><\/div><\/div><\/div><div class=\"vfb-clearfix\"><\/div><div class=\"vfb-col-12 vfb-fieldType-textarea\" id=\"vfbField851\"><div class=\"vfb-form-group\"><label for=\"vfb-field-851\" class=\"vfb-control-label\">Kommentare<\/label><div><textarea id=\"vfb-field-851\" class=\"vfb-form-control\" placeholder=\"\" rows=\"4\" name=\"vfb-field-851\" cols=\"50\"><\/textarea><\/div><\/div><\/div><div class=\"vfb-clearfix\"><\/div><div class=\"vfb-col-12 vfb-fieldType-checkbox\" id=\"vfbField852\"><label for=\"vfb-field-852\" class=\"vfb-control-label\">Annahmepflicht <span class=\"vfb-required-asterisk\">*<\/span><\/label><div><div class=\"vfb-checkbox\"><label><input id=\"vfb-field-852-0\" class=\"\" placeholder=\"\" data-vfb-multiple=\"vfb-field-852\" required=\"required\" type=\"checkbox\" name=\"vfb-field-852[0]\" value=\"1\">Dieses Formular sammelt pers\u00f6nliche Daten, damit wir mit Ihnen in Kontakt kommen k\u00f6nnen. F\u00fcr mehrere Informationen lesen Sie unser Politik \u00fcber Geheimschutz.<\/label><\/div><\/div><\/div><div class=\"vfb-clearfix\"><\/div><div class=\"vfb-col-12 vfb-fieldType-captcha\" id=\"vfbField873\"><div class=\"vfb-form-group\"><label for=\"vfb-field-873\" class=\"vfb-control-label\">Captcha <span class=\"vfb-required-asterisk\">*<\/span><\/label><div><div class=\"g-recaptcha\" data-sitekey=\"6LfGBhYhAAAAAHFHvz8f_otkJXlVn0b8sWjvF7d1\"><\/div><input type=\"hidden\" name=\"_vfb_recaptcha_enabled\" value=\"1\" id=\"\"><div class=\"vfb-has-error\" id=\"vfb-recaptcha-error\"><span class=\"vfb-help-block\">reCAPTCHA erforderlich.<\/span><\/div><\/div><\/div><\/div><div class=\"vfb-clearfix\"><\/div><div class=\"vfb-col-12 vfb-fieldType-submit\" id=\"vfbField837\"><button id=\"vfb-field-837\" class=\" btn btn-primary\" placeholder=\"\" type=\"submit\" name=\"_vfb-submit\">Absenden<\/button><\/div><div class=\"vfb-clearfix\"><\/div><\/form><\/p>\n","protected":false},"excerpt":{"rendered":"<p>Fabrik: Opel<br \/>\nMotor: 1400 cc<br \/>\nGetriebe: automatik<br \/>\nSitze: 5, T\u00fcren: 5<br \/>\nExtras: A\/C, radio, USB, Navi, Infotainment, Bluetooth<\/p>\n","protected":false},"author":1,"featured_media":0,"parent":7,"menu_order":19,"comment_status":"closed","ping_status":"closed","template":"page-templates\/room.php","meta":{"footnotes":""},"class_list":["post-2607","page","type-page","status-publish","hentry"],"yoast_head":"<!-- This site is optimized with the Yoast SEO plugin v27.1.1 - https:\/\/yoast.com\/product\/yoast-seo-wordpress\/ -->\n<title>GRUPPE S: Opel Crossland| \u039cietwagen in Paros | Autovermietung Paros<\/title>\n<meta name=\"description\" content=\"Mietwagen Opel Crossland in Paros. Wir verf\u00fcgen eine gro\u00dfe Auswahl an Luxuri\u00f6se Autos zum Mieten in Paros. Rabatt bis 15% f\u00fcr Online- Buchungen f\u00fcr alle Jahreszeiten. Autovermietung in Paros.\" \/>\n<meta name=\"robots\" content=\"index, follow, max-snippet:-1, max-image-preview:large, max-video-preview:-1\" \/>\n<link rel=\"canonical\" href=\"https:\/\/parosrentcar.com\/de\/mietwagen-paros-griechenland\/opel-crossland-automatik\/\" \/>\n<meta property=\"og:locale\" content=\"de_DE\" \/>\n<meta property=\"og:type\" content=\"article\" \/>\n<meta property=\"og:title\" content=\"GRUPPE S: Opel Crossland| \u039cietwagen in Paros | Autovermietung Paros\" \/>\n<meta property=\"og:description\" content=\"Mietwagen Opel Crossland in Paros. Wir verf\u00fcgen eine gro\u00dfe Auswahl an Luxuri\u00f6se Autos zum Mieten in Paros. Rabatt bis 15% f\u00fcr Online- Buchungen f\u00fcr alle Jahreszeiten. Autovermietung in Paros.\" \/>\n<meta property=\"og:url\" content=\"https:\/\/parosrentcar.com\/de\/mietwagen-paros-griechenland\/opel-crossland-automatik\/\" \/>\n<meta property=\"og:site_name\" content=\"\u039cietwagen in Paros Griechenland | Autovermietung in Paros Griechenland\" \/>\n<meta property=\"article:publisher\" content=\"https:\/\/www.facebook.com\/paroscarrental\" \/>\n<meta property=\"article:modified_time\" content=\"2023-06-11T14:16:12+00:00\" \/>\n<meta property=\"og:image\" content=\"https:\/\/parosrentcar.com\/de\/wp-content\/uploads\/2023\/06\/opel-crossland-600-200.jpg\" \/>\n<meta name=\"twitter:card\" content=\"summary_large_image\" \/>\n<meta name=\"twitter:site\" content=\"@parosrentcar\" \/>\n<meta name=\"twitter:label1\" content=\"Gesch\u00e4tzte Lesezeit\" \/>\n\t<meta name=\"twitter:data1\" content=\"1\u00a0Minute\" \/>\n<script type=\"application\/ld+json\" class=\"yoast-schema-graph\">{\"@context\":\"https:\/\/schema.org\",\"@graph\":[{\"@type\":\"WebPage\",\"@id\":\"https:\/\/parosrentcar.com\/de\/mietwagen-paros-griechenland\/opel-crossland-automatik\/\",\"url\":\"https:\/\/parosrentcar.com\/de\/mietwagen-paros-griechenland\/opel-crossland-automatik\/\",\"name\":\"GRUPPE S: Opel Crossland| \u039cietwagen in Paros | Autovermietung Paros\",\"isPartOf\":{\"@id\":\"https:\/\/parosrentcar.com\/de\/#website\"},\"primaryImageOfPage\":{\"@id\":\"https:\/\/parosrentcar.com\/de\/mietwagen-paros-griechenland\/opel-crossland-automatik\/#primaryimage\"},\"image\":{\"@id\":\"https:\/\/parosrentcar.com\/de\/mietwagen-paros-griechenland\/opel-crossland-automatik\/#primaryimage\"},\"thumbnailUrl\":\"https:\/\/parosrentcar.com\/de\/wp-content\/uploads\/2023\/06\/opel-crossland-600-200.jpg\",\"datePublished\":\"2019-04-03T12:41:56+00:00\",\"dateModified\":\"2023-06-11T14:16:12+00:00\",\"description\":\"Mietwagen Opel Crossland in Paros. Wir verf\u00fcgen eine gro\u00dfe Auswahl an Luxuri\u00f6se Autos zum Mieten in Paros. Rabatt bis 15% f\u00fcr Online- Buchungen f\u00fcr alle Jahreszeiten. Autovermietung in Paros.\",\"breadcrumb\":{\"@id\":\"https:\/\/parosrentcar.com\/de\/mietwagen-paros-griechenland\/opel-crossland-automatik\/#breadcrumb\"},\"inLanguage\":\"de\",\"potentialAction\":[{\"@type\":\"ReadAction\",\"target\":[\"https:\/\/parosrentcar.com\/de\/mietwagen-paros-griechenland\/opel-crossland-automatik\/\"]}]},{\"@type\":\"ImageObject\",\"inLanguage\":\"de\",\"@id\":\"https:\/\/parosrentcar.com\/de\/mietwagen-paros-griechenland\/opel-crossland-automatik\/#primaryimage\",\"url\":\"https:\/\/parosrentcar.com\/de\/wp-content\/uploads\/2023\/06\/opel-crossland-600-200.jpg\",\"contentUrl\":\"https:\/\/parosrentcar.com\/de\/wp-content\/uploads\/2023\/06\/opel-crossland-600-200.jpg\",\"width\":600,\"height\":200},{\"@type\":\"BreadcrumbList\",\"@id\":\"https:\/\/parosrentcar.com\/de\/mietwagen-paros-griechenland\/opel-crossland-automatik\/#breadcrumb\",\"itemListElement\":[{\"@type\":\"ListItem\",\"position\":1,\"name\":\"Home\",\"item\":\"https:\/\/parosrentcar.com\/de\/\"},{\"@type\":\"ListItem\",\"position\":2,\"name\":\"Mietwagen in Paros\",\"item\":\"https:\/\/parosrentcar.com\/de\/mietwagen-paros-griechenland\/\"},{\"@type\":\"ListItem\",\"position\":3,\"name\":\"GRUPPE S: OPEL CROSSLAND AUTOMATIK\"}]},{\"@type\":\"WebSite\",\"@id\":\"https:\/\/parosrentcar.com\/de\/#website\",\"url\":\"https:\/\/parosrentcar.com\/de\/\",\"name\":\"\u039cietwagen in Paros Griechenland | Autovermietung in Paros Griechenland\",\"description\":\"\u039cietwagen in Paros Griechenland\",\"potentialAction\":[{\"@type\":\"SearchAction\",\"target\":{\"@type\":\"EntryPoint\",\"urlTemplate\":\"https:\/\/parosrentcar.com\/de\/?s={search_term_string}\"},\"query-input\":{\"@type\":\"PropertyValueSpecification\",\"valueRequired\":true,\"valueName\":\"search_term_string\"}}],\"inLanguage\":\"de\"}]}<\/script>\n<!-- \/ Yoast SEO plugin. -->","yoast_head_json":{"title":"GRUPPE S: Opel Crossland| \u039cietwagen in Paros | Autovermietung Paros","description":"Mietwagen Opel Crossland in Paros. Wir verf\u00fcgen eine gro\u00dfe Auswahl an Luxuri\u00f6se Autos zum Mieten in Paros. Rabatt bis 15% f\u00fcr Online- Buchungen f\u00fcr alle Jahreszeiten. Autovermietung in Paros.","robots":{"index":"index","follow":"follow","max-snippet":"max-snippet:-1","max-image-preview":"max-image-preview:large","max-video-preview":"max-video-preview:-1"},"canonical":"https:\/\/parosrentcar.com\/de\/mietwagen-paros-griechenland\/opel-crossland-automatik\/","og_locale":"de_DE","og_type":"article","og_title":"GRUPPE S: Opel Crossland| \u039cietwagen in Paros | Autovermietung Paros","og_description":"Mietwagen Opel Crossland in Paros. Wir verf\u00fcgen eine gro\u00dfe Auswahl an Luxuri\u00f6se Autos zum Mieten in Paros. Rabatt bis 15% f\u00fcr Online- Buchungen f\u00fcr alle Jahreszeiten. Autovermietung in Paros.","og_url":"https:\/\/parosrentcar.com\/de\/mietwagen-paros-griechenland\/opel-crossland-automatik\/","og_site_name":"\u039cietwagen in Paros Griechenland | Autovermietung in Paros Griechenland","article_publisher":"https:\/\/www.facebook.com\/paroscarrental","article_modified_time":"2023-06-11T14:16:12+00:00","og_image":[{"url":"https:\/\/parosrentcar.com\/de\/wp-content\/uploads\/2023\/06\/opel-crossland-600-200.jpg","type":"","width":"","height":""}],"twitter_card":"summary_large_image","twitter_site":"@parosrentcar","twitter_misc":{"Gesch\u00e4tzte Lesezeit":"1\u00a0Minute"},"schema":{"@context":"https:\/\/schema.org","@graph":[{"@type":"WebPage","@id":"https:\/\/parosrentcar.com\/de\/mietwagen-paros-griechenland\/opel-crossland-automatik\/","url":"https:\/\/parosrentcar.com\/de\/mietwagen-paros-griechenland\/opel-crossland-automatik\/","name":"GRUPPE S: Opel Crossland| \u039cietwagen in Paros | Autovermietung Paros","isPartOf":{"@id":"https:\/\/parosrentcar.com\/de\/#website"},"primaryImageOfPage":{"@id":"https:\/\/parosrentcar.com\/de\/mietwagen-paros-griechenland\/opel-crossland-automatik\/#primaryimage"},"image":{"@id":"https:\/\/parosrentcar.com\/de\/mietwagen-paros-griechenland\/opel-crossland-automatik\/#primaryimage"},"thumbnailUrl":"https:\/\/parosrentcar.com\/de\/wp-content\/uploads\/2023\/06\/opel-crossland-600-200.jpg","datePublished":"2019-04-03T12:41:56+00:00","dateModified":"2023-06-11T14:16:12+00:00","description":"Mietwagen Opel Crossland in Paros. Wir verf\u00fcgen eine gro\u00dfe Auswahl an Luxuri\u00f6se Autos zum Mieten in Paros. Rabatt bis 15% f\u00fcr Online- Buchungen f\u00fcr alle Jahreszeiten. Autovermietung in Paros.","breadcrumb":{"@id":"https:\/\/parosrentcar.com\/de\/mietwagen-paros-griechenland\/opel-crossland-automatik\/#breadcrumb"},"inLanguage":"de","potentialAction":[{"@type":"ReadAction","target":["https:\/\/parosrentcar.com\/de\/mietwagen-paros-griechenland\/opel-crossland-automatik\/"]}]},{"@type":"ImageObject","inLanguage":"de","@id":"https:\/\/parosrentcar.com\/de\/mietwagen-paros-griechenland\/opel-crossland-automatik\/#primaryimage","url":"https:\/\/parosrentcar.com\/de\/wp-content\/uploads\/2023\/06\/opel-crossland-600-200.jpg","contentUrl":"https:\/\/parosrentcar.com\/de\/wp-content\/uploads\/2023\/06\/opel-crossland-600-200.jpg","width":600,"height":200},{"@type":"BreadcrumbList","@id":"https:\/\/parosrentcar.com\/de\/mietwagen-paros-griechenland\/opel-crossland-automatik\/#breadcrumb","itemListElement":[{"@type":"ListItem","position":1,"name":"Home","item":"https:\/\/parosrentcar.com\/de\/"},{"@type":"ListItem","position":2,"name":"Mietwagen in Paros","item":"https:\/\/parosrentcar.com\/de\/mietwagen-paros-griechenland\/"},{"@type":"ListItem","position":3,"name":"GRUPPE S: OPEL CROSSLAND AUTOMATIK"}]},{"@type":"WebSite","@id":"https:\/\/parosrentcar.com\/de\/#website","url":"https:\/\/parosrentcar.com\/de\/","name":"\u039cietwagen in Paros Griechenland | Autovermietung in Paros Griechenland","description":"\u039cietwagen in Paros Griechenland","potentialAction":[{"@type":"SearchAction","target":{"@type":"EntryPoint","urlTemplate":"https:\/\/parosrentcar.com\/de\/?s={search_term_string}"},"query-input":{"@type":"PropertyValueSpecification","valueRequired":true,"valueName":"search_term_string"}}],"inLanguage":"de"}]}},"_links":{"self":[{"href":"https:\/\/parosrentcar.com\/de\/wp-json\/wp\/v2\/pages\/2607","targetHints":{"allow":["GET"]}}],"collection":[{"href":"https:\/\/parosrentcar.com\/de\/wp-json\/wp\/v2\/pages"}],"about":[{"href":"https:\/\/parosrentcar.com\/de\/wp-json\/wp\/v2\/types\/page"}],"author":[{"embeddable":true,"href":"https:\/\/parosrentcar.com\/de\/wp-json\/wp\/v2\/users\/1"}],"replies":[{"embeddable":true,"href":"https:\/\/parosrentcar.com\/de\/wp-json\/wp\/v2\/comments?post=2607"}],"version-history":[{"count":12,"href":"https:\/\/parosrentcar.com\/de\/wp-json\/wp\/v2\/pages\/2607\/revisions"}],"predecessor-version":[{"id":35315,"href":"https:\/\/parosrentcar.com\/de\/wp-json\/wp\/v2\/pages\/2607\/revisions\/35315"}],"up":[{"embeddable":true,"href":"https:\/\/parosrentcar.com\/de\/wp-json\/wp\/v2\/pages\/7"}],"wp:attachment":[{"href":"https:\/\/parosrentcar.com\/de\/wp-json\/wp\/v2\/media?parent=2607"}],"curies":[{"name":"wp","href":"https:\/\/api.w.org\/{rel}","templated":true}]}}