{"id":2564,"date":"2018-07-09T14:10:53","date_gmt":"2018-07-09T14:10:53","guid":{"rendered":"https:\/\/parosrentcar.com\/de\/?page_id=2564"},"modified":"2018-07-10T12:19:42","modified_gmt":"2018-07-10T12:19:42","slug":"datenschutzerklaerung","status":"publish","type":"page","link":"https:\/\/parosrentcar.com\/de\/datenschutzerklaerung\/","title":{"rendered":"Datenschutzerkl\u00e4rung"},"content":{"rendered":"<p><strong>Sicherheit und pers\u00f6nliche Daten ParosEuropean Rent<\/strong><br \/>\nDie Firma ParosEuropean Rent legt gro\u00dfen Wert auf die Sicherheit der pers\u00f6nlichen Daten, so wie auf die elektronische Transaktionen und hat alle notwendige Ma\u00dfnahmen getroffen, mit den\u00a0 modernsten und neuesten Methoden, damit die beste Sicherheit erm\u00f6glicht wird. Alle Informationen, die mit den pers\u00f6nlichen Daten der Benutzer zu tun haben, werden als Geheimnisse mit Respekt der Gesetzgebung gesichert, damit die pers\u00f6nlichen Daten sicher sind.<\/p>\n<p><strong>Im Allgemeinen<\/strong><br \/>\nDie pers\u00f6nlichen Daten, die freiwillig von den Benutzern unserer Internetseite gegeben werden, werden von unserer Firma benutzt, damit unsere Benutzer direkte und richtige Kommunikation mit unserer Firma haben k\u00f6nnen, damit Sie Antworte bei konkreten\u00a0 Fragen, die Sie stellen , bekommen und zum Schluss, damit Sie bedient werden und Ihre Bestellung durchgef\u00fchrt wird. Die Informationen, die unsere Firma durch Cookies der Internetseite sammelt, haben den Zweck die Zahl der Besucher zu z\u00e4hlen, die Anforderungen der Kunden zu bestimmen und die Transaktionen mit der Firma zu erleichtern. Unsere Firma verteilt keiner anderen Firma oder Mitarbeitern \u00a0die elektronischen Adressen oder irgendeine Information, die unsere Benutzer oder Kunden betrifft.<\/p>\n<p><strong>Informationen sammeln<\/strong><br \/>\nUnsere Internetseite ist so entworfen, damit unsere Benutzer Sie besuchen k\u00f6nnen, oder Ihren Namen zu sagen, au\u00dfer Sie es sich w\u00fcnschen. Es wird von den Besuchern unserer Internetseite gefragt ,uns Ihre pers\u00f6nlichen \u00a0Daten nur dann zu geben, wenn Sie eine Buchung machen wollen oder Sie nach einem Fahrzeug Fragen haben.<\/p>\n<p><strong>Benutzung der Informationen<\/strong><br \/>\nUnsere Internetseite sammelt zwei verschiedene Arten von Informationen, was die Benutzer betrifft:<\/p>\n<ol>\n<li>Daten, die der Benutzer uns gibt, damit die Buchung des Fahrzeugs durchgef\u00fchrt wird.<\/li>\n<li>Daten, die uns der Benutzer uns gibt, wenn man weitere Informationen nach einem Fahrzeug braucht. Um irgendeines Formular in unserer Internetseite auszuf\u00fcllen, es wird der Vorname, der Nachname, die Adresse, Ihre E- Mail Adresse , das Alter, die Telefonnummer und Kreditkarteninformationen. Diese oben genannten Informationen benutzen wir entsprechend, um Ihre Bestellung zu beenden oder Ihnen Klarstellungen f\u00fcr ein bestimmtes Fahrzeug zu geben, wenn Sie uns darum gebeten haben.<\/li>\n<\/ol>\n<p><strong>Zugang zu den Informationen<\/strong><br \/>\nF\u00fcr jede durchgef\u00fchrte Bestellung oder erkl\u00e4rte Frage ist die Sammlung von pers\u00f6nlichen Daten erforderlich, zur Lieferung oder Buchung des Fahrzeugs. Au\u00dferdem \u00a0wird die Benutzung der Kreditkarte auf jeden Fall gew\u00e4hrleistet, f\u00fcr Ihre Berechnung, aberUnterlagen sind nur zum ersten Mal erforderlich, die den legitimen Besitzer identifizieren. Irgendeine Unterlage und Dokument best\u00e4tigt den Ausweis der Kundenbleibt streng als Geheimnis und wird nur von den kompetenten und verantwortlichen Angestellten kontrolliert. Die von Ihnen gelieferten pers\u00f6nlichen Daten, bedeutet gleichzeitig auch, dass Sie zustimmen, dass diese Daten von den Angestellten aus den oben genannten Gr\u00fcnden benutzt werden.<\/p>\n<p>Auf keinem andren Fall darf unsere Firma Ihre pers\u00f6nliche Daten Menschen zu geben, ohne Sie vorher gefragt und zugestimmt zu werden, nur wenn das von einem Gesetzgeber erfordert wird.<\/p>\n<p><strong>Verschl\u00fcsselung<\/strong><br \/>\nVon dem Beginn \u00a0bis zum Schluss des Anschlusses (on- line -session) mit unserer Internetseite, alle Informationen und pers\u00f6nliche Daten der Benutzer \u2013 Kunde erden gem\u00e4\u00df dem Protokoll der Verschl\u00fcsselung verschl\u00fcsselt SSL 128 bit. Die Verschl\u00fcsselung ist in der Wirklichkeit eine wesentliche Art eine Information zu verschl\u00fcsseln, bis sie ihren bestimmten Empf\u00e4nger\u00a0 erreicht, der Sie verschl\u00fcsseln kann, mit der Benutzung der richtigen Schl\u00fcssel. Jedes Mal, wenn\u00a0 der Benutzer mit unserer Internetseite angeschlossen wird, die ganze Kommunikation zwischen dem Computer der Benutzer und die Systeme unserer Firma werden mit Benutzung des Schl\u00fcssels 128 bits verschl\u00fcsselt.<\/p>\n<p>Das bedeutet, jedes Mal, wann die Informationen zum System geschickt werden, sie werden von browser verschl\u00fcsselt, zuerst mit dem Schl\u00fcssel 128bits und dann es schickt sie zum System. Unser Firma System verschl\u00fcsselt zuerst die Informationen, die es bekommt, es benutzt den gleichen Schl\u00fcssel mit dem Beginn des Anschlusses von dem Benutzer, mitdem Dienst vorbestimmt wird, und dann bearbeitet sie.<\/p>\n<p><strong>Pers\u00f6nliche Daten &#8211; Gesch\u00e4ftsgeheimnis<\/strong><br \/>\nDie Daten der Benutzer (Name, E-Mail \u2013 Adresse, Alter, Handynummer, Kreditkarteninformationen) und der Transaktionen der Benutzer werden als strenges Geheimnis gehalten, wie bei den gew\u00f6hnlichen Transaktionen in einem Ladengesch\u00e4ft. Die Benutzer w\u00e4hrend Ihrer Bereitstellung von Dienstleistungen im Rahmen Ihrer Transaktionen, wie mit diesem, werden von der Firma dar\u00fcber informiert, sie w\u00fcrden zustimmen und die folgende Bearbeitung dieser pers\u00f6nlichen Daten akzeptieren, f\u00fcr den Bedarf der ohne Probleme durchgef\u00fchrte Transaktion zwischen diesen beiden Teilen. Au\u00dferdem stimmen Sie zu, dass diese Daten an Empf\u00e4nger weitergegeben werden sollten, die konkret identifiziert\u00a0 und Angestellte sind, im Rahmen diese gefragte Information oder Bestellung durchzuf\u00fchren.<\/p>\n<p>Es wird gesichert , dass nur bestimmte Angestellte haben die Vollmacht Zugang an den Informationen der Transaktionen zu haben und nur wenn es erforderlich ist.<\/p>\n<p>Sonst ist das Unternehmen gebunden die Daten der Kunden und ihre Transaktionen nicht zu verraten. Nur wenn das Unternehmen eine schriftliche Genehmigung von den Kunden selbst hat oder das von einem Gerichtsurteil oder von einer anderen Gemeindebeh\u00f6rde durchgesetzt wird.<\/p>\n<p><strong>\u00c4ndern und L\u00f6schen der pers\u00f6nlichen Daten <\/strong><br \/>\nUnsere Firma macht Gebrauch von den Informationen, die Sie uns geben, w\u00e4hren Sie unser Formular elektronisch schicken, damit wir mit Ihnen kommunizieren k\u00f6nnen was 1. die Vervollst\u00e4ndigung der Bestellung 2. Die Lieferung des Fahrzeugs betrifft und 2. Um die Daten der Kunden in jedem n\u00f6tigen Fall zu best\u00e4tigen und identifizieren 3. Neue oder alternative Produkte die angeboten werden 4. Sonderangebote<strong>.\u00a0<\/strong>Sie haben die M\u00f6glichkeit auszuw\u00e4hlen, wenn Sie wollen oder nicht solche Kommunikationen zu empfangen. Sie k\u00f6nnen Ihre Anfrage durch eine E-Mail an die E-Mail- Adresse info@parosrentcar.com<\/p>\n<p>Au\u00dferdem, wir machen jede m\u00f6gliche Anstrengung die pers\u00f6nlichen Daten, die wir von Ihnen sammeln, nur so zu behalten, solange nur wir sie brauchen, f\u00fcr den Zweck, den sie gesammelt werden oder die Anpassung an die Anfrage jede Person oder bis Ihre Streichung vom Subjekt angefordert wird (auf keinen Fall nicht \u00fcber 5 Jahren, nur wenn wir weiter die Gesetze einhalten, gem\u00e4\u00df der vorgesehen Gesetzgebung.<\/p>\n<p><strong>Informationen \u00fcber Cookies<\/strong><br \/>\nUnsere Firma kann Daten zur Identifizierung der Besucher unserer Internetseite sammeln, mit der Benutzung von den entsprechenden Technologien, wie Cookies oder -und der Beobachtung von Protokolladressen\u00a0 Internet (IP ). Cookies sind kleine\u00a0 Textdateien, die auf der Festplatte jedes Besuchers- Benutzers\u00a0 gespeichert werden und Sie bekommen kein Wissen irgendeines Dokuments oder Datei von dem Computer. Sie werden als Erleichterung benutzt, damit der Besucher \u2013 Benutzer leichter Zugang haben kann, was die Benutzung bestimmter Dienste ihrer Seite <a href=\"http:\/\/www.parosrentcar.com\">www.parosrentcar.com\u00a0<\/a>betrifft und aus statischen Gr\u00fcnden.<\/p>\n<p>Diese Daten k\u00f6nnen auch den Typ Seitenz\u00e4hler (browswer) der Besucher \u2013 Benutzer benutzt, den Computertyp, das Betriebssystem des Computers, die Anbieter der Online Dienste die solche weitere Informationen einschlie\u00dfen. Au\u00dferdem sammelt das Informationssystem von <a href=\"http:\/\/www.parosrentcar.com\">www.parosrentcar.com<\/a> automatisch Informationen, in Bezug auf die Orte, die der Besucher-Benutzer besucht und was die Kontakte bei anderen Websites betrifft, die man eventuell ausw\u00e4hlen kann, mit der Benutzung von <a href=\"http:\/\/www.parosrentcar.com\">www.parosrentcar.com<\/a>. Durch den Mechanismus akzeptieren oder nein, Cookies, die wir entworfen haben und unten auf der Internetseite getaucht wird, k\u00f6nnen Sie Ihre Aufnahme einschr\u00e4nken. Obwohl bei den meisten Websites werden Cookies automatisch akzeptiert, k\u00f6nnen Sie auch ausw\u00e4hlen, Cookies zu akzeptieren oder nicht, durch die Regelungen ihres Computer \u2013 Browser &#8211; Programm (M\u00f6glichkeit, die Sie oft unten im Men\u00fc \u2013 Computer &#8211; Werkzeuge finden k\u00f6nnen oder Vorlieben ihres Computer \u2013 Browser \u2013 Programms. Zum Schluss sind Sie jederzeit in der Lage Cookies in Ihrem Apparat zu l\u00f6schen. Jedoch sollten Sie kennen, wenn Sie Cookies nicht akzeptieren, w\u00e4ren Sie vielleicht nicht in der Lage die Eigenschaften unserer Website komplett kennen zu lernen.<\/p>\n<p>Die <a href=\"http:\/\/www.parosrentcar.com\">www.parosrentcar.com<\/a> benutzt Google Analytics. Weitere Informationen, wie man Google Analzytics von KPMG benutzen kann, finden Sie hier: <a href=\"http:\/\/www.google.com\/analytics\/learn\/privacy.html\">http:\/\/www.google.com\/analytics\/learn\/privacy.html<\/a><\/p>\n<p>Die <a href=\"http:\/\/www.parosrentcar.com\">www.parosrentcar.com<\/a> kann funktional sein, damit Sie durch Anwendungen f\u00fcr soziale Netzwerke dritter Personen melden wie der Knopf like von Facebook, Twitter widget und Google Plus. Diese soziale Netzwerke k\u00f6nnen Informationen sammeln und benutzen, die Sie in Verwendung mit der Firma <a href=\"http:\/\/www.parosrentcar.com\">www.parosrentcar.com<\/a> benutzt haben. Irgendeine pers\u00f6nliche Informationen, die durch diese soziale Netzwerke gegeben wird, kann von anderen Mitgliedern der sogenannten sozialen Netzwerken gesammelt und benutzt werden und dieser Austausch ist von der Datenschutzrichtlinie der Firmen geregelt, die diese Netzwerke anbieten. Wir haben keine keine Kontrolle oder keine Verantwortung f\u00fcr diese Firmen oder f\u00fcr die Benutzung Ihrer Informationen von diesen Firmen.<\/p>\n<p>Au\u00dferdem, wwwparosrentcar.com kann blogsforums und andere Netzwerke oder Dienste als Gast haben ( sinnlos bezeichnet als \u2018 Funktionen sozialer Netzwerken). Diese Funktionen haben als\u00a0 Zweck den Austausch von Informationen und Inhalt zu erleichtern. Jede pers\u00f6nliche Date, die bei irgendeiner Funktion der sozialen Netzwerken von <a href=\"http:\/\/www.parosrent.com\">www.parosrent.com<\/a> gegeben wird, kann bei anderen Benutzern der sogenannten Funktion bekannt werden (sofern andres angegeben wird) in der Sammlungsphase, bei denen wir eventuell begrenzte oder gar keine Kontrolle haben k\u00f6nnen. Die hier <a href=\"http:\/\/www.parosrentcar.com\">www.parosrentcar.com<\/a> umfasst Anschl\u00fcsse (links) zu anderen Websites, die in der Verantwortung von Dritten Tr\u00e4ger liegen . Auf keinen Fall tr\u00e4gt unsere Firma die Verantwortung f\u00fcr die Bedingungen der Datenschutz, die diese Websites folgen.<\/p>\n<p><strong>Haftungsbeschr\u00e4nkung der Firma &#8222;ParosEuropean Rent &#8220; &#8212; Ablehnungsanmeldung <\/strong><\/p>\n<p>Der Inhalt von parosrentcar.com ist wie es verf\u00fcgbar und unsere Firma gibt keine Garantie ausdr\u00fcckliche oder nicht, was die Vollst\u00e4ndigkeit, die Richtigkeit, die Aktuallit\u00e4t, die Marktf\u00e4higkeit, keine \u00dcbertretung oder Eignung dieses Inhalts f\u00fcr irgendeinen Gebrauch, irgendeine Anwendung oder irgendeinen Zweck.<\/p>\n<p>Unsere FIRMA\u00a0 unter irgendwelche Bedingungen, einschlie\u00dflich des Falles der Vernachl\u00e4ssigung, tr\u00f6gt keine Verantwortung f\u00fcr irgendeinen Schaden, der Besucher \u2013 Benutzer der Seiten, Dienste, Wahl und Inhalte von <a href=\"http:\/\/www.parosrentcar.com\">www.parosrentcar.com<\/a> erleidet, die man auf eigen Initiative umgeht und mit Wissen diesen oben genannten Bedingungen. Au\u00dferdem gew\u00e4hrleistet unsere Firma nicht, dass alle diese Seiten, Dienste, Wahl und Inhalten ohne Pause, ohne FEHLER zur Verf\u00fcgung gestellt werden, dass alle Fehler korrigiert werden k\u00f6nnen oder dass alle\u00a0 gestellte Fragen beantwortet werden k\u00f6nnen.<\/p>\n<p>Ebenfalls gew\u00e4hrleistet unsere Firma nicht, dass unsere Website oder irgendeine Verwandte Website oder Servers, dadurch den Inhalt den Besuchern- Benutzern zur Verf\u00fcgung gestellt wird, keine Viren oder andere sch\u00e4dliche Inhaltsstoffe beinhalten. Die Kosten f\u00fcr die eventuellen Reparaturen oder Dienste \u00fcbernimmt der Besucher -Benutzer selbst und auf keinen Fall unserer Firma.<\/p>\n<p><strong>Abfolge von Datenschutzverfahren<\/strong><br \/>\nWenn Sie diese anwesende Internetseite benutzen nehmen Sie an und stimmen Sie zu mit der anwesenden Erkl\u00e4rung zum Schutz der pers\u00f6nlichen Daten zu, so wie mit den Bedingungen und Voraussetzungen der Benutzung dieser Internetseite, die dadurch bekannt sind.<\/p>\n","protected":false},"excerpt":{"rendered":"<p>Sicherheit und pers\u00f6nliche Daten ParosEuropean Rent Die Firma ParosEuropean Rent legt gro\u00dfen Wert auf die Sicherheit der pers\u00f6nlichen Daten, so wie auf die elektronische Transaktionen und hat alle notwendige Ma\u00dfnahmen getroffen, mit den\u00a0 modernsten und neuesten Methoden, damit die beste Sicherheit erm\u00f6glicht wird. Alle Informationen, die mit den pers\u00f6nlichen Daten der Benutzer zu tun haben, werden als Geheimnisse mit Respekt der Gesetzgebung gesichert, damit die pers\u00f6nlichen Daten sicher sind. Im Allgemeinen Die pers\u00f6nlichen Daten, die freiwillig von den Benutzern unserer Internetseite gegeben werden, werden von unserer Firma benutzt, damit unsere Benutzer direkte und richtige Kommunikation mit unserer Firma haben k\u00f6nnen, damit Sie Antworte bei konkreten\u00a0 Fragen, die Sie stellen , [&hellip;]<\/p>\n","protected":false},"author":1,"featured_media":0,"parent":0,"menu_order":0,"comment_status":"closed","ping_status":"closed","template":"","meta":{"footnotes":""},"class_list":["post-2564","page","type-page","status-publish","hentry"],"yoast_head":"<!-- This site is optimized with the Yoast SEO plugin v27.1.1 - https:\/\/yoast.com\/product\/yoast-seo-wordpress\/ -->\n<title>Datenschutzerkl\u00e4rung- ParosEuropeanRent \u2013 Paros Mietwagen Griechenland<\/title>\n<meta name=\"description\" content=\"Datenschutzerkl\u00e4rung-Mieten Sie ein Auto, Buggy, Roller, Motorrad, quad, atv und entdecken Sie die Sehensw\u00fcrdigkeiten und die Str\u00e4nde von Paros.\" \/>\n<meta name=\"robots\" content=\"index, follow, max-snippet:-1, max-image-preview:large, max-video-preview:-1\" \/>\n<link rel=\"canonical\" href=\"https:\/\/parosrentcar.com\/de\/datenschutzerklaerung\/\" \/>\n<meta property=\"og:locale\" content=\"de_DE\" \/>\n<meta property=\"og:type\" content=\"article\" \/>\n<meta property=\"og:title\" content=\"Datenschutzerkl\u00e4rung- ParosEuropeanRent \u2013 Paros Mietwagen Griechenland\" \/>\n<meta property=\"og:description\" content=\"Datenschutzerkl\u00e4rung-Mieten Sie ein Auto, Buggy, Roller, Motorrad, quad, atv und entdecken Sie die Sehensw\u00fcrdigkeiten und die Str\u00e4nde von Paros.\" \/>\n<meta property=\"og:url\" content=\"https:\/\/parosrentcar.com\/de\/datenschutzerklaerung\/\" \/>\n<meta property=\"og:site_name\" content=\"\u039cietwagen in Paros Griechenland | Autovermietung in Paros Griechenland\" \/>\n<meta property=\"article:publisher\" content=\"https:\/\/www.facebook.com\/paroscarrental\" \/>\n<meta property=\"article:modified_time\" content=\"2018-07-10T12:19:42+00:00\" \/>\n<meta name=\"twitter:card\" content=\"summary_large_image\" \/>\n<meta name=\"twitter:site\" content=\"@parosrentcar\" \/>\n<meta name=\"twitter:label1\" content=\"Gesch\u00e4tzte Lesezeit\" \/>\n\t<meta name=\"twitter:data1\" content=\"9\u00a0Minuten\" \/>\n<script type=\"application\/ld+json\" class=\"yoast-schema-graph\">{\"@context\":\"https:\/\/schema.org\",\"@graph\":[{\"@type\":\"WebPage\",\"@id\":\"https:\/\/parosrentcar.com\/de\/datenschutzerklaerung\/\",\"url\":\"https:\/\/parosrentcar.com\/de\/datenschutzerklaerung\/\",\"name\":\"Datenschutzerkl\u00e4rung- ParosEuropeanRent \u2013 Paros Mietwagen Griechenland\",\"isPartOf\":{\"@id\":\"https:\/\/parosrentcar.com\/de\/#website\"},\"datePublished\":\"2018-07-09T14:10:53+00:00\",\"dateModified\":\"2018-07-10T12:19:42+00:00\",\"description\":\"Datenschutzerkl\u00e4rung-Mieten Sie ein Auto, Buggy, Roller, Motorrad, quad, atv und entdecken Sie die Sehensw\u00fcrdigkeiten und die Str\u00e4nde von Paros.\",\"breadcrumb\":{\"@id\":\"https:\/\/parosrentcar.com\/de\/datenschutzerklaerung\/#breadcrumb\"},\"inLanguage\":\"de\",\"potentialAction\":[{\"@type\":\"ReadAction\",\"target\":[\"https:\/\/parosrentcar.com\/de\/datenschutzerklaerung\/\"]}]},{\"@type\":\"BreadcrumbList\",\"@id\":\"https:\/\/parosrentcar.com\/de\/datenschutzerklaerung\/#breadcrumb\",\"itemListElement\":[{\"@type\":\"ListItem\",\"position\":1,\"name\":\"Home\",\"item\":\"https:\/\/parosrentcar.com\/de\/\"},{\"@type\":\"ListItem\",\"position\":2,\"name\":\"Datenschutzerkl\u00e4rung\"}]},{\"@type\":\"WebSite\",\"@id\":\"https:\/\/parosrentcar.com\/de\/#website\",\"url\":\"https:\/\/parosrentcar.com\/de\/\",\"name\":\"\u039cietwagen in Paros Griechenland | Autovermietung in Paros Griechenland\",\"description\":\"\u039cietwagen in Paros Griechenland\",\"potentialAction\":[{\"@type\":\"SearchAction\",\"target\":{\"@type\":\"EntryPoint\",\"urlTemplate\":\"https:\/\/parosrentcar.com\/de\/?s={search_term_string}\"},\"query-input\":{\"@type\":\"PropertyValueSpecification\",\"valueRequired\":true,\"valueName\":\"search_term_string\"}}],\"inLanguage\":\"de\"}]}<\/script>\n<!-- \/ Yoast SEO plugin. -->","yoast_head_json":{"title":"Datenschutzerkl\u00e4rung- ParosEuropeanRent \u2013 Paros Mietwagen Griechenland","description":"Datenschutzerkl\u00e4rung-Mieten Sie ein Auto, Buggy, Roller, Motorrad, quad, atv und entdecken Sie die Sehensw\u00fcrdigkeiten und die Str\u00e4nde von Paros.","robots":{"index":"index","follow":"follow","max-snippet":"max-snippet:-1","max-image-preview":"max-image-preview:large","max-video-preview":"max-video-preview:-1"},"canonical":"https:\/\/parosrentcar.com\/de\/datenschutzerklaerung\/","og_locale":"de_DE","og_type":"article","og_title":"Datenschutzerkl\u00e4rung- ParosEuropeanRent \u2013 Paros Mietwagen Griechenland","og_description":"Datenschutzerkl\u00e4rung-Mieten Sie ein Auto, Buggy, Roller, Motorrad, quad, atv und entdecken Sie die Sehensw\u00fcrdigkeiten und die Str\u00e4nde von Paros.","og_url":"https:\/\/parosrentcar.com\/de\/datenschutzerklaerung\/","og_site_name":"\u039cietwagen in Paros Griechenland | Autovermietung in Paros Griechenland","article_publisher":"https:\/\/www.facebook.com\/paroscarrental","article_modified_time":"2018-07-10T12:19:42+00:00","twitter_card":"summary_large_image","twitter_site":"@parosrentcar","twitter_misc":{"Gesch\u00e4tzte Lesezeit":"9\u00a0Minuten"},"schema":{"@context":"https:\/\/schema.org","@graph":[{"@type":"WebPage","@id":"https:\/\/parosrentcar.com\/de\/datenschutzerklaerung\/","url":"https:\/\/parosrentcar.com\/de\/datenschutzerklaerung\/","name":"Datenschutzerkl\u00e4rung- ParosEuropeanRent \u2013 Paros Mietwagen Griechenland","isPartOf":{"@id":"https:\/\/parosrentcar.com\/de\/#website"},"datePublished":"2018-07-09T14:10:53+00:00","dateModified":"2018-07-10T12:19:42+00:00","description":"Datenschutzerkl\u00e4rung-Mieten Sie ein Auto, Buggy, Roller, Motorrad, quad, atv und entdecken Sie die Sehensw\u00fcrdigkeiten und die Str\u00e4nde von Paros.","breadcrumb":{"@id":"https:\/\/parosrentcar.com\/de\/datenschutzerklaerung\/#breadcrumb"},"inLanguage":"de","potentialAction":[{"@type":"ReadAction","target":["https:\/\/parosrentcar.com\/de\/datenschutzerklaerung\/"]}]},{"@type":"BreadcrumbList","@id":"https:\/\/parosrentcar.com\/de\/datenschutzerklaerung\/#breadcrumb","itemListElement":[{"@type":"ListItem","position":1,"name":"Home","item":"https:\/\/parosrentcar.com\/de\/"},{"@type":"ListItem","position":2,"name":"Datenschutzerkl\u00e4rung"}]},{"@type":"WebSite","@id":"https:\/\/parosrentcar.com\/de\/#website","url":"https:\/\/parosrentcar.com\/de\/","name":"\u039cietwagen in Paros Griechenland | Autovermietung in Paros Griechenland","description":"\u039cietwagen in Paros Griechenland","potentialAction":[{"@type":"SearchAction","target":{"@type":"EntryPoint","urlTemplate":"https:\/\/parosrentcar.com\/de\/?s={search_term_string}"},"query-input":{"@type":"PropertyValueSpecification","valueRequired":true,"valueName":"search_term_string"}}],"inLanguage":"de"}]}},"_links":{"self":[{"href":"https:\/\/parosrentcar.com\/de\/wp-json\/wp\/v2\/pages\/2564","targetHints":{"allow":["GET"]}}],"collection":[{"href":"https:\/\/parosrentcar.com\/de\/wp-json\/wp\/v2\/pages"}],"about":[{"href":"https:\/\/parosrentcar.com\/de\/wp-json\/wp\/v2\/types\/page"}],"author":[{"embeddable":true,"href":"https:\/\/parosrentcar.com\/de\/wp-json\/wp\/v2\/users\/1"}],"replies":[{"embeddable":true,"href":"https:\/\/parosrentcar.com\/de\/wp-json\/wp\/v2\/comments?post=2564"}],"version-history":[{"count":7,"href":"https:\/\/parosrentcar.com\/de\/wp-json\/wp\/v2\/pages\/2564\/revisions"}],"predecessor-version":[{"id":2566,"href":"https:\/\/parosrentcar.com\/de\/wp-json\/wp\/v2\/pages\/2564\/revisions\/2566"}],"wp:attachment":[{"href":"https:\/\/parosrentcar.com\/de\/wp-json\/wp\/v2\/media?parent=2564"}],"curies":[{"name":"wp","href":"https:\/\/api.w.org\/{rel}","templated":true}]}}