{"id":1408,"date":"2014-12-13T15:49:36","date_gmt":"2014-12-13T15:49:36","guid":{"rendered":"http:\/\/parosrentcar.com\/el\/?page_id=1408"},"modified":"2015-02-28T07:01:02","modified_gmt":"2015-02-28T07:01:02","slug":"piso-livadi","status":"publish","type":"page","link":"https:\/\/parosrentcar.com\/de\/paros-dorfer\/piso-livadi\/","title":{"rendered":"Piso Livadi"},"content":{"rendered":"<p><strong>Piso Livadi<\/strong> ist eine Gegend am Meer, 4 km von Marpissa entfernt. Sie wird sicher f\u00fcr <strong>famili\u00e4re Ferien<\/strong> empfohlen. Sie hat eine sehr gute\u00a0 touristische Infrastruktur mit vielen Hotels, Studios, Wohnungen und Zimmer zum Mieten.<\/p>\n<p>Sie ist um einen kleinen Hafen herum mit vielen Fischerbooten gebaut . Es gibt dort ein ruhiger Strand mit goldenem Sand und klarem Wasser, wohin Besucher kommen, die Stille und Ruhe in einer romantischen Umgebung suchen. Im westlichen Teil der Gegend auf einem H\u00fcgel, liegt die Kirche\u00a0 <strong>Agios Georgios<\/strong>, die aus dem 13. Jahrhundert stammt. Zu den Sehensw\u00fcrdigkeiten von Piso Livadi geh\u00f6ren auch die kleine Kirche\u00a0\u00a0 <strong>Agios Nikolaos<\/strong>\u00a0\u00a0 und das Kloster\u00a0 Chsechoriani.<\/p>\n<p><strong>\u00a0Schiffe fahren von Piso Livadi nach Naxo, Mikono, Io, Santorini, Amorgo, Dilo und Antiparo los<\/strong>. Diese Seite der Insel hat auch eine Reihe von sch\u00f6nen <strong>Str\u00e4nden<\/strong>, so Piso Livadi ist die ideale Basis die \u00f6stlichen Str\u00e4nde von Paros zu entdecken. Die n\u00e4heren Str\u00e4nde sind Logara , Chrisi Akti, \u00a0Nea Chrisi Akti und Pounta.<\/p>\n","protected":false},"excerpt":{"rendered":"<p>Piso Livadi ist eine Gegend am Meer, 4 km von Marpissa entfernt. Sie wird sicher f\u00fcr famili\u00e4re Ferien empfohlen. Sie hat eine sehr gute\u00a0 touristische Infrastruktur mit vielen Hotels, Studios, Wohnungen und Zimmer zum Mieten. Sie ist um einen kleinen Hafen herum mit vielen Fischerbooten gebaut . Es gibt dort ein ruhiger Strand mit goldenem Sand und klarem Wasser, wohin Besucher kommen, die Stille und Ruhe in einer romantischen Umgebung suchen. Im westlichen Teil der Gegend auf einem H\u00fcgel, liegt die Kirche\u00a0 Agios Georgios, die aus dem 13. Jahrhundert stammt. Zu den Sehensw\u00fcrdigkeiten von Piso Livadi geh\u00f6ren auch die kleine Kirche\u00a0\u00a0 Agios Nikolaos\u00a0\u00a0 und das Kloster\u00a0 Chsechoriani. \u00a0Schiffe fahren von [&hellip;]<\/p>\n","protected":false},"author":1,"featured_media":0,"parent":1380,"menu_order":0,"comment_status":"closed","ping_status":"closed","template":"page-templates\/attraction.php","meta":{"footnotes":""},"class_list":["post-1408","page","type-page","status-publish","hentry"],"yoast_head":"<!-- This site is optimized with the Yoast SEO plugin v27.1.1 - https:\/\/yoast.com\/product\/yoast-seo-wordpress\/ -->\n<title>Piso Livadi- ParosEuropeanRent \u2013 Paros Mietwagen Griechenland<\/title>\n<meta name=\"description\" content=\"Piso Livadi-Mieten Sie ein Auto, Buggy, Roller, Motorrad, quad, atv und entdecken Sie die Sehensw\u00fcrdigkeiten und die Str\u00e4nde von Paros.\" \/>\n<meta name=\"robots\" content=\"index, follow, max-snippet:-1, max-image-preview:large, max-video-preview:-1\" \/>\n<link rel=\"canonical\" href=\"https:\/\/parosrentcar.com\/de\/paros-dorfer\/piso-livadi\/\" \/>\n<meta property=\"og:locale\" content=\"de_DE\" \/>\n<meta property=\"og:type\" content=\"article\" \/>\n<meta property=\"og:title\" content=\"Piso Livadi- ParosEuropeanRent \u2013 Paros Mietwagen Griechenland\" \/>\n<meta property=\"og:description\" content=\"Piso Livadi-Mieten Sie ein Auto, Buggy, Roller, Motorrad, quad, atv und entdecken Sie die Sehensw\u00fcrdigkeiten und die Str\u00e4nde von Paros.\" \/>\n<meta property=\"og:url\" content=\"https:\/\/parosrentcar.com\/de\/paros-dorfer\/piso-livadi\/\" \/>\n<meta property=\"og:site_name\" content=\"\u039cietwagen in Paros Griechenland | Autovermietung in Paros Griechenland\" \/>\n<meta property=\"article:publisher\" content=\"https:\/\/www.facebook.com\/paroscarrental\" \/>\n<meta property=\"article:modified_time\" content=\"2015-02-28T07:01:02+00:00\" \/>\n<meta name=\"twitter:card\" content=\"summary_large_image\" \/>\n<meta name=\"twitter:site\" content=\"@parosrentcar\" \/>\n<meta name=\"twitter:label1\" content=\"Gesch\u00e4tzte Lesezeit\" \/>\n\t<meta name=\"twitter:data1\" content=\"1\u00a0Minute\" \/>\n<script type=\"application\/ld+json\" class=\"yoast-schema-graph\">{\"@context\":\"https:\/\/schema.org\",\"@graph\":[{\"@type\":\"WebPage\",\"@id\":\"https:\/\/parosrentcar.com\/de\/paros-dorfer\/piso-livadi\/\",\"url\":\"https:\/\/parosrentcar.com\/de\/paros-dorfer\/piso-livadi\/\",\"name\":\"Piso Livadi- ParosEuropeanRent \u2013 Paros Mietwagen Griechenland\",\"isPartOf\":{\"@id\":\"https:\/\/parosrentcar.com\/de\/#website\"},\"datePublished\":\"2014-12-13T15:49:36+00:00\",\"dateModified\":\"2015-02-28T07:01:02+00:00\",\"description\":\"Piso Livadi-Mieten Sie ein Auto, Buggy, Roller, Motorrad, quad, atv und entdecken Sie die Sehensw\u00fcrdigkeiten und die Str\u00e4nde von Paros.\",\"breadcrumb\":{\"@id\":\"https:\/\/parosrentcar.com\/de\/paros-dorfer\/piso-livadi\/#breadcrumb\"},\"inLanguage\":\"de\",\"potentialAction\":[{\"@type\":\"ReadAction\",\"target\":[\"https:\/\/parosrentcar.com\/de\/paros-dorfer\/piso-livadi\/\"]}]},{\"@type\":\"BreadcrumbList\",\"@id\":\"https:\/\/parosrentcar.com\/de\/paros-dorfer\/piso-livadi\/#breadcrumb\",\"itemListElement\":[{\"@type\":\"ListItem\",\"position\":1,\"name\":\"Home\",\"item\":\"https:\/\/parosrentcar.com\/de\/\"},{\"@type\":\"ListItem\",\"position\":2,\"name\":\"D\u00f6rfer\",\"item\":\"https:\/\/parosrentcar.com\/de\/paros-dorfer\/\"},{\"@type\":\"ListItem\",\"position\":3,\"name\":\"Piso Livadi\"}]},{\"@type\":\"WebSite\",\"@id\":\"https:\/\/parosrentcar.com\/de\/#website\",\"url\":\"https:\/\/parosrentcar.com\/de\/\",\"name\":\"\u039cietwagen in Paros Griechenland | Autovermietung in Paros Griechenland\",\"description\":\"\u039cietwagen in Paros Griechenland\",\"potentialAction\":[{\"@type\":\"SearchAction\",\"target\":{\"@type\":\"EntryPoint\",\"urlTemplate\":\"https:\/\/parosrentcar.com\/de\/?s={search_term_string}\"},\"query-input\":{\"@type\":\"PropertyValueSpecification\",\"valueRequired\":true,\"valueName\":\"search_term_string\"}}],\"inLanguage\":\"de\"}]}<\/script>\n<!-- \/ Yoast SEO plugin. -->","yoast_head_json":{"title":"Piso Livadi- ParosEuropeanRent \u2013 Paros Mietwagen Griechenland","description":"Piso Livadi-Mieten Sie ein Auto, Buggy, Roller, Motorrad, quad, atv und entdecken Sie die Sehensw\u00fcrdigkeiten und die Str\u00e4nde von Paros.","robots":{"index":"index","follow":"follow","max-snippet":"max-snippet:-1","max-image-preview":"max-image-preview:large","max-video-preview":"max-video-preview:-1"},"canonical":"https:\/\/parosrentcar.com\/de\/paros-dorfer\/piso-livadi\/","og_locale":"de_DE","og_type":"article","og_title":"Piso Livadi- ParosEuropeanRent \u2013 Paros Mietwagen Griechenland","og_description":"Piso Livadi-Mieten Sie ein Auto, Buggy, Roller, Motorrad, quad, atv und entdecken Sie die Sehensw\u00fcrdigkeiten und die Str\u00e4nde von Paros.","og_url":"https:\/\/parosrentcar.com\/de\/paros-dorfer\/piso-livadi\/","og_site_name":"\u039cietwagen in Paros Griechenland | Autovermietung in Paros Griechenland","article_publisher":"https:\/\/www.facebook.com\/paroscarrental","article_modified_time":"2015-02-28T07:01:02+00:00","twitter_card":"summary_large_image","twitter_site":"@parosrentcar","twitter_misc":{"Gesch\u00e4tzte Lesezeit":"1\u00a0Minute"},"schema":{"@context":"https:\/\/schema.org","@graph":[{"@type":"WebPage","@id":"https:\/\/parosrentcar.com\/de\/paros-dorfer\/piso-livadi\/","url":"https:\/\/parosrentcar.com\/de\/paros-dorfer\/piso-livadi\/","name":"Piso Livadi- ParosEuropeanRent \u2013 Paros Mietwagen Griechenland","isPartOf":{"@id":"https:\/\/parosrentcar.com\/de\/#website"},"datePublished":"2014-12-13T15:49:36+00:00","dateModified":"2015-02-28T07:01:02+00:00","description":"Piso Livadi-Mieten Sie ein Auto, Buggy, Roller, Motorrad, quad, atv und entdecken Sie die Sehensw\u00fcrdigkeiten und die Str\u00e4nde von Paros.","breadcrumb":{"@id":"https:\/\/parosrentcar.com\/de\/paros-dorfer\/piso-livadi\/#breadcrumb"},"inLanguage":"de","potentialAction":[{"@type":"ReadAction","target":["https:\/\/parosrentcar.com\/de\/paros-dorfer\/piso-livadi\/"]}]},{"@type":"BreadcrumbList","@id":"https:\/\/parosrentcar.com\/de\/paros-dorfer\/piso-livadi\/#breadcrumb","itemListElement":[{"@type":"ListItem","position":1,"name":"Home","item":"https:\/\/parosrentcar.com\/de\/"},{"@type":"ListItem","position":2,"name":"D\u00f6rfer","item":"https:\/\/parosrentcar.com\/de\/paros-dorfer\/"},{"@type":"ListItem","position":3,"name":"Piso Livadi"}]},{"@type":"WebSite","@id":"https:\/\/parosrentcar.com\/de\/#website","url":"https:\/\/parosrentcar.com\/de\/","name":"\u039cietwagen in Paros Griechenland | Autovermietung in Paros Griechenland","description":"\u039cietwagen in Paros Griechenland","potentialAction":[{"@type":"SearchAction","target":{"@type":"EntryPoint","urlTemplate":"https:\/\/parosrentcar.com\/de\/?s={search_term_string}"},"query-input":{"@type":"PropertyValueSpecification","valueRequired":true,"valueName":"search_term_string"}}],"inLanguage":"de"}]}},"_links":{"self":[{"href":"https:\/\/parosrentcar.com\/de\/wp-json\/wp\/v2\/pages\/1408","targetHints":{"allow":["GET"]}}],"collection":[{"href":"https:\/\/parosrentcar.com\/de\/wp-json\/wp\/v2\/pages"}],"about":[{"href":"https:\/\/parosrentcar.com\/de\/wp-json\/wp\/v2\/types\/page"}],"author":[{"embeddable":true,"href":"https:\/\/parosrentcar.com\/de\/wp-json\/wp\/v2\/users\/1"}],"replies":[{"embeddable":true,"href":"https:\/\/parosrentcar.com\/de\/wp-json\/wp\/v2\/comments?post=1408"}],"version-history":[{"count":1,"href":"https:\/\/parosrentcar.com\/de\/wp-json\/wp\/v2\/pages\/1408\/revisions"}],"predecessor-version":[{"id":2013,"href":"https:\/\/parosrentcar.com\/de\/wp-json\/wp\/v2\/pages\/1408\/revisions\/2013"}],"up":[{"embeddable":true,"href":"https:\/\/parosrentcar.com\/de\/wp-json\/wp\/v2\/pages\/1380"}],"wp:attachment":[{"href":"https:\/\/parosrentcar.com\/de\/wp-json\/wp\/v2\/media?parent=1408"}],"curies":[{"name":"wp","href":"https:\/\/api.w.org\/{rel}","templated":true}]}}