{"id":1405,"date":"2014-12-13T15:48:04","date_gmt":"2014-12-13T15:48:04","guid":{"rendered":"http:\/\/parosrentcar.com\/el\/?page_id=1405"},"modified":"2015-02-28T07:00:09","modified_gmt":"2015-02-28T07:00:09","slug":"parikia","status":"publish","type":"page","link":"https:\/\/parosrentcar.com\/de\/paros-dorfer\/parikia\/","title":{"rendered":"Parikia"},"content":{"rendered":"<p><strong>Parikia<\/strong> ist die Hauptstadt der Insel und liegt fast im Zentrum der westlichen K\u00fcste der Insel. Die Gegend erstreckt \u00a0sich vom Meer bis zur Randbezirke des H\u00fcgels, wo das <strong>Kloster von Agios Anargiros<\/strong> ist. Ihr Namen kommt aus den ersten byzantischen Jahren, als der heutige Schmuck der Insel <strong>Panagia Ekatontapiliani<\/strong>, ein Zufluchtsort f\u00fcr die Bewohner war, die schrittweise in der alten Stadt zugezogen sind.<\/p>\n<p>Beim Spazierengehen auf den Wegen mit Kieselsteinen verf\u00fchrt Sie die <strong>magische Atmosph\u00e4re der Kykladen<\/strong>. Get\u00fcnchte Hauser, blaue Fenster und T\u00f6pfe mit bunten Blumen kombinieren das ideale Bild f\u00fcr Ihre Ferien. Auf der Hauptstra\u00dfe dem \u00a0Markt, wie auf allen Inseln der Kykladen, die Blumen, die Terrassen, die schmalen Wege machen die traditionelle kykladitische Architektur komplett , wo das Wei\u00dfe und das Blaue beherrschen. Die Bilder kommen eins nach dem anderen und reizen jeden Besucher.<\/p>\n<p>Besonders beeindruckend war die <strong>venezianische \u00a0Burg<\/strong> aus dem 13. Jahrhundert im Zentrum der traditionellen Gegend. Einige der H\u00e4user dieser kleinen Burgstadt sind auf der Stra\u00dfe gebaut und andere sind Teile der Burg (integriert in die Mauer der Burg ), als ein lebendiges Bild der Kunst , das den Besucher in romantische Zeiten reist.<\/p>\n<p>Au\u00dferdem sollen Sie die Kirche <strong>Panagia\u00a0 Ekatontapiliani<\/strong> oder anders die Kirche mit den 100 Toren, die im Zentrum der Stadt steht und eins der wichtigsten Monumente in Griechenland ist. Der Spaziergang um Ekantotapiliani herum \u00fcberrascht Ihnen mit dem <strong>Arch\u00e4ologischem Museum<\/strong>, <strong>Fragiko Burg<\/strong>, das Haus von Manto Mavrogenous und die eindrucksvollen imposanten neuklassischen Herrenh\u00e4user. Der antike Friedhof an dem Strand von Parikia \u00a0wurde vom 8. Jahrhundert bis zum 2. Jahrhundert benutzt.<\/p>\n<p>Die n\u00e4heren <strong>Str\u00e4nden<\/strong> sind \u00a0f\u00fcr ihre gute Organisation und ihre Sauberkeit bekannt. Der bekannteste Strand ist der <strong>Strand Livadia<\/strong>, der im n\u00f6rdlichen Teil der Stadt liegt. Es ist ein gro\u00dfer Strand mit ganz klarem\u00a0 Wasser, der die Bequemlichkeiten eines organisierten Strands bietet. Die Str\u00e4nde <strong>Krios<\/strong>, <strong>Martselo<\/strong>, Kaminia und Agios Fokas k\u00f6nnen Sie mit Schiffen erreichen und sie sind ein ausgezeichneter Vorschlag.<\/p>\n<p>In der N\u00e4he des Hafens von Parikia ist der Bahnhof der Busse mit Verbindungen auf der ganzen Insel. In Parikia finden Sie viele <strong>Banken<\/strong>, <strong>Superm\u00e4rkte<\/strong>, Reiseb\u00fcros, ein kleines Krankenhaus und Apotheken. Die vielen <strong>Restaurants<\/strong> und <strong>Lokale<\/strong> mit Rezepten der lokalen K\u00fcche k\u00f6nnen ihnen leckeres Essen versprechen. Ebenfalls k\u00f6nnen Sie Bars mit griechischer Musik und Raumen mit Live \u2013 Musik besuchen , die Ihnen unvergessliche Momente versprechen. Zum Schluss k\u00f6nnen sie in Parikia Unterk\u00fcnfte f\u00fcr jeden Geschmack\u00a0 und Autovermietung finden.<\/p>\n","protected":false},"excerpt":{"rendered":"<p>Parikia ist die Hauptstadt der Insel und liegt fast im Zentrum der westlichen K\u00fcste der Insel. Die Gegend erstreckt \u00a0sich vom Meer bis zur Randbezirke des H\u00fcgels, wo das Kloster von Agios Anargiros ist. Ihr Namen kommt aus den ersten byzantischen Jahren, als der heutige Schmuck der Insel Panagia Ekatontapiliani, ein Zufluchtsort f\u00fcr die Bewohner war, die schrittweise in der alten Stadt zugezogen sind. Beim Spazierengehen auf den Wegen mit Kieselsteinen verf\u00fchrt Sie die magische Atmosph\u00e4re der Kykladen. Get\u00fcnchte Hauser, blaue Fenster und T\u00f6pfe mit bunten Blumen kombinieren das ideale Bild f\u00fcr Ihre Ferien. Auf der Hauptstra\u00dfe dem \u00a0Markt, wie auf allen Inseln der Kykladen, die Blumen, die Terrassen, die [&hellip;]<\/p>\n","protected":false},"author":1,"featured_media":0,"parent":1380,"menu_order":0,"comment_status":"closed","ping_status":"closed","template":"page-templates\/attraction.php","meta":{"footnotes":""},"class_list":["post-1405","page","type-page","status-publish","hentry"],"yoast_head":"<!-- This site is optimized with the Yoast SEO plugin v27.1.1 - https:\/\/yoast.com\/product\/yoast-seo-wordpress\/ -->\n<title>Parikia- ParosEuropeanRent \u2013 Paros Mietwagen Griechenland<\/title>\n<meta name=\"description\" content=\"Parikia-Mieten Sie ein Auto, Buggy, Roller, Motorrad, quad, atv und entdecken Sie die Sehensw\u00fcrdigkeiten und die Str\u00e4nde von Paros.\" \/>\n<meta name=\"robots\" content=\"index, follow, max-snippet:-1, max-image-preview:large, max-video-preview:-1\" \/>\n<link rel=\"canonical\" href=\"https:\/\/parosrentcar.com\/de\/paros-dorfer\/parikia\/\" \/>\n<meta property=\"og:locale\" content=\"de_DE\" \/>\n<meta property=\"og:type\" content=\"article\" \/>\n<meta property=\"og:title\" content=\"Parikia- ParosEuropeanRent \u2013 Paros Mietwagen Griechenland\" \/>\n<meta property=\"og:description\" content=\"Parikia-Mieten Sie ein Auto, Buggy, Roller, Motorrad, quad, atv und entdecken Sie die Sehensw\u00fcrdigkeiten und die Str\u00e4nde von Paros.\" \/>\n<meta property=\"og:url\" content=\"https:\/\/parosrentcar.com\/de\/paros-dorfer\/parikia\/\" \/>\n<meta property=\"og:site_name\" content=\"\u039cietwagen in Paros Griechenland | Autovermietung in Paros Griechenland\" \/>\n<meta property=\"article:publisher\" content=\"https:\/\/www.facebook.com\/paroscarrental\" \/>\n<meta property=\"article:modified_time\" content=\"2015-02-28T07:00:09+00:00\" \/>\n<meta name=\"twitter:card\" content=\"summary_large_image\" \/>\n<meta name=\"twitter:site\" content=\"@parosrentcar\" \/>\n<meta name=\"twitter:label1\" content=\"Gesch\u00e4tzte Lesezeit\" \/>\n\t<meta name=\"twitter:data1\" content=\"2\u00a0Minuten\" \/>\n<script type=\"application\/ld+json\" class=\"yoast-schema-graph\">{\"@context\":\"https:\/\/schema.org\",\"@graph\":[{\"@type\":\"WebPage\",\"@id\":\"https:\/\/parosrentcar.com\/de\/paros-dorfer\/parikia\/\",\"url\":\"https:\/\/parosrentcar.com\/de\/paros-dorfer\/parikia\/\",\"name\":\"Parikia- ParosEuropeanRent \u2013 Paros Mietwagen Griechenland\",\"isPartOf\":{\"@id\":\"https:\/\/parosrentcar.com\/de\/#website\"},\"datePublished\":\"2014-12-13T15:48:04+00:00\",\"dateModified\":\"2015-02-28T07:00:09+00:00\",\"description\":\"Parikia-Mieten Sie ein Auto, Buggy, Roller, Motorrad, quad, atv und entdecken Sie die Sehensw\u00fcrdigkeiten und die Str\u00e4nde von Paros.\",\"breadcrumb\":{\"@id\":\"https:\/\/parosrentcar.com\/de\/paros-dorfer\/parikia\/#breadcrumb\"},\"inLanguage\":\"de\",\"potentialAction\":[{\"@type\":\"ReadAction\",\"target\":[\"https:\/\/parosrentcar.com\/de\/paros-dorfer\/parikia\/\"]}]},{\"@type\":\"BreadcrumbList\",\"@id\":\"https:\/\/parosrentcar.com\/de\/paros-dorfer\/parikia\/#breadcrumb\",\"itemListElement\":[{\"@type\":\"ListItem\",\"position\":1,\"name\":\"Home\",\"item\":\"https:\/\/parosrentcar.com\/de\/\"},{\"@type\":\"ListItem\",\"position\":2,\"name\":\"D\u00f6rfer\",\"item\":\"https:\/\/parosrentcar.com\/de\/paros-dorfer\/\"},{\"@type\":\"ListItem\",\"position\":3,\"name\":\"Parikia\"}]},{\"@type\":\"WebSite\",\"@id\":\"https:\/\/parosrentcar.com\/de\/#website\",\"url\":\"https:\/\/parosrentcar.com\/de\/\",\"name\":\"\u039cietwagen in Paros Griechenland | Autovermietung in Paros Griechenland\",\"description\":\"\u039cietwagen in Paros Griechenland\",\"potentialAction\":[{\"@type\":\"SearchAction\",\"target\":{\"@type\":\"EntryPoint\",\"urlTemplate\":\"https:\/\/parosrentcar.com\/de\/?s={search_term_string}\"},\"query-input\":{\"@type\":\"PropertyValueSpecification\",\"valueRequired\":true,\"valueName\":\"search_term_string\"}}],\"inLanguage\":\"de\"}]}<\/script>\n<!-- \/ Yoast SEO plugin. -->","yoast_head_json":{"title":"Parikia- ParosEuropeanRent \u2013 Paros Mietwagen Griechenland","description":"Parikia-Mieten Sie ein Auto, Buggy, Roller, Motorrad, quad, atv und entdecken Sie die Sehensw\u00fcrdigkeiten und die Str\u00e4nde von Paros.","robots":{"index":"index","follow":"follow","max-snippet":"max-snippet:-1","max-image-preview":"max-image-preview:large","max-video-preview":"max-video-preview:-1"},"canonical":"https:\/\/parosrentcar.com\/de\/paros-dorfer\/parikia\/","og_locale":"de_DE","og_type":"article","og_title":"Parikia- ParosEuropeanRent \u2013 Paros Mietwagen Griechenland","og_description":"Parikia-Mieten Sie ein Auto, Buggy, Roller, Motorrad, quad, atv und entdecken Sie die Sehensw\u00fcrdigkeiten und die Str\u00e4nde von Paros.","og_url":"https:\/\/parosrentcar.com\/de\/paros-dorfer\/parikia\/","og_site_name":"\u039cietwagen in Paros Griechenland | Autovermietung in Paros Griechenland","article_publisher":"https:\/\/www.facebook.com\/paroscarrental","article_modified_time":"2015-02-28T07:00:09+00:00","twitter_card":"summary_large_image","twitter_site":"@parosrentcar","twitter_misc":{"Gesch\u00e4tzte Lesezeit":"2\u00a0Minuten"},"schema":{"@context":"https:\/\/schema.org","@graph":[{"@type":"WebPage","@id":"https:\/\/parosrentcar.com\/de\/paros-dorfer\/parikia\/","url":"https:\/\/parosrentcar.com\/de\/paros-dorfer\/parikia\/","name":"Parikia- ParosEuropeanRent \u2013 Paros Mietwagen Griechenland","isPartOf":{"@id":"https:\/\/parosrentcar.com\/de\/#website"},"datePublished":"2014-12-13T15:48:04+00:00","dateModified":"2015-02-28T07:00:09+00:00","description":"Parikia-Mieten Sie ein Auto, Buggy, Roller, Motorrad, quad, atv und entdecken Sie die Sehensw\u00fcrdigkeiten und die Str\u00e4nde von Paros.","breadcrumb":{"@id":"https:\/\/parosrentcar.com\/de\/paros-dorfer\/parikia\/#breadcrumb"},"inLanguage":"de","potentialAction":[{"@type":"ReadAction","target":["https:\/\/parosrentcar.com\/de\/paros-dorfer\/parikia\/"]}]},{"@type":"BreadcrumbList","@id":"https:\/\/parosrentcar.com\/de\/paros-dorfer\/parikia\/#breadcrumb","itemListElement":[{"@type":"ListItem","position":1,"name":"Home","item":"https:\/\/parosrentcar.com\/de\/"},{"@type":"ListItem","position":2,"name":"D\u00f6rfer","item":"https:\/\/parosrentcar.com\/de\/paros-dorfer\/"},{"@type":"ListItem","position":3,"name":"Parikia"}]},{"@type":"WebSite","@id":"https:\/\/parosrentcar.com\/de\/#website","url":"https:\/\/parosrentcar.com\/de\/","name":"\u039cietwagen in Paros Griechenland | Autovermietung in Paros Griechenland","description":"\u039cietwagen in Paros Griechenland","potentialAction":[{"@type":"SearchAction","target":{"@type":"EntryPoint","urlTemplate":"https:\/\/parosrentcar.com\/de\/?s={search_term_string}"},"query-input":{"@type":"PropertyValueSpecification","valueRequired":true,"valueName":"search_term_string"}}],"inLanguage":"de"}]}},"_links":{"self":[{"href":"https:\/\/parosrentcar.com\/de\/wp-json\/wp\/v2\/pages\/1405","targetHints":{"allow":["GET"]}}],"collection":[{"href":"https:\/\/parosrentcar.com\/de\/wp-json\/wp\/v2\/pages"}],"about":[{"href":"https:\/\/parosrentcar.com\/de\/wp-json\/wp\/v2\/types\/page"}],"author":[{"embeddable":true,"href":"https:\/\/parosrentcar.com\/de\/wp-json\/wp\/v2\/users\/1"}],"replies":[{"embeddable":true,"href":"https:\/\/parosrentcar.com\/de\/wp-json\/wp\/v2\/comments?post=1405"}],"version-history":[{"count":2,"href":"https:\/\/parosrentcar.com\/de\/wp-json\/wp\/v2\/pages\/1405\/revisions"}],"predecessor-version":[{"id":2012,"href":"https:\/\/parosrentcar.com\/de\/wp-json\/wp\/v2\/pages\/1405\/revisions\/2012"}],"up":[{"embeddable":true,"href":"https:\/\/parosrentcar.com\/de\/wp-json\/wp\/v2\/pages\/1380"}],"wp:attachment":[{"href":"https:\/\/parosrentcar.com\/de\/wp-json\/wp\/v2\/media?parent=1405"}],"curies":[{"name":"wp","href":"https:\/\/api.w.org\/{rel}","templated":true}]}}