{"id":1399,"date":"2014-12-13T15:44:44","date_gmt":"2014-12-13T15:44:44","guid":{"rendered":"http:\/\/parosrentcar.com\/el\/?page_id=1399"},"modified":"2015-02-28T06:56:48","modified_gmt":"2015-02-28T06:56:48","slug":"marpissa","status":"publish","type":"page","link":"https:\/\/parosrentcar.com\/de\/paros-dorfer\/marpissa\/","title":{"rendered":"Marpissa"},"content":{"rendered":"<p><strong>Marpissa<\/strong> ist ein anderes Dorf von Paros,\u00a0 das die Tradition von Kykladen bewahrt, nicht nur was ihre Struktur betrifft, sondern auch in der Art und Weise, wie Ihre Bewohner leben. \u00a0Es liegt \u00f6stlich von Parikia. Sie halten noch am Leben die Sitten und Gebr\u00e4uche ihrer Voreltern. Es wird in der Form eines Amphitheaters auf einem kleinen H\u00fcgel gebaut.<\/p>\n<p>Marpissa ist wie alle andere Orte auf der Insel nach dem kykladitischen Styl gebaut: wei\u00dfe Hauser, get\u00fcnchte H\u00f6fe mit Blumen, malerische Windm\u00fchle, die Kirchen, alles so\u00a0 gestellt, was Sie \u00a0sicher anreizt. Sie sollen die <strong>Kirche\u00a0 Agio Dimitrio<\/strong>,\u00a0 <strong>Evangelistria<\/strong> \u00a0und <strong>Volkskunde Museum<\/strong> besuchen. Die Kathedrale des Dorfes wird im Jahr1960 gebaut und zum Ehren von Metamorphosi\u00a0 Sotira.<\/p>\n<p>Im \u00f6stlichen Teil von Marpisssa steht der <strong>H\u00fcgel Kefalos<\/strong>. Dort sehen Sie die Ruinen der venezianischen Burg, die im 15. Jahrhundert gebaut wird. Dort genie\u00dfen Sie den herrlichen Blick der \u00f6stlichen Seite von Paros und den engen Meeresdurchfahrt Paros \u2013 Naxos. Au\u00dferdem sollten Sie das <strong>Kloster<\/strong> <strong>Agios Antonios<\/strong> aus dem 16. Jahrhundert besuchen.<\/p>\n<p>In dieser Region k\u00f6nnen Sie <strong>Tavernen und Caf\u00e9s<\/strong>, \u00a0\u00dcbernachtungsm\u00f6glichkeiten, Superm\u00e4rkte und Apotheke finden. Von Marpissa k\u00f6nnen Sie einige der ber\u00fchmtesten <strong>Str\u00e4nde<\/strong> der Insel erreichen, wie Drios, Piso Livadi, Logaras, Pounta und Chrisi Akti.<\/p>\n","protected":false},"excerpt":{"rendered":"<p>Marpissa ist ein anderes Dorf von Paros,\u00a0 das die Tradition von Kykladen bewahrt, nicht nur was ihre Struktur betrifft, sondern auch in der Art und Weise, wie Ihre Bewohner leben. \u00a0Es liegt \u00f6stlich von Parikia. Sie halten noch am Leben die Sitten und Gebr\u00e4uche ihrer Voreltern. Es wird in der Form eines Amphitheaters auf einem kleinen H\u00fcgel gebaut. Marpissa ist wie alle andere Orte auf der Insel nach dem kykladitischen Styl gebaut: wei\u00dfe Hauser, get\u00fcnchte H\u00f6fe mit Blumen, malerische Windm\u00fchle, die Kirchen, alles so\u00a0 gestellt, was Sie \u00a0sicher anreizt. Sie sollen die Kirche\u00a0 Agio Dimitrio,\u00a0 Evangelistria \u00a0und Volkskunde Museum besuchen. Die Kathedrale des Dorfes wird im Jahr1960 gebaut und zum [&hellip;]<\/p>\n","protected":false},"author":1,"featured_media":0,"parent":1380,"menu_order":0,"comment_status":"closed","ping_status":"closed","template":"page-templates\/attraction.php","meta":{"footnotes":""},"class_list":["post-1399","page","type-page","status-publish","hentry"],"yoast_head":"<!-- This site is optimized with the Yoast SEO plugin v27.1.1 - https:\/\/yoast.com\/product\/yoast-seo-wordpress\/ -->\n<title>Marpissa- ParosEuropeanRent \u2013 Paros Mietwagen Griechenland<\/title>\n<meta name=\"description\" content=\"Marpissa-Mieten Sie ein Auto, Buggy, Roller, Motorrad, quad, atv und entdecken Sie die Sehensw\u00fcrdigkeiten und die Str\u00e4nde von Paros.\" \/>\n<meta name=\"robots\" content=\"index, follow, max-snippet:-1, max-image-preview:large, max-video-preview:-1\" \/>\n<link rel=\"canonical\" href=\"https:\/\/parosrentcar.com\/de\/paros-dorfer\/marpissa\/\" \/>\n<meta property=\"og:locale\" content=\"de_DE\" \/>\n<meta property=\"og:type\" content=\"article\" \/>\n<meta property=\"og:title\" content=\"Marpissa- ParosEuropeanRent \u2013 Paros Mietwagen Griechenland\" \/>\n<meta property=\"og:description\" content=\"Marpissa-Mieten Sie ein Auto, Buggy, Roller, Motorrad, quad, atv und entdecken Sie die Sehensw\u00fcrdigkeiten und die Str\u00e4nde von Paros.\" \/>\n<meta property=\"og:url\" content=\"https:\/\/parosrentcar.com\/de\/paros-dorfer\/marpissa\/\" \/>\n<meta property=\"og:site_name\" content=\"\u039cietwagen in Paros Griechenland | Autovermietung in Paros Griechenland\" \/>\n<meta property=\"article:publisher\" content=\"https:\/\/www.facebook.com\/paroscarrental\" \/>\n<meta property=\"article:modified_time\" content=\"2015-02-28T06:56:48+00:00\" \/>\n<meta name=\"twitter:card\" content=\"summary_large_image\" \/>\n<meta name=\"twitter:site\" content=\"@parosrentcar\" \/>\n<meta name=\"twitter:label1\" content=\"Gesch\u00e4tzte Lesezeit\" \/>\n\t<meta name=\"twitter:data1\" content=\"1\u00a0Minute\" \/>\n<script type=\"application\/ld+json\" class=\"yoast-schema-graph\">{\"@context\":\"https:\/\/schema.org\",\"@graph\":[{\"@type\":\"WebPage\",\"@id\":\"https:\/\/parosrentcar.com\/de\/paros-dorfer\/marpissa\/\",\"url\":\"https:\/\/parosrentcar.com\/de\/paros-dorfer\/marpissa\/\",\"name\":\"Marpissa- ParosEuropeanRent \u2013 Paros Mietwagen Griechenland\",\"isPartOf\":{\"@id\":\"https:\/\/parosrentcar.com\/de\/#website\"},\"datePublished\":\"2014-12-13T15:44:44+00:00\",\"dateModified\":\"2015-02-28T06:56:48+00:00\",\"description\":\"Marpissa-Mieten Sie ein Auto, Buggy, Roller, Motorrad, quad, atv und entdecken Sie die Sehensw\u00fcrdigkeiten und die Str\u00e4nde von Paros.\",\"breadcrumb\":{\"@id\":\"https:\/\/parosrentcar.com\/de\/paros-dorfer\/marpissa\/#breadcrumb\"},\"inLanguage\":\"de\",\"potentialAction\":[{\"@type\":\"ReadAction\",\"target\":[\"https:\/\/parosrentcar.com\/de\/paros-dorfer\/marpissa\/\"]}]},{\"@type\":\"BreadcrumbList\",\"@id\":\"https:\/\/parosrentcar.com\/de\/paros-dorfer\/marpissa\/#breadcrumb\",\"itemListElement\":[{\"@type\":\"ListItem\",\"position\":1,\"name\":\"Home\",\"item\":\"https:\/\/parosrentcar.com\/de\/\"},{\"@type\":\"ListItem\",\"position\":2,\"name\":\"D\u00f6rfer\",\"item\":\"https:\/\/parosrentcar.com\/de\/paros-dorfer\/\"},{\"@type\":\"ListItem\",\"position\":3,\"name\":\"Marpissa\"}]},{\"@type\":\"WebSite\",\"@id\":\"https:\/\/parosrentcar.com\/de\/#website\",\"url\":\"https:\/\/parosrentcar.com\/de\/\",\"name\":\"\u039cietwagen in Paros Griechenland | Autovermietung in Paros Griechenland\",\"description\":\"\u039cietwagen in Paros Griechenland\",\"potentialAction\":[{\"@type\":\"SearchAction\",\"target\":{\"@type\":\"EntryPoint\",\"urlTemplate\":\"https:\/\/parosrentcar.com\/de\/?s={search_term_string}\"},\"query-input\":{\"@type\":\"PropertyValueSpecification\",\"valueRequired\":true,\"valueName\":\"search_term_string\"}}],\"inLanguage\":\"de\"}]}<\/script>\n<!-- \/ Yoast SEO plugin. -->","yoast_head_json":{"title":"Marpissa- ParosEuropeanRent \u2013 Paros Mietwagen Griechenland","description":"Marpissa-Mieten Sie ein Auto, Buggy, Roller, Motorrad, quad, atv und entdecken Sie die Sehensw\u00fcrdigkeiten und die Str\u00e4nde von Paros.","robots":{"index":"index","follow":"follow","max-snippet":"max-snippet:-1","max-image-preview":"max-image-preview:large","max-video-preview":"max-video-preview:-1"},"canonical":"https:\/\/parosrentcar.com\/de\/paros-dorfer\/marpissa\/","og_locale":"de_DE","og_type":"article","og_title":"Marpissa- ParosEuropeanRent \u2013 Paros Mietwagen Griechenland","og_description":"Marpissa-Mieten Sie ein Auto, Buggy, Roller, Motorrad, quad, atv und entdecken Sie die Sehensw\u00fcrdigkeiten und die Str\u00e4nde von Paros.","og_url":"https:\/\/parosrentcar.com\/de\/paros-dorfer\/marpissa\/","og_site_name":"\u039cietwagen in Paros Griechenland | Autovermietung in Paros Griechenland","article_publisher":"https:\/\/www.facebook.com\/paroscarrental","article_modified_time":"2015-02-28T06:56:48+00:00","twitter_card":"summary_large_image","twitter_site":"@parosrentcar","twitter_misc":{"Gesch\u00e4tzte Lesezeit":"1\u00a0Minute"},"schema":{"@context":"https:\/\/schema.org","@graph":[{"@type":"WebPage","@id":"https:\/\/parosrentcar.com\/de\/paros-dorfer\/marpissa\/","url":"https:\/\/parosrentcar.com\/de\/paros-dorfer\/marpissa\/","name":"Marpissa- ParosEuropeanRent \u2013 Paros Mietwagen Griechenland","isPartOf":{"@id":"https:\/\/parosrentcar.com\/de\/#website"},"datePublished":"2014-12-13T15:44:44+00:00","dateModified":"2015-02-28T06:56:48+00:00","description":"Marpissa-Mieten Sie ein Auto, Buggy, Roller, Motorrad, quad, atv und entdecken Sie die Sehensw\u00fcrdigkeiten und die Str\u00e4nde von Paros.","breadcrumb":{"@id":"https:\/\/parosrentcar.com\/de\/paros-dorfer\/marpissa\/#breadcrumb"},"inLanguage":"de","potentialAction":[{"@type":"ReadAction","target":["https:\/\/parosrentcar.com\/de\/paros-dorfer\/marpissa\/"]}]},{"@type":"BreadcrumbList","@id":"https:\/\/parosrentcar.com\/de\/paros-dorfer\/marpissa\/#breadcrumb","itemListElement":[{"@type":"ListItem","position":1,"name":"Home","item":"https:\/\/parosrentcar.com\/de\/"},{"@type":"ListItem","position":2,"name":"D\u00f6rfer","item":"https:\/\/parosrentcar.com\/de\/paros-dorfer\/"},{"@type":"ListItem","position":3,"name":"Marpissa"}]},{"@type":"WebSite","@id":"https:\/\/parosrentcar.com\/de\/#website","url":"https:\/\/parosrentcar.com\/de\/","name":"\u039cietwagen in Paros Griechenland | Autovermietung in Paros Griechenland","description":"\u039cietwagen in Paros Griechenland","potentialAction":[{"@type":"SearchAction","target":{"@type":"EntryPoint","urlTemplate":"https:\/\/parosrentcar.com\/de\/?s={search_term_string}"},"query-input":{"@type":"PropertyValueSpecification","valueRequired":true,"valueName":"search_term_string"}}],"inLanguage":"de"}]}},"_links":{"self":[{"href":"https:\/\/parosrentcar.com\/de\/wp-json\/wp\/v2\/pages\/1399","targetHints":{"allow":["GET"]}}],"collection":[{"href":"https:\/\/parosrentcar.com\/de\/wp-json\/wp\/v2\/pages"}],"about":[{"href":"https:\/\/parosrentcar.com\/de\/wp-json\/wp\/v2\/types\/page"}],"author":[{"embeddable":true,"href":"https:\/\/parosrentcar.com\/de\/wp-json\/wp\/v2\/users\/1"}],"replies":[{"embeddable":true,"href":"https:\/\/parosrentcar.com\/de\/wp-json\/wp\/v2\/comments?post=1399"}],"version-history":[{"count":1,"href":"https:\/\/parosrentcar.com\/de\/wp-json\/wp\/v2\/pages\/1399\/revisions"}],"predecessor-version":[{"id":2008,"href":"https:\/\/parosrentcar.com\/de\/wp-json\/wp\/v2\/pages\/1399\/revisions\/2008"}],"up":[{"embeddable":true,"href":"https:\/\/parosrentcar.com\/de\/wp-json\/wp\/v2\/pages\/1380"}],"wp:attachment":[{"href":"https:\/\/parosrentcar.com\/de\/wp-json\/wp\/v2\/media?parent=1399"}],"curies":[{"name":"wp","href":"https:\/\/api.w.org\/{rel}","templated":true}]}}