{"id":1396,"date":"2014-12-13T15:42:54","date_gmt":"2014-12-13T15:42:54","guid":{"rendered":"http:\/\/parosrentcar.com\/el\/?page_id=1396"},"modified":"2015-02-28T06:55:38","modified_gmt":"2015-02-28T06:55:38","slug":"lefkes","status":"publish","type":"page","link":"https:\/\/parosrentcar.com\/de\/paros-dorfer\/lefkes\/","title":{"rendered":"Lefkes"},"content":{"rendered":"<p><strong>Das Bergdorf<\/strong> liegt fast im Zentrum der Insel, in H\u00f6he 250 Meter und 11 km von Parikia. Es ist ein sch\u00f6nes Dorf, in der Form eines <strong>Amphitheaters<\/strong> am Fu\u00df des Berges gebaut. Die Natur und die traditionellen Merkmale \u00a0von Kykladen sind dort kombiniert und \u00a0geben ein\u00a0 herrliches Charme. Das Dorf<strong> Lefkes <\/strong>ist im 16. Jahrhundert gegr\u00fcndet, wahrscheinlich von Fl\u00fcchtlingen, die Kreta und Peloponissos verlassen haben.<\/p>\n<p>Die zauberhafte Rundfahrt in Lefkes ist es einigerma\u00dfen gezwungen, weil sie ihr Auto auf dem Parkingplatz lassen m\u00fcssen, sobald Sie im Dorf ankommen. Die wei\u00dfen H\u00e4user die get\u00fcnchten Burgersteige und die kleinen G\u00e4rten mit den bunten Blumen reist Sie in andere Zeiten. In Lefkes finden Sie viele <strong>byzantische <\/strong>Kirchen vom 15. Und 16. Jahrhundert nach Christus. Die <strong>Kirche<\/strong>\u00a0 <strong>Agia \u00a0Triada<\/strong> \u00a0\u00a0mit dem\u00a0 Tempel aus Marmor \u00a0und die kostbaren byzantischen Ikonen sind am wichtigsten.<\/p>\n<p>Wer das Wandern liebt, soll nicht den <strong>byzantischen Weg<\/strong>\u00a0 verlieren, der von Lefkes nach Prodromos f\u00e4hrt. Er wird vor 1000 Jahren gebaut und hat\u00a0 Fliesen aus Marmor, die Sie zu einem tollen, nat\u00fcrlichen Ort mit Oliven und Myrten f\u00fchrt. Es gibt im Dorf viele Hotels und Zimmer zum Mieten. In den Tavernen k\u00f6nnen Sie leckere traditionelle Gerichte probieren.<\/p>\n<p><strong>\u00a0<\/strong><\/p>\n<p><strong>\u00a0<\/strong><\/p>\n","protected":false},"excerpt":{"rendered":"<p>Das Bergdorf liegt fast im Zentrum der Insel, in H\u00f6he 250 Meter und 11 km von Parikia. Es ist ein sch\u00f6nes Dorf, in der Form eines Amphitheaters am Fu\u00df des Berges gebaut. Die Natur und die traditionellen Merkmale \u00a0von Kykladen sind dort kombiniert und \u00a0geben ein\u00a0 herrliches Charme. Das Dorf Lefkes ist im 16. Jahrhundert gegr\u00fcndet, wahrscheinlich von Fl\u00fcchtlingen, die Kreta und Peloponissos verlassen haben. Die zauberhafte Rundfahrt in Lefkes ist es einigerma\u00dfen gezwungen, weil sie ihr Auto auf dem Parkingplatz lassen m\u00fcssen, sobald Sie im Dorf ankommen. Die wei\u00dfen H\u00e4user die get\u00fcnchten Burgersteige und die kleinen G\u00e4rten mit den bunten Blumen reist Sie in andere Zeiten. In Lefkes finden [&hellip;]<\/p>\n","protected":false},"author":1,"featured_media":0,"parent":1380,"menu_order":0,"comment_status":"closed","ping_status":"closed","template":"page-templates\/attraction.php","meta":{"footnotes":""},"class_list":["post-1396","page","type-page","status-publish","hentry"],"yoast_head":"<!-- This site is optimized with the Yoast SEO plugin v27.1.1 - https:\/\/yoast.com\/product\/yoast-seo-wordpress\/ -->\n<title>Lefkes- ParosEuropeanRent \u2013 Paros Mietwagen Griechenland<\/title>\n<meta name=\"description\" content=\"Lefkes-Mieten Sie ein Auto, Buggy, Roller, Motorrad, quad, atv und entdecken Sie die Sehensw\u00fcrdigkeiten und die Str\u00e4nde von Paros.\" \/>\n<meta name=\"robots\" content=\"index, follow, max-snippet:-1, max-image-preview:large, max-video-preview:-1\" \/>\n<link rel=\"canonical\" href=\"https:\/\/parosrentcar.com\/de\/paros-dorfer\/lefkes\/\" \/>\n<meta property=\"og:locale\" content=\"de_DE\" \/>\n<meta property=\"og:type\" content=\"article\" \/>\n<meta property=\"og:title\" content=\"Lefkes- ParosEuropeanRent \u2013 Paros Mietwagen Griechenland\" \/>\n<meta property=\"og:description\" content=\"Lefkes-Mieten Sie ein Auto, Buggy, Roller, Motorrad, quad, atv und entdecken Sie die Sehensw\u00fcrdigkeiten und die Str\u00e4nde von Paros.\" \/>\n<meta property=\"og:url\" content=\"https:\/\/parosrentcar.com\/de\/paros-dorfer\/lefkes\/\" \/>\n<meta property=\"og:site_name\" content=\"\u039cietwagen in Paros Griechenland | Autovermietung in Paros Griechenland\" \/>\n<meta property=\"article:publisher\" content=\"https:\/\/www.facebook.com\/paroscarrental\" \/>\n<meta property=\"article:modified_time\" content=\"2015-02-28T06:55:38+00:00\" \/>\n<meta name=\"twitter:card\" content=\"summary_large_image\" \/>\n<meta name=\"twitter:site\" content=\"@parosrentcar\" \/>\n<meta name=\"twitter:label1\" content=\"Gesch\u00e4tzte Lesezeit\" \/>\n\t<meta name=\"twitter:data1\" content=\"1\u00a0Minute\" \/>\n<script type=\"application\/ld+json\" class=\"yoast-schema-graph\">{\"@context\":\"https:\/\/schema.org\",\"@graph\":[{\"@type\":\"WebPage\",\"@id\":\"https:\/\/parosrentcar.com\/de\/paros-dorfer\/lefkes\/\",\"url\":\"https:\/\/parosrentcar.com\/de\/paros-dorfer\/lefkes\/\",\"name\":\"Lefkes- ParosEuropeanRent \u2013 Paros Mietwagen Griechenland\",\"isPartOf\":{\"@id\":\"https:\/\/parosrentcar.com\/de\/#website\"},\"datePublished\":\"2014-12-13T15:42:54+00:00\",\"dateModified\":\"2015-02-28T06:55:38+00:00\",\"description\":\"Lefkes-Mieten Sie ein Auto, Buggy, Roller, Motorrad, quad, atv und entdecken Sie die Sehensw\u00fcrdigkeiten und die Str\u00e4nde von Paros.\",\"breadcrumb\":{\"@id\":\"https:\/\/parosrentcar.com\/de\/paros-dorfer\/lefkes\/#breadcrumb\"},\"inLanguage\":\"de\",\"potentialAction\":[{\"@type\":\"ReadAction\",\"target\":[\"https:\/\/parosrentcar.com\/de\/paros-dorfer\/lefkes\/\"]}]},{\"@type\":\"BreadcrumbList\",\"@id\":\"https:\/\/parosrentcar.com\/de\/paros-dorfer\/lefkes\/#breadcrumb\",\"itemListElement\":[{\"@type\":\"ListItem\",\"position\":1,\"name\":\"Home\",\"item\":\"https:\/\/parosrentcar.com\/de\/\"},{\"@type\":\"ListItem\",\"position\":2,\"name\":\"D\u00f6rfer\",\"item\":\"https:\/\/parosrentcar.com\/de\/paros-dorfer\/\"},{\"@type\":\"ListItem\",\"position\":3,\"name\":\"Lefkes\"}]},{\"@type\":\"WebSite\",\"@id\":\"https:\/\/parosrentcar.com\/de\/#website\",\"url\":\"https:\/\/parosrentcar.com\/de\/\",\"name\":\"\u039cietwagen in Paros Griechenland | Autovermietung in Paros Griechenland\",\"description\":\"\u039cietwagen in Paros Griechenland\",\"potentialAction\":[{\"@type\":\"SearchAction\",\"target\":{\"@type\":\"EntryPoint\",\"urlTemplate\":\"https:\/\/parosrentcar.com\/de\/?s={search_term_string}\"},\"query-input\":{\"@type\":\"PropertyValueSpecification\",\"valueRequired\":true,\"valueName\":\"search_term_string\"}}],\"inLanguage\":\"de\"}]}<\/script>\n<!-- \/ Yoast SEO plugin. -->","yoast_head_json":{"title":"Lefkes- ParosEuropeanRent \u2013 Paros Mietwagen Griechenland","description":"Lefkes-Mieten Sie ein Auto, Buggy, Roller, Motorrad, quad, atv und entdecken Sie die Sehensw\u00fcrdigkeiten und die Str\u00e4nde von Paros.","robots":{"index":"index","follow":"follow","max-snippet":"max-snippet:-1","max-image-preview":"max-image-preview:large","max-video-preview":"max-video-preview:-1"},"canonical":"https:\/\/parosrentcar.com\/de\/paros-dorfer\/lefkes\/","og_locale":"de_DE","og_type":"article","og_title":"Lefkes- ParosEuropeanRent \u2013 Paros Mietwagen Griechenland","og_description":"Lefkes-Mieten Sie ein Auto, Buggy, Roller, Motorrad, quad, atv und entdecken Sie die Sehensw\u00fcrdigkeiten und die Str\u00e4nde von Paros.","og_url":"https:\/\/parosrentcar.com\/de\/paros-dorfer\/lefkes\/","og_site_name":"\u039cietwagen in Paros Griechenland | Autovermietung in Paros Griechenland","article_publisher":"https:\/\/www.facebook.com\/paroscarrental","article_modified_time":"2015-02-28T06:55:38+00:00","twitter_card":"summary_large_image","twitter_site":"@parosrentcar","twitter_misc":{"Gesch\u00e4tzte Lesezeit":"1\u00a0Minute"},"schema":{"@context":"https:\/\/schema.org","@graph":[{"@type":"WebPage","@id":"https:\/\/parosrentcar.com\/de\/paros-dorfer\/lefkes\/","url":"https:\/\/parosrentcar.com\/de\/paros-dorfer\/lefkes\/","name":"Lefkes- ParosEuropeanRent \u2013 Paros Mietwagen Griechenland","isPartOf":{"@id":"https:\/\/parosrentcar.com\/de\/#website"},"datePublished":"2014-12-13T15:42:54+00:00","dateModified":"2015-02-28T06:55:38+00:00","description":"Lefkes-Mieten Sie ein Auto, Buggy, Roller, Motorrad, quad, atv und entdecken Sie die Sehensw\u00fcrdigkeiten und die Str\u00e4nde von Paros.","breadcrumb":{"@id":"https:\/\/parosrentcar.com\/de\/paros-dorfer\/lefkes\/#breadcrumb"},"inLanguage":"de","potentialAction":[{"@type":"ReadAction","target":["https:\/\/parosrentcar.com\/de\/paros-dorfer\/lefkes\/"]}]},{"@type":"BreadcrumbList","@id":"https:\/\/parosrentcar.com\/de\/paros-dorfer\/lefkes\/#breadcrumb","itemListElement":[{"@type":"ListItem","position":1,"name":"Home","item":"https:\/\/parosrentcar.com\/de\/"},{"@type":"ListItem","position":2,"name":"D\u00f6rfer","item":"https:\/\/parosrentcar.com\/de\/paros-dorfer\/"},{"@type":"ListItem","position":3,"name":"Lefkes"}]},{"@type":"WebSite","@id":"https:\/\/parosrentcar.com\/de\/#website","url":"https:\/\/parosrentcar.com\/de\/","name":"\u039cietwagen in Paros Griechenland | Autovermietung in Paros Griechenland","description":"\u039cietwagen in Paros Griechenland","potentialAction":[{"@type":"SearchAction","target":{"@type":"EntryPoint","urlTemplate":"https:\/\/parosrentcar.com\/de\/?s={search_term_string}"},"query-input":{"@type":"PropertyValueSpecification","valueRequired":true,"valueName":"search_term_string"}}],"inLanguage":"de"}]}},"_links":{"self":[{"href":"https:\/\/parosrentcar.com\/de\/wp-json\/wp\/v2\/pages\/1396","targetHints":{"allow":["GET"]}}],"collection":[{"href":"https:\/\/parosrentcar.com\/de\/wp-json\/wp\/v2\/pages"}],"about":[{"href":"https:\/\/parosrentcar.com\/de\/wp-json\/wp\/v2\/types\/page"}],"author":[{"embeddable":true,"href":"https:\/\/parosrentcar.com\/de\/wp-json\/wp\/v2\/users\/1"}],"replies":[{"embeddable":true,"href":"https:\/\/parosrentcar.com\/de\/wp-json\/wp\/v2\/comments?post=1396"}],"version-history":[{"count":1,"href":"https:\/\/parosrentcar.com\/de\/wp-json\/wp\/v2\/pages\/1396\/revisions"}],"predecessor-version":[{"id":2007,"href":"https:\/\/parosrentcar.com\/de\/wp-json\/wp\/v2\/pages\/1396\/revisions\/2007"}],"up":[{"embeddable":true,"href":"https:\/\/parosrentcar.com\/de\/wp-json\/wp\/v2\/pages\/1380"}],"wp:attachment":[{"href":"https:\/\/parosrentcar.com\/de\/wp-json\/wp\/v2\/media?parent=1396"}],"curies":[{"name":"wp","href":"https:\/\/api.w.org\/{rel}","templated":true}]}}