{"id":1388,"date":"2014-12-13T15:38:25","date_gmt":"2014-12-13T15:38:25","guid":{"rendered":"http:\/\/parosrentcar.com\/el\/?page_id=1388"},"modified":"2015-02-28T06:53:11","modified_gmt":"2015-02-28T06:53:11","slug":"drios","status":"publish","type":"page","link":"https:\/\/parosrentcar.com\/de\/paros-dorfer\/drios\/","title":{"rendered":"Drios"},"content":{"rendered":"<p><strong>Drios <\/strong>ist \u00a0ein am Meer liegendes Dorf mit viel Gr\u00fcn und flie\u00dfendes Wasser, 25 km von Parikia. Es liegt in der \u00f6stlichen Seite der Insel und im Vergleich zu den anderen Orten der Insel ist sein Boden furchtbar \u00a0sogar in der Sommerzeit. Das Dorf ist von der archaischen Zeit bewohnbar. In dem Ort Pirgaki wird ein antiker Friedhof aus dem 2. Jahrtausend vor Christus entdeckt.<\/p>\n<p>Jeden Sommer besuchen viele Touristen diesen Ort, wo es sch\u00f6ne H\u00e4user und Hotels gibt. Trotz der Tatsache, dass das Dorf eine touristische Infrastruktur hat, bewahrt es seine <strong>traditionelle zykladische<\/strong> Farbe und es \u00a0ist ganz ruhig. Die Besucher k\u00f6nnen Spazierg\u00e4nge im Dorf genie\u00dfen und unvergessliche Bilder erwerben. Es gibt dort viele <strong>Caf\u00e9s und Lokale<\/strong>, die 10 Minuten zu Fu\u00df entfernt sind. Das Essen ist ganz lecker und \u00a0Sie k\u00f6nnen entweder \u00a0zwischen einem am Meer liegenden\u00a0 Lokal\u00a0 oder einem, das in der N\u00e4he des Dorfes ist, ausw\u00e4hlen.<\/p>\n<p>Der <strong>Strand\u00a0 Drios<\/strong>\u00a0 hat zu kleinen Kieselsteinen und ist ideal f\u00fcr Leute, die den Menschendrang nicht gern haben. Beeindruckend sind die eingearbeiteten \u00a0Felsen, \u00a0wo nach der Tradition, die Antiker Seefahrer ihre Schiffe ankern. Au\u00dferdem gibt es Hotels und Unterk\u00fcnfte, Bars, \u00a0einen Supermarkt, touristische B\u00fcros und B\u00fcros, wo Sie Ihren Wagen mieten k\u00f6nnen.<\/p>\n","protected":false},"excerpt":{"rendered":"<p>Drios ist \u00a0ein am Meer liegendes Dorf mit viel Gr\u00fcn und flie\u00dfendes Wasser, 25 km von Parikia. Es liegt in der \u00f6stlichen Seite der Insel und im Vergleich zu den anderen Orten der Insel ist sein Boden furchtbar \u00a0sogar in der Sommerzeit. Das Dorf ist von der archaischen Zeit bewohnbar. In dem Ort Pirgaki wird ein antiker Friedhof aus dem 2. Jahrtausend vor Christus entdeckt. Jeden Sommer besuchen viele Touristen diesen Ort, wo es sch\u00f6ne H\u00e4user und Hotels gibt. Trotz der Tatsache, dass das Dorf eine touristische Infrastruktur hat, bewahrt es seine traditionelle zykladische Farbe und es \u00a0ist ganz ruhig. Die Besucher k\u00f6nnen Spazierg\u00e4nge im Dorf genie\u00dfen und unvergessliche Bilder [&hellip;]<\/p>\n","protected":false},"author":1,"featured_media":0,"parent":1380,"menu_order":0,"comment_status":"closed","ping_status":"closed","template":"page-templates\/attraction.php","meta":{"footnotes":""},"class_list":["post-1388","page","type-page","status-publish","hentry"],"yoast_head":"<!-- This site is optimized with the Yoast SEO plugin v27.1.1 - https:\/\/yoast.com\/product\/yoast-seo-wordpress\/ -->\n<title>Drios- ParosEuropeanRent \u2013 Paros Mietwagen Griechenland<\/title>\n<meta name=\"description\" content=\"Drios-Mieten Sie ein Auto, Buggy, Roller, Motorrad, quad, atv und entdecken Sie die Sehensw\u00fcrdigkeiten und die Str\u00e4nde von Paros.\" \/>\n<meta name=\"robots\" content=\"index, follow, max-snippet:-1, max-image-preview:large, max-video-preview:-1\" \/>\n<link rel=\"canonical\" href=\"https:\/\/parosrentcar.com\/de\/paros-dorfer\/drios\/\" \/>\n<meta property=\"og:locale\" content=\"de_DE\" \/>\n<meta property=\"og:type\" content=\"article\" \/>\n<meta property=\"og:title\" content=\"Drios- ParosEuropeanRent \u2013 Paros Mietwagen Griechenland\" \/>\n<meta property=\"og:description\" content=\"Drios-Mieten Sie ein Auto, Buggy, Roller, Motorrad, quad, atv und entdecken Sie die Sehensw\u00fcrdigkeiten und die Str\u00e4nde von Paros.\" \/>\n<meta property=\"og:url\" content=\"https:\/\/parosrentcar.com\/de\/paros-dorfer\/drios\/\" \/>\n<meta property=\"og:site_name\" content=\"\u039cietwagen in Paros Griechenland | Autovermietung in Paros Griechenland\" \/>\n<meta property=\"article:publisher\" content=\"https:\/\/www.facebook.com\/paroscarrental\" \/>\n<meta property=\"article:modified_time\" content=\"2015-02-28T06:53:11+00:00\" \/>\n<meta name=\"twitter:card\" content=\"summary_large_image\" \/>\n<meta name=\"twitter:site\" content=\"@parosrentcar\" \/>\n<meta name=\"twitter:label1\" content=\"Gesch\u00e4tzte Lesezeit\" \/>\n\t<meta name=\"twitter:data1\" content=\"1\u00a0Minute\" \/>\n<script type=\"application\/ld+json\" class=\"yoast-schema-graph\">{\"@context\":\"https:\/\/schema.org\",\"@graph\":[{\"@type\":\"WebPage\",\"@id\":\"https:\/\/parosrentcar.com\/de\/paros-dorfer\/drios\/\",\"url\":\"https:\/\/parosrentcar.com\/de\/paros-dorfer\/drios\/\",\"name\":\"Drios- ParosEuropeanRent \u2013 Paros Mietwagen Griechenland\",\"isPartOf\":{\"@id\":\"https:\/\/parosrentcar.com\/de\/#website\"},\"datePublished\":\"2014-12-13T15:38:25+00:00\",\"dateModified\":\"2015-02-28T06:53:11+00:00\",\"description\":\"Drios-Mieten Sie ein Auto, Buggy, Roller, Motorrad, quad, atv und entdecken Sie die Sehensw\u00fcrdigkeiten und die Str\u00e4nde von Paros.\",\"breadcrumb\":{\"@id\":\"https:\/\/parosrentcar.com\/de\/paros-dorfer\/drios\/#breadcrumb\"},\"inLanguage\":\"de\",\"potentialAction\":[{\"@type\":\"ReadAction\",\"target\":[\"https:\/\/parosrentcar.com\/de\/paros-dorfer\/drios\/\"]}]},{\"@type\":\"BreadcrumbList\",\"@id\":\"https:\/\/parosrentcar.com\/de\/paros-dorfer\/drios\/#breadcrumb\",\"itemListElement\":[{\"@type\":\"ListItem\",\"position\":1,\"name\":\"Home\",\"item\":\"https:\/\/parosrentcar.com\/de\/\"},{\"@type\":\"ListItem\",\"position\":2,\"name\":\"D\u00f6rfer\",\"item\":\"https:\/\/parosrentcar.com\/de\/paros-dorfer\/\"},{\"@type\":\"ListItem\",\"position\":3,\"name\":\"Drios\"}]},{\"@type\":\"WebSite\",\"@id\":\"https:\/\/parosrentcar.com\/de\/#website\",\"url\":\"https:\/\/parosrentcar.com\/de\/\",\"name\":\"\u039cietwagen in Paros Griechenland | Autovermietung in Paros Griechenland\",\"description\":\"\u039cietwagen in Paros Griechenland\",\"potentialAction\":[{\"@type\":\"SearchAction\",\"target\":{\"@type\":\"EntryPoint\",\"urlTemplate\":\"https:\/\/parosrentcar.com\/de\/?s={search_term_string}\"},\"query-input\":{\"@type\":\"PropertyValueSpecification\",\"valueRequired\":true,\"valueName\":\"search_term_string\"}}],\"inLanguage\":\"de\"}]}<\/script>\n<!-- \/ Yoast SEO plugin. -->","yoast_head_json":{"title":"Drios- ParosEuropeanRent \u2013 Paros Mietwagen Griechenland","description":"Drios-Mieten Sie ein Auto, Buggy, Roller, Motorrad, quad, atv und entdecken Sie die Sehensw\u00fcrdigkeiten und die Str\u00e4nde von Paros.","robots":{"index":"index","follow":"follow","max-snippet":"max-snippet:-1","max-image-preview":"max-image-preview:large","max-video-preview":"max-video-preview:-1"},"canonical":"https:\/\/parosrentcar.com\/de\/paros-dorfer\/drios\/","og_locale":"de_DE","og_type":"article","og_title":"Drios- ParosEuropeanRent \u2013 Paros Mietwagen Griechenland","og_description":"Drios-Mieten Sie ein Auto, Buggy, Roller, Motorrad, quad, atv und entdecken Sie die Sehensw\u00fcrdigkeiten und die Str\u00e4nde von Paros.","og_url":"https:\/\/parosrentcar.com\/de\/paros-dorfer\/drios\/","og_site_name":"\u039cietwagen in Paros Griechenland | Autovermietung in Paros Griechenland","article_publisher":"https:\/\/www.facebook.com\/paroscarrental","article_modified_time":"2015-02-28T06:53:11+00:00","twitter_card":"summary_large_image","twitter_site":"@parosrentcar","twitter_misc":{"Gesch\u00e4tzte Lesezeit":"1\u00a0Minute"},"schema":{"@context":"https:\/\/schema.org","@graph":[{"@type":"WebPage","@id":"https:\/\/parosrentcar.com\/de\/paros-dorfer\/drios\/","url":"https:\/\/parosrentcar.com\/de\/paros-dorfer\/drios\/","name":"Drios- ParosEuropeanRent \u2013 Paros Mietwagen Griechenland","isPartOf":{"@id":"https:\/\/parosrentcar.com\/de\/#website"},"datePublished":"2014-12-13T15:38:25+00:00","dateModified":"2015-02-28T06:53:11+00:00","description":"Drios-Mieten Sie ein Auto, Buggy, Roller, Motorrad, quad, atv und entdecken Sie die Sehensw\u00fcrdigkeiten und die Str\u00e4nde von Paros.","breadcrumb":{"@id":"https:\/\/parosrentcar.com\/de\/paros-dorfer\/drios\/#breadcrumb"},"inLanguage":"de","potentialAction":[{"@type":"ReadAction","target":["https:\/\/parosrentcar.com\/de\/paros-dorfer\/drios\/"]}]},{"@type":"BreadcrumbList","@id":"https:\/\/parosrentcar.com\/de\/paros-dorfer\/drios\/#breadcrumb","itemListElement":[{"@type":"ListItem","position":1,"name":"Home","item":"https:\/\/parosrentcar.com\/de\/"},{"@type":"ListItem","position":2,"name":"D\u00f6rfer","item":"https:\/\/parosrentcar.com\/de\/paros-dorfer\/"},{"@type":"ListItem","position":3,"name":"Drios"}]},{"@type":"WebSite","@id":"https:\/\/parosrentcar.com\/de\/#website","url":"https:\/\/parosrentcar.com\/de\/","name":"\u039cietwagen in Paros Griechenland | Autovermietung in Paros Griechenland","description":"\u039cietwagen in Paros Griechenland","potentialAction":[{"@type":"SearchAction","target":{"@type":"EntryPoint","urlTemplate":"https:\/\/parosrentcar.com\/de\/?s={search_term_string}"},"query-input":{"@type":"PropertyValueSpecification","valueRequired":true,"valueName":"search_term_string"}}],"inLanguage":"de"}]}},"_links":{"self":[{"href":"https:\/\/parosrentcar.com\/de\/wp-json\/wp\/v2\/pages\/1388","targetHints":{"allow":["GET"]}}],"collection":[{"href":"https:\/\/parosrentcar.com\/de\/wp-json\/wp\/v2\/pages"}],"about":[{"href":"https:\/\/parosrentcar.com\/de\/wp-json\/wp\/v2\/types\/page"}],"author":[{"embeddable":true,"href":"https:\/\/parosrentcar.com\/de\/wp-json\/wp\/v2\/users\/1"}],"replies":[{"embeddable":true,"href":"https:\/\/parosrentcar.com\/de\/wp-json\/wp\/v2\/comments?post=1388"}],"version-history":[{"count":1,"href":"https:\/\/parosrentcar.com\/de\/wp-json\/wp\/v2\/pages\/1388\/revisions"}],"predecessor-version":[{"id":2005,"href":"https:\/\/parosrentcar.com\/de\/wp-json\/wp\/v2\/pages\/1388\/revisions\/2005"}],"up":[{"embeddable":true,"href":"https:\/\/parosrentcar.com\/de\/wp-json\/wp\/v2\/pages\/1380"}],"wp:attachment":[{"href":"https:\/\/parosrentcar.com\/de\/wp-json\/wp\/v2\/media?parent=1388"}],"curies":[{"name":"wp","href":"https:\/\/api.w.org\/{rel}","templated":true}]}}