{"id":1377,"date":"2014-12-13T15:31:34","date_gmt":"2014-12-13T15:31:34","guid":{"rendered":"http:\/\/parosrentcar.com\/el\/?page_id=1377"},"modified":"2015-02-28T08:20:55","modified_gmt":"2015-02-28T08:20:55","slug":"mykenisches-schloss","status":"publish","type":"page","link":"https:\/\/parosrentcar.com\/de\/paros-sehenswurdigkeiten\/mykenisches-schloss\/","title":{"rendered":"Mykenisches Schloss"},"content":{"rendered":"<p>Paros nach der Mythologie hat ihren Namen von den arkadischen <strong>Helden Pario <\/strong>genommen, der etwa im Jahr 1000 vor Christus die Insel von Iones erobert hat, die von den Minoiten im Jahr 1100 vor Christus bekommen haben. Allerdings gibt es Angaben der menschlichen Kultur in Paros, vor \u00fcber 5000 Jahren. In einer Gegend, in Koukounaries werden Ruinen aus diesem Zeitraum gefunden.<\/p>\n<p><strong>Koukounaries<\/strong> ist ein felsiger \u00a0H\u00fcgel, der Granit enth\u00e4lt, 75 m \u00fcber der Meerfl\u00e4che. Sie liegt direkt neben dem Meer, in der\u00a0 gro\u00dfen gesch\u00fctzten Bucht von Naussa, im n\u00f6rdlichen Teil der Insel. Dort gibt\u00a0 es\u00a0 ein wichtiges mykenisches Schloss aus dem Ende des 12. Jahrhunderts, ihre Fl\u00fcgel, ihre Fluren sogar die Keller sind noch sichtbar. Die Keller hatten damals Vasen, Waffen und andere Objekte, die von Asche gedeckt waren.<\/p>\n<p>Das zeigt, dass sie wegen eines Feuers zerst\u00f6rt wurden, etwa im Jahr 1100 vor Christus. Dort ist ein seltener Ort in Griechenland, wo man seine ganze Geschichte in allen seinen Phasen von der <strong>Bronzezeit <\/strong>zur Zeit des Eisens sehen kann.<\/p>\n","protected":false},"excerpt":{"rendered":"<p>Paros nach der Mythologie hat ihren Namen von den arkadischen Helden Pario genommen, der etwa im Jahr 1000 vor Christus die Insel von Iones erobert hat, die von den Minoiten im Jahr 1100 vor Christus bekommen haben. Allerdings gibt es Angaben der menschlichen Kultur in Paros, vor \u00fcber 5000 Jahren. In einer Gegend, in Koukounaries werden Ruinen aus diesem Zeitraum gefunden. Koukounaries ist ein felsiger \u00a0H\u00fcgel, der Granit enth\u00e4lt, 75 m \u00fcber der Meerfl\u00e4che. Sie liegt direkt neben dem Meer, in der\u00a0 gro\u00dfen gesch\u00fctzten Bucht von Naussa, im n\u00f6rdlichen Teil der Insel. Dort gibt\u00a0 es\u00a0 ein wichtiges mykenisches Schloss aus dem Ende des 12. Jahrhunderts, ihre Fl\u00fcgel, ihre Fluren sogar [&hellip;]<\/p>\n","protected":false},"author":1,"featured_media":0,"parent":1015,"menu_order":0,"comment_status":"closed","ping_status":"closed","template":"","meta":{"footnotes":""},"class_list":["post-1377","page","type-page","status-publish","hentry"],"yoast_head":"<!-- This site is optimized with the Yoast SEO plugin v27.1.1 - https:\/\/yoast.com\/product\/yoast-seo-wordpress\/ -->\n<title>Mykenisches Schloss- ParosEuropeanRent \u2013 Paros Mietwagen Griechenland<\/title>\n<meta name=\"description\" content=\"Mykenisches Schloss-Mieten Sie ein Auto, Buggy, Roller, Motorrad, quad, atv und entdecken Sie die Sehensw\u00fcrdigkeiten und die Str\u00e4nde von Paros.\" \/>\n<meta name=\"robots\" content=\"index, follow, max-snippet:-1, max-image-preview:large, max-video-preview:-1\" \/>\n<link rel=\"canonical\" href=\"https:\/\/parosrentcar.com\/de\/paros-sehenswurdigkeiten\/mykenisches-schloss\/\" \/>\n<meta property=\"og:locale\" content=\"de_DE\" \/>\n<meta property=\"og:type\" content=\"article\" \/>\n<meta property=\"og:title\" content=\"Mykenisches Schloss- ParosEuropeanRent \u2013 Paros Mietwagen Griechenland\" \/>\n<meta property=\"og:description\" content=\"Mykenisches Schloss-Mieten Sie ein Auto, Buggy, Roller, Motorrad, quad, atv und entdecken Sie die Sehensw\u00fcrdigkeiten und die Str\u00e4nde von Paros.\" \/>\n<meta property=\"og:url\" content=\"https:\/\/parosrentcar.com\/de\/paros-sehenswurdigkeiten\/mykenisches-schloss\/\" \/>\n<meta property=\"og:site_name\" content=\"\u039cietwagen in Paros Griechenland | Autovermietung in Paros Griechenland\" \/>\n<meta property=\"article:publisher\" content=\"https:\/\/www.facebook.com\/paroscarrental\" \/>\n<meta property=\"article:modified_time\" content=\"2015-02-28T08:20:55+00:00\" \/>\n<meta name=\"twitter:card\" content=\"summary_large_image\" \/>\n<meta name=\"twitter:site\" content=\"@parosrentcar\" \/>\n<meta name=\"twitter:label1\" content=\"Gesch\u00e4tzte Lesezeit\" \/>\n\t<meta name=\"twitter:data1\" content=\"1\u00a0Minute\" \/>\n<script type=\"application\/ld+json\" class=\"yoast-schema-graph\">{\"@context\":\"https:\/\/schema.org\",\"@graph\":[{\"@type\":\"WebPage\",\"@id\":\"https:\/\/parosrentcar.com\/de\/paros-sehenswurdigkeiten\/mykenisches-schloss\/\",\"url\":\"https:\/\/parosrentcar.com\/de\/paros-sehenswurdigkeiten\/mykenisches-schloss\/\",\"name\":\"Mykenisches Schloss- ParosEuropeanRent \u2013 Paros Mietwagen Griechenland\",\"isPartOf\":{\"@id\":\"https:\/\/parosrentcar.com\/de\/#website\"},\"datePublished\":\"2014-12-13T15:31:34+00:00\",\"dateModified\":\"2015-02-28T08:20:55+00:00\",\"description\":\"Mykenisches Schloss-Mieten Sie ein Auto, Buggy, Roller, Motorrad, quad, atv und entdecken Sie die Sehensw\u00fcrdigkeiten und die Str\u00e4nde von Paros.\",\"breadcrumb\":{\"@id\":\"https:\/\/parosrentcar.com\/de\/paros-sehenswurdigkeiten\/mykenisches-schloss\/#breadcrumb\"},\"inLanguage\":\"de\",\"potentialAction\":[{\"@type\":\"ReadAction\",\"target\":[\"https:\/\/parosrentcar.com\/de\/paros-sehenswurdigkeiten\/mykenisches-schloss\/\"]}]},{\"@type\":\"BreadcrumbList\",\"@id\":\"https:\/\/parosrentcar.com\/de\/paros-sehenswurdigkeiten\/mykenisches-schloss\/#breadcrumb\",\"itemListElement\":[{\"@type\":\"ListItem\",\"position\":1,\"name\":\"Home\",\"item\":\"https:\/\/parosrentcar.com\/de\/\"},{\"@type\":\"ListItem\",\"position\":2,\"name\":\"Sehensw\u00fcrdigkeiten\",\"item\":\"https:\/\/parosrentcar.com\/de\/paros-sehenswurdigkeiten\/\"},{\"@type\":\"ListItem\",\"position\":3,\"name\":\"Mykenisches Schloss\"}]},{\"@type\":\"WebSite\",\"@id\":\"https:\/\/parosrentcar.com\/de\/#website\",\"url\":\"https:\/\/parosrentcar.com\/de\/\",\"name\":\"\u039cietwagen in Paros Griechenland | Autovermietung in Paros Griechenland\",\"description\":\"\u039cietwagen in Paros Griechenland\",\"potentialAction\":[{\"@type\":\"SearchAction\",\"target\":{\"@type\":\"EntryPoint\",\"urlTemplate\":\"https:\/\/parosrentcar.com\/de\/?s={search_term_string}\"},\"query-input\":{\"@type\":\"PropertyValueSpecification\",\"valueRequired\":true,\"valueName\":\"search_term_string\"}}],\"inLanguage\":\"de\"}]}<\/script>\n<!-- \/ Yoast SEO plugin. -->","yoast_head_json":{"title":"Mykenisches Schloss- ParosEuropeanRent \u2013 Paros Mietwagen Griechenland","description":"Mykenisches Schloss-Mieten Sie ein Auto, Buggy, Roller, Motorrad, quad, atv und entdecken Sie die Sehensw\u00fcrdigkeiten und die Str\u00e4nde von Paros.","robots":{"index":"index","follow":"follow","max-snippet":"max-snippet:-1","max-image-preview":"max-image-preview:large","max-video-preview":"max-video-preview:-1"},"canonical":"https:\/\/parosrentcar.com\/de\/paros-sehenswurdigkeiten\/mykenisches-schloss\/","og_locale":"de_DE","og_type":"article","og_title":"Mykenisches Schloss- ParosEuropeanRent \u2013 Paros Mietwagen Griechenland","og_description":"Mykenisches Schloss-Mieten Sie ein Auto, Buggy, Roller, Motorrad, quad, atv und entdecken Sie die Sehensw\u00fcrdigkeiten und die Str\u00e4nde von Paros.","og_url":"https:\/\/parosrentcar.com\/de\/paros-sehenswurdigkeiten\/mykenisches-schloss\/","og_site_name":"\u039cietwagen in Paros Griechenland | Autovermietung in Paros Griechenland","article_publisher":"https:\/\/www.facebook.com\/paroscarrental","article_modified_time":"2015-02-28T08:20:55+00:00","twitter_card":"summary_large_image","twitter_site":"@parosrentcar","twitter_misc":{"Gesch\u00e4tzte Lesezeit":"1\u00a0Minute"},"schema":{"@context":"https:\/\/schema.org","@graph":[{"@type":"WebPage","@id":"https:\/\/parosrentcar.com\/de\/paros-sehenswurdigkeiten\/mykenisches-schloss\/","url":"https:\/\/parosrentcar.com\/de\/paros-sehenswurdigkeiten\/mykenisches-schloss\/","name":"Mykenisches Schloss- ParosEuropeanRent \u2013 Paros Mietwagen Griechenland","isPartOf":{"@id":"https:\/\/parosrentcar.com\/de\/#website"},"datePublished":"2014-12-13T15:31:34+00:00","dateModified":"2015-02-28T08:20:55+00:00","description":"Mykenisches Schloss-Mieten Sie ein Auto, Buggy, Roller, Motorrad, quad, atv und entdecken Sie die Sehensw\u00fcrdigkeiten und die Str\u00e4nde von Paros.","breadcrumb":{"@id":"https:\/\/parosrentcar.com\/de\/paros-sehenswurdigkeiten\/mykenisches-schloss\/#breadcrumb"},"inLanguage":"de","potentialAction":[{"@type":"ReadAction","target":["https:\/\/parosrentcar.com\/de\/paros-sehenswurdigkeiten\/mykenisches-schloss\/"]}]},{"@type":"BreadcrumbList","@id":"https:\/\/parosrentcar.com\/de\/paros-sehenswurdigkeiten\/mykenisches-schloss\/#breadcrumb","itemListElement":[{"@type":"ListItem","position":1,"name":"Home","item":"https:\/\/parosrentcar.com\/de\/"},{"@type":"ListItem","position":2,"name":"Sehensw\u00fcrdigkeiten","item":"https:\/\/parosrentcar.com\/de\/paros-sehenswurdigkeiten\/"},{"@type":"ListItem","position":3,"name":"Mykenisches Schloss"}]},{"@type":"WebSite","@id":"https:\/\/parosrentcar.com\/de\/#website","url":"https:\/\/parosrentcar.com\/de\/","name":"\u039cietwagen in Paros Griechenland | Autovermietung in Paros Griechenland","description":"\u039cietwagen in Paros Griechenland","potentialAction":[{"@type":"SearchAction","target":{"@type":"EntryPoint","urlTemplate":"https:\/\/parosrentcar.com\/de\/?s={search_term_string}"},"query-input":{"@type":"PropertyValueSpecification","valueRequired":true,"valueName":"search_term_string"}}],"inLanguage":"de"}]}},"_links":{"self":[{"href":"https:\/\/parosrentcar.com\/de\/wp-json\/wp\/v2\/pages\/1377","targetHints":{"allow":["GET"]}}],"collection":[{"href":"https:\/\/parosrentcar.com\/de\/wp-json\/wp\/v2\/pages"}],"about":[{"href":"https:\/\/parosrentcar.com\/de\/wp-json\/wp\/v2\/types\/page"}],"author":[{"embeddable":true,"href":"https:\/\/parosrentcar.com\/de\/wp-json\/wp\/v2\/users\/1"}],"replies":[{"embeddable":true,"href":"https:\/\/parosrentcar.com\/de\/wp-json\/wp\/v2\/comments?post=1377"}],"version-history":[{"count":2,"href":"https:\/\/parosrentcar.com\/de\/wp-json\/wp\/v2\/pages\/1377\/revisions"}],"predecessor-version":[{"id":2021,"href":"https:\/\/parosrentcar.com\/de\/wp-json\/wp\/v2\/pages\/1377\/revisions\/2021"}],"up":[{"embeddable":true,"href":"https:\/\/parosrentcar.com\/de\/wp-json\/wp\/v2\/pages\/1015"}],"wp:attachment":[{"href":"https:\/\/parosrentcar.com\/de\/wp-json\/wp\/v2\/media?parent=1377"}],"curies":[{"name":"wp","href":"https:\/\/api.w.org\/{rel}","templated":true}]}}