{"id":1371,"date":"2014-12-13T15:27:08","date_gmt":"2014-12-13T15:27:08","guid":{"rendered":"http:\/\/parosrentcar.com\/el\/?page_id=1371"},"modified":"2015-02-28T09:10:46","modified_gmt":"2015-02-28T09:10:46","slug":"antike-marmorsteinbrueche","status":"publish","type":"page","link":"https:\/\/parosrentcar.com\/de\/paros-sehenswurdigkeiten\/antike-marmorsteinbrueche\/","title":{"rendered":"Antike Marmorsteinbr\u00fcche"},"content":{"rendered":"<p>Der <strong>Marmor von Paros<\/strong> ist wei\u00df und halbdurchsichtig mit einem dicken Sohle und einen sehr schonen Textur, das eine Quelle des Reichtums f\u00fcr die Insel war. Die <strong>ber\u00fchmten antiken Marmorsteinbr\u00fcche<\/strong> befinden sich im n\u00f6rdlichen Teil des Berges, die als Marathi bekannt ist. Marmor, das aus dem 6. Jahrhundert exportiert wurde, \u00a0wurde von Praxitelis und andere griechische Bildhauer benutzt . \u00a0Er wurde \u00a0mit der Hilfe unterirdischer Steinbr\u00fcche abgeschossen, die im Berg sind. Viele von diesen <strong>Tunneln<\/strong> sind noch nicht entdeckt worden.<\/p>\n<p><strong>Marmor aus Paros<\/strong> \u00a0wird vor allem in der klassischen Zeit abgeschossen \u00a0und wegen seiner Qualit\u00e4t wird als ein\u00a0 bester \u00a0Marmor f\u00fcr Bildhauerkunst gehalten. Einige von den gr\u00f6\u00dferen \u00a0Meisterwerke der antiken griechischen Bildhauerkunst sind aus Marmor von Paros, inklusive\u00a0 <strong>Afroditi Medikon<\/strong> \u00a0\u00a0und\u00a0\u00a0 <strong>Niki Samothraki<\/strong>.<\/p>\n<p>Die <strong>antiken Marmorsteinbr\u00fcche in Marathi<\/strong> haben im gro\u00dfen Masse zur Geschichte der Insel beigetragen und sie zum k\u00fcnstlerischen, architektonischen \u00a0und wirtschaftlichen Wohlstand gef\u00fchrt. Die Eigenschaften und die Klarheit des Marmors sind einzigartig und die Kirchen und die Statuen, die daraus gemacht werden hervorragend.<\/p>\n<p>Einige <strong>antike Kirchen und Statuen<\/strong>, die\u00a0 aus diesem Marmor gemacht sind:<\/p>\n<ul>\n<li>Das Kind von Kritia im Museum von Akropolis in Athen<\/li>\n<li>Ermis von Praxitelis<\/li>\n<li>Die Tochter Frasiklia von Aristionas im Archaiologischem Museum in Athen<\/li>\n<li>M\u00e4nnliche Statuen oder Kouri von Anavissos, von Kea , von Milos und von Thasos<\/li>\n<li>Peplos Tochter im Museum Akropoli in Athen<\/li>\n<li>Mausoleum Alikarnassos<\/li>\n<li>Tempel von Dias in Olympia<\/li>\n<li>Harfenist und Fl\u00f6tenspieler \u00a0(2800 \u2013 2300 v. Chr. )<\/li>\n<li>Afroditi von Milos<\/li>\n<li>Niki von Paros im Arch\u00e4ologischem Museum von Paros<\/li>\n<li>Niki von Peoniou im Museum von Olympia<\/li>\n<li>Niki aus Samothraki im Museum von Louvre<\/li>\n<\/ul>\n","protected":false},"excerpt":{"rendered":"<p>Der Marmor von Paros ist wei\u00df und halbdurchsichtig mit einem dicken Sohle und einen sehr schonen Textur, das eine Quelle des Reichtums f\u00fcr die Insel war. Die ber\u00fchmten antiken Marmorsteinbr\u00fcche befinden sich im n\u00f6rdlichen Teil des Berges, die als Marathi bekannt ist. Marmor, das aus dem 6. Jahrhundert exportiert wurde, \u00a0wurde von Praxitelis und andere griechische Bildhauer benutzt . \u00a0Er wurde \u00a0mit der Hilfe unterirdischer Steinbr\u00fcche abgeschossen, die im Berg sind. Viele von diesen Tunneln sind noch nicht entdeckt worden. Marmor aus Paros \u00a0wird vor allem in der klassischen Zeit abgeschossen \u00a0und wegen seiner Qualit\u00e4t wird als ein\u00a0 bester \u00a0Marmor f\u00fcr Bildhauerkunst gehalten. Einige von den gr\u00f6\u00dferen \u00a0Meisterwerke der antiken [&hellip;]<\/p>\n","protected":false},"author":1,"featured_media":0,"parent":1015,"menu_order":0,"comment_status":"closed","ping_status":"closed","template":"","meta":{"footnotes":""},"class_list":["post-1371","page","type-page","status-publish","hentry"],"yoast_head":"<!-- This site is optimized with the Yoast SEO plugin v27.1.1 - https:\/\/yoast.com\/product\/yoast-seo-wordpress\/ -->\n<title>Antike Marmorsteinbr\u00fcche- ParosEuropeanRent \u2013 Paros Mietwagen Griechenland<\/title>\n<meta name=\"description\" content=\"Antike Marmorsteinbr\u00fcche-Mieten Sie ein Auto, Buggy, Roller, Motorrad, quad, atv und entdecken Sie die Sehensw\u00fcrdigkeiten und die Str\u00e4nde von Paros.\" \/>\n<meta name=\"robots\" content=\"index, follow, max-snippet:-1, max-image-preview:large, max-video-preview:-1\" \/>\n<link rel=\"canonical\" href=\"https:\/\/parosrentcar.com\/de\/paros-sehenswurdigkeiten\/antike-marmorsteinbrueche\/\" \/>\n<meta property=\"og:locale\" content=\"de_DE\" \/>\n<meta property=\"og:type\" content=\"article\" \/>\n<meta property=\"og:title\" content=\"Antike Marmorsteinbr\u00fcche- ParosEuropeanRent \u2013 Paros Mietwagen Griechenland\" \/>\n<meta property=\"og:description\" content=\"Antike Marmorsteinbr\u00fcche-Mieten Sie ein Auto, Buggy, Roller, Motorrad, quad, atv und entdecken Sie die Sehensw\u00fcrdigkeiten und die Str\u00e4nde von Paros.\" \/>\n<meta property=\"og:url\" content=\"https:\/\/parosrentcar.com\/de\/paros-sehenswurdigkeiten\/antike-marmorsteinbrueche\/\" \/>\n<meta property=\"og:site_name\" content=\"\u039cietwagen in Paros Griechenland | Autovermietung in Paros Griechenland\" \/>\n<meta property=\"article:publisher\" content=\"https:\/\/www.facebook.com\/paroscarrental\" \/>\n<meta property=\"article:modified_time\" content=\"2015-02-28T09:10:46+00:00\" \/>\n<meta name=\"twitter:card\" content=\"summary_large_image\" \/>\n<meta name=\"twitter:site\" content=\"@parosrentcar\" \/>\n<meta name=\"twitter:label1\" content=\"Gesch\u00e4tzte Lesezeit\" \/>\n\t<meta name=\"twitter:data1\" content=\"1\u00a0Minute\" \/>\n<script type=\"application\/ld+json\" class=\"yoast-schema-graph\">{\"@context\":\"https:\/\/schema.org\",\"@graph\":[{\"@type\":\"WebPage\",\"@id\":\"https:\/\/parosrentcar.com\/de\/paros-sehenswurdigkeiten\/antike-marmorsteinbrueche\/\",\"url\":\"https:\/\/parosrentcar.com\/de\/paros-sehenswurdigkeiten\/antike-marmorsteinbrueche\/\",\"name\":\"Antike Marmorsteinbr\u00fcche- ParosEuropeanRent \u2013 Paros Mietwagen Griechenland\",\"isPartOf\":{\"@id\":\"https:\/\/parosrentcar.com\/de\/#website\"},\"datePublished\":\"2014-12-13T15:27:08+00:00\",\"dateModified\":\"2015-02-28T09:10:46+00:00\",\"description\":\"Antike Marmorsteinbr\u00fcche-Mieten Sie ein Auto, Buggy, Roller, Motorrad, quad, atv und entdecken Sie die Sehensw\u00fcrdigkeiten und die Str\u00e4nde von Paros.\",\"breadcrumb\":{\"@id\":\"https:\/\/parosrentcar.com\/de\/paros-sehenswurdigkeiten\/antike-marmorsteinbrueche\/#breadcrumb\"},\"inLanguage\":\"de\",\"potentialAction\":[{\"@type\":\"ReadAction\",\"target\":[\"https:\/\/parosrentcar.com\/de\/paros-sehenswurdigkeiten\/antike-marmorsteinbrueche\/\"]}]},{\"@type\":\"BreadcrumbList\",\"@id\":\"https:\/\/parosrentcar.com\/de\/paros-sehenswurdigkeiten\/antike-marmorsteinbrueche\/#breadcrumb\",\"itemListElement\":[{\"@type\":\"ListItem\",\"position\":1,\"name\":\"Home\",\"item\":\"https:\/\/parosrentcar.com\/de\/\"},{\"@type\":\"ListItem\",\"position\":2,\"name\":\"Sehensw\u00fcrdigkeiten\",\"item\":\"https:\/\/parosrentcar.com\/de\/paros-sehenswurdigkeiten\/\"},{\"@type\":\"ListItem\",\"position\":3,\"name\":\"Antike Marmorsteinbr\u00fcche\"}]},{\"@type\":\"WebSite\",\"@id\":\"https:\/\/parosrentcar.com\/de\/#website\",\"url\":\"https:\/\/parosrentcar.com\/de\/\",\"name\":\"\u039cietwagen in Paros Griechenland | Autovermietung in Paros Griechenland\",\"description\":\"\u039cietwagen in Paros Griechenland\",\"potentialAction\":[{\"@type\":\"SearchAction\",\"target\":{\"@type\":\"EntryPoint\",\"urlTemplate\":\"https:\/\/parosrentcar.com\/de\/?s={search_term_string}\"},\"query-input\":{\"@type\":\"PropertyValueSpecification\",\"valueRequired\":true,\"valueName\":\"search_term_string\"}}],\"inLanguage\":\"de\"}]}<\/script>\n<!-- \/ Yoast SEO plugin. -->","yoast_head_json":{"title":"Antike Marmorsteinbr\u00fcche- ParosEuropeanRent \u2013 Paros Mietwagen Griechenland","description":"Antike Marmorsteinbr\u00fcche-Mieten Sie ein Auto, Buggy, Roller, Motorrad, quad, atv und entdecken Sie die Sehensw\u00fcrdigkeiten und die Str\u00e4nde von Paros.","robots":{"index":"index","follow":"follow","max-snippet":"max-snippet:-1","max-image-preview":"max-image-preview:large","max-video-preview":"max-video-preview:-1"},"canonical":"https:\/\/parosrentcar.com\/de\/paros-sehenswurdigkeiten\/antike-marmorsteinbrueche\/","og_locale":"de_DE","og_type":"article","og_title":"Antike Marmorsteinbr\u00fcche- ParosEuropeanRent \u2013 Paros Mietwagen Griechenland","og_description":"Antike Marmorsteinbr\u00fcche-Mieten Sie ein Auto, Buggy, Roller, Motorrad, quad, atv und entdecken Sie die Sehensw\u00fcrdigkeiten und die Str\u00e4nde von Paros.","og_url":"https:\/\/parosrentcar.com\/de\/paros-sehenswurdigkeiten\/antike-marmorsteinbrueche\/","og_site_name":"\u039cietwagen in Paros Griechenland | Autovermietung in Paros Griechenland","article_publisher":"https:\/\/www.facebook.com\/paroscarrental","article_modified_time":"2015-02-28T09:10:46+00:00","twitter_card":"summary_large_image","twitter_site":"@parosrentcar","twitter_misc":{"Gesch\u00e4tzte Lesezeit":"1\u00a0Minute"},"schema":{"@context":"https:\/\/schema.org","@graph":[{"@type":"WebPage","@id":"https:\/\/parosrentcar.com\/de\/paros-sehenswurdigkeiten\/antike-marmorsteinbrueche\/","url":"https:\/\/parosrentcar.com\/de\/paros-sehenswurdigkeiten\/antike-marmorsteinbrueche\/","name":"Antike Marmorsteinbr\u00fcche- ParosEuropeanRent \u2013 Paros Mietwagen Griechenland","isPartOf":{"@id":"https:\/\/parosrentcar.com\/de\/#website"},"datePublished":"2014-12-13T15:27:08+00:00","dateModified":"2015-02-28T09:10:46+00:00","description":"Antike Marmorsteinbr\u00fcche-Mieten Sie ein Auto, Buggy, Roller, Motorrad, quad, atv und entdecken Sie die Sehensw\u00fcrdigkeiten und die Str\u00e4nde von Paros.","breadcrumb":{"@id":"https:\/\/parosrentcar.com\/de\/paros-sehenswurdigkeiten\/antike-marmorsteinbrueche\/#breadcrumb"},"inLanguage":"de","potentialAction":[{"@type":"ReadAction","target":["https:\/\/parosrentcar.com\/de\/paros-sehenswurdigkeiten\/antike-marmorsteinbrueche\/"]}]},{"@type":"BreadcrumbList","@id":"https:\/\/parosrentcar.com\/de\/paros-sehenswurdigkeiten\/antike-marmorsteinbrueche\/#breadcrumb","itemListElement":[{"@type":"ListItem","position":1,"name":"Home","item":"https:\/\/parosrentcar.com\/de\/"},{"@type":"ListItem","position":2,"name":"Sehensw\u00fcrdigkeiten","item":"https:\/\/parosrentcar.com\/de\/paros-sehenswurdigkeiten\/"},{"@type":"ListItem","position":3,"name":"Antike Marmorsteinbr\u00fcche"}]},{"@type":"WebSite","@id":"https:\/\/parosrentcar.com\/de\/#website","url":"https:\/\/parosrentcar.com\/de\/","name":"\u039cietwagen in Paros Griechenland | Autovermietung in Paros Griechenland","description":"\u039cietwagen in Paros Griechenland","potentialAction":[{"@type":"SearchAction","target":{"@type":"EntryPoint","urlTemplate":"https:\/\/parosrentcar.com\/de\/?s={search_term_string}"},"query-input":{"@type":"PropertyValueSpecification","valueRequired":true,"valueName":"search_term_string"}}],"inLanguage":"de"}]}},"_links":{"self":[{"href":"https:\/\/parosrentcar.com\/de\/wp-json\/wp\/v2\/pages\/1371","targetHints":{"allow":["GET"]}}],"collection":[{"href":"https:\/\/parosrentcar.com\/de\/wp-json\/wp\/v2\/pages"}],"about":[{"href":"https:\/\/parosrentcar.com\/de\/wp-json\/wp\/v2\/types\/page"}],"author":[{"embeddable":true,"href":"https:\/\/parosrentcar.com\/de\/wp-json\/wp\/v2\/users\/1"}],"replies":[{"embeddable":true,"href":"https:\/\/parosrentcar.com\/de\/wp-json\/wp\/v2\/comments?post=1371"}],"version-history":[{"count":2,"href":"https:\/\/parosrentcar.com\/de\/wp-json\/wp\/v2\/pages\/1371\/revisions"}],"predecessor-version":[{"id":2037,"href":"https:\/\/parosrentcar.com\/de\/wp-json\/wp\/v2\/pages\/1371\/revisions\/2037"}],"up":[{"embeddable":true,"href":"https:\/\/parosrentcar.com\/de\/wp-json\/wp\/v2\/pages\/1015"}],"wp:attachment":[{"href":"https:\/\/parosrentcar.com\/de\/wp-json\/wp\/v2\/media?parent=1371"}],"curies":[{"name":"wp","href":"https:\/\/api.w.org\/{rel}","templated":true}]}}