{"id":1365,"date":"2014-12-13T15:20:03","date_gmt":"2014-12-13T15:20:03","guid":{"rendered":"http:\/\/parosrentcar.com\/el\/?page_id=1365"},"modified":"2015-02-28T08:54:58","modified_gmt":"2015-02-28T08:54:58","slug":"byzantischer-weg","status":"publish","type":"page","link":"https:\/\/parosrentcar.com\/de\/paros-sehenswurdigkeiten\/byzantischer-weg\/","title":{"rendered":"Byzantischer Weg"},"content":{"rendered":"<p>In mittelalterlichen Jahren <strong>ein gepflasterter Weg<\/strong> verbindet die D\u00f6rfer Prodromos und Lefkes mit dem Hinterland von Paros. Von den modernen Stra\u00dfen ist diese historische Strecke umgegangen. Die Strecke dauert mehr als eine Stunde.<\/p>\n<p>Dieser Weg ist 10 km lang und hei\u00dft \u00a0<strong>byzantischer Weg<\/strong>. Er geht durch Ruinen der Geb\u00e4ude aus Steinen, versteckte Obstg\u00e4rten und imposanten aus Steinen Windm\u00fchlen. Wenn jemandem das Wandern gef\u00e4llt, bleibt ihm diese Wanderung auf dem Berg eine unvergessliche Erfahrung.<\/p>\n","protected":false},"excerpt":{"rendered":"<p>In mittelalterlichen Jahren ein gepflasterter Weg verbindet die D\u00f6rfer Prodromos und Lefkes mit dem Hinterland von Paros. Von den modernen Stra\u00dfen ist diese historische Strecke umgegangen. Die Strecke dauert mehr als eine Stunde. Dieser Weg ist 10 km lang und hei\u00dft \u00a0byzantischer Weg. Er geht durch Ruinen der Geb\u00e4ude aus Steinen, versteckte Obstg\u00e4rten und imposanten aus Steinen Windm\u00fchlen. Wenn jemandem das Wandern gef\u00e4llt, bleibt ihm diese Wanderung auf dem Berg eine unvergessliche Erfahrung.<\/p>\n","protected":false},"author":1,"featured_media":0,"parent":1015,"menu_order":0,"comment_status":"closed","ping_status":"closed","template":"","meta":{"footnotes":""},"class_list":["post-1365","page","type-page","status-publish","hentry"],"yoast_head":"<!-- This site is optimized with the Yoast SEO plugin v27.1.1 - https:\/\/yoast.com\/product\/yoast-seo-wordpress\/ -->\n<title>Byzantischer Weg - ParosEuropeanRent \u2013 Paros Mietwagen Griechenland<\/title>\n<meta name=\"description\" content=\"Byzantischer Weg -Mieten Sie ein Auto, Buggy, Roller, Motorrad, quad, atv und entdecken Sie die Sehensw\u00fcrdigkeiten und die Str\u00e4nde von Paros.\" \/>\n<meta name=\"robots\" content=\"index, follow, max-snippet:-1, max-image-preview:large, max-video-preview:-1\" \/>\n<link rel=\"canonical\" href=\"https:\/\/parosrentcar.com\/de\/paros-sehenswurdigkeiten\/byzantischer-weg\/\" \/>\n<meta property=\"og:locale\" content=\"de_DE\" \/>\n<meta property=\"og:type\" content=\"article\" \/>\n<meta property=\"og:title\" content=\"Byzantischer Weg - ParosEuropeanRent \u2013 Paros Mietwagen Griechenland\" \/>\n<meta property=\"og:description\" content=\"Byzantischer Weg -Mieten Sie ein Auto, Buggy, Roller, Motorrad, quad, atv und entdecken Sie die Sehensw\u00fcrdigkeiten und die Str\u00e4nde von Paros.\" \/>\n<meta property=\"og:url\" content=\"https:\/\/parosrentcar.com\/de\/paros-sehenswurdigkeiten\/byzantischer-weg\/\" \/>\n<meta property=\"og:site_name\" content=\"\u039cietwagen in Paros Griechenland | Autovermietung in Paros Griechenland\" \/>\n<meta property=\"article:publisher\" content=\"https:\/\/www.facebook.com\/paroscarrental\" \/>\n<meta property=\"article:modified_time\" content=\"2015-02-28T08:54:58+00:00\" \/>\n<meta name=\"twitter:card\" content=\"summary_large_image\" \/>\n<meta name=\"twitter:site\" content=\"@parosrentcar\" \/>\n<script type=\"application\/ld+json\" class=\"yoast-schema-graph\">{\"@context\":\"https:\/\/schema.org\",\"@graph\":[{\"@type\":\"WebPage\",\"@id\":\"https:\/\/parosrentcar.com\/de\/paros-sehenswurdigkeiten\/byzantischer-weg\/\",\"url\":\"https:\/\/parosrentcar.com\/de\/paros-sehenswurdigkeiten\/byzantischer-weg\/\",\"name\":\"Byzantischer Weg - ParosEuropeanRent \u2013 Paros Mietwagen Griechenland\",\"isPartOf\":{\"@id\":\"https:\/\/parosrentcar.com\/de\/#website\"},\"datePublished\":\"2014-12-13T15:20:03+00:00\",\"dateModified\":\"2015-02-28T08:54:58+00:00\",\"description\":\"Byzantischer Weg -Mieten Sie ein Auto, Buggy, Roller, Motorrad, quad, atv und entdecken Sie die Sehensw\u00fcrdigkeiten und die Str\u00e4nde von Paros.\",\"breadcrumb\":{\"@id\":\"https:\/\/parosrentcar.com\/de\/paros-sehenswurdigkeiten\/byzantischer-weg\/#breadcrumb\"},\"inLanguage\":\"de\",\"potentialAction\":[{\"@type\":\"ReadAction\",\"target\":[\"https:\/\/parosrentcar.com\/de\/paros-sehenswurdigkeiten\/byzantischer-weg\/\"]}]},{\"@type\":\"BreadcrumbList\",\"@id\":\"https:\/\/parosrentcar.com\/de\/paros-sehenswurdigkeiten\/byzantischer-weg\/#breadcrumb\",\"itemListElement\":[{\"@type\":\"ListItem\",\"position\":1,\"name\":\"Home\",\"item\":\"https:\/\/parosrentcar.com\/de\/\"},{\"@type\":\"ListItem\",\"position\":2,\"name\":\"Sehensw\u00fcrdigkeiten\",\"item\":\"https:\/\/parosrentcar.com\/de\/paros-sehenswurdigkeiten\/\"},{\"@type\":\"ListItem\",\"position\":3,\"name\":\"Byzantischer Weg\"}]},{\"@type\":\"WebSite\",\"@id\":\"https:\/\/parosrentcar.com\/de\/#website\",\"url\":\"https:\/\/parosrentcar.com\/de\/\",\"name\":\"\u039cietwagen in Paros Griechenland | Autovermietung in Paros Griechenland\",\"description\":\"\u039cietwagen in Paros Griechenland\",\"potentialAction\":[{\"@type\":\"SearchAction\",\"target\":{\"@type\":\"EntryPoint\",\"urlTemplate\":\"https:\/\/parosrentcar.com\/de\/?s={search_term_string}\"},\"query-input\":{\"@type\":\"PropertyValueSpecification\",\"valueRequired\":true,\"valueName\":\"search_term_string\"}}],\"inLanguage\":\"de\"}]}<\/script>\n<!-- \/ Yoast SEO plugin. -->","yoast_head_json":{"title":"Byzantischer Weg - ParosEuropeanRent \u2013 Paros Mietwagen Griechenland","description":"Byzantischer Weg -Mieten Sie ein Auto, Buggy, Roller, Motorrad, quad, atv und entdecken Sie die Sehensw\u00fcrdigkeiten und die Str\u00e4nde von Paros.","robots":{"index":"index","follow":"follow","max-snippet":"max-snippet:-1","max-image-preview":"max-image-preview:large","max-video-preview":"max-video-preview:-1"},"canonical":"https:\/\/parosrentcar.com\/de\/paros-sehenswurdigkeiten\/byzantischer-weg\/","og_locale":"de_DE","og_type":"article","og_title":"Byzantischer Weg - ParosEuropeanRent \u2013 Paros Mietwagen Griechenland","og_description":"Byzantischer Weg -Mieten Sie ein Auto, Buggy, Roller, Motorrad, quad, atv und entdecken Sie die Sehensw\u00fcrdigkeiten und die Str\u00e4nde von Paros.","og_url":"https:\/\/parosrentcar.com\/de\/paros-sehenswurdigkeiten\/byzantischer-weg\/","og_site_name":"\u039cietwagen in Paros Griechenland | Autovermietung in Paros Griechenland","article_publisher":"https:\/\/www.facebook.com\/paroscarrental","article_modified_time":"2015-02-28T08:54:58+00:00","twitter_card":"summary_large_image","twitter_site":"@parosrentcar","schema":{"@context":"https:\/\/schema.org","@graph":[{"@type":"WebPage","@id":"https:\/\/parosrentcar.com\/de\/paros-sehenswurdigkeiten\/byzantischer-weg\/","url":"https:\/\/parosrentcar.com\/de\/paros-sehenswurdigkeiten\/byzantischer-weg\/","name":"Byzantischer Weg - ParosEuropeanRent \u2013 Paros Mietwagen Griechenland","isPartOf":{"@id":"https:\/\/parosrentcar.com\/de\/#website"},"datePublished":"2014-12-13T15:20:03+00:00","dateModified":"2015-02-28T08:54:58+00:00","description":"Byzantischer Weg -Mieten Sie ein Auto, Buggy, Roller, Motorrad, quad, atv und entdecken Sie die Sehensw\u00fcrdigkeiten und die Str\u00e4nde von Paros.","breadcrumb":{"@id":"https:\/\/parosrentcar.com\/de\/paros-sehenswurdigkeiten\/byzantischer-weg\/#breadcrumb"},"inLanguage":"de","potentialAction":[{"@type":"ReadAction","target":["https:\/\/parosrentcar.com\/de\/paros-sehenswurdigkeiten\/byzantischer-weg\/"]}]},{"@type":"BreadcrumbList","@id":"https:\/\/parosrentcar.com\/de\/paros-sehenswurdigkeiten\/byzantischer-weg\/#breadcrumb","itemListElement":[{"@type":"ListItem","position":1,"name":"Home","item":"https:\/\/parosrentcar.com\/de\/"},{"@type":"ListItem","position":2,"name":"Sehensw\u00fcrdigkeiten","item":"https:\/\/parosrentcar.com\/de\/paros-sehenswurdigkeiten\/"},{"@type":"ListItem","position":3,"name":"Byzantischer Weg"}]},{"@type":"WebSite","@id":"https:\/\/parosrentcar.com\/de\/#website","url":"https:\/\/parosrentcar.com\/de\/","name":"\u039cietwagen in Paros Griechenland | Autovermietung in Paros Griechenland","description":"\u039cietwagen in Paros Griechenland","potentialAction":[{"@type":"SearchAction","target":{"@type":"EntryPoint","urlTemplate":"https:\/\/parosrentcar.com\/de\/?s={search_term_string}"},"query-input":{"@type":"PropertyValueSpecification","valueRequired":true,"valueName":"search_term_string"}}],"inLanguage":"de"}]}},"_links":{"self":[{"href":"https:\/\/parosrentcar.com\/de\/wp-json\/wp\/v2\/pages\/1365","targetHints":{"allow":["GET"]}}],"collection":[{"href":"https:\/\/parosrentcar.com\/de\/wp-json\/wp\/v2\/pages"}],"about":[{"href":"https:\/\/parosrentcar.com\/de\/wp-json\/wp\/v2\/types\/page"}],"author":[{"embeddable":true,"href":"https:\/\/parosrentcar.com\/de\/wp-json\/wp\/v2\/users\/1"}],"replies":[{"embeddable":true,"href":"https:\/\/parosrentcar.com\/de\/wp-json\/wp\/v2\/comments?post=1365"}],"version-history":[{"count":1,"href":"https:\/\/parosrentcar.com\/de\/wp-json\/wp\/v2\/pages\/1365\/revisions"}],"predecessor-version":[{"id":2031,"href":"https:\/\/parosrentcar.com\/de\/wp-json\/wp\/v2\/pages\/1365\/revisions\/2031"}],"up":[{"embeddable":true,"href":"https:\/\/parosrentcar.com\/de\/wp-json\/wp\/v2\/pages\/1015"}],"wp:attachment":[{"href":"https:\/\/parosrentcar.com\/de\/wp-json\/wp\/v2\/media?parent=1365"}],"curies":[{"name":"wp","href":"https:\/\/api.w.org\/{rel}","templated":true}]}}