{"id":1362,"date":"2014-12-13T15:12:26","date_gmt":"2014-12-13T15:12:26","guid":{"rendered":"http:\/\/parosrentcar.com\/el\/?page_id=1362"},"modified":"2015-02-28T05:42:57","modified_gmt":"2015-02-28T05:42:57","slug":"lolantonis","status":"publish","type":"page","link":"https:\/\/parosrentcar.com\/de\/paros-strande\/lolantonis\/","title":{"rendered":"Lolantonis"},"content":{"rendered":"<p>Wenn Sie s\u00fcdlich von Agairia fahren, biegen Sie links, nachdem Sie das Schild <strong>Lolantonis<\/strong> gesehen haben. Au\u00dferdem liegt Lolantonis \u00a0nach Drio \u00a0und in der N\u00e4he von dem Dorf \u00a0\u00a0Aspro Chorio.<\/p>\n<p>Nachdem Sie ein bisschen auf einer unasphaltierten Stra\u00dfe gefahren sind, erreichen Sie ein kleines Paradies. Es geht um eine <strong>sch\u00f6ne Bucht<\/strong> mit Sand und Kieselsteinen. Bevor Sie im t\u00fcrkisblauen Wasser schwimmen, entspannen Sie sich unter den dichten ganz gr\u00fcnen B\u00e4umen, die einen <strong>nat\u00fcrlichen Schatten<\/strong> bieten.<\/p>\n<p>Der Strand hat den Namen Lolantonis von dem bekanntem Lokal mit dem gleichen Namen bekommen, das am Ende des Wegs steht. \u00a0Der Strand ist <strong>unorganisiert<\/strong>, ist aber geeignet f\u00fcr Familien. Sie k\u00f6nnen dorthin mit einem Taxi, Auto oder Motorrad fahren. Zum Schluss gibt es auch ein Lokal \u00fcber den Strand, wo Sie einen leckeren Mittags \u2013 oder Abendessen genie\u00dfen k\u00f6nnen.<\/p>\n","protected":false},"excerpt":{"rendered":"<p>Wenn Sie s\u00fcdlich von Agairia fahren, biegen Sie links, nachdem Sie das Schild Lolantonis gesehen haben. Au\u00dferdem liegt Lolantonis \u00a0nach Drio \u00a0und in der N\u00e4he von dem Dorf \u00a0\u00a0Aspro Chorio. Nachdem Sie ein bisschen auf einer unasphaltierten Stra\u00dfe gefahren sind, erreichen Sie ein kleines Paradies. Es geht um eine sch\u00f6ne Bucht mit Sand und Kieselsteinen. Bevor Sie im t\u00fcrkisblauen Wasser schwimmen, entspannen Sie sich unter den dichten ganz gr\u00fcnen B\u00e4umen, die einen nat\u00fcrlichen Schatten bieten. Der Strand hat den Namen Lolantonis von dem bekanntem Lokal mit dem gleichen Namen bekommen, das am Ende des Wegs steht. \u00a0Der Strand ist unorganisiert, ist aber geeignet f\u00fcr Familien. Sie k\u00f6nnen dorthin mit einem [&hellip;]<\/p>\n","protected":false},"author":1,"featured_media":0,"parent":1026,"menu_order":0,"comment_status":"closed","ping_status":"closed","template":"","meta":{"footnotes":""},"class_list":["post-1362","page","type-page","status-publish","hentry"],"yoast_head":"<!-- This site is optimized with the Yoast SEO plugin v27.1.1 - https:\/\/yoast.com\/product\/yoast-seo-wordpress\/ -->\n<title>Lolantonis- ParosEuropeanRent \u2013 Paros Mietwagen Griechenland<\/title>\n<meta name=\"description\" content=\"Lolantonis-Mieten Sie ein Auto, Buggy, Roller, Motorrad, quad, atv und entdecken Sie die Sehensw\u00fcrdigkeiten und die Str\u00e4nde von Paros.\" \/>\n<meta name=\"robots\" content=\"index, follow, max-snippet:-1, max-image-preview:large, max-video-preview:-1\" \/>\n<link rel=\"canonical\" href=\"https:\/\/parosrentcar.com\/de\/paros-strande\/lolantonis\/\" \/>\n<meta property=\"og:locale\" content=\"de_DE\" \/>\n<meta property=\"og:type\" content=\"article\" \/>\n<meta property=\"og:title\" content=\"Lolantonis- ParosEuropeanRent \u2013 Paros Mietwagen Griechenland\" \/>\n<meta property=\"og:description\" content=\"Lolantonis-Mieten Sie ein Auto, Buggy, Roller, Motorrad, quad, atv und entdecken Sie die Sehensw\u00fcrdigkeiten und die Str\u00e4nde von Paros.\" \/>\n<meta property=\"og:url\" content=\"https:\/\/parosrentcar.com\/de\/paros-strande\/lolantonis\/\" \/>\n<meta property=\"og:site_name\" content=\"\u039cietwagen in Paros Griechenland | Autovermietung in Paros Griechenland\" \/>\n<meta property=\"article:publisher\" content=\"https:\/\/www.facebook.com\/paroscarrental\" \/>\n<meta property=\"article:modified_time\" content=\"2015-02-28T05:42:57+00:00\" \/>\n<meta name=\"twitter:card\" content=\"summary_large_image\" \/>\n<meta name=\"twitter:site\" content=\"@parosrentcar\" \/>\n<meta name=\"twitter:label1\" content=\"Gesch\u00e4tzte Lesezeit\" \/>\n\t<meta name=\"twitter:data1\" content=\"1\u00a0Minute\" \/>\n<script type=\"application\/ld+json\" class=\"yoast-schema-graph\">{\"@context\":\"https:\/\/schema.org\",\"@graph\":[{\"@type\":\"WebPage\",\"@id\":\"https:\/\/parosrentcar.com\/de\/paros-strande\/lolantonis\/\",\"url\":\"https:\/\/parosrentcar.com\/de\/paros-strande\/lolantonis\/\",\"name\":\"Lolantonis- ParosEuropeanRent \u2013 Paros Mietwagen Griechenland\",\"isPartOf\":{\"@id\":\"https:\/\/parosrentcar.com\/de\/#website\"},\"datePublished\":\"2014-12-13T15:12:26+00:00\",\"dateModified\":\"2015-02-28T05:42:57+00:00\",\"description\":\"Lolantonis-Mieten Sie ein Auto, Buggy, Roller, Motorrad, quad, atv und entdecken Sie die Sehensw\u00fcrdigkeiten und die Str\u00e4nde von Paros.\",\"breadcrumb\":{\"@id\":\"https:\/\/parosrentcar.com\/de\/paros-strande\/lolantonis\/#breadcrumb\"},\"inLanguage\":\"de\",\"potentialAction\":[{\"@type\":\"ReadAction\",\"target\":[\"https:\/\/parosrentcar.com\/de\/paros-strande\/lolantonis\/\"]}]},{\"@type\":\"BreadcrumbList\",\"@id\":\"https:\/\/parosrentcar.com\/de\/paros-strande\/lolantonis\/#breadcrumb\",\"itemListElement\":[{\"@type\":\"ListItem\",\"position\":1,\"name\":\"Home\",\"item\":\"https:\/\/parosrentcar.com\/de\/\"},{\"@type\":\"ListItem\",\"position\":2,\"name\":\"Str\u00e4nde\",\"item\":\"https:\/\/parosrentcar.com\/de\/paros-strande\/\"},{\"@type\":\"ListItem\",\"position\":3,\"name\":\"Lolantonis\"}]},{\"@type\":\"WebSite\",\"@id\":\"https:\/\/parosrentcar.com\/de\/#website\",\"url\":\"https:\/\/parosrentcar.com\/de\/\",\"name\":\"\u039cietwagen in Paros Griechenland | Autovermietung in Paros Griechenland\",\"description\":\"\u039cietwagen in Paros Griechenland\",\"potentialAction\":[{\"@type\":\"SearchAction\",\"target\":{\"@type\":\"EntryPoint\",\"urlTemplate\":\"https:\/\/parosrentcar.com\/de\/?s={search_term_string}\"},\"query-input\":{\"@type\":\"PropertyValueSpecification\",\"valueRequired\":true,\"valueName\":\"search_term_string\"}}],\"inLanguage\":\"de\"}]}<\/script>\n<!-- \/ Yoast SEO plugin. -->","yoast_head_json":{"title":"Lolantonis- ParosEuropeanRent \u2013 Paros Mietwagen Griechenland","description":"Lolantonis-Mieten Sie ein Auto, Buggy, Roller, Motorrad, quad, atv und entdecken Sie die Sehensw\u00fcrdigkeiten und die Str\u00e4nde von Paros.","robots":{"index":"index","follow":"follow","max-snippet":"max-snippet:-1","max-image-preview":"max-image-preview:large","max-video-preview":"max-video-preview:-1"},"canonical":"https:\/\/parosrentcar.com\/de\/paros-strande\/lolantonis\/","og_locale":"de_DE","og_type":"article","og_title":"Lolantonis- ParosEuropeanRent \u2013 Paros Mietwagen Griechenland","og_description":"Lolantonis-Mieten Sie ein Auto, Buggy, Roller, Motorrad, quad, atv und entdecken Sie die Sehensw\u00fcrdigkeiten und die Str\u00e4nde von Paros.","og_url":"https:\/\/parosrentcar.com\/de\/paros-strande\/lolantonis\/","og_site_name":"\u039cietwagen in Paros Griechenland | Autovermietung in Paros Griechenland","article_publisher":"https:\/\/www.facebook.com\/paroscarrental","article_modified_time":"2015-02-28T05:42:57+00:00","twitter_card":"summary_large_image","twitter_site":"@parosrentcar","twitter_misc":{"Gesch\u00e4tzte Lesezeit":"1\u00a0Minute"},"schema":{"@context":"https:\/\/schema.org","@graph":[{"@type":"WebPage","@id":"https:\/\/parosrentcar.com\/de\/paros-strande\/lolantonis\/","url":"https:\/\/parosrentcar.com\/de\/paros-strande\/lolantonis\/","name":"Lolantonis- ParosEuropeanRent \u2013 Paros Mietwagen Griechenland","isPartOf":{"@id":"https:\/\/parosrentcar.com\/de\/#website"},"datePublished":"2014-12-13T15:12:26+00:00","dateModified":"2015-02-28T05:42:57+00:00","description":"Lolantonis-Mieten Sie ein Auto, Buggy, Roller, Motorrad, quad, atv und entdecken Sie die Sehensw\u00fcrdigkeiten und die Str\u00e4nde von Paros.","breadcrumb":{"@id":"https:\/\/parosrentcar.com\/de\/paros-strande\/lolantonis\/#breadcrumb"},"inLanguage":"de","potentialAction":[{"@type":"ReadAction","target":["https:\/\/parosrentcar.com\/de\/paros-strande\/lolantonis\/"]}]},{"@type":"BreadcrumbList","@id":"https:\/\/parosrentcar.com\/de\/paros-strande\/lolantonis\/#breadcrumb","itemListElement":[{"@type":"ListItem","position":1,"name":"Home","item":"https:\/\/parosrentcar.com\/de\/"},{"@type":"ListItem","position":2,"name":"Str\u00e4nde","item":"https:\/\/parosrentcar.com\/de\/paros-strande\/"},{"@type":"ListItem","position":3,"name":"Lolantonis"}]},{"@type":"WebSite","@id":"https:\/\/parosrentcar.com\/de\/#website","url":"https:\/\/parosrentcar.com\/de\/","name":"\u039cietwagen in Paros Griechenland | Autovermietung in Paros Griechenland","description":"\u039cietwagen in Paros Griechenland","potentialAction":[{"@type":"SearchAction","target":{"@type":"EntryPoint","urlTemplate":"https:\/\/parosrentcar.com\/de\/?s={search_term_string}"},"query-input":{"@type":"PropertyValueSpecification","valueRequired":true,"valueName":"search_term_string"}}],"inLanguage":"de"}]}},"_links":{"self":[{"href":"https:\/\/parosrentcar.com\/de\/wp-json\/wp\/v2\/pages\/1362","targetHints":{"allow":["GET"]}}],"collection":[{"href":"https:\/\/parosrentcar.com\/de\/wp-json\/wp\/v2\/pages"}],"about":[{"href":"https:\/\/parosrentcar.com\/de\/wp-json\/wp\/v2\/types\/page"}],"author":[{"embeddable":true,"href":"https:\/\/parosrentcar.com\/de\/wp-json\/wp\/v2\/users\/1"}],"replies":[{"embeddable":true,"href":"https:\/\/parosrentcar.com\/de\/wp-json\/wp\/v2\/comments?post=1362"}],"version-history":[{"count":1,"href":"https:\/\/parosrentcar.com\/de\/wp-json\/wp\/v2\/pages\/1362\/revisions"}],"predecessor-version":[{"id":1999,"href":"https:\/\/parosrentcar.com\/de\/wp-json\/wp\/v2\/pages\/1362\/revisions\/1999"}],"up":[{"embeddable":true,"href":"https:\/\/parosrentcar.com\/de\/wp-json\/wp\/v2\/pages\/1026"}],"wp:attachment":[{"href":"https:\/\/parosrentcar.com\/de\/wp-json\/wp\/v2\/media?parent=1362"}],"curies":[{"name":"wp","href":"https:\/\/api.w.org\/{rel}","templated":true}]}}