{"id":1356,"date":"2014-12-13T15:08:57","date_gmt":"2014-12-13T15:08:57","guid":{"rendered":"http:\/\/parosrentcar.com\/el\/?page_id=1356"},"modified":"2015-02-28T05:09:48","modified_gmt":"2015-02-28T05:09:48","slug":"aliki","status":"publish","type":"page","link":"https:\/\/parosrentcar.com\/de\/paros-strande\/aliki\/","title":{"rendered":"Aliki"},"content":{"rendered":"<p><strong>Aliki <\/strong>befindet sich 13 km von Parikia entfernt. Sie erstreckt sich im n\u00f6rdlichen Teil von Paros. Sie ist von dem Wind und Passatwinden gesch\u00fctzt und bildet ein Paradies f\u00fcr Besucher, die vor \u00a0allem Familien mit Kindern sind, denen besonders gef\u00e4llt, das \u00a0ruhige \u00a0saubere\u00a0 Wasser \u00a0zu genie\u00dfen. Wenn Sie ein Fan des Tauchens sind, dann reizt\u00a0 Sie \u00a0der Meeresgrund \u00a0Sie an. Im gr\u00f6\u00dferen Teil des Strands gibt es B\u00e4ume, die sich Ihnen vor der starken Sonne sch\u00fctzen und Ihnen einen genussvollen Schatten bieten. Die am Meer liegenden Tavernen bieten frischen Fisch, den alle probieren m\u00fcssen.<\/p>\n<p>Links, am Ende der Strandstra\u00dfe liegt der <strong>Strand \u00a0Piso Aliki <\/strong>mit dem Sandstrand, dem \u00a0ganzblauen \u00a0Meer, den\u00a0 Meerespflanzen (Armirikia ) und einer Taverne. Der Blick von\u00a0 Piso Aliki ist einzigartig.. Sie k\u00f6nnen auch die Insel\u00a0 Ios,\u00a0 Sikinos\u00a0 und Folegandros \u00a0am Horizont erkennen. Sie k\u00f6nnen dort leicht einen Parkingplatz finden und es gibt auch dort \u00f6ffentliche Toiletten und Umkleider\u00e4ume.<\/p>\n","protected":false},"excerpt":{"rendered":"<p>Aliki befindet sich 13 km von Parikia entfernt. Sie erstreckt sich im n\u00f6rdlichen Teil von Paros. Sie ist von dem Wind und Passatwinden gesch\u00fctzt und bildet ein Paradies f\u00fcr Besucher, die vor \u00a0allem Familien mit Kindern sind, denen besonders gef\u00e4llt, das \u00a0ruhige \u00a0saubere\u00a0 Wasser \u00a0zu genie\u00dfen. Wenn Sie ein Fan des Tauchens sind, dann reizt\u00a0 Sie \u00a0der Meeresgrund \u00a0Sie an. Im gr\u00f6\u00dferen Teil des Strands gibt es B\u00e4ume, die sich Ihnen vor der starken Sonne sch\u00fctzen und Ihnen einen genussvollen Schatten bieten. Die am Meer liegenden Tavernen bieten frischen Fisch, den alle probieren m\u00fcssen. Links, am Ende der Strandstra\u00dfe liegt der Strand \u00a0Piso Aliki mit dem Sandstrand, dem \u00a0ganzblauen \u00a0Meer, [&hellip;]<\/p>\n","protected":false},"author":1,"featured_media":0,"parent":1026,"menu_order":0,"comment_status":"closed","ping_status":"closed","template":"","meta":{"footnotes":""},"class_list":["post-1356","page","type-page","status-publish","hentry"],"yoast_head":"<!-- This site is optimized with the Yoast SEO plugin v27.1.1 - https:\/\/yoast.com\/product\/yoast-seo-wordpress\/ -->\n<title>Aliki- ParosEuropeanRent \u2013 Paros Mietwagen Griechenland<\/title>\n<meta name=\"description\" content=\"Aliki-Mieten Sie ein Auto, Buggy, Roller, Motorrad, quad, atv und entdecken Sie die Sehensw\u00fcrdigkeiten und die Str\u00e4nde von Paros.\" \/>\n<meta name=\"robots\" content=\"index, follow, max-snippet:-1, max-image-preview:large, max-video-preview:-1\" \/>\n<link rel=\"canonical\" href=\"https:\/\/parosrentcar.com\/de\/paros-strande\/aliki\/\" \/>\n<meta property=\"og:locale\" content=\"de_DE\" \/>\n<meta property=\"og:type\" content=\"article\" \/>\n<meta property=\"og:title\" content=\"Aliki- ParosEuropeanRent \u2013 Paros Mietwagen Griechenland\" \/>\n<meta property=\"og:description\" content=\"Aliki-Mieten Sie ein Auto, Buggy, Roller, Motorrad, quad, atv und entdecken Sie die Sehensw\u00fcrdigkeiten und die Str\u00e4nde von Paros.\" \/>\n<meta property=\"og:url\" content=\"https:\/\/parosrentcar.com\/de\/paros-strande\/aliki\/\" \/>\n<meta property=\"og:site_name\" content=\"\u039cietwagen in Paros Griechenland | Autovermietung in Paros Griechenland\" \/>\n<meta property=\"article:publisher\" content=\"https:\/\/www.facebook.com\/paroscarrental\" \/>\n<meta property=\"article:modified_time\" content=\"2015-02-28T05:09:48+00:00\" \/>\n<meta name=\"twitter:card\" content=\"summary_large_image\" \/>\n<meta name=\"twitter:site\" content=\"@parosrentcar\" \/>\n<meta name=\"twitter:label1\" content=\"Gesch\u00e4tzte Lesezeit\" \/>\n\t<meta name=\"twitter:data1\" content=\"1\u00a0Minute\" \/>\n<script type=\"application\/ld+json\" class=\"yoast-schema-graph\">{\"@context\":\"https:\/\/schema.org\",\"@graph\":[{\"@type\":\"WebPage\",\"@id\":\"https:\/\/parosrentcar.com\/de\/paros-strande\/aliki\/\",\"url\":\"https:\/\/parosrentcar.com\/de\/paros-strande\/aliki\/\",\"name\":\"Aliki- ParosEuropeanRent \u2013 Paros Mietwagen Griechenland\",\"isPartOf\":{\"@id\":\"https:\/\/parosrentcar.com\/de\/#website\"},\"datePublished\":\"2014-12-13T15:08:57+00:00\",\"dateModified\":\"2015-02-28T05:09:48+00:00\",\"description\":\"Aliki-Mieten Sie ein Auto, Buggy, Roller, Motorrad, quad, atv und entdecken Sie die Sehensw\u00fcrdigkeiten und die Str\u00e4nde von Paros.\",\"breadcrumb\":{\"@id\":\"https:\/\/parosrentcar.com\/de\/paros-strande\/aliki\/#breadcrumb\"},\"inLanguage\":\"de\",\"potentialAction\":[{\"@type\":\"ReadAction\",\"target\":[\"https:\/\/parosrentcar.com\/de\/paros-strande\/aliki\/\"]}]},{\"@type\":\"BreadcrumbList\",\"@id\":\"https:\/\/parosrentcar.com\/de\/paros-strande\/aliki\/#breadcrumb\",\"itemListElement\":[{\"@type\":\"ListItem\",\"position\":1,\"name\":\"Home\",\"item\":\"https:\/\/parosrentcar.com\/de\/\"},{\"@type\":\"ListItem\",\"position\":2,\"name\":\"Str\u00e4nde\",\"item\":\"https:\/\/parosrentcar.com\/de\/paros-strande\/\"},{\"@type\":\"ListItem\",\"position\":3,\"name\":\"Aliki\"}]},{\"@type\":\"WebSite\",\"@id\":\"https:\/\/parosrentcar.com\/de\/#website\",\"url\":\"https:\/\/parosrentcar.com\/de\/\",\"name\":\"\u039cietwagen in Paros Griechenland | Autovermietung in Paros Griechenland\",\"description\":\"\u039cietwagen in Paros Griechenland\",\"potentialAction\":[{\"@type\":\"SearchAction\",\"target\":{\"@type\":\"EntryPoint\",\"urlTemplate\":\"https:\/\/parosrentcar.com\/de\/?s={search_term_string}\"},\"query-input\":{\"@type\":\"PropertyValueSpecification\",\"valueRequired\":true,\"valueName\":\"search_term_string\"}}],\"inLanguage\":\"de\"}]}<\/script>\n<!-- \/ Yoast SEO plugin. -->","yoast_head_json":{"title":"Aliki- ParosEuropeanRent \u2013 Paros Mietwagen Griechenland","description":"Aliki-Mieten Sie ein Auto, Buggy, Roller, Motorrad, quad, atv und entdecken Sie die Sehensw\u00fcrdigkeiten und die Str\u00e4nde von Paros.","robots":{"index":"index","follow":"follow","max-snippet":"max-snippet:-1","max-image-preview":"max-image-preview:large","max-video-preview":"max-video-preview:-1"},"canonical":"https:\/\/parosrentcar.com\/de\/paros-strande\/aliki\/","og_locale":"de_DE","og_type":"article","og_title":"Aliki- ParosEuropeanRent \u2013 Paros Mietwagen Griechenland","og_description":"Aliki-Mieten Sie ein Auto, Buggy, Roller, Motorrad, quad, atv und entdecken Sie die Sehensw\u00fcrdigkeiten und die Str\u00e4nde von Paros.","og_url":"https:\/\/parosrentcar.com\/de\/paros-strande\/aliki\/","og_site_name":"\u039cietwagen in Paros Griechenland | Autovermietung in Paros Griechenland","article_publisher":"https:\/\/www.facebook.com\/paroscarrental","article_modified_time":"2015-02-28T05:09:48+00:00","twitter_card":"summary_large_image","twitter_site":"@parosrentcar","twitter_misc":{"Gesch\u00e4tzte Lesezeit":"1\u00a0Minute"},"schema":{"@context":"https:\/\/schema.org","@graph":[{"@type":"WebPage","@id":"https:\/\/parosrentcar.com\/de\/paros-strande\/aliki\/","url":"https:\/\/parosrentcar.com\/de\/paros-strande\/aliki\/","name":"Aliki- ParosEuropeanRent \u2013 Paros Mietwagen Griechenland","isPartOf":{"@id":"https:\/\/parosrentcar.com\/de\/#website"},"datePublished":"2014-12-13T15:08:57+00:00","dateModified":"2015-02-28T05:09:48+00:00","description":"Aliki-Mieten Sie ein Auto, Buggy, Roller, Motorrad, quad, atv und entdecken Sie die Sehensw\u00fcrdigkeiten und die Str\u00e4nde von Paros.","breadcrumb":{"@id":"https:\/\/parosrentcar.com\/de\/paros-strande\/aliki\/#breadcrumb"},"inLanguage":"de","potentialAction":[{"@type":"ReadAction","target":["https:\/\/parosrentcar.com\/de\/paros-strande\/aliki\/"]}]},{"@type":"BreadcrumbList","@id":"https:\/\/parosrentcar.com\/de\/paros-strande\/aliki\/#breadcrumb","itemListElement":[{"@type":"ListItem","position":1,"name":"Home","item":"https:\/\/parosrentcar.com\/de\/"},{"@type":"ListItem","position":2,"name":"Str\u00e4nde","item":"https:\/\/parosrentcar.com\/de\/paros-strande\/"},{"@type":"ListItem","position":3,"name":"Aliki"}]},{"@type":"WebSite","@id":"https:\/\/parosrentcar.com\/de\/#website","url":"https:\/\/parosrentcar.com\/de\/","name":"\u039cietwagen in Paros Griechenland | Autovermietung in Paros Griechenland","description":"\u039cietwagen in Paros Griechenland","potentialAction":[{"@type":"SearchAction","target":{"@type":"EntryPoint","urlTemplate":"https:\/\/parosrentcar.com\/de\/?s={search_term_string}"},"query-input":{"@type":"PropertyValueSpecification","valueRequired":true,"valueName":"search_term_string"}}],"inLanguage":"de"}]}},"_links":{"self":[{"href":"https:\/\/parosrentcar.com\/de\/wp-json\/wp\/v2\/pages\/1356","targetHints":{"allow":["GET"]}}],"collection":[{"href":"https:\/\/parosrentcar.com\/de\/wp-json\/wp\/v2\/pages"}],"about":[{"href":"https:\/\/parosrentcar.com\/de\/wp-json\/wp\/v2\/types\/page"}],"author":[{"embeddable":true,"href":"https:\/\/parosrentcar.com\/de\/wp-json\/wp\/v2\/users\/1"}],"replies":[{"embeddable":true,"href":"https:\/\/parosrentcar.com\/de\/wp-json\/wp\/v2\/comments?post=1356"}],"version-history":[{"count":1,"href":"https:\/\/parosrentcar.com\/de\/wp-json\/wp\/v2\/pages\/1356\/revisions"}],"predecessor-version":[{"id":1987,"href":"https:\/\/parosrentcar.com\/de\/wp-json\/wp\/v2\/pages\/1356\/revisions\/1987"}],"up":[{"embeddable":true,"href":"https:\/\/parosrentcar.com\/de\/wp-json\/wp\/v2\/pages\/1026"}],"wp:attachment":[{"href":"https:\/\/parosrentcar.com\/de\/wp-json\/wp\/v2\/media?parent=1356"}],"curies":[{"name":"wp","href":"https:\/\/api.w.org\/{rel}","templated":true}]}}