{"id":1350,"date":"2014-12-13T15:03:23","date_gmt":"2014-12-13T15:03:23","guid":{"rendered":"http:\/\/parosrentcar.com\/el\/?page_id=1350"},"modified":"2015-02-28T05:07:25","modified_gmt":"2015-02-28T05:07:25","slug":"agios-fokas","status":"publish","type":"page","link":"https:\/\/parosrentcar.com\/de\/paros-strande\/agios-fokas\/","title":{"rendered":"Agios Fokas"},"content":{"rendered":"<p>Im Norden von Parikia liegt der wundersch\u00f6ne <strong>Strand\u00a0 Agios Fokas<\/strong>. Es ist nur 6 km von Parikia entfernt und ist ganz in der N\u00e4he vom Kap Agios Fokas .Es geht um einen kleinen unorganisierten Strand am Eingang der Bucht von Parikia.<\/p>\n<p>Au\u00dferdem k\u00f6nnen Sie ganz in der N\u00e4he die \u00a0<strong>Kirchen \u00a0Agios Sostis<\/strong> \u00a0und <strong>Analipseos<\/strong> \u00a0besuchen, wo jedes Jahr der \u00f6rtliche Feiertag Analipseos stattfindet. Sie k\u00f6nnen den Strand\u00a0 mit Taxi, Auto oder Motorrad erreichen. In der Umgebung gibt es auch viele andere sch\u00f6ne Str\u00e4nde. In der Stadt von Paros und in den Orten herum, k\u00f6nnen Sie viele Hotels zum Mieten finden.<\/p>\n","protected":false},"excerpt":{"rendered":"<p>Im Norden von Parikia liegt der wundersch\u00f6ne Strand\u00a0 Agios Fokas. Es ist nur 6 km von Parikia entfernt und ist ganz in der N\u00e4he vom Kap Agios Fokas .Es geht um einen kleinen unorganisierten Strand am Eingang der Bucht von Parikia. Au\u00dferdem k\u00f6nnen Sie ganz in der N\u00e4he die \u00a0Kirchen \u00a0Agios Sostis \u00a0und Analipseos \u00a0besuchen, wo jedes Jahr der \u00f6rtliche Feiertag Analipseos stattfindet. Sie k\u00f6nnen den Strand\u00a0 mit Taxi, Auto oder Motorrad erreichen. In der Umgebung gibt es auch viele andere sch\u00f6ne Str\u00e4nde. In der Stadt von Paros und in den Orten herum, k\u00f6nnen Sie viele Hotels zum Mieten finden.<\/p>\n","protected":false},"author":1,"featured_media":0,"parent":1026,"menu_order":0,"comment_status":"closed","ping_status":"closed","template":"","meta":{"footnotes":""},"class_list":["post-1350","page","type-page","status-publish","hentry"],"yoast_head":"<!-- This site is optimized with the Yoast SEO plugin v27.1.1 - https:\/\/yoast.com\/product\/yoast-seo-wordpress\/ -->\n<title>Agios Fokas- ParosEuropeanRent \u2013 Paros Mietwagen Griechenland<\/title>\n<meta name=\"description\" content=\"Agios Fokas-Mieten Sie ein Auto, Buggy, Roller, Motorrad, quad, atv und entdecken Sie die Sehensw\u00fcrdigkeiten und die Str\u00e4nde von Paros.\" \/>\n<meta name=\"robots\" content=\"index, follow, max-snippet:-1, max-image-preview:large, max-video-preview:-1\" \/>\n<link rel=\"canonical\" href=\"https:\/\/parosrentcar.com\/de\/paros-strande\/agios-fokas\/\" \/>\n<meta property=\"og:locale\" content=\"de_DE\" \/>\n<meta property=\"og:type\" content=\"article\" \/>\n<meta property=\"og:title\" content=\"Agios Fokas- ParosEuropeanRent \u2013 Paros Mietwagen Griechenland\" \/>\n<meta property=\"og:description\" content=\"Agios Fokas-Mieten Sie ein Auto, Buggy, Roller, Motorrad, quad, atv und entdecken Sie die Sehensw\u00fcrdigkeiten und die Str\u00e4nde von Paros.\" \/>\n<meta property=\"og:url\" content=\"https:\/\/parosrentcar.com\/de\/paros-strande\/agios-fokas\/\" \/>\n<meta property=\"og:site_name\" content=\"\u039cietwagen in Paros Griechenland | Autovermietung in Paros Griechenland\" \/>\n<meta property=\"article:publisher\" content=\"https:\/\/www.facebook.com\/paroscarrental\" \/>\n<meta property=\"article:modified_time\" content=\"2015-02-28T05:07:25+00:00\" \/>\n<meta name=\"twitter:card\" content=\"summary_large_image\" \/>\n<meta name=\"twitter:site\" content=\"@parosrentcar\" \/>\n<meta name=\"twitter:label1\" content=\"Gesch\u00e4tzte Lesezeit\" \/>\n\t<meta name=\"twitter:data1\" content=\"1\u00a0Minute\" \/>\n<script type=\"application\/ld+json\" class=\"yoast-schema-graph\">{\"@context\":\"https:\/\/schema.org\",\"@graph\":[{\"@type\":\"WebPage\",\"@id\":\"https:\/\/parosrentcar.com\/de\/paros-strande\/agios-fokas\/\",\"url\":\"https:\/\/parosrentcar.com\/de\/paros-strande\/agios-fokas\/\",\"name\":\"Agios Fokas- ParosEuropeanRent \u2013 Paros Mietwagen Griechenland\",\"isPartOf\":{\"@id\":\"https:\/\/parosrentcar.com\/de\/#website\"},\"datePublished\":\"2014-12-13T15:03:23+00:00\",\"dateModified\":\"2015-02-28T05:07:25+00:00\",\"description\":\"Agios Fokas-Mieten Sie ein Auto, Buggy, Roller, Motorrad, quad, atv und entdecken Sie die Sehensw\u00fcrdigkeiten und die Str\u00e4nde von Paros.\",\"breadcrumb\":{\"@id\":\"https:\/\/parosrentcar.com\/de\/paros-strande\/agios-fokas\/#breadcrumb\"},\"inLanguage\":\"de\",\"potentialAction\":[{\"@type\":\"ReadAction\",\"target\":[\"https:\/\/parosrentcar.com\/de\/paros-strande\/agios-fokas\/\"]}]},{\"@type\":\"BreadcrumbList\",\"@id\":\"https:\/\/parosrentcar.com\/de\/paros-strande\/agios-fokas\/#breadcrumb\",\"itemListElement\":[{\"@type\":\"ListItem\",\"position\":1,\"name\":\"Home\",\"item\":\"https:\/\/parosrentcar.com\/de\/\"},{\"@type\":\"ListItem\",\"position\":2,\"name\":\"Str\u00e4nde\",\"item\":\"https:\/\/parosrentcar.com\/de\/paros-strande\/\"},{\"@type\":\"ListItem\",\"position\":3,\"name\":\"Agios Fokas\"}]},{\"@type\":\"WebSite\",\"@id\":\"https:\/\/parosrentcar.com\/de\/#website\",\"url\":\"https:\/\/parosrentcar.com\/de\/\",\"name\":\"\u039cietwagen in Paros Griechenland | Autovermietung in Paros Griechenland\",\"description\":\"\u039cietwagen in Paros Griechenland\",\"potentialAction\":[{\"@type\":\"SearchAction\",\"target\":{\"@type\":\"EntryPoint\",\"urlTemplate\":\"https:\/\/parosrentcar.com\/de\/?s={search_term_string}\"},\"query-input\":{\"@type\":\"PropertyValueSpecification\",\"valueRequired\":true,\"valueName\":\"search_term_string\"}}],\"inLanguage\":\"de\"}]}<\/script>\n<!-- \/ Yoast SEO plugin. -->","yoast_head_json":{"title":"Agios Fokas- ParosEuropeanRent \u2013 Paros Mietwagen Griechenland","description":"Agios Fokas-Mieten Sie ein Auto, Buggy, Roller, Motorrad, quad, atv und entdecken Sie die Sehensw\u00fcrdigkeiten und die Str\u00e4nde von Paros.","robots":{"index":"index","follow":"follow","max-snippet":"max-snippet:-1","max-image-preview":"max-image-preview:large","max-video-preview":"max-video-preview:-1"},"canonical":"https:\/\/parosrentcar.com\/de\/paros-strande\/agios-fokas\/","og_locale":"de_DE","og_type":"article","og_title":"Agios Fokas- ParosEuropeanRent \u2013 Paros Mietwagen Griechenland","og_description":"Agios Fokas-Mieten Sie ein Auto, Buggy, Roller, Motorrad, quad, atv und entdecken Sie die Sehensw\u00fcrdigkeiten und die Str\u00e4nde von Paros.","og_url":"https:\/\/parosrentcar.com\/de\/paros-strande\/agios-fokas\/","og_site_name":"\u039cietwagen in Paros Griechenland | Autovermietung in Paros Griechenland","article_publisher":"https:\/\/www.facebook.com\/paroscarrental","article_modified_time":"2015-02-28T05:07:25+00:00","twitter_card":"summary_large_image","twitter_site":"@parosrentcar","twitter_misc":{"Gesch\u00e4tzte Lesezeit":"1\u00a0Minute"},"schema":{"@context":"https:\/\/schema.org","@graph":[{"@type":"WebPage","@id":"https:\/\/parosrentcar.com\/de\/paros-strande\/agios-fokas\/","url":"https:\/\/parosrentcar.com\/de\/paros-strande\/agios-fokas\/","name":"Agios Fokas- ParosEuropeanRent \u2013 Paros Mietwagen Griechenland","isPartOf":{"@id":"https:\/\/parosrentcar.com\/de\/#website"},"datePublished":"2014-12-13T15:03:23+00:00","dateModified":"2015-02-28T05:07:25+00:00","description":"Agios Fokas-Mieten Sie ein Auto, Buggy, Roller, Motorrad, quad, atv und entdecken Sie die Sehensw\u00fcrdigkeiten und die Str\u00e4nde von Paros.","breadcrumb":{"@id":"https:\/\/parosrentcar.com\/de\/paros-strande\/agios-fokas\/#breadcrumb"},"inLanguage":"de","potentialAction":[{"@type":"ReadAction","target":["https:\/\/parosrentcar.com\/de\/paros-strande\/agios-fokas\/"]}]},{"@type":"BreadcrumbList","@id":"https:\/\/parosrentcar.com\/de\/paros-strande\/agios-fokas\/#breadcrumb","itemListElement":[{"@type":"ListItem","position":1,"name":"Home","item":"https:\/\/parosrentcar.com\/de\/"},{"@type":"ListItem","position":2,"name":"Str\u00e4nde","item":"https:\/\/parosrentcar.com\/de\/paros-strande\/"},{"@type":"ListItem","position":3,"name":"Agios Fokas"}]},{"@type":"WebSite","@id":"https:\/\/parosrentcar.com\/de\/#website","url":"https:\/\/parosrentcar.com\/de\/","name":"\u039cietwagen in Paros Griechenland | Autovermietung in Paros Griechenland","description":"\u039cietwagen in Paros Griechenland","potentialAction":[{"@type":"SearchAction","target":{"@type":"EntryPoint","urlTemplate":"https:\/\/parosrentcar.com\/de\/?s={search_term_string}"},"query-input":{"@type":"PropertyValueSpecification","valueRequired":true,"valueName":"search_term_string"}}],"inLanguage":"de"}]}},"_links":{"self":[{"href":"https:\/\/parosrentcar.com\/de\/wp-json\/wp\/v2\/pages\/1350","targetHints":{"allow":["GET"]}}],"collection":[{"href":"https:\/\/parosrentcar.com\/de\/wp-json\/wp\/v2\/pages"}],"about":[{"href":"https:\/\/parosrentcar.com\/de\/wp-json\/wp\/v2\/types\/page"}],"author":[{"embeddable":true,"href":"https:\/\/parosrentcar.com\/de\/wp-json\/wp\/v2\/users\/1"}],"replies":[{"embeddable":true,"href":"https:\/\/parosrentcar.com\/de\/wp-json\/wp\/v2\/comments?post=1350"}],"version-history":[{"count":1,"href":"https:\/\/parosrentcar.com\/de\/wp-json\/wp\/v2\/pages\/1350\/revisions"}],"predecessor-version":[{"id":1986,"href":"https:\/\/parosrentcar.com\/de\/wp-json\/wp\/v2\/pages\/1350\/revisions\/1986"}],"up":[{"embeddable":true,"href":"https:\/\/parosrentcar.com\/de\/wp-json\/wp\/v2\/pages\/1026"}],"wp:attachment":[{"href":"https:\/\/parosrentcar.com\/de\/wp-json\/wp\/v2\/media?parent=1350"}],"curies":[{"name":"wp","href":"https:\/\/api.w.org\/{rel}","templated":true}]}}