{"id":12,"date":"2014-11-07T13:41:59","date_gmt":"2014-11-07T13:41:59","guid":{"rendered":"http:\/\/parosrentcar.com\/el\/?page_id=12"},"modified":"2025-04-22T16:55:25","modified_gmt":"2025-04-22T16:55:25","slug":"quad-buggy-vermietung-paros","status":"publish","type":"page","link":"https:\/\/parosrentcar.com\/de\/quad-buggy-vermietung-paros\/","title":{"rendered":"Quad \/ Atv &#8211; Buggy Vermietung in Paros"},"content":{"rendered":"<p>Wir haben ein <strong>gro\u00dfes Angebot<\/strong> von <strong>Quads und Buggys<\/strong> zur Vermietung in Paros. Immer die besten unvergleichbaren Preise in Paros! F\u00fcr <strong>Online- Buchungen<\/strong> w\u00e4hlen Sie den Quads- Buggys, wof\u00fcr Sie sich interessieren und f\u00fcllen Sie das Formular mit Ihren Daten aus.<\/p>\n<p><strong>In unseren Preisen wird nichts Extra versteckt und wird<\/strong>\u00a024% Mehrwertsteuer enthalten \u2013 unbegrenzte Kilometer \u2013 einfache Versicherung dritter Personen gegen\u00fcber \u2013kostenloser Helm!<\/p>\n","protected":false},"excerpt":{"rendered":"<p><b>Gro\u00dfe Auswahl an Quads \/ Atvs und \u0392uggys:<\/b><br \/>\n&#8211; <a href=\"\/de\/quad-buggy-vermietung-paros\/kymco-mxu-80cc\/\" title=\"Quads \/ Atvs Kymco MXU 80cc\"> Quads \/ Atvs Kymco MXU 80cc<\/a><br \/>\n&#8211; <a href=\"\/de\/quad-buggy-vermietung-paros\/kymco-mxu-150cc\/\" title=\"Quads \/ Atvs Kymco MXU 150cc\"> Quads \/ Atvs Kymco MXU 150cc<\/a><br \/>\n&#8211; <a href=\"\/de\/quad-buggy-vermietung-paros\/kymco-mxu-r-300cc\/\" title=\"Quads \/ Atvs Kymco MXU-R 300cc\"> Quads \/ Atvs Kymco MXU-R 300cc<\/a><br \/>\n&#8211; <a href=\"\/de\/quad-buggy-vermietung-paros\/gamax-250cc\/\" title=\"Quads \/ Atvs Gamax 250cc\"> Quads \/ Atvs Gamax 250cc<\/a><br \/>\n&#8211; <a href=\"\/de\/quad-buggy-vermietung-paros\/buggy-570cc\/\" title=\"Buggys 570cc\">Buggys 570cc<\/a><br \/>\n&#8211; <a href=\"\/de\/quad-buggy-vermietung-paros\/buggy-600cc\/\" title=\"Buggys 600cc\">Buggys 600cc<\/a><\/p>\n","protected":false},"author":1,"featured_media":0,"parent":0,"menu_order":0,"comment_status":"closed","ping_status":"closed","template":"page-templates\/rooms.php","meta":{"footnotes":""},"class_list":["post-12","page","type-page","status-publish","hentry"],"yoast_head":"<!-- This site is optimized with the Yoast SEO plugin v27.1.1 - https:\/\/yoast.com\/product\/yoast-seo-wordpress\/ -->\n<title>Quad \/ Atv and Buggy Vermietung in Paros |Quadvermietung, Buggyvermietung &amp; Atv<\/title>\n<meta name=\"description\" content=\"Quad \/ Atv and Buggy Vermietung in Paros. Wir verf\u00fcgen eine gro\u00dfe Auswahl an Quads \/ Atvs und Buggys zum Mieten in Paros. 15% Rabatt f\u00fcr Online Buchungen. Quadvermietung, Buggyvermietung und atv\" \/>\n<meta name=\"robots\" content=\"index, follow, max-snippet:-1, max-image-preview:large, max-video-preview:-1\" \/>\n<link rel=\"canonical\" href=\"https:\/\/parosrentcar.com\/de\/quad-buggy-vermietung-paros\/\" \/>\n<meta property=\"og:locale\" content=\"de_DE\" \/>\n<meta property=\"og:type\" content=\"article\" \/>\n<meta property=\"og:title\" content=\"Quad \/ Atv and Buggy Vermietung in Paros |Quadvermietung, Buggyvermietung &amp; Atv\" \/>\n<meta property=\"og:description\" content=\"Quad \/ Atv and Buggy Vermietung in Paros. Wir verf\u00fcgen eine gro\u00dfe Auswahl an Quads \/ Atvs und Buggys zum Mieten in Paros. 15% Rabatt f\u00fcr Online Buchungen. Quadvermietung, Buggyvermietung und atv\" \/>\n<meta property=\"og:url\" content=\"https:\/\/parosrentcar.com\/de\/quad-buggy-vermietung-paros\/\" \/>\n<meta property=\"og:site_name\" content=\"\u039cietwagen in Paros Griechenland | Autovermietung in Paros Griechenland\" \/>\n<meta property=\"article:publisher\" content=\"https:\/\/www.facebook.com\/paroscarrental\" \/>\n<meta property=\"article:modified_time\" content=\"2025-04-22T16:55:25+00:00\" \/>\n<meta name=\"twitter:card\" content=\"summary_large_image\" \/>\n<meta name=\"twitter:site\" content=\"@parosrentcar\" \/>\n<meta name=\"twitter:label1\" content=\"Gesch\u00e4tzte Lesezeit\" \/>\n\t<meta name=\"twitter:data1\" content=\"1\u00a0Minute\" \/>\n<script type=\"application\/ld+json\" class=\"yoast-schema-graph\">{\"@context\":\"https:\/\/schema.org\",\"@graph\":[{\"@type\":\"WebPage\",\"@id\":\"https:\/\/parosrentcar.com\/de\/quad-buggy-vermietung-paros\/\",\"url\":\"https:\/\/parosrentcar.com\/de\/quad-buggy-vermietung-paros\/\",\"name\":\"Quad \/ Atv and Buggy Vermietung in Paros |Quadvermietung, Buggyvermietung & Atv\",\"isPartOf\":{\"@id\":\"https:\/\/parosrentcar.com\/de\/#website\"},\"datePublished\":\"2014-11-07T13:41:59+00:00\",\"dateModified\":\"2025-04-22T16:55:25+00:00\",\"description\":\"Quad \/ Atv and Buggy Vermietung in Paros. Wir verf\u00fcgen eine gro\u00dfe Auswahl an Quads \/ Atvs und Buggys zum Mieten in Paros. 15% Rabatt f\u00fcr Online Buchungen. Quadvermietung, Buggyvermietung und atv\",\"breadcrumb\":{\"@id\":\"https:\/\/parosrentcar.com\/de\/quad-buggy-vermietung-paros\/#breadcrumb\"},\"inLanguage\":\"de\",\"potentialAction\":[{\"@type\":\"ReadAction\",\"target\":[\"https:\/\/parosrentcar.com\/de\/quad-buggy-vermietung-paros\/\"]}]},{\"@type\":\"BreadcrumbList\",\"@id\":\"https:\/\/parosrentcar.com\/de\/quad-buggy-vermietung-paros\/#breadcrumb\",\"itemListElement\":[{\"@type\":\"ListItem\",\"position\":1,\"name\":\"Home\",\"item\":\"https:\/\/parosrentcar.com\/de\/\"},{\"@type\":\"ListItem\",\"position\":2,\"name\":\"Quad \/ Atv &#8211; Buggy Vermietung in Paros\"}]},{\"@type\":\"WebSite\",\"@id\":\"https:\/\/parosrentcar.com\/de\/#website\",\"url\":\"https:\/\/parosrentcar.com\/de\/\",\"name\":\"\u039cietwagen in Paros Griechenland | Autovermietung in Paros Griechenland\",\"description\":\"\u039cietwagen in Paros Griechenland\",\"potentialAction\":[{\"@type\":\"SearchAction\",\"target\":{\"@type\":\"EntryPoint\",\"urlTemplate\":\"https:\/\/parosrentcar.com\/de\/?s={search_term_string}\"},\"query-input\":{\"@type\":\"PropertyValueSpecification\",\"valueRequired\":true,\"valueName\":\"search_term_string\"}}],\"inLanguage\":\"de\"}]}<\/script>\n<!-- \/ Yoast SEO plugin. -->","yoast_head_json":{"title":"Quad \/ Atv and Buggy Vermietung in Paros |Quadvermietung, Buggyvermietung & Atv","description":"Quad \/ Atv and Buggy Vermietung in Paros. Wir verf\u00fcgen eine gro\u00dfe Auswahl an Quads \/ Atvs und Buggys zum Mieten in Paros. 15% Rabatt f\u00fcr Online Buchungen. Quadvermietung, Buggyvermietung und atv","robots":{"index":"index","follow":"follow","max-snippet":"max-snippet:-1","max-image-preview":"max-image-preview:large","max-video-preview":"max-video-preview:-1"},"canonical":"https:\/\/parosrentcar.com\/de\/quad-buggy-vermietung-paros\/","og_locale":"de_DE","og_type":"article","og_title":"Quad \/ Atv and Buggy Vermietung in Paros |Quadvermietung, Buggyvermietung & Atv","og_description":"Quad \/ Atv and Buggy Vermietung in Paros. Wir verf\u00fcgen eine gro\u00dfe Auswahl an Quads \/ Atvs und Buggys zum Mieten in Paros. 15% Rabatt f\u00fcr Online Buchungen. Quadvermietung, Buggyvermietung und atv","og_url":"https:\/\/parosrentcar.com\/de\/quad-buggy-vermietung-paros\/","og_site_name":"\u039cietwagen in Paros Griechenland | Autovermietung in Paros Griechenland","article_publisher":"https:\/\/www.facebook.com\/paroscarrental","article_modified_time":"2025-04-22T16:55:25+00:00","twitter_card":"summary_large_image","twitter_site":"@parosrentcar","twitter_misc":{"Gesch\u00e4tzte Lesezeit":"1\u00a0Minute"},"schema":{"@context":"https:\/\/schema.org","@graph":[{"@type":"WebPage","@id":"https:\/\/parosrentcar.com\/de\/quad-buggy-vermietung-paros\/","url":"https:\/\/parosrentcar.com\/de\/quad-buggy-vermietung-paros\/","name":"Quad \/ Atv and Buggy Vermietung in Paros |Quadvermietung, Buggyvermietung & Atv","isPartOf":{"@id":"https:\/\/parosrentcar.com\/de\/#website"},"datePublished":"2014-11-07T13:41:59+00:00","dateModified":"2025-04-22T16:55:25+00:00","description":"Quad \/ Atv and Buggy Vermietung in Paros. Wir verf\u00fcgen eine gro\u00dfe Auswahl an Quads \/ Atvs und Buggys zum Mieten in Paros. 15% Rabatt f\u00fcr Online Buchungen. Quadvermietung, Buggyvermietung und atv","breadcrumb":{"@id":"https:\/\/parosrentcar.com\/de\/quad-buggy-vermietung-paros\/#breadcrumb"},"inLanguage":"de","potentialAction":[{"@type":"ReadAction","target":["https:\/\/parosrentcar.com\/de\/quad-buggy-vermietung-paros\/"]}]},{"@type":"BreadcrumbList","@id":"https:\/\/parosrentcar.com\/de\/quad-buggy-vermietung-paros\/#breadcrumb","itemListElement":[{"@type":"ListItem","position":1,"name":"Home","item":"https:\/\/parosrentcar.com\/de\/"},{"@type":"ListItem","position":2,"name":"Quad \/ Atv &#8211; Buggy Vermietung in Paros"}]},{"@type":"WebSite","@id":"https:\/\/parosrentcar.com\/de\/#website","url":"https:\/\/parosrentcar.com\/de\/","name":"\u039cietwagen in Paros Griechenland | Autovermietung in Paros Griechenland","description":"\u039cietwagen in Paros Griechenland","potentialAction":[{"@type":"SearchAction","target":{"@type":"EntryPoint","urlTemplate":"https:\/\/parosrentcar.com\/de\/?s={search_term_string}"},"query-input":{"@type":"PropertyValueSpecification","valueRequired":true,"valueName":"search_term_string"}}],"inLanguage":"de"}]}},"_links":{"self":[{"href":"https:\/\/parosrentcar.com\/de\/wp-json\/wp\/v2\/pages\/12","targetHints":{"allow":["GET"]}}],"collection":[{"href":"https:\/\/parosrentcar.com\/de\/wp-json\/wp\/v2\/pages"}],"about":[{"href":"https:\/\/parosrentcar.com\/de\/wp-json\/wp\/v2\/types\/page"}],"author":[{"embeddable":true,"href":"https:\/\/parosrentcar.com\/de\/wp-json\/wp\/v2\/users\/1"}],"replies":[{"embeddable":true,"href":"https:\/\/parosrentcar.com\/de\/wp-json\/wp\/v2\/comments?post=12"}],"version-history":[{"count":30,"href":"https:\/\/parosrentcar.com\/de\/wp-json\/wp\/v2\/pages\/12\/revisions"}],"predecessor-version":[{"id":2606,"href":"https:\/\/parosrentcar.com\/de\/wp-json\/wp\/v2\/pages\/12\/revisions\/2606"}],"wp:attachment":[{"href":"https:\/\/parosrentcar.com\/de\/wp-json\/wp\/v2\/media?parent=12"}],"curies":[{"name":"wp","href":"https:\/\/api.w.org\/{rel}","templated":true}]}}