{"id":1081,"date":"2014-11-25T06:35:33","date_gmt":"2014-11-25T06:35:33","guid":{"rendered":"http:\/\/parosrentcar.com\/el\/?page_id=1081"},"modified":"2015-02-28T05:28:00","modified_gmt":"2015-02-28T05:28:00","slug":"kolimpithres","status":"publish","type":"page","link":"https:\/\/parosrentcar.com\/de\/paros-strande\/kolimpithres\/","title":{"rendered":"Kolimpithres"},"content":{"rendered":"<p>Der Strand <strong>Kolimpithres<\/strong> befindet sich auf der westlichen Seite des Ankerplatzes von Naussa, 10 km nord\u00f6stlich entfernt von\u00a0 Parikia. Trotz der Tatsache, dass dieser Strand ein beliebtes Ziel f\u00fcr nicht nur griechische, sondern auch ausl\u00e4ndische Touristen ist, bewahrt er absolut seine nat\u00fcrliche Sch\u00f6nheit. Lassen Sie sich von<strong> den Felsen der Strand<\/strong>, die gemei\u00dfelt von den Wellen sind beeindrucken. Der Strand hat seinen Namen von diesen Formationen bekommen.<\/p>\n<p><strong>Kolimpithres<\/strong> ist ein Sandstrand mit ganz klarem seichtem Wasser, geeignet f\u00fcr Familien mit Kleinkindern. Es ist ein gut <strong>organisierter Strand<\/strong> mit Liegest\u00fchlen, Sonnenschirmen und sie haben auch die M\u00f6glichkeit an einem Wasserski- oder Wakeboardkurs teilzunehmen. Um die Umgebung herum gibt es viele Unterk\u00fcnfte sogar viele Tavernen am Strand. Au\u00dferdem gibt es genug Bars und Caf\u00e9s, wo Sie Ihren Kaffee oder Getr\u00e4nk genie\u00dfen k\u00f6nnen.<\/p>\n<p>Von Naussa ist der Strand mit Taxis erreichbar, wie auch mit den kleinen <strong>Ausflugsbooten<\/strong>, die t\u00e4glich eine Rundfahrt um die Insel herum machen und in Kolimpithres \u00a0anhalten.<\/p>\n<p>Sourcr:<a title=\"\u039a\u03bf\u03bb\u03c5\u03bc\u03c0\u03ae\u03b8\u03c1\u03b5\u03c2\" href=\"http:\/\/paroseasybooking.gr\/dt_portfolio\/kolybithres-beach\/\" target=\"_blank\"> ParosEasyBooking.gr &#8211; Kolybithres<\/a><\/p>\n","protected":false},"excerpt":{"rendered":"<p>Der Strand Kolimpithres befindet sich auf der westlichen Seite des Ankerplatzes von Naussa, 10 km nord\u00f6stlich entfernt von\u00a0 Parikia. Trotz der Tatsache, dass dieser Strand ein beliebtes Ziel f\u00fcr nicht nur griechische, sondern auch ausl\u00e4ndische Touristen ist, bewahrt er absolut seine nat\u00fcrliche Sch\u00f6nheit. Lassen Sie sich von den Felsen der Strand, die gemei\u00dfelt von den Wellen sind beeindrucken. Der Strand hat seinen Namen von diesen Formationen bekommen. Kolimpithres ist ein Sandstrand mit ganz klarem seichtem Wasser, geeignet f\u00fcr Familien mit Kleinkindern. Es ist ein gut organisierter Strand mit Liegest\u00fchlen, Sonnenschirmen und sie haben auch die M\u00f6glichkeit an einem Wasserski- oder Wakeboardkurs teilzunehmen. Um die Umgebung herum gibt es viele Unterk\u00fcnfte [&hellip;]<\/p>\n","protected":false},"author":1,"featured_media":0,"parent":1026,"menu_order":0,"comment_status":"closed","ping_status":"closed","template":"page-templates\/attraction.php","meta":{"footnotes":""},"class_list":["post-1081","page","type-page","status-publish","hentry"],"yoast_head":"<!-- This site is optimized with the Yoast SEO plugin v27.1.1 - https:\/\/yoast.com\/product\/yoast-seo-wordpress\/ -->\n<title>Kolimpithres- ParosEuropeanRent \u2013 Paros Mietwagen Griechenland<\/title>\n<meta name=\"description\" content=\"Kolimpithres-Mieten Sie ein Auto, Buggy, Roller, Motorrad, quad, atv und entdecken Sie die Sehensw\u00fcrdigkeiten und die Str\u00e4nde von Paros.\" \/>\n<meta name=\"robots\" content=\"index, follow, max-snippet:-1, max-image-preview:large, max-video-preview:-1\" \/>\n<link rel=\"canonical\" href=\"https:\/\/parosrentcar.com\/de\/paros-strande\/kolimpithres\/\" \/>\n<meta property=\"og:locale\" content=\"de_DE\" \/>\n<meta property=\"og:type\" content=\"article\" \/>\n<meta property=\"og:title\" content=\"Kolimpithres- ParosEuropeanRent \u2013 Paros Mietwagen Griechenland\" \/>\n<meta property=\"og:description\" content=\"Kolimpithres-Mieten Sie ein Auto, Buggy, Roller, Motorrad, quad, atv und entdecken Sie die Sehensw\u00fcrdigkeiten und die Str\u00e4nde von Paros.\" \/>\n<meta property=\"og:url\" content=\"https:\/\/parosrentcar.com\/de\/paros-strande\/kolimpithres\/\" \/>\n<meta property=\"og:site_name\" content=\"\u039cietwagen in Paros Griechenland | Autovermietung in Paros Griechenland\" \/>\n<meta property=\"article:publisher\" content=\"https:\/\/www.facebook.com\/paroscarrental\" \/>\n<meta property=\"article:modified_time\" content=\"2015-02-28T05:28:00+00:00\" \/>\n<meta name=\"twitter:card\" content=\"summary_large_image\" \/>\n<meta name=\"twitter:site\" content=\"@parosrentcar\" \/>\n<meta name=\"twitter:label1\" content=\"Gesch\u00e4tzte Lesezeit\" \/>\n\t<meta name=\"twitter:data1\" content=\"1\u00a0Minute\" \/>\n<script type=\"application\/ld+json\" class=\"yoast-schema-graph\">{\"@context\":\"https:\/\/schema.org\",\"@graph\":[{\"@type\":\"WebPage\",\"@id\":\"https:\/\/parosrentcar.com\/de\/paros-strande\/kolimpithres\/\",\"url\":\"https:\/\/parosrentcar.com\/de\/paros-strande\/kolimpithres\/\",\"name\":\"Kolimpithres- ParosEuropeanRent \u2013 Paros Mietwagen Griechenland\",\"isPartOf\":{\"@id\":\"https:\/\/parosrentcar.com\/de\/#website\"},\"datePublished\":\"2014-11-25T06:35:33+00:00\",\"dateModified\":\"2015-02-28T05:28:00+00:00\",\"description\":\"Kolimpithres-Mieten Sie ein Auto, Buggy, Roller, Motorrad, quad, atv und entdecken Sie die Sehensw\u00fcrdigkeiten und die Str\u00e4nde von Paros.\",\"breadcrumb\":{\"@id\":\"https:\/\/parosrentcar.com\/de\/paros-strande\/kolimpithres\/#breadcrumb\"},\"inLanguage\":\"de\",\"potentialAction\":[{\"@type\":\"ReadAction\",\"target\":[\"https:\/\/parosrentcar.com\/de\/paros-strande\/kolimpithres\/\"]}]},{\"@type\":\"BreadcrumbList\",\"@id\":\"https:\/\/parosrentcar.com\/de\/paros-strande\/kolimpithres\/#breadcrumb\",\"itemListElement\":[{\"@type\":\"ListItem\",\"position\":1,\"name\":\"Home\",\"item\":\"https:\/\/parosrentcar.com\/de\/\"},{\"@type\":\"ListItem\",\"position\":2,\"name\":\"Str\u00e4nde\",\"item\":\"https:\/\/parosrentcar.com\/de\/paros-strande\/\"},{\"@type\":\"ListItem\",\"position\":3,\"name\":\"Kolimpithres\"}]},{\"@type\":\"WebSite\",\"@id\":\"https:\/\/parosrentcar.com\/de\/#website\",\"url\":\"https:\/\/parosrentcar.com\/de\/\",\"name\":\"\u039cietwagen in Paros Griechenland | Autovermietung in Paros Griechenland\",\"description\":\"\u039cietwagen in Paros Griechenland\",\"potentialAction\":[{\"@type\":\"SearchAction\",\"target\":{\"@type\":\"EntryPoint\",\"urlTemplate\":\"https:\/\/parosrentcar.com\/de\/?s={search_term_string}\"},\"query-input\":{\"@type\":\"PropertyValueSpecification\",\"valueRequired\":true,\"valueName\":\"search_term_string\"}}],\"inLanguage\":\"de\"}]}<\/script>\n<!-- \/ Yoast SEO plugin. -->","yoast_head_json":{"title":"Kolimpithres- ParosEuropeanRent \u2013 Paros Mietwagen Griechenland","description":"Kolimpithres-Mieten Sie ein Auto, Buggy, Roller, Motorrad, quad, atv und entdecken Sie die Sehensw\u00fcrdigkeiten und die Str\u00e4nde von Paros.","robots":{"index":"index","follow":"follow","max-snippet":"max-snippet:-1","max-image-preview":"max-image-preview:large","max-video-preview":"max-video-preview:-1"},"canonical":"https:\/\/parosrentcar.com\/de\/paros-strande\/kolimpithres\/","og_locale":"de_DE","og_type":"article","og_title":"Kolimpithres- ParosEuropeanRent \u2013 Paros Mietwagen Griechenland","og_description":"Kolimpithres-Mieten Sie ein Auto, Buggy, Roller, Motorrad, quad, atv und entdecken Sie die Sehensw\u00fcrdigkeiten und die Str\u00e4nde von Paros.","og_url":"https:\/\/parosrentcar.com\/de\/paros-strande\/kolimpithres\/","og_site_name":"\u039cietwagen in Paros Griechenland | Autovermietung in Paros Griechenland","article_publisher":"https:\/\/www.facebook.com\/paroscarrental","article_modified_time":"2015-02-28T05:28:00+00:00","twitter_card":"summary_large_image","twitter_site":"@parosrentcar","twitter_misc":{"Gesch\u00e4tzte Lesezeit":"1\u00a0Minute"},"schema":{"@context":"https:\/\/schema.org","@graph":[{"@type":"WebPage","@id":"https:\/\/parosrentcar.com\/de\/paros-strande\/kolimpithres\/","url":"https:\/\/parosrentcar.com\/de\/paros-strande\/kolimpithres\/","name":"Kolimpithres- ParosEuropeanRent \u2013 Paros Mietwagen Griechenland","isPartOf":{"@id":"https:\/\/parosrentcar.com\/de\/#website"},"datePublished":"2014-11-25T06:35:33+00:00","dateModified":"2015-02-28T05:28:00+00:00","description":"Kolimpithres-Mieten Sie ein Auto, Buggy, Roller, Motorrad, quad, atv und entdecken Sie die Sehensw\u00fcrdigkeiten und die Str\u00e4nde von Paros.","breadcrumb":{"@id":"https:\/\/parosrentcar.com\/de\/paros-strande\/kolimpithres\/#breadcrumb"},"inLanguage":"de","potentialAction":[{"@type":"ReadAction","target":["https:\/\/parosrentcar.com\/de\/paros-strande\/kolimpithres\/"]}]},{"@type":"BreadcrumbList","@id":"https:\/\/parosrentcar.com\/de\/paros-strande\/kolimpithres\/#breadcrumb","itemListElement":[{"@type":"ListItem","position":1,"name":"Home","item":"https:\/\/parosrentcar.com\/de\/"},{"@type":"ListItem","position":2,"name":"Str\u00e4nde","item":"https:\/\/parosrentcar.com\/de\/paros-strande\/"},{"@type":"ListItem","position":3,"name":"Kolimpithres"}]},{"@type":"WebSite","@id":"https:\/\/parosrentcar.com\/de\/#website","url":"https:\/\/parosrentcar.com\/de\/","name":"\u039cietwagen in Paros Griechenland | Autovermietung in Paros Griechenland","description":"\u039cietwagen in Paros Griechenland","potentialAction":[{"@type":"SearchAction","target":{"@type":"EntryPoint","urlTemplate":"https:\/\/parosrentcar.com\/de\/?s={search_term_string}"},"query-input":{"@type":"PropertyValueSpecification","valueRequired":true,"valueName":"search_term_string"}}],"inLanguage":"de"}]}},"_links":{"self":[{"href":"https:\/\/parosrentcar.com\/de\/wp-json\/wp\/v2\/pages\/1081","targetHints":{"allow":["GET"]}}],"collection":[{"href":"https:\/\/parosrentcar.com\/de\/wp-json\/wp\/v2\/pages"}],"about":[{"href":"https:\/\/parosrentcar.com\/de\/wp-json\/wp\/v2\/types\/page"}],"author":[{"embeddable":true,"href":"https:\/\/parosrentcar.com\/de\/wp-json\/wp\/v2\/users\/1"}],"replies":[{"embeddable":true,"href":"https:\/\/parosrentcar.com\/de\/wp-json\/wp\/v2\/comments?post=1081"}],"version-history":[{"count":4,"href":"https:\/\/parosrentcar.com\/de\/wp-json\/wp\/v2\/pages\/1081\/revisions"}],"predecessor-version":[{"id":1994,"href":"https:\/\/parosrentcar.com\/de\/wp-json\/wp\/v2\/pages\/1081\/revisions\/1994"}],"up":[{"embeddable":true,"href":"https:\/\/parosrentcar.com\/de\/wp-json\/wp\/v2\/pages\/1026"}],"wp:attachment":[{"href":"https:\/\/parosrentcar.com\/de\/wp-json\/wp\/v2\/media?parent=1081"}],"curies":[{"name":"wp","href":"https:\/\/api.w.org\/{rel}","templated":true}]}}