{"id":1079,"date":"2014-11-25T06:33:16","date_gmt":"2014-11-25T06:33:16","guid":{"rendered":"http:\/\/parosrentcar.com\/el\/?page_id=1079"},"modified":"2015-02-28T05:20:50","modified_gmt":"2015-02-28T05:20:50","slug":"chrisi-akti","status":"publish","type":"page","link":"https:\/\/parosrentcar.com\/de\/paros-strande\/chrisi-akti\/","title":{"rendered":"Chrisi Akti"},"content":{"rendered":"<p><strong>Chrisi Akti<\/strong>\u00a0 ist einen bekanntesten \u00a0und kosmopolitischen Strand \u00a0der Insel. Es liegt 22 km von Parikia entfernt, ganz in der N\u00e4he von der an der K\u00fcste gelegene Siedlung\u00a0 Drio. Dieser sch\u00f6ne \u00a0Strand mit seinem Goldschimmernden Sand ist 700 Meter lang und befindet sich in der s\u00fcd\u00f6stlichen Seite der Insel. Er \u00a0hat seinen Namen wegen der kleinen Kristallgl\u00e4sern seines \u00a0besonderen d\u00fcnnen Sands \u00a0bekommen, die ans Sonnenlicht strahlen.<\/p>\n<p>Chrisi Akti ist ein attraktives Ziel f\u00fcr die Liebhaber vom \u00a0<strong>Windsurfen <\/strong>und<strong> Kite- Surfen<\/strong> aus der ganzen Welt, weil es \u00a0dort sowohl innerhalb der kleinen Bucht als auch au\u00dferhalb \u00a0windig ist. Sie k\u00f6nnen auch kleine Boote mieten und einen Windsurfenkurs besuchen, der\u00a0 sich \u00a0nicht nur an Fortgeschrittene, sondern auch an Anf\u00e4nger wendet. Der Strand\u00a0 Chrisi Akti\u00a0 ist ideal f\u00fcr <strong>Wassersportarten<\/strong> und f\u00fcr Aktivit\u00e4ten mit Booten. Der Insel gegen\u00fcber liegt eine kleine unbewohnte Insel, sie hei\u00dft Drionisi und Sie k\u00f6nnen \u00a0dorthin mit einem Boot fahren.<\/p>\n<p>Der Strand ist am <strong>besten ausger\u00fcstet<\/strong> und folglich k\u00f6nnen Sie dort Restaurants, Caf\u00e9s, moderne \u00a0Hotels und\u00a0 andere\u00a0 Unterk\u00fcnfte finden.<\/p>\n<p>Source: <a title=\"\u03a0\u03b1\u03c1\u03b1\u03bb\u03af\u03b1 \u03a7\u03c1\u03c5\u03c3\u03ae \u0391\u03ba\u03c4\u03ae\" href=\"http:\/\/paroseasybooking.gr\/dt_portfolio\/golden-beach\/\" target=\"_blank\">ParosEasyBooking.gr &#8211; Golden Beach<\/a><\/p>\n","protected":false},"excerpt":{"rendered":"<p>Chrisi Akti\u00a0 ist einen bekanntesten \u00a0und kosmopolitischen Strand \u00a0der Insel. Es liegt 22 km von Parikia entfernt, ganz in der N\u00e4he von der an der K\u00fcste gelegene Siedlung\u00a0 Drio. Dieser sch\u00f6ne \u00a0Strand mit seinem Goldschimmernden Sand ist 700 Meter lang und befindet sich in der s\u00fcd\u00f6stlichen Seite der Insel. Er \u00a0hat seinen Namen wegen der kleinen Kristallgl\u00e4sern seines \u00a0besonderen d\u00fcnnen Sands \u00a0bekommen, die ans Sonnenlicht strahlen. Chrisi Akti ist ein attraktives Ziel f\u00fcr die Liebhaber vom \u00a0Windsurfen und Kite- Surfen aus der ganzen Welt, weil es \u00a0dort sowohl innerhalb der kleinen Bucht als auch au\u00dferhalb \u00a0windig ist. Sie k\u00f6nnen auch kleine Boote mieten und einen Windsurfenkurs besuchen, der\u00a0 sich \u00a0nicht [&hellip;]<\/p>\n","protected":false},"author":1,"featured_media":0,"parent":1026,"menu_order":0,"comment_status":"closed","ping_status":"closed","template":"page-templates\/attraction.php","meta":{"footnotes":""},"class_list":["post-1079","page","type-page","status-publish","hentry"],"yoast_head":"<!-- This site is optimized with the Yoast SEO plugin v27.1.1 - https:\/\/yoast.com\/product\/yoast-seo-wordpress\/ -->\n<title>Chrisi Akti- ParosEuropeanRent \u2013 Paros Mietwagen Griechenland<\/title>\n<meta name=\"description\" content=\"Chrisi Akti-Mieten Sie ein Auto, Buggy, Roller, Motorrad, quad, atv und entdecken Sie die Sehensw\u00fcrdigkeiten und die Str\u00e4nde von Paros.\" \/>\n<meta name=\"robots\" content=\"index, follow, max-snippet:-1, max-image-preview:large, max-video-preview:-1\" \/>\n<link rel=\"canonical\" href=\"https:\/\/parosrentcar.com\/de\/paros-strande\/chrisi-akti\/\" \/>\n<meta property=\"og:locale\" content=\"de_DE\" \/>\n<meta property=\"og:type\" content=\"article\" \/>\n<meta property=\"og:title\" content=\"Chrisi Akti- ParosEuropeanRent \u2013 Paros Mietwagen Griechenland\" \/>\n<meta property=\"og:description\" content=\"Chrisi Akti-Mieten Sie ein Auto, Buggy, Roller, Motorrad, quad, atv und entdecken Sie die Sehensw\u00fcrdigkeiten und die Str\u00e4nde von Paros.\" \/>\n<meta property=\"og:url\" content=\"https:\/\/parosrentcar.com\/de\/paros-strande\/chrisi-akti\/\" \/>\n<meta property=\"og:site_name\" content=\"\u039cietwagen in Paros Griechenland | Autovermietung in Paros Griechenland\" \/>\n<meta property=\"article:publisher\" content=\"https:\/\/www.facebook.com\/paroscarrental\" \/>\n<meta property=\"article:modified_time\" content=\"2015-02-28T05:20:50+00:00\" \/>\n<meta name=\"twitter:card\" content=\"summary_large_image\" \/>\n<meta name=\"twitter:site\" content=\"@parosrentcar\" \/>\n<meta name=\"twitter:label1\" content=\"Gesch\u00e4tzte Lesezeit\" \/>\n\t<meta name=\"twitter:data1\" content=\"1\u00a0Minute\" \/>\n<script type=\"application\/ld+json\" class=\"yoast-schema-graph\">{\"@context\":\"https:\/\/schema.org\",\"@graph\":[{\"@type\":\"WebPage\",\"@id\":\"https:\/\/parosrentcar.com\/de\/paros-strande\/chrisi-akti\/\",\"url\":\"https:\/\/parosrentcar.com\/de\/paros-strande\/chrisi-akti\/\",\"name\":\"Chrisi Akti- ParosEuropeanRent \u2013 Paros Mietwagen Griechenland\",\"isPartOf\":{\"@id\":\"https:\/\/parosrentcar.com\/de\/#website\"},\"datePublished\":\"2014-11-25T06:33:16+00:00\",\"dateModified\":\"2015-02-28T05:20:50+00:00\",\"description\":\"Chrisi Akti-Mieten Sie ein Auto, Buggy, Roller, Motorrad, quad, atv und entdecken Sie die Sehensw\u00fcrdigkeiten und die Str\u00e4nde von Paros.\",\"breadcrumb\":{\"@id\":\"https:\/\/parosrentcar.com\/de\/paros-strande\/chrisi-akti\/#breadcrumb\"},\"inLanguage\":\"de\",\"potentialAction\":[{\"@type\":\"ReadAction\",\"target\":[\"https:\/\/parosrentcar.com\/de\/paros-strande\/chrisi-akti\/\"]}]},{\"@type\":\"BreadcrumbList\",\"@id\":\"https:\/\/parosrentcar.com\/de\/paros-strande\/chrisi-akti\/#breadcrumb\",\"itemListElement\":[{\"@type\":\"ListItem\",\"position\":1,\"name\":\"Home\",\"item\":\"https:\/\/parosrentcar.com\/de\/\"},{\"@type\":\"ListItem\",\"position\":2,\"name\":\"Str\u00e4nde\",\"item\":\"https:\/\/parosrentcar.com\/de\/paros-strande\/\"},{\"@type\":\"ListItem\",\"position\":3,\"name\":\"Chrisi Akti\"}]},{\"@type\":\"WebSite\",\"@id\":\"https:\/\/parosrentcar.com\/de\/#website\",\"url\":\"https:\/\/parosrentcar.com\/de\/\",\"name\":\"\u039cietwagen in Paros Griechenland | Autovermietung in Paros Griechenland\",\"description\":\"\u039cietwagen in Paros Griechenland\",\"potentialAction\":[{\"@type\":\"SearchAction\",\"target\":{\"@type\":\"EntryPoint\",\"urlTemplate\":\"https:\/\/parosrentcar.com\/de\/?s={search_term_string}\"},\"query-input\":{\"@type\":\"PropertyValueSpecification\",\"valueRequired\":true,\"valueName\":\"search_term_string\"}}],\"inLanguage\":\"de\"}]}<\/script>\n<!-- \/ Yoast SEO plugin. -->","yoast_head_json":{"title":"Chrisi Akti- ParosEuropeanRent \u2013 Paros Mietwagen Griechenland","description":"Chrisi Akti-Mieten Sie ein Auto, Buggy, Roller, Motorrad, quad, atv und entdecken Sie die Sehensw\u00fcrdigkeiten und die Str\u00e4nde von Paros.","robots":{"index":"index","follow":"follow","max-snippet":"max-snippet:-1","max-image-preview":"max-image-preview:large","max-video-preview":"max-video-preview:-1"},"canonical":"https:\/\/parosrentcar.com\/de\/paros-strande\/chrisi-akti\/","og_locale":"de_DE","og_type":"article","og_title":"Chrisi Akti- ParosEuropeanRent \u2013 Paros Mietwagen Griechenland","og_description":"Chrisi Akti-Mieten Sie ein Auto, Buggy, Roller, Motorrad, quad, atv und entdecken Sie die Sehensw\u00fcrdigkeiten und die Str\u00e4nde von Paros.","og_url":"https:\/\/parosrentcar.com\/de\/paros-strande\/chrisi-akti\/","og_site_name":"\u039cietwagen in Paros Griechenland | Autovermietung in Paros Griechenland","article_publisher":"https:\/\/www.facebook.com\/paroscarrental","article_modified_time":"2015-02-28T05:20:50+00:00","twitter_card":"summary_large_image","twitter_site":"@parosrentcar","twitter_misc":{"Gesch\u00e4tzte Lesezeit":"1\u00a0Minute"},"schema":{"@context":"https:\/\/schema.org","@graph":[{"@type":"WebPage","@id":"https:\/\/parosrentcar.com\/de\/paros-strande\/chrisi-akti\/","url":"https:\/\/parosrentcar.com\/de\/paros-strande\/chrisi-akti\/","name":"Chrisi Akti- ParosEuropeanRent \u2013 Paros Mietwagen Griechenland","isPartOf":{"@id":"https:\/\/parosrentcar.com\/de\/#website"},"datePublished":"2014-11-25T06:33:16+00:00","dateModified":"2015-02-28T05:20:50+00:00","description":"Chrisi Akti-Mieten Sie ein Auto, Buggy, Roller, Motorrad, quad, atv und entdecken Sie die Sehensw\u00fcrdigkeiten und die Str\u00e4nde von Paros.","breadcrumb":{"@id":"https:\/\/parosrentcar.com\/de\/paros-strande\/chrisi-akti\/#breadcrumb"},"inLanguage":"de","potentialAction":[{"@type":"ReadAction","target":["https:\/\/parosrentcar.com\/de\/paros-strande\/chrisi-akti\/"]}]},{"@type":"BreadcrumbList","@id":"https:\/\/parosrentcar.com\/de\/paros-strande\/chrisi-akti\/#breadcrumb","itemListElement":[{"@type":"ListItem","position":1,"name":"Home","item":"https:\/\/parosrentcar.com\/de\/"},{"@type":"ListItem","position":2,"name":"Str\u00e4nde","item":"https:\/\/parosrentcar.com\/de\/paros-strande\/"},{"@type":"ListItem","position":3,"name":"Chrisi Akti"}]},{"@type":"WebSite","@id":"https:\/\/parosrentcar.com\/de\/#website","url":"https:\/\/parosrentcar.com\/de\/","name":"\u039cietwagen in Paros Griechenland | Autovermietung in Paros Griechenland","description":"\u039cietwagen in Paros Griechenland","potentialAction":[{"@type":"SearchAction","target":{"@type":"EntryPoint","urlTemplate":"https:\/\/parosrentcar.com\/de\/?s={search_term_string}"},"query-input":{"@type":"PropertyValueSpecification","valueRequired":true,"valueName":"search_term_string"}}],"inLanguage":"de"}]}},"_links":{"self":[{"href":"https:\/\/parosrentcar.com\/de\/wp-json\/wp\/v2\/pages\/1079","targetHints":{"allow":["GET"]}}],"collection":[{"href":"https:\/\/parosrentcar.com\/de\/wp-json\/wp\/v2\/pages"}],"about":[{"href":"https:\/\/parosrentcar.com\/de\/wp-json\/wp\/v2\/types\/page"}],"author":[{"embeddable":true,"href":"https:\/\/parosrentcar.com\/de\/wp-json\/wp\/v2\/users\/1"}],"replies":[{"embeddable":true,"href":"https:\/\/parosrentcar.com\/de\/wp-json\/wp\/v2\/comments?post=1079"}],"version-history":[{"count":1,"href":"https:\/\/parosrentcar.com\/de\/wp-json\/wp\/v2\/pages\/1079\/revisions"}],"predecessor-version":[{"id":1990,"href":"https:\/\/parosrentcar.com\/de\/wp-json\/wp\/v2\/pages\/1079\/revisions\/1990"}],"up":[{"embeddable":true,"href":"https:\/\/parosrentcar.com\/de\/wp-json\/wp\/v2\/pages\/1026"}],"wp:attachment":[{"href":"https:\/\/parosrentcar.com\/de\/wp-json\/wp\/v2\/media?parent=1079"}],"curies":[{"name":"wp","href":"https:\/\/api.w.org\/{rel}","templated":true}]}}